{"id":12,"date":"2013-04-17T16:00:04","date_gmt":"2013-04-17T14:00:04","guid":{"rendered":"http:\/\/rifugiovalcamonica.com\/de\/?page_id=12"},"modified":"2022-05-01T10:03:23","modified_gmt":"2022-05-01T08:03:23","slug":"wo-wir-sind","status":"publish","type":"page","link":"https:\/\/rifugiovalcamonica.com\/de\/wo-wir-sind\/","title":{"rendered":"Wo wir sind"},"content":{"rendered":"<p>Gebirgsgruppe: Rh\u00e4tische Alpen<\/p>\n<p>Schutzgebiet: Naturpark Adamello<\/p>\n<p>H\u00f6he: 1480 m \u00fc<\/p>\n<p>Region Lombardei<\/p>\n<p>Provinz: Brescia<\/p>\n<p>Tal: mittleres Valle Camonica<\/p>\n<p>Gemeinde: Cimbergo<\/p>\n<p>Ort: Volano.<\/p>\n<p>Geografische Koordinaten: E10.403615 N 46.019470<\/p>\n<p>LAGE<\/p>\n<p>Die Schutzh\u00fctte befindet sich im Volano-Becken: Davor \u00f6ffnet sich die Majest\u00e4t der Tredenus-Gruppe, die rechts vom Geb\u00e4ude mit dem faszinierenden Altarbild des Pizzo Badile Camuno abgeschlossen wird. Im Westen, hinter der Bergh\u00fctte, sticht das Concarena-Massiv hervor.<\/p>\n","protected":false},"excerpt":{"rendered":"<p>Gebirgsgruppe: Rh\u00e4tische Alpen Schutzgebiet: Naturpark Adamello H\u00f6he: 1480 m \u00fc Region Lombardei Provinz: Brescia Tal: mittleres Valle Camonica Gemeinde: Cimbergo Ort: Volano. Geografische Koordinaten: E10.403615 N 46.019470 LAGE Die Schutzh\u00fctte befindet sich im Volano-Becken: Davor \u00f6ffnet sich die Majest\u00e4t der Tredenus-Gruppe, die rechts vom Geb\u00e4ude mit dem faszinierenden Altarbild des Pizzo Badile Camuno abgeschlossen wird&#8230;.<\/p>\n","protected":false},"author":12,"featured_media":0,"parent":0,"menu_order":0,"comment_status":"closed","ping_status":"closed","template":"","meta":[],"yoast_head":"<!-- This site is optimized with the Yoast SEO plugin v18.6 - https:\/\/yoast.com\/wordpress\/plugins\/seo\/ -->\n<title>Wo wir sind - Rifugio De Marie<\/title>\n<meta name=\"robots\" content=\"index, follow, max-snippet:-1, max-image-preview:large, max-video-preview:-1\" \/>\n<link rel=\"canonical\" href=\"https:\/\/rifugiovalcamonica.com\/de\/wo-wir-sind\/\" \/>\n<meta property=\"og:locale\" content=\"it_IT\" \/>\n<meta property=\"og:type\" content=\"article\" \/>\n<meta property=\"og:title\" content=\"Wo wir sind - Rifugio De Marie\" \/>\n<meta property=\"og:description\" content=\"Gebirgsgruppe: Rh\u00e4tische Alpen Schutzgebiet: Naturpark Adamello H\u00f6he: 1480 m \u00fc Region Lombardei Provinz: Brescia Tal: mittleres Valle Camonica Gemeinde: Cimbergo Ort: Volano. Geografische Koordinaten: E10.403615 N 46.019470 LAGE Die Schutzh\u00fctte befindet sich im Volano-Becken: Davor \u00f6ffnet sich die Majest\u00e4t der Tredenus-Gruppe, die rechts vom Geb\u00e4ude mit dem faszinierenden Altarbild des Pizzo Badile Camuno abgeschlossen wird....\" \/>\n<meta property=\"og:url\" content=\"https:\/\/rifugiovalcamonica.com\/de\/wo-wir-sind\/\" \/>\n<meta property=\"og:site_name\" content=\"Rifugio De Marie\" \/>\n<meta property=\"article:modified_time\" content=\"2022-05-01T08:03:23+00:00\" \/>\n<meta name=\"twitter:label1\" content=\"Tempo di lettura stimato\" \/>\n\t<meta name=\"twitter:data1\" content=\"1 minuto\" \/>\n<script type=\"application\/ld+json\" class=\"yoast-schema-graph\">{\"@context\":\"https:\/\/schema.org\",\"@graph\":[{\"@type\":\"WebSite\",\"@id\":\"https:\/\/rifugiovalcamonica.com\/de\/#website\",\"url\":\"https:\/\/rifugiovalcamonica.com\/de\/\",\"name\":\"Rifugio De Marie\",\"description\":\"Rifugio in Valcamonica\",\"potentialAction\":[{\"@type\":\"SearchAction\",\"target\":{\"@type\":\"EntryPoint\",\"urlTemplate\":\"https:\/\/rifugiovalcamonica.com\/de\/?s={search_term_string}\"},\"query-input\":\"required name=search_term_string\"}],\"inLanguage\":\"it-IT\"},{\"@type\":\"WebPage\",\"@id\":\"https:\/\/rifugiovalcamonica.com\/de\/wo-wir-sind\/#webpage\",\"url\":\"https:\/\/rifugiovalcamonica.com\/de\/wo-wir-sind\/\",\"name\":\"Wo wir sind - Rifugio De Marie\",\"isPartOf\":{\"@id\":\"https:\/\/rifugiovalcamonica.com\/de\/#website\"},\"datePublished\":\"2013-04-17T14:00:04+00:00\",\"dateModified\":\"2022-05-01T08:03:23+00:00\",\"breadcrumb\":{\"@id\":\"https:\/\/rifugiovalcamonica.com\/de\/wo-wir-sind\/#breadcrumb\"},\"inLanguage\":\"it-IT\",\"potentialAction\":[{\"@type\":\"ReadAction\",\"target\":[\"https:\/\/rifugiovalcamonica.com\/de\/wo-wir-sind\/\"]}]},{\"@type\":\"BreadcrumbList\",\"@id\":\"https:\/\/rifugiovalcamonica.com\/de\/wo-wir-sind\/#breadcrumb\",\"itemListElement\":[{\"@type\":\"ListItem\",\"position\":1,\"name\":\"Wo wir sind\"}]}]}<\/script>\n<!-- \/ Yoast SEO plugin. -->","yoast_head_json":{"title":"Wo wir sind - Rifugio De Marie","robots":{"index":"index","follow":"follow","max-snippet":"max-snippet:-1","max-image-preview":"max-image-preview:large","max-video-preview":"max-video-preview:-1"},"canonical":"https:\/\/rifugiovalcamonica.com\/de\/wo-wir-sind\/","og_locale":"it_IT","og_type":"article","og_title":"Wo wir sind - Rifugio De Marie","og_description":"Gebirgsgruppe: Rh\u00e4tische Alpen Schutzgebiet: Naturpark Adamello H\u00f6he: 1480 m \u00fc Region Lombardei Provinz: Brescia Tal: mittleres Valle Camonica Gemeinde: Cimbergo Ort: Volano. Geografische Koordinaten: E10.403615 N 46.019470 LAGE Die Schutzh\u00fctte befindet sich im Volano-Becken: Davor \u00f6ffnet sich die Majest\u00e4t der Tredenus-Gruppe, die rechts vom Geb\u00e4ude mit dem faszinierenden Altarbild des Pizzo Badile Camuno abgeschlossen wird....","og_url":"https:\/\/rifugiovalcamonica.com\/de\/wo-wir-sind\/","og_site_name":"Rifugio De Marie","article_modified_time":"2022-05-01T08:03:23+00:00","twitter_misc":{"Tempo di lettura stimato":"1 minuto"},"schema":{"@context":"https:\/\/schema.org","@graph":[{"@type":"WebSite","@id":"https:\/\/rifugiovalcamonica.com\/de\/#website","url":"https:\/\/rifugiovalcamonica.com\/de\/","name":"Rifugio De Marie","description":"Rifugio in Valcamonica","potentialAction":[{"@type":"SearchAction","target":{"@type":"EntryPoint","urlTemplate":"https:\/\/rifugiovalcamonica.com\/de\/?s={search_term_string}"},"query-input":"required name=search_term_string"}],"inLanguage":"it-IT"},{"@type":"WebPage","@id":"https:\/\/rifugiovalcamonica.com\/de\/wo-wir-sind\/#webpage","url":"https:\/\/rifugiovalcamonica.com\/de\/wo-wir-sind\/","name":"Wo wir sind - Rifugio De Marie","isPartOf":{"@id":"https:\/\/rifugiovalcamonica.com\/de\/#website"},"datePublished":"2013-04-17T14:00:04+00:00","dateModified":"2022-05-01T08:03:23+00:00","breadcrumb":{"@id":"https:\/\/rifugiovalcamonica.com\/de\/wo-wir-sind\/#breadcrumb"},"inLanguage":"it-IT","potentialAction":[{"@type":"ReadAction","target":["https:\/\/rifugiovalcamonica.com\/de\/wo-wir-sind\/"]}]},{"@type":"BreadcrumbList","@id":"https:\/\/rifugiovalcamonica.com\/de\/wo-wir-sind\/#breadcrumb","itemListElement":[{"@type":"ListItem","position":1,"name":"Wo wir sind"}]}]}},"_links":{"self":[{"href":"https:\/\/rifugiovalcamonica.com\/de\/wp-json\/wp\/v2\/pages\/12"}],"collection":[{"href":"https:\/\/rifugiovalcamonica.com\/de\/wp-json\/wp\/v2\/pages"}],"about":[{"href":"https:\/\/rifugiovalcamonica.com\/de\/wp-json\/wp\/v2\/types\/page"}],"author":[{"embeddable":true,"href":"https:\/\/rifugiovalcamonica.com\/de\/wp-json\/wp\/v2\/users\/12"}],"replies":[{"embeddable":true,"href":"https:\/\/rifugiovalcamonica.com\/de\/wp-json\/wp\/v2\/comments?post=12"}],"version-history":[{"count":7,"href":"https:\/\/rifugiovalcamonica.com\/de\/wp-json\/wp\/v2\/pages\/12\/revisions"}],"predecessor-version":[{"id":4343,"href":"https:\/\/rifugiovalcamonica.com\/de\/wp-json\/wp\/v2\/pages\/12\/revisions\/4343"}],"wp:attachment":[{"href":"https:\/\/rifugiovalcamonica.com\/de\/wp-json\/wp\/v2\/media?parent=12"}],"curies":[{"name":"wp","href":"https:\/\/api.w.org\/{rel}","templated":true}]}}