{"id":135,"date":"2013-05-08T17:31:32","date_gmt":"2013-05-08T15:31:32","guid":{"rendered":"http:\/\/rifugiovalcamonica.com\/de\/?page_id=135"},"modified":"2022-05-01T10:45:30","modified_gmt":"2022-05-01T08:45:30","slug":"offnung","status":"publish","type":"page","link":"https:\/\/rifugiovalcamonica.com\/de\/offnung\/","title":{"rendered":"\u00d6ffnung"},"content":{"rendered":"\n\t\t\t<!-- START Slider Apertura REVOLUTION SLIDER 6.2.2 --><p class=\"rs-p-wp-fix\"><\/p>\n\t\t\t<rs-module-wrap id=\"rev_slider_34_1_wrapper\" data-source=\"gallery\" data-aimg=\"\"  style=\"background:#E9E9E9;padding:5;float:right;margin-left:0;margin-right:0;margin-top:0;margin-bottom:0;\">\n\t\t\t\t<rs-module id=\"rev_slider_34_1\" style=\"display:none;\" data-version=\"6.2.2\">\n\t\t\t\t\t<rs-slides>\n\t\t\t\t\t\t<rs-slide data-key=\"rs-89\" data-title=\"Slide\" data-anim=\"ei:d;eo:d;s:1000;r:0;t:fade;sl:0;\">\n\t\t\t\t\t\t\t<img src=\"\/\/rifugiovalcamonica.com\/de\/wp-content\/uploads\/2014\/06\/asini-09-002.jpg\" title=\"\u00d6ffnung\" class=\"rev-slidebg\" data-no-retina>\n<!---->\t\t\t\t\t\t<\/rs-slide>\n\t\t\t\t\t\t<rs-slide data-key=\"rs-90\" data-title=\"Slide\" data-anim=\"ei:d;eo:d;s:1000;r:0;t:fade;sl:0;\">\n\t\t\t\t\t\t\t<img src=\"\/\/rifugiovalcamonica.com\/de\/wp-content\/uploads\/2014\/06\/078.jpg\" title=\"\u00d6ffnung\" class=\"rev-slidebg\" data-no-retina>\n<!---->\t\t\t\t\t\t<\/rs-slide>\n\t\t\t\t\t\t<rs-slide data-key=\"rs-91\" data-title=\"Slide\" data-anim=\"ei:d;eo:d;s:1000;r:0;t:fade;sl:0;\">\n\t\t\t\t\t\t\t<img src=\"\/\/rifugiovalcamonica.com\/de\/wp-content\/uploads\/2014\/06\/P10402091.jpg\" title=\"\u00d6ffnung\" class=\"rev-slidebg\" data-no-retina>\n<!---->\t\t\t\t\t\t<\/rs-slide>\n\t\t\t\t\t<\/rs-slides>\n\t\t\t\t<\/rs-module>\n\t\t\t\t<script type=\"text\/javascript\">\n\t\t\t\t\tsetREVStartSize({c: 'rev_slider_34_1',rl:[1240,1024,778,480],el:[410],gw:[510],gh:[410],type:'standard',justify:'',layout:'fullwidth',mh:\"0\"});\n\t\t\t\t\tvar\trevapi34,\n\t\t\t\t\t\ttpj;\n\t\t\t\t\tjQuery(function() {\n\t\t\t\t\t\ttpj = jQuery;\n\t\t\t\t\t\ttpj.noConflict();\n\t\t\t\t\t\tif(tpj(\"#rev_slider_34_1\").revolution == undefined){\n\t\t\t\t\t\t\trevslider_showDoubleJqueryError(\"#rev_slider_34_1\");\n\t\t\t\t\t\t}else{\n\t\t\t\t\t\t\trevapi34 = tpj(\"#rev_slider_34_1\").show().revolution({\n\t\t\t\t\t\t\t\tjsFileLocation:\"\/\/rifugiovalcamonica.com\/de\/wp-content\/plugins\/revslider\/public\/assets\/js\/\",\n\t\t\t\t\t\t\t\tduration:\"4000ms\",\n\t\t\t\t\t\t\t\tvisibilityLevels:\"1240,1024,778,480\",\n\t\t\t\t\t\t\t\tgridwidth:510,\n\t\t\t\t\t\t\t\tgridheight:410,\n\t\t\t\t\t\t\t\tspinner:\"spinner5\",\n\t\t\t\t\t\t\t\teditorheight:\"410,768,960,720\",\n\t\t\t\t\t\t\t\tresponsiveLevels:\"1240,1024,778,480\",\n\t\t\t\t\t\t\t\tnavigation: {\n\t\t\t\t\t\t\t\t\tmouseScrollNavigation:false,\n\t\t\t\t\t\t\t\t\ttouch: {\n\t\t\t\t\t\t\t\t\t\ttouchenabled:true\n\t\t\t\t\t\t\t\t\t}\n\t\t\t\t\t\t\t\t},\n\t\t\t\t\t\t\t\tfallbacks: {\n\t\t\t\t\t\t\t\t\tsimplifyAll:\"\",\n\t\t\t\t\t\t\t\t\tignoreHeightChanges:\"\",\n\t\t\t\t\t\t\t\t\tallowHTML5AutoPlayOnAndroid:true\n\t\t\t\t\t\t\t\t},\n\t\t\t\t\t\t\t});\n\t\t\t\t\t\t}\n\t\t\t\t\t\t\n\t\t\t\t\t});\n\t\t\t\t<\/script>\n\t\t\t<\/rs-module-wrap>\n\t\t\t<!-- END REVOLUTION SLIDER -->\n\n<p>&nbsp;<\/p>\n<p>Die H\u00fctte ist ge\u00f6ffnet:<\/p>\n<p>t\u00e4glich vom 01. Juni bis 22. September. Wenn die Er\u00f6ffnung fortgesetzt wird, werden wir sie auf dieser Seite hervorheben, da dies von den Wetterbedingungen abh\u00e4ngt;<br \/>\nsamstags von Ostern bis 31. Oktober;<br \/>\nSonntags das ganze Jahr \u00fcber;<br \/>\nwer wei\u00df dann!<br \/>\nES IST BESSER ANZURUFEN, UM SICHER ZU SEIN, DEN MANAGER ZU FINDEN. DANKE UND UM UNS ZU TREFFEN.<\/p>\n","protected":false},"excerpt":{"rendered":"<p>&nbsp; Die H\u00fctte ist ge\u00f6ffnet: t\u00e4glich vom 01. Juni bis 22. September. Wenn die Er\u00f6ffnung fortgesetzt wird, werden wir sie auf dieser Seite hervorheben, da dies von den Wetterbedingungen abh\u00e4ngt; samstags von Ostern bis 31. Oktober; Sonntags das ganze Jahr \u00fcber; wer wei\u00df dann! ES IST BESSER ANZURUFEN, UM SICHER ZU SEIN, DEN MANAGER ZU&#8230;<\/p>\n","protected":false},"author":12,"featured_media":0,"parent":0,"menu_order":0,"comment_status":"closed","ping_status":"closed","template":"","meta":[],"yoast_head":"<!-- This site is optimized with the Yoast SEO plugin v18.6 - https:\/\/yoast.com\/wordpress\/plugins\/seo\/ -->\n<title>\u00d6ffnung - Rifugio De Marie<\/title>\n<meta name=\"robots\" content=\"index, follow, max-snippet:-1, max-image-preview:large, max-video-preview:-1\" \/>\n<link rel=\"canonical\" href=\"https:\/\/rifugiovalcamonica.com\/de\/offnung\/\" \/>\n<meta property=\"og:locale\" content=\"it_IT\" \/>\n<meta property=\"og:type\" content=\"article\" \/>\n<meta property=\"og:title\" content=\"\u00d6ffnung - Rifugio De Marie\" \/>\n<meta property=\"og:description\" content=\"&nbsp; Die H\u00fctte ist ge\u00f6ffnet: t\u00e4glich vom 01. Juni bis 22. September. Wenn die Er\u00f6ffnung fortgesetzt wird, werden wir sie auf dieser Seite hervorheben, da dies von den Wetterbedingungen abh\u00e4ngt; samstags von Ostern bis 31. Oktober; Sonntags das ganze Jahr \u00fcber; wer wei\u00df dann! ES IST BESSER ANZURUFEN, UM SICHER ZU SEIN, DEN MANAGER ZU...\" \/>\n<meta property=\"og:url\" content=\"https:\/\/rifugiovalcamonica.com\/de\/offnung\/\" \/>\n<meta property=\"og:site_name\" content=\"Rifugio De Marie\" \/>\n<meta property=\"article:modified_time\" content=\"2022-05-01T08:45:30+00:00\" \/>\n<script type=\"application\/ld+json\" class=\"yoast-schema-graph\">{\"@context\":\"https:\/\/schema.org\",\"@graph\":[{\"@type\":\"WebSite\",\"@id\":\"https:\/\/rifugiovalcamonica.com\/de\/#website\",\"url\":\"https:\/\/rifugiovalcamonica.com\/de\/\",\"name\":\"Rifugio De Marie\",\"description\":\"Rifugio in Valcamonica\",\"potentialAction\":[{\"@type\":\"SearchAction\",\"target\":{\"@type\":\"EntryPoint\",\"urlTemplate\":\"https:\/\/rifugiovalcamonica.com\/de\/?s={search_term_string}\"},\"query-input\":\"required name=search_term_string\"}],\"inLanguage\":\"it-IT\"},{\"@type\":\"WebPage\",\"@id\":\"https:\/\/rifugiovalcamonica.com\/de\/offnung\/#webpage\",\"url\":\"https:\/\/rifugiovalcamonica.com\/de\/offnung\/\",\"name\":\"\u00d6ffnung - Rifugio De Marie\",\"isPartOf\":{\"@id\":\"https:\/\/rifugiovalcamonica.com\/de\/#website\"},\"datePublished\":\"2013-05-08T15:31:32+00:00\",\"dateModified\":\"2022-05-01T08:45:30+00:00\",\"breadcrumb\":{\"@id\":\"https:\/\/rifugiovalcamonica.com\/de\/offnung\/#breadcrumb\"},\"inLanguage\":\"it-IT\",\"potentialAction\":[{\"@type\":\"ReadAction\",\"target\":[\"https:\/\/rifugiovalcamonica.com\/de\/offnung\/\"]}]},{\"@type\":\"BreadcrumbList\",\"@id\":\"https:\/\/rifugiovalcamonica.com\/de\/offnung\/#breadcrumb\",\"itemListElement\":[{\"@type\":\"ListItem\",\"position\":1,\"name\":\"\u00d6ffnung\"}]}]}<\/script>\n<!-- \/ Yoast SEO plugin. -->","yoast_head_json":{"title":"\u00d6ffnung - Rifugio De Marie","robots":{"index":"index","follow":"follow","max-snippet":"max-snippet:-1","max-image-preview":"max-image-preview:large","max-video-preview":"max-video-preview:-1"},"canonical":"https:\/\/rifugiovalcamonica.com\/de\/offnung\/","og_locale":"it_IT","og_type":"article","og_title":"\u00d6ffnung - Rifugio De Marie","og_description":"&nbsp; Die H\u00fctte ist ge\u00f6ffnet: t\u00e4glich vom 01. Juni bis 22. September. Wenn die Er\u00f6ffnung fortgesetzt wird, werden wir sie auf dieser Seite hervorheben, da dies von den Wetterbedingungen abh\u00e4ngt; samstags von Ostern bis 31. Oktober; Sonntags das ganze Jahr \u00fcber; wer wei\u00df dann! ES IST BESSER ANZURUFEN, UM SICHER ZU SEIN, DEN MANAGER ZU...","og_url":"https:\/\/rifugiovalcamonica.com\/de\/offnung\/","og_site_name":"Rifugio De Marie","article_modified_time":"2022-05-01T08:45:30+00:00","schema":{"@context":"https:\/\/schema.org","@graph":[{"@type":"WebSite","@id":"https:\/\/rifugiovalcamonica.com\/de\/#website","url":"https:\/\/rifugiovalcamonica.com\/de\/","name":"Rifugio De Marie","description":"Rifugio in Valcamonica","potentialAction":[{"@type":"SearchAction","target":{"@type":"EntryPoint","urlTemplate":"https:\/\/rifugiovalcamonica.com\/de\/?s={search_term_string}"},"query-input":"required name=search_term_string"}],"inLanguage":"it-IT"},{"@type":"WebPage","@id":"https:\/\/rifugiovalcamonica.com\/de\/offnung\/#webpage","url":"https:\/\/rifugiovalcamonica.com\/de\/offnung\/","name":"\u00d6ffnung - Rifugio De Marie","isPartOf":{"@id":"https:\/\/rifugiovalcamonica.com\/de\/#website"},"datePublished":"2013-05-08T15:31:32+00:00","dateModified":"2022-05-01T08:45:30+00:00","breadcrumb":{"@id":"https:\/\/rifugiovalcamonica.com\/de\/offnung\/#breadcrumb"},"inLanguage":"it-IT","potentialAction":[{"@type":"ReadAction","target":["https:\/\/rifugiovalcamonica.com\/de\/offnung\/"]}]},{"@type":"BreadcrumbList","@id":"https:\/\/rifugiovalcamonica.com\/de\/offnung\/#breadcrumb","itemListElement":[{"@type":"ListItem","position":1,"name":"\u00d6ffnung"}]}]}},"_links":{"self":[{"href":"https:\/\/rifugiovalcamonica.com\/de\/wp-json\/wp\/v2\/pages\/135"}],"collection":[{"href":"https:\/\/rifugiovalcamonica.com\/de\/wp-json\/wp\/v2\/pages"}],"about":[{"href":"https:\/\/rifugiovalcamonica.com\/de\/wp-json\/wp\/v2\/types\/page"}],"author":[{"embeddable":true,"href":"https:\/\/rifugiovalcamonica.com\/de\/wp-json\/wp\/v2\/users\/12"}],"replies":[{"embeddable":true,"href":"https:\/\/rifugiovalcamonica.com\/de\/wp-json\/wp\/v2\/comments?post=135"}],"version-history":[{"count":14,"href":"https:\/\/rifugiovalcamonica.com\/de\/wp-json\/wp\/v2\/pages\/135\/revisions"}],"predecessor-version":[{"id":4366,"href":"https:\/\/rifugiovalcamonica.com\/de\/wp-json\/wp\/v2\/pages\/135\/revisions\/4366"}],"wp:attachment":[{"href":"https:\/\/rifugiovalcamonica.com\/de\/wp-json\/wp\/v2\/media?parent=135"}],"curies":[{"name":"wp","href":"https:\/\/api.w.org\/{rel}","templated":true}]}}