{"id":147,"date":"2013-05-09T17:21:20","date_gmt":"2013-05-09T15:21:20","guid":{"rendered":"http:\/\/rifugiovalcamonica.com\/de\/?page_id=147"},"modified":"2022-05-01T10:10:21","modified_gmt":"2022-05-01T08:10:21","slug":"struktur","status":"publish","type":"page","link":"https:\/\/rifugiovalcamonica.com\/de\/struktur\/","title":{"rendered":"Struktur"},"content":{"rendered":"\n\t\t\t<!-- START Slider Struttura REVOLUTION SLIDER 6.2.2 --><p class=\"rs-p-wp-fix\"><\/p>\n\t\t\t<rs-module-wrap id=\"rev_slider_27_1_wrapper\" data-source=\"gallery\" data-aimg=\"\"  style=\"background:#E9E9E9;padding:5;margin:0px auto;margin-top:0;margin-bottom:0;\">\n\t\t\t\t<rs-module id=\"rev_slider_27_1\" style=\"display:none;\" data-version=\"6.2.2\">\n\t\t\t\t\t<rs-slides>\n\t\t\t\t\t\t<rs-slide data-key=\"rs-64\" data-title=\"Slide\" data-anim=\"ei:d;eo:d;s:1000;r:0;t:fade;sl:0;\">\n\t\t\t\t\t\t\t<img src=\"\/\/rifugiovalcamonica.com\/de\/wp-content\/uploads\/2014\/06\/Immagine14-300x221_opt-1.jpg\" title=\"Struktur\" class=\"rev-slidebg\" data-no-retina>\n<!---->\t\t\t\t\t\t<\/rs-slide>\n\t\t\t\t\t\t<rs-slide data-key=\"rs-65\" data-title=\"Slide\" data-anim=\"ei:d;eo:d;s:1000;r:0;t:fade;sl:0;\">\n\t\t\t\t\t\t\t<img src=\"\/\/rifugiovalcamonica.com\/de\/wp-content\/uploads\/2014\/06\/Immagine-210-300x204_opt.jpg\" title=\"Struktur\" class=\"rev-slidebg\" data-no-retina>\n<!---->\t\t\t\t\t\t<\/rs-slide>\n\t\t\t\t\t\t<rs-slide data-key=\"rs-66\" data-title=\"Slide\" data-anim=\"ei:d;eo:d;s:1000;r:0;t:fade;sl:0;\">\n\t\t\t\t\t\t\t<img src=\"\/\/rifugiovalcamonica.com\/de\/wp-content\/uploads\/2014\/06\/rifugionuovo_renamed_12214_opt-1.jpg\" title=\"Struktur\" class=\"rev-slidebg\" data-no-retina>\n<!---->\t\t\t\t\t\t<\/rs-slide>\n\t\t\t\t\t<\/rs-slides>\n\t\t\t\t<\/rs-module>\n\t\t\t\t<script type=\"text\/javascript\">\n\t\t\t\t\tsetREVStartSize({c: 'rev_slider_27_1',rl:[1240,1024,778,480],el:[410],gw:[510],gh:[410],type:'standard',justify:'',layout:'fullwidth',mh:\"0\"});\n\t\t\t\t\tvar\trevapi27,\n\t\t\t\t\t\ttpj;\n\t\t\t\t\tjQuery(function() {\n\t\t\t\t\t\ttpj = jQuery;\n\t\t\t\t\t\ttpj.noConflict();\n\t\t\t\t\t\tif(tpj(\"#rev_slider_27_1\").revolution == undefined){\n\t\t\t\t\t\t\trevslider_showDoubleJqueryError(\"#rev_slider_27_1\");\n\t\t\t\t\t\t}else{\n\t\t\t\t\t\t\trevapi27 = tpj(\"#rev_slider_27_1\").show().revolution({\n\t\t\t\t\t\t\t\tjsFileLocation:\"\/\/rifugiovalcamonica.com\/de\/wp-content\/plugins\/revslider\/public\/assets\/js\/\",\n\t\t\t\t\t\t\t\tduration:\"4000ms\",\n\t\t\t\t\t\t\t\tvisibilityLevels:\"1240,1024,778,480\",\n\t\t\t\t\t\t\t\tgridwidth:510,\n\t\t\t\t\t\t\t\tgridheight:410,\n\t\t\t\t\t\t\t\tspinner:\"spinner5\",\n\t\t\t\t\t\t\t\teditorheight:\"410,768,960,720\",\n\t\t\t\t\t\t\t\tresponsiveLevels:\"1240,1024,778,480\",\n\t\t\t\t\t\t\t\tnavigation: {\n\t\t\t\t\t\t\t\t\tmouseScrollNavigation:false,\n\t\t\t\t\t\t\t\t\ttouch: {\n\t\t\t\t\t\t\t\t\t\ttouchenabled:true\n\t\t\t\t\t\t\t\t\t}\n\t\t\t\t\t\t\t\t},\n\t\t\t\t\t\t\t\tfallbacks: {\n\t\t\t\t\t\t\t\t\tsimplifyAll:\"\",\n\t\t\t\t\t\t\t\t\tignoreHeightChanges:\"\",\n\t\t\t\t\t\t\t\t\tallowHTML5AutoPlayOnAndroid:true\n\t\t\t\t\t\t\t\t},\n\t\t\t\t\t\t\t});\n\t\t\t\t\t\t}\n\t\t\t\t\t\t\n\t\t\t\t\t});\n\t\t\t\t<\/script>\n\t\t\t<\/rs-module-wrap>\n\t\t\t<!-- END REVOLUTION SLIDER -->\n\n<p>&nbsp;<\/p>\n<p>Das einzige Geb\u00e4ude auf der rechten Seite des Saumpfades (die anderen H\u00fctten sind alle auf der linken Seite): die Schutzh\u00fctte. Es wurde in den fr\u00fchen 1930er Jahren vom Urgro\u00dfvater als Schutzh\u00fctte aus lokalem Granitstein gebaut, der mit dem in der nahe gelegenen Calchera produzierten Kalk zementiert wurde. Die Struktur hat sich im Laufe der Jahre weiterentwickelt und dabei ihren urspr\u00fcnglichen Charakter bewahrt. Jedes Jahr haben wir versucht, die Bergh\u00fctte zu verbessern, um den Touristen und den Bergen unseren Respekt und Dank auszudr\u00fccken. In den fr\u00fchen 90er Jahren haben wir die wichtigsten Arbeiten durchgef\u00fchrt:<br \/>\nDas anfangs nach Osten und jetzt nach Westen geneigte Dach wurde modifiziert, um den Schlafbereich zu vergr\u00f6\u00dfern: Wir konnten so 6 Zimmer f\u00fcr insgesamt 25 Betten (4\/6\/8 Etagenbetten) erhalten, aufgeteilt durch h\u00f6lzerne Trennw\u00e4nde und ein einziges Badezimmer mit Dusche und flie\u00dfend hei\u00dfem und kaltem Wasser. Der Zugang erfolgt \u00fcber eine Wendeltreppe in der N\u00e4he der K\u00fcche.<br \/>\nIn den Fu\u00dfb\u00f6den wurden die Holz- und Strohschwellen durch toskanische Terrakottafliesen ersetzt und Holzterrassen wurden in der Westwand hinzugef\u00fcgt.<br \/>\nIm Erdgeschoss befindet sich der Erfrischungsbereich mit der Bar und einem externen Badezimmer mit Dusche f\u00fcr Camper.<br \/>\nIm Keller haben wir aus dem alten Stall ein Wirtshaus-Restaurant und aus dem Keller eine von Valentina sorgf\u00e4ltig mit rustikalen Gegenst\u00e4nden der Vergangenheit eingerichtete Taverne erhalten. Assunta sagt: \u201eAls ich das erste Mal die Zuflucht betrat, erinnerte ich mich an die Wand, ganz schwarz vom Ru\u00df des Ofens. Wie schwer es auszuziehen! Wie viele wei\u00dfe M\u00e4ntel! Und als wir auf dem Dachboden geschlafen haben, voller Risse auf jeder Seite, mit dem kalten Wind, der Ihnen nachts Gesellschaft leistet, und dem Regen, der nat\u00fcrlich direkt auf Ihr Bett tropft! Aber es sind kostbare Erinnerungen, die uns, die wir sie erlebt haben, vereinen.\u201c<\/p>\n","protected":false},"excerpt":{"rendered":"<p>&nbsp; Das einzige Geb\u00e4ude auf der rechten Seite des Saumpfades (die anderen H\u00fctten sind alle auf der linken Seite): die Schutzh\u00fctte. Es wurde in den fr\u00fchen 1930er Jahren vom Urgro\u00dfvater als Schutzh\u00fctte aus lokalem Granitstein gebaut, der mit dem in der nahe gelegenen Calchera produzierten Kalk zementiert wurde. Die Struktur hat sich im Laufe der&#8230;<\/p>\n","protected":false},"author":12,"featured_media":0,"parent":0,"menu_order":0,"comment_status":"closed","ping_status":"closed","template":"","meta":[],"yoast_head":"<!-- This site is optimized with the Yoast SEO plugin v18.6 - https:\/\/yoast.com\/wordpress\/plugins\/seo\/ -->\n<title>Struktur - Rifugio De Marie<\/title>\n<meta name=\"robots\" content=\"index, follow, max-snippet:-1, max-image-preview:large, max-video-preview:-1\" \/>\n<link rel=\"canonical\" href=\"https:\/\/rifugiovalcamonica.com\/de\/struktur\/\" \/>\n<meta property=\"og:locale\" content=\"it_IT\" \/>\n<meta property=\"og:type\" content=\"article\" \/>\n<meta property=\"og:title\" content=\"Struktur - Rifugio De Marie\" \/>\n<meta property=\"og:description\" content=\"&nbsp; Das einzige Geb\u00e4ude auf der rechten Seite des Saumpfades (die anderen H\u00fctten sind alle auf der linken Seite): die Schutzh\u00fctte. Es wurde in den fr\u00fchen 1930er Jahren vom Urgro\u00dfvater als Schutzh\u00fctte aus lokalem Granitstein gebaut, der mit dem in der nahe gelegenen Calchera produzierten Kalk zementiert wurde. Die Struktur hat sich im Laufe der...\" \/>\n<meta property=\"og:url\" content=\"https:\/\/rifugiovalcamonica.com\/de\/struktur\/\" \/>\n<meta property=\"og:site_name\" content=\"Rifugio De Marie\" \/>\n<meta property=\"article:modified_time\" content=\"2022-05-01T08:10:21+00:00\" \/>\n<meta name=\"twitter:label1\" content=\"Tempo di lettura stimato\" \/>\n\t<meta name=\"twitter:data1\" content=\"2 minuti\" \/>\n<script type=\"application\/ld+json\" class=\"yoast-schema-graph\">{\"@context\":\"https:\/\/schema.org\",\"@graph\":[{\"@type\":\"WebSite\",\"@id\":\"https:\/\/rifugiovalcamonica.com\/de\/#website\",\"url\":\"https:\/\/rifugiovalcamonica.com\/de\/\",\"name\":\"Rifugio De Marie\",\"description\":\"Rifugio in Valcamonica\",\"potentialAction\":[{\"@type\":\"SearchAction\",\"target\":{\"@type\":\"EntryPoint\",\"urlTemplate\":\"https:\/\/rifugiovalcamonica.com\/de\/?s={search_term_string}\"},\"query-input\":\"required name=search_term_string\"}],\"inLanguage\":\"it-IT\"},{\"@type\":\"WebPage\",\"@id\":\"https:\/\/rifugiovalcamonica.com\/de\/struktur\/#webpage\",\"url\":\"https:\/\/rifugiovalcamonica.com\/de\/struktur\/\",\"name\":\"Struktur - Rifugio De Marie\",\"isPartOf\":{\"@id\":\"https:\/\/rifugiovalcamonica.com\/de\/#website\"},\"datePublished\":\"2013-05-09T15:21:20+00:00\",\"dateModified\":\"2022-05-01T08:10:21+00:00\",\"breadcrumb\":{\"@id\":\"https:\/\/rifugiovalcamonica.com\/de\/struktur\/#breadcrumb\"},\"inLanguage\":\"it-IT\",\"potentialAction\":[{\"@type\":\"ReadAction\",\"target\":[\"https:\/\/rifugiovalcamonica.com\/de\/struktur\/\"]}]},{\"@type\":\"BreadcrumbList\",\"@id\":\"https:\/\/rifugiovalcamonica.com\/de\/struktur\/#breadcrumb\",\"itemListElement\":[{\"@type\":\"ListItem\",\"position\":1,\"name\":\"Struktur\"}]}]}<\/script>\n<!-- \/ Yoast SEO plugin. -->","yoast_head_json":{"title":"Struktur - Rifugio De Marie","robots":{"index":"index","follow":"follow","max-snippet":"max-snippet:-1","max-image-preview":"max-image-preview:large","max-video-preview":"max-video-preview:-1"},"canonical":"https:\/\/rifugiovalcamonica.com\/de\/struktur\/","og_locale":"it_IT","og_type":"article","og_title":"Struktur - Rifugio De Marie","og_description":"&nbsp; Das einzige Geb\u00e4ude auf der rechten Seite des Saumpfades (die anderen H\u00fctten sind alle auf der linken Seite): die Schutzh\u00fctte. Es wurde in den fr\u00fchen 1930er Jahren vom Urgro\u00dfvater als Schutzh\u00fctte aus lokalem Granitstein gebaut, der mit dem in der nahe gelegenen Calchera produzierten Kalk zementiert wurde. Die Struktur hat sich im Laufe der...","og_url":"https:\/\/rifugiovalcamonica.com\/de\/struktur\/","og_site_name":"Rifugio De Marie","article_modified_time":"2022-05-01T08:10:21+00:00","twitter_misc":{"Tempo di lettura stimato":"2 minuti"},"schema":{"@context":"https:\/\/schema.org","@graph":[{"@type":"WebSite","@id":"https:\/\/rifugiovalcamonica.com\/de\/#website","url":"https:\/\/rifugiovalcamonica.com\/de\/","name":"Rifugio De Marie","description":"Rifugio in Valcamonica","potentialAction":[{"@type":"SearchAction","target":{"@type":"EntryPoint","urlTemplate":"https:\/\/rifugiovalcamonica.com\/de\/?s={search_term_string}"},"query-input":"required name=search_term_string"}],"inLanguage":"it-IT"},{"@type":"WebPage","@id":"https:\/\/rifugiovalcamonica.com\/de\/struktur\/#webpage","url":"https:\/\/rifugiovalcamonica.com\/de\/struktur\/","name":"Struktur - Rifugio De Marie","isPartOf":{"@id":"https:\/\/rifugiovalcamonica.com\/de\/#website"},"datePublished":"2013-05-09T15:21:20+00:00","dateModified":"2022-05-01T08:10:21+00:00","breadcrumb":{"@id":"https:\/\/rifugiovalcamonica.com\/de\/struktur\/#breadcrumb"},"inLanguage":"it-IT","potentialAction":[{"@type":"ReadAction","target":["https:\/\/rifugiovalcamonica.com\/de\/struktur\/"]}]},{"@type":"BreadcrumbList","@id":"https:\/\/rifugiovalcamonica.com\/de\/struktur\/#breadcrumb","itemListElement":[{"@type":"ListItem","position":1,"name":"Struktur"}]}]}},"_links":{"self":[{"href":"https:\/\/rifugiovalcamonica.com\/de\/wp-json\/wp\/v2\/pages\/147"}],"collection":[{"href":"https:\/\/rifugiovalcamonica.com\/de\/wp-json\/wp\/v2\/pages"}],"about":[{"href":"https:\/\/rifugiovalcamonica.com\/de\/wp-json\/wp\/v2\/types\/page"}],"author":[{"embeddable":true,"href":"https:\/\/rifugiovalcamonica.com\/de\/wp-json\/wp\/v2\/users\/12"}],"replies":[{"embeddable":true,"href":"https:\/\/rifugiovalcamonica.com\/de\/wp-json\/wp\/v2\/comments?post=147"}],"version-history":[{"count":13,"href":"https:\/\/rifugiovalcamonica.com\/de\/wp-json\/wp\/v2\/pages\/147\/revisions"}],"predecessor-version":[{"id":4349,"href":"https:\/\/rifugiovalcamonica.com\/de\/wp-json\/wp\/v2\/pages\/147\/revisions\/4349"}],"wp:attachment":[{"href":"https:\/\/rifugiovalcamonica.com\/de\/wp-json\/wp\/v2\/media?parent=147"}],"curies":[{"name":"wp","href":"https:\/\/api.w.org\/{rel}","templated":true}]}}