{"id":154,"date":"2013-05-09T17:43:03","date_gmt":"2013-05-09T15:43:03","guid":{"rendered":"http:\/\/rifugiovalcamonica.com\/de\/?page_id=154"},"modified":"2022-05-01T10:22:30","modified_gmt":"2022-05-01T08:22:30","slug":"escursioni","status":"publish","type":"page","link":"https:\/\/rifugiovalcamonica.com\/de\/escursioni\/","title":{"rendered":"Escursioni"},"content":{"rendered":"\n\t\t\t<!-- START Slider escursioni REVOLUTION SLIDER 6.2.2 --><p class=\"rs-p-wp-fix\"><\/p>\n\t\t\t<rs-module-wrap id=\"rev_slider_13_1_wrapper\" data-source=\"gallery\" data-aimg=\"\"  style=\"background:#E9E9E9;padding:5;margin:0px auto;margin-top:0;margin-bottom:0;\">\n\t\t\t\t<rs-module id=\"rev_slider_13_1\" style=\"display:none;\" data-version=\"6.2.2\">\n\t\t\t\t\t<rs-slides>\n\t\t\t\t\t\t<rs-slide data-key=\"rs-28\" data-title=\"Slide\" data-anim=\"ei:d;eo:d;s:1000;r:0;t:fade;sl:0;\">\n\t\t\t\t\t\t\t<img src=\"\/\/rifugiovalcamonica.com\/de\/wp-content\/uploads\/2013\/06\/S7301878.jpg\" title=\"Escursioni\" class=\"rev-slidebg\" data-no-retina>\n<!---->\t\t\t\t\t\t<\/rs-slide>\n\t\t\t\t\t\t<rs-slide data-key=\"rs-78\" data-title=\"Slide\" data-anim=\"ei:d;eo:d;s:1000;r:0;t:fade;sl:0;\">\n\t\t\t\t\t\t\t<img src=\"\/\/rifugiovalcamonica.com\/de\/wp-content\/uploads\/2014\/06\/Immagine-170.jpg\" title=\"Escursioni\" class=\"rev-slidebg\" data-no-retina>\n<!---->\t\t\t\t\t\t<\/rs-slide>\n\t\t\t\t\t\t<rs-slide data-key=\"rs-80\" data-title=\"Slide\" data-anim=\"ei:d;eo:d;s:1000;r:0;t:fade;sl:0;\">\n\t\t\t\t\t\t\t<img src=\"\/\/rifugiovalcamonica.com\/de\/wp-content\/uploads\/2014\/06\/P1040203.jpg\" title=\"Escursioni\" class=\"rev-slidebg\" data-no-retina>\n<!---->\t\t\t\t\t\t<\/rs-slide>\n\t\t\t\t\t<\/rs-slides>\n\t\t\t\t<\/rs-module>\n\t\t\t\t<script type=\"text\/javascript\">\n\t\t\t\t\tsetREVStartSize({c: 'rev_slider_13_1',rl:[1240,1024,778,480],el:[410],gw:[510],gh:[410],type:'standard',justify:'',layout:'fullwidth',mh:\"0\"});\n\t\t\t\t\tvar\trevapi13,\n\t\t\t\t\t\ttpj;\n\t\t\t\t\tjQuery(function() {\n\t\t\t\t\t\ttpj = jQuery;\n\t\t\t\t\t\ttpj.noConflict();\n\t\t\t\t\t\tif(tpj(\"#rev_slider_13_1\").revolution == undefined){\n\t\t\t\t\t\t\trevslider_showDoubleJqueryError(\"#rev_slider_13_1\");\n\t\t\t\t\t\t}else{\n\t\t\t\t\t\t\trevapi13 = tpj(\"#rev_slider_13_1\").show().revolution({\n\t\t\t\t\t\t\t\tjsFileLocation:\"\/\/rifugiovalcamonica.com\/de\/wp-content\/plugins\/revslider\/public\/assets\/js\/\",\n\t\t\t\t\t\t\t\tduration:\"4000ms\",\n\t\t\t\t\t\t\t\tvisibilityLevels:\"1240,1024,778,480\",\n\t\t\t\t\t\t\t\tgridwidth:510,\n\t\t\t\t\t\t\t\tgridheight:410,\n\t\t\t\t\t\t\t\tspinner:\"spinner5\",\n\t\t\t\t\t\t\t\teditorheight:\"410,768,960,720\",\n\t\t\t\t\t\t\t\tresponsiveLevels:\"1240,1024,778,480\",\n\t\t\t\t\t\t\t\tnavigation: {\n\t\t\t\t\t\t\t\t\tmouseScrollNavigation:false,\n\t\t\t\t\t\t\t\t\ttouch: {\n\t\t\t\t\t\t\t\t\t\ttouchenabled:true\n\t\t\t\t\t\t\t\t\t}\n\t\t\t\t\t\t\t\t},\n\t\t\t\t\t\t\t\tfallbacks: {\n\t\t\t\t\t\t\t\t\tsimplifyAll:\"\",\n\t\t\t\t\t\t\t\t\tignoreHeightChanges:\"\",\n\t\t\t\t\t\t\t\t\tallowHTML5AutoPlayOnAndroid:true\n\t\t\t\t\t\t\t\t},\n\t\t\t\t\t\t\t});\n\t\t\t\t\t\t}\n\t\t\t\t\t\t\n\t\t\t\t\t});\n\t\t\t\t<\/script>\n\t\t\t<\/rs-module-wrap>\n\t\t\t<!-- END REVOLUTION SLIDER -->\n\n<p>&nbsp;<\/p>\n<p>Refugio Colomb\u00e8 &#8211; 1,30 Stunden, dem Saumpfad folgend bis zur Haarnadelkurve (20 Minuten), die nach Norden abbiegt und auf demselben weitergeht.<\/p>\n<p>Passo di Mezza Malga &#8211; 3 Stunden &#8211; wei\u00dfer und gelber Weg. Zweite Front des gro\u00dfen Krieges: Hier finden Sie Zeugnisse aus dieser Zeit; auf einem der Bilder der Saumpfad, der zum Pass f\u00fchrt und vom Milit\u00e4r w\u00e4hrend des Ersten Weltkriegs angelegt wurde<\/p>\n<p>Cai-Macherio Biwak. Wegweiser Nr. 16 \u2013 wei\u00dfer und roter Weg; 3 Stunden, dem Saumpfad folgend bis zur Haarnadelkurve, die nach Norden abbiegt; Hier nehmen Sie den Weg nach rechts, genau dort, wo das Hinweisschild steht.<\/p>\n<p>Maria e Franco-H\u00fctte am Dernal-Pass (m2577) bis zur Forcella del Tredenus (2667) &#8211; 5 Stunden &#8211; Wegmarkierung Nr. 16 &#8211; wei\u00dfer und roter Weg; siehe Cai-Macherio Biwak.<\/p>\n<p>Valpaghera-H\u00fctten \u00fcber den Mezzamalga-Pass &#8211; 5.30 Stunden &#8211; gelber und wei\u00dfer Weg; siehe Passo di Mezza Malga.<\/p>\n<p>Malga del Marmor &#8211; 2 Stunden &#8211; dem rot-wei\u00dfen Weg folgend, der zum Pizzo Badile f\u00fchrt; rechts von der Schutzh\u00fctte, weiter an der kleinen Kirche und dem Pla Grand vorbei. Vorschlag f\u00fcr den R\u00fcckweg: \u00dcberqueren Sie den ganzen Berg in Richtung Osten und erreichen Sie \u00fcber einen Pfad den Saumpfad, der zum Pass einer halben Alm f\u00fchrt.<\/p>\n<p>Sella Nant\u00ec \u2013 Stunde 2 \u2013 Nehmen Sie die kleine Br\u00fccke links von der H\u00fctte und folgen Sie dem Saumpfad (Strada Piana) oberhalb der \u201eneuen\u201c. Nachdem Sie zuerst die Erdrutsche von Mastil\u00ec und dann die &#8220;Oltanine&#8221;, 4 Haarnadelkurven bergauf, passiert haben, fahren Sie auf der Stra\u00dfe weiter, die gr\u00f6\u00dftenteils flach zur\u00fcckkehrt, und Sie erreichen Sella Nant\u00ec, die aufgrund ihrer Pferdesattelform so genannt wird. Wir befinden uns hinter Pizzo Badile und Sie k\u00f6nnen die H\u00fctten von Valpaghera di Ceto und die von Braone sehen. Wenn Sie etwas l\u00e4nger weitergehen, k\u00f6nnen Sie auf dem h\u00f6chsten Becken, das als &#8220;Colom Alta&#8221; bekannt ist, die Bergh\u00fctte &#8220;da Pierino&#8221; und verschiedene umliegende Berge sehen. Fast leichte Wanderung, sehr interessant und befriedigend.<\/p>\n","protected":false},"excerpt":{"rendered":"<p>&nbsp; Refugio Colomb\u00e8 &#8211; 1,30 Stunden, dem Saumpfad folgend bis zur Haarnadelkurve (20 Minuten), die nach Norden abbiegt und auf demselben weitergeht. Passo di Mezza Malga &#8211; 3 Stunden &#8211; wei\u00dfer und gelber Weg. Zweite Front des gro\u00dfen Krieges: Hier finden Sie Zeugnisse aus dieser Zeit; auf einem der Bilder der Saumpfad, der zum Pass&#8230;<\/p>\n","protected":false},"author":12,"featured_media":0,"parent":0,"menu_order":0,"comment_status":"closed","ping_status":"closed","template":"","meta":[],"yoast_head":"<!-- This site is optimized with the Yoast SEO plugin v18.6 - https:\/\/yoast.com\/wordpress\/plugins\/seo\/ -->\n<title>Escursioni - Rifugio De Marie<\/title>\n<meta name=\"robots\" content=\"index, follow, max-snippet:-1, max-image-preview:large, max-video-preview:-1\" \/>\n<link rel=\"canonical\" href=\"https:\/\/rifugiovalcamonica.com\/de\/escursioni\/\" \/>\n<meta property=\"og:locale\" content=\"it_IT\" \/>\n<meta property=\"og:type\" content=\"article\" \/>\n<meta property=\"og:title\" content=\"Escursioni - Rifugio De Marie\" \/>\n<meta property=\"og:description\" content=\"&nbsp; Refugio Colomb\u00e8 &#8211; 1,30 Stunden, dem Saumpfad folgend bis zur Haarnadelkurve (20 Minuten), die nach Norden abbiegt und auf demselben weitergeht. Passo di Mezza Malga &#8211; 3 Stunden &#8211; wei\u00dfer und gelber Weg. Zweite Front des gro\u00dfen Krieges: Hier finden Sie Zeugnisse aus dieser Zeit; auf einem der Bilder der Saumpfad, der zum Pass...\" \/>\n<meta property=\"og:url\" content=\"https:\/\/rifugiovalcamonica.com\/de\/escursioni\/\" \/>\n<meta property=\"og:site_name\" content=\"Rifugio De Marie\" \/>\n<meta property=\"article:modified_time\" content=\"2022-05-01T08:22:30+00:00\" \/>\n<meta name=\"twitter:label1\" content=\"Tempo di lettura stimato\" \/>\n\t<meta name=\"twitter:data1\" content=\"2 minuti\" \/>\n<script type=\"application\/ld+json\" class=\"yoast-schema-graph\">{\"@context\":\"https:\/\/schema.org\",\"@graph\":[{\"@type\":\"WebSite\",\"@id\":\"https:\/\/rifugiovalcamonica.com\/de\/#website\",\"url\":\"https:\/\/rifugiovalcamonica.com\/de\/\",\"name\":\"Rifugio De Marie\",\"description\":\"Rifugio in Valcamonica\",\"potentialAction\":[{\"@type\":\"SearchAction\",\"target\":{\"@type\":\"EntryPoint\",\"urlTemplate\":\"https:\/\/rifugiovalcamonica.com\/de\/?s={search_term_string}\"},\"query-input\":\"required name=search_term_string\"}],\"inLanguage\":\"it-IT\"},{\"@type\":\"WebPage\",\"@id\":\"https:\/\/rifugiovalcamonica.com\/de\/escursioni\/#webpage\",\"url\":\"https:\/\/rifugiovalcamonica.com\/de\/escursioni\/\",\"name\":\"Escursioni - Rifugio De Marie\",\"isPartOf\":{\"@id\":\"https:\/\/rifugiovalcamonica.com\/de\/#website\"},\"datePublished\":\"2013-05-09T15:43:03+00:00\",\"dateModified\":\"2022-05-01T08:22:30+00:00\",\"breadcrumb\":{\"@id\":\"https:\/\/rifugiovalcamonica.com\/de\/escursioni\/#breadcrumb\"},\"inLanguage\":\"it-IT\",\"potentialAction\":[{\"@type\":\"ReadAction\",\"target\":[\"https:\/\/rifugiovalcamonica.com\/de\/escursioni\/\"]}]},{\"@type\":\"BreadcrumbList\",\"@id\":\"https:\/\/rifugiovalcamonica.com\/de\/escursioni\/#breadcrumb\",\"itemListElement\":[{\"@type\":\"ListItem\",\"position\":1,\"name\":\"Escursioni\"}]}]}<\/script>\n<!-- \/ Yoast SEO plugin. -->","yoast_head_json":{"title":"Escursioni - Rifugio De Marie","robots":{"index":"index","follow":"follow","max-snippet":"max-snippet:-1","max-image-preview":"max-image-preview:large","max-video-preview":"max-video-preview:-1"},"canonical":"https:\/\/rifugiovalcamonica.com\/de\/escursioni\/","og_locale":"it_IT","og_type":"article","og_title":"Escursioni - Rifugio De Marie","og_description":"&nbsp; Refugio Colomb\u00e8 &#8211; 1,30 Stunden, dem Saumpfad folgend bis zur Haarnadelkurve (20 Minuten), die nach Norden abbiegt und auf demselben weitergeht. Passo di Mezza Malga &#8211; 3 Stunden &#8211; wei\u00dfer und gelber Weg. Zweite Front des gro\u00dfen Krieges: Hier finden Sie Zeugnisse aus dieser Zeit; auf einem der Bilder der Saumpfad, der zum Pass...","og_url":"https:\/\/rifugiovalcamonica.com\/de\/escursioni\/","og_site_name":"Rifugio De Marie","article_modified_time":"2022-05-01T08:22:30+00:00","twitter_misc":{"Tempo di lettura stimato":"2 minuti"},"schema":{"@context":"https:\/\/schema.org","@graph":[{"@type":"WebSite","@id":"https:\/\/rifugiovalcamonica.com\/de\/#website","url":"https:\/\/rifugiovalcamonica.com\/de\/","name":"Rifugio De Marie","description":"Rifugio in Valcamonica","potentialAction":[{"@type":"SearchAction","target":{"@type":"EntryPoint","urlTemplate":"https:\/\/rifugiovalcamonica.com\/de\/?s={search_term_string}"},"query-input":"required name=search_term_string"}],"inLanguage":"it-IT"},{"@type":"WebPage","@id":"https:\/\/rifugiovalcamonica.com\/de\/escursioni\/#webpage","url":"https:\/\/rifugiovalcamonica.com\/de\/escursioni\/","name":"Escursioni - Rifugio De Marie","isPartOf":{"@id":"https:\/\/rifugiovalcamonica.com\/de\/#website"},"datePublished":"2013-05-09T15:43:03+00:00","dateModified":"2022-05-01T08:22:30+00:00","breadcrumb":{"@id":"https:\/\/rifugiovalcamonica.com\/de\/escursioni\/#breadcrumb"},"inLanguage":"it-IT","potentialAction":[{"@type":"ReadAction","target":["https:\/\/rifugiovalcamonica.com\/de\/escursioni\/"]}]},{"@type":"BreadcrumbList","@id":"https:\/\/rifugiovalcamonica.com\/de\/escursioni\/#breadcrumb","itemListElement":[{"@type":"ListItem","position":1,"name":"Escursioni"}]}]}},"_links":{"self":[{"href":"https:\/\/rifugiovalcamonica.com\/de\/wp-json\/wp\/v2\/pages\/154"}],"collection":[{"href":"https:\/\/rifugiovalcamonica.com\/de\/wp-json\/wp\/v2\/pages"}],"about":[{"href":"https:\/\/rifugiovalcamonica.com\/de\/wp-json\/wp\/v2\/types\/page"}],"author":[{"embeddable":true,"href":"https:\/\/rifugiovalcamonica.com\/de\/wp-json\/wp\/v2\/users\/12"}],"replies":[{"embeddable":true,"href":"https:\/\/rifugiovalcamonica.com\/de\/wp-json\/wp\/v2\/comments?post=154"}],"version-history":[{"count":11,"href":"https:\/\/rifugiovalcamonica.com\/de\/wp-json\/wp\/v2\/pages\/154\/revisions"}],"predecessor-version":[{"id":4359,"href":"https:\/\/rifugiovalcamonica.com\/de\/wp-json\/wp\/v2\/pages\/154\/revisions\/4359"}],"wp:attachment":[{"href":"https:\/\/rifugiovalcamonica.com\/de\/wp-json\/wp\/v2\/media?parent=154"}],"curies":[{"name":"wp","href":"https:\/\/api.w.org\/{rel}","templated":true}]}}