{"id":158,"date":"2013-05-09T17:44:38","date_gmt":"2013-05-09T15:44:38","guid":{"rendered":"http:\/\/rifugiovalcamonica.com\/de\/?page_id=158"},"modified":"2022-05-01T10:24:09","modified_gmt":"2022-05-01T08:24:09","slug":"sonstiges","status":"publish","type":"page","link":"https:\/\/rifugiovalcamonica.com\/de\/sonstiges\/","title":{"rendered":"Sonstiges"},"content":{"rendered":"\n\t\t\t<!-- START Slider Altro REVOLUTION SLIDER 6.2.2 --><p class=\"rs-p-wp-fix\"><\/p>\n\t\t\t<rs-module-wrap id=\"rev_slider_42_1_wrapper\" data-source=\"gallery\" data-aimg=\"\"  style=\"background:#E9E9E9;padding:5;margin:0px auto;margin-top:0;margin-bottom:0;\">\n\t\t\t\t<rs-module id=\"rev_slider_42_1\" style=\"display:none;\" data-version=\"6.2.2\">\n\t\t\t\t\t<rs-slides>\n\t\t\t\t\t\t<rs-slide data-key=\"rs-118\" data-title=\"Slide\" data-anim=\"ei:d;eo:d;s:1000;r:0;t:fade;sl:0;\">\n\t\t\t\t\t\t\t<img src=\"\/\/rifugiovalcamonica.com\/de\/wp-content\/uploads\/2014\/09\/bambini.jpg\" title=\"Sonstiges\" class=\"rev-slidebg\" data-no-retina>\n<!---->\t\t\t\t\t\t<\/rs-slide>\n\t\t\t\t\t\t<rs-slide data-key=\"rs-119\" data-title=\"Slide\" data-anim=\"ei:d;eo:d;s:1000;r:0;t:fade;sl:0;\">\n\t\t\t\t\t\t\t<img src=\"\/\/rifugiovalcamonica.com\/de\/wp-content\/uploads\/2013\/06\/SDC11988.jpg\" title=\"Sonstiges\" class=\"rev-slidebg\" data-no-retina>\n<!---->\t\t\t\t\t\t<\/rs-slide>\n\t\t\t\t\t\t<rs-slide data-key=\"rs-120\" data-title=\"Slide\" data-anim=\"ei:d;eo:d;s:1000;r:0;t:fade;sl:0;\">\n\t\t\t\t\t\t\t<img src=\"\/\/rifugiovalcamonica.com\/de\/wp-content\/uploads\/2013\/06\/S7301108.jpg\" title=\"Sonstiges\" class=\"rev-slidebg\" data-no-retina>\n<!---->\t\t\t\t\t\t<\/rs-slide>\n\t\t\t\t\t<\/rs-slides>\n\t\t\t\t<\/rs-module>\n\t\t\t\t<script type=\"text\/javascript\">\n\t\t\t\t\tsetREVStartSize({c: 'rev_slider_42_1',rl:[1240,1024,778,480],el:[410],gw:[510],gh:[410],type:'standard',justify:'',layout:'fullwidth',mh:\"0\"});\n\t\t\t\t\tvar\trevapi42,\n\t\t\t\t\t\ttpj;\n\t\t\t\t\tjQuery(function() {\n\t\t\t\t\t\ttpj = jQuery;\n\t\t\t\t\t\ttpj.noConflict();\n\t\t\t\t\t\tif(tpj(\"#rev_slider_42_1\").revolution == undefined){\n\t\t\t\t\t\t\trevslider_showDoubleJqueryError(\"#rev_slider_42_1\");\n\t\t\t\t\t\t}else{\n\t\t\t\t\t\t\trevapi42 = tpj(\"#rev_slider_42_1\").show().revolution({\n\t\t\t\t\t\t\t\tjsFileLocation:\"\/\/rifugiovalcamonica.com\/de\/wp-content\/plugins\/revslider\/public\/assets\/js\/\",\n\t\t\t\t\t\t\t\tduration:\"4000ms\",\n\t\t\t\t\t\t\t\tvisibilityLevels:\"1240,1024,778,480\",\n\t\t\t\t\t\t\t\tgridwidth:510,\n\t\t\t\t\t\t\t\tgridheight:410,\n\t\t\t\t\t\t\t\tspinner:\"spinner5\",\n\t\t\t\t\t\t\t\teditorheight:\"410,768,960,720\",\n\t\t\t\t\t\t\t\tresponsiveLevels:\"1240,1024,778,480\",\n\t\t\t\t\t\t\t\tnavigation: {\n\t\t\t\t\t\t\t\t\tmouseScrollNavigation:false,\n\t\t\t\t\t\t\t\t\ttouch: {\n\t\t\t\t\t\t\t\t\t\ttouchenabled:true\n\t\t\t\t\t\t\t\t\t}\n\t\t\t\t\t\t\t\t},\n\t\t\t\t\t\t\t\tfallbacks: {\n\t\t\t\t\t\t\t\t\tsimplifyAll:\"\",\n\t\t\t\t\t\t\t\t\tignoreHeightChanges:\"\",\n\t\t\t\t\t\t\t\t\tallowHTML5AutoPlayOnAndroid:true\n\t\t\t\t\t\t\t\t},\n\t\t\t\t\t\t\t});\n\t\t\t\t\t\t}\n\t\t\t\t\t\t\n\t\t\t\t\t});\n\t\t\t\t<\/script>\n\t\t\t<\/rs-module-wrap>\n\t\t\t<!-- END REVOLUTION SLIDER -->\n\n<p>&nbsp;<\/p>\n<p>Von der Schutzh\u00fctte aus kann man sich im Wandern und Klettern verschiedener Schwierigkeitsgrade versuchen, interessant f\u00fcr jede Art von Exkursion.<\/p>\n<p>Im Sommer<\/p>\n<p>Aktivurlaub:<\/p>\n<p>Trekking: Antonioli-Pfad (2. Etappe) Der Pfad beginnt in Capodiponte und endet in Limone del Garda &#8211; Dauer 7 Tage &#8211; Es ist sinnvoll, sich nach den H\u00fctten der Route zu erkundigen, da nicht alle ge\u00f6ffnet sind<\/p>\n<p>Erholsamer Urlaub: Fast unbekannte Saumpfade, von der Tredenus-Kette umrahmte Waldfl\u00e4chen f\u00fchren zur Entdeckung unerwarteter Ecken der Natur, wo man sich der Meditation oder Lekt\u00fcre hingeben kann.<\/p>\n<p>Studienferien: f\u00fcr diejenigen, die eine ruhige Umgebung suchen, in der sie sich besser auf die Abschlusspr\u00fcfungen konzentrieren k\u00f6nnen; f\u00fcr diejenigen, die die Hausaufgaben ihres Kindes lieber in Begleitung einer erfahrenen Betreuerin erledigen lassen m\u00f6chten<\/p>\n<p>im Winter<\/p>\n<p>Skibergsteigen vom Biwak CAI MACHERIO.<br \/>\nciaspolade = Parken Sie Ihr Auto au\u00dferhalb der Stadt Cimbergo, wo die Stra\u00dfe flach wird und die H\u00fctten renoviert werden. Auf der rechten Seite, mit Hinweis auf Mastellino, nehmen Sie den Saumpfad durch die Haselnussw\u00e4lder. Etwa 5 km weiter bis zur H\u00fctte. Von hier aus k\u00f6nnen Sie w\u00e4hlen, ob Sie die H\u00fctte mit Schneeschuhen umrunden, weiter nach Norden zum Monte Colomb\u00e9 gehen oder zum Biwak Cai Macherio aufsteigen m\u00f6chten. Der R\u00fcckweg erfolgt auf demselben Weg wie der Hinweg zur Schutzh\u00fctte; Von hier aus k\u00f6nnen Sie die alte Stra\u00dfe entlang des Baches hinuntergehen und zum Parkplatz zur\u00fcckkehren. Zweiter Vorschlag: Alternativ, nachdem Sie an der \u00fcblichen Stelle geparkt haben, gehen Sie links weiter auf dem alten Saumpfad. Wenn Sie nach weniger als einer Stunde ankommen, finden Sie an der Kreuzung den Wegweiser Nicol. Sie fahren links weiter, bis Sie auf eine Stra\u00dfe kommen, die unsere eigene horizontal schneidet. Wenn Sie nach links gehen, erreichen Sie den Monte Colomb\u00e9, wenn Sie weiter nach rechts gehen, erreichen Sie die Volano, die Bergh\u00fctte. Von hier aus steigen Sie entweder von der alten Stra\u00dfe, die am Bach entlang verl\u00e4uft, oder von der l\u00e4ngeren, aber panoramischen Feuerstra\u00dfe ab. Die ben\u00f6tigte Zeit h\u00e4ngt vom Tempo ab. Sie k\u00f6nnen jedoch immer irgendwann auf dem Weg zur\u00fcckgehen.<\/p>\n","protected":false},"excerpt":{"rendered":"<p>&nbsp; Von der Schutzh\u00fctte aus kann man sich im Wandern und Klettern verschiedener Schwierigkeitsgrade versuchen, interessant f\u00fcr jede Art von Exkursion. Im Sommer Aktivurlaub: Trekking: Antonioli-Pfad (2. Etappe) Der Pfad beginnt in Capodiponte und endet in Limone del Garda &#8211; Dauer 7 Tage &#8211; Es ist sinnvoll, sich nach den H\u00fctten der Route zu erkundigen,&#8230;<\/p>\n","protected":false},"author":12,"featured_media":0,"parent":0,"menu_order":0,"comment_status":"closed","ping_status":"closed","template":"","meta":[],"yoast_head":"<!-- This site is optimized with the Yoast SEO plugin v18.6 - https:\/\/yoast.com\/wordpress\/plugins\/seo\/ -->\n<title>Sonstiges - Rifugio De Marie<\/title>\n<meta name=\"robots\" content=\"index, follow, max-snippet:-1, max-image-preview:large, max-video-preview:-1\" \/>\n<link rel=\"canonical\" href=\"https:\/\/rifugiovalcamonica.com\/de\/sonstiges\/\" \/>\n<meta property=\"og:locale\" content=\"it_IT\" \/>\n<meta property=\"og:type\" content=\"article\" \/>\n<meta property=\"og:title\" content=\"Sonstiges - Rifugio De Marie\" \/>\n<meta property=\"og:description\" content=\"&nbsp; Von der Schutzh\u00fctte aus kann man sich im Wandern und Klettern verschiedener Schwierigkeitsgrade versuchen, interessant f\u00fcr jede Art von Exkursion. Im Sommer Aktivurlaub: Trekking: Antonioli-Pfad (2. Etappe) Der Pfad beginnt in Capodiponte und endet in Limone del Garda &#8211; Dauer 7 Tage &#8211; Es ist sinnvoll, sich nach den H\u00fctten der Route zu erkundigen,...\" \/>\n<meta property=\"og:url\" content=\"https:\/\/rifugiovalcamonica.com\/de\/sonstiges\/\" \/>\n<meta property=\"og:site_name\" content=\"Rifugio De Marie\" \/>\n<meta property=\"article:modified_time\" content=\"2022-05-01T08:24:09+00:00\" \/>\n<meta name=\"twitter:label1\" content=\"Tempo di lettura stimato\" \/>\n\t<meta name=\"twitter:data1\" content=\"2 minuti\" \/>\n<script type=\"application\/ld+json\" class=\"yoast-schema-graph\">{\"@context\":\"https:\/\/schema.org\",\"@graph\":[{\"@type\":\"WebSite\",\"@id\":\"https:\/\/rifugiovalcamonica.com\/de\/#website\",\"url\":\"https:\/\/rifugiovalcamonica.com\/de\/\",\"name\":\"Rifugio De Marie\",\"description\":\"Rifugio in Valcamonica\",\"potentialAction\":[{\"@type\":\"SearchAction\",\"target\":{\"@type\":\"EntryPoint\",\"urlTemplate\":\"https:\/\/rifugiovalcamonica.com\/de\/?s={search_term_string}\"},\"query-input\":\"required name=search_term_string\"}],\"inLanguage\":\"it-IT\"},{\"@type\":\"WebPage\",\"@id\":\"https:\/\/rifugiovalcamonica.com\/de\/sonstiges\/#webpage\",\"url\":\"https:\/\/rifugiovalcamonica.com\/de\/sonstiges\/\",\"name\":\"Sonstiges - Rifugio De Marie\",\"isPartOf\":{\"@id\":\"https:\/\/rifugiovalcamonica.com\/de\/#website\"},\"datePublished\":\"2013-05-09T15:44:38+00:00\",\"dateModified\":\"2022-05-01T08:24:09+00:00\",\"breadcrumb\":{\"@id\":\"https:\/\/rifugiovalcamonica.com\/de\/sonstiges\/#breadcrumb\"},\"inLanguage\":\"it-IT\",\"potentialAction\":[{\"@type\":\"ReadAction\",\"target\":[\"https:\/\/rifugiovalcamonica.com\/de\/sonstiges\/\"]}]},{\"@type\":\"BreadcrumbList\",\"@id\":\"https:\/\/rifugiovalcamonica.com\/de\/sonstiges\/#breadcrumb\",\"itemListElement\":[{\"@type\":\"ListItem\",\"position\":1,\"name\":\"Sonstiges\"}]}]}<\/script>\n<!-- \/ Yoast SEO plugin. -->","yoast_head_json":{"title":"Sonstiges - Rifugio De Marie","robots":{"index":"index","follow":"follow","max-snippet":"max-snippet:-1","max-image-preview":"max-image-preview:large","max-video-preview":"max-video-preview:-1"},"canonical":"https:\/\/rifugiovalcamonica.com\/de\/sonstiges\/","og_locale":"it_IT","og_type":"article","og_title":"Sonstiges - Rifugio De Marie","og_description":"&nbsp; Von der Schutzh\u00fctte aus kann man sich im Wandern und Klettern verschiedener Schwierigkeitsgrade versuchen, interessant f\u00fcr jede Art von Exkursion. Im Sommer Aktivurlaub: Trekking: Antonioli-Pfad (2. Etappe) Der Pfad beginnt in Capodiponte und endet in Limone del Garda &#8211; Dauer 7 Tage &#8211; Es ist sinnvoll, sich nach den H\u00fctten der Route zu erkundigen,...","og_url":"https:\/\/rifugiovalcamonica.com\/de\/sonstiges\/","og_site_name":"Rifugio De Marie","article_modified_time":"2022-05-01T08:24:09+00:00","twitter_misc":{"Tempo di lettura stimato":"2 minuti"},"schema":{"@context":"https:\/\/schema.org","@graph":[{"@type":"WebSite","@id":"https:\/\/rifugiovalcamonica.com\/de\/#website","url":"https:\/\/rifugiovalcamonica.com\/de\/","name":"Rifugio De Marie","description":"Rifugio in Valcamonica","potentialAction":[{"@type":"SearchAction","target":{"@type":"EntryPoint","urlTemplate":"https:\/\/rifugiovalcamonica.com\/de\/?s={search_term_string}"},"query-input":"required name=search_term_string"}],"inLanguage":"it-IT"},{"@type":"WebPage","@id":"https:\/\/rifugiovalcamonica.com\/de\/sonstiges\/#webpage","url":"https:\/\/rifugiovalcamonica.com\/de\/sonstiges\/","name":"Sonstiges - Rifugio De Marie","isPartOf":{"@id":"https:\/\/rifugiovalcamonica.com\/de\/#website"},"datePublished":"2013-05-09T15:44:38+00:00","dateModified":"2022-05-01T08:24:09+00:00","breadcrumb":{"@id":"https:\/\/rifugiovalcamonica.com\/de\/sonstiges\/#breadcrumb"},"inLanguage":"it-IT","potentialAction":[{"@type":"ReadAction","target":["https:\/\/rifugiovalcamonica.com\/de\/sonstiges\/"]}]},{"@type":"BreadcrumbList","@id":"https:\/\/rifugiovalcamonica.com\/de\/sonstiges\/#breadcrumb","itemListElement":[{"@type":"ListItem","position":1,"name":"Sonstiges"}]}]}},"_links":{"self":[{"href":"https:\/\/rifugiovalcamonica.com\/de\/wp-json\/wp\/v2\/pages\/158"}],"collection":[{"href":"https:\/\/rifugiovalcamonica.com\/de\/wp-json\/wp\/v2\/pages"}],"about":[{"href":"https:\/\/rifugiovalcamonica.com\/de\/wp-json\/wp\/v2\/types\/page"}],"author":[{"embeddable":true,"href":"https:\/\/rifugiovalcamonica.com\/de\/wp-json\/wp\/v2\/users\/12"}],"replies":[{"embeddable":true,"href":"https:\/\/rifugiovalcamonica.com\/de\/wp-json\/wp\/v2\/comments?post=158"}],"version-history":[{"count":14,"href":"https:\/\/rifugiovalcamonica.com\/de\/wp-json\/wp\/v2\/pages\/158\/revisions"}],"predecessor-version":[{"id":4360,"href":"https:\/\/rifugiovalcamonica.com\/de\/wp-json\/wp\/v2\/pages\/158\/revisions\/4360"}],"wp:attachment":[{"href":"https:\/\/rifugiovalcamonica.com\/de\/wp-json\/wp\/v2\/media?parent=158"}],"curies":[{"name":"wp","href":"https:\/\/api.w.org\/{rel}","templated":true}]}}