{"id":163,"date":"2013-05-09T17:46:48","date_gmt":"2013-05-09T15:46:48","guid":{"rendered":"http:\/\/rifugiovalcamonica.com\/de\/?page_id=163"},"modified":"2022-05-01T10:13:19","modified_gmt":"2022-05-01T08:13:19","slug":"bar","status":"publish","type":"page","link":"https:\/\/rifugiovalcamonica.com\/de\/bar\/","title":{"rendered":"Bar"},"content":{"rendered":"\n\t\t\t<!-- START Slider Bar REVOLUTION SLIDER 6.2.2 --><p class=\"rs-p-wp-fix\"><\/p>\n\t\t\t<rs-module-wrap id=\"rev_slider_26_1_wrapper\" data-source=\"gallery\" data-aimg=\"\"  style=\"background:#E9E9E9;padding:5;float:right;margin-left:0;margin-right:0;margin-top:0;margin-bottom:0;\">\n\t\t\t\t<rs-module id=\"rev_slider_26_1\" style=\"display:none;\" data-version=\"6.2.2\">\n\t\t\t\t\t<rs-slides>\n\t\t\t\t\t\t<rs-slide data-key=\"rs-67\" data-title=\"Slide\" data-anim=\"ei:d;eo:d;s:1000;r:0;t:fade;sl:0;\">\n\t\t\t\t\t\t\t<img src=\"\/\/rifugiovalcamonica.com\/de\/wp-content\/uploads\/2014\/06\/S7301115_opt-1.jpg\" title=\"Bar\" class=\"rev-slidebg\" data-no-retina>\n<!---->\t\t\t\t\t\t<\/rs-slide>\n\t\t\t\t\t\t<rs-slide data-key=\"rs-69\" data-title=\"Slide\" data-anim=\"ei:d;eo:d;s:1000;r:0;t:fade;sl:0;\">\n\t\t\t\t\t\t\t<img src=\"\/\/rifugiovalcamonica.com\/de\/wp-content\/uploads\/2014\/06\/P1040173_opt-1.jpg\" title=\"Bar\" class=\"rev-slidebg\" data-no-retina>\n<!---->\t\t\t\t\t\t<\/rs-slide>\n\t\t\t\t\t\t<rs-slide data-key=\"rs-106\" data-title=\"Slide\" data-anim=\"ei:d;eo:d;s:1000;r:0;t:fade;sl:0;\">\n\t\t\t\t\t\t\t<img src=\"\/\/rifugiovalcamonica.com\/de\/wp-content\/uploads\/2014\/06\/P1040180.jpg\" title=\"Bar\" class=\"rev-slidebg\" data-no-retina>\n<!---->\t\t\t\t\t\t<\/rs-slide>\n\t\t\t\t\t<\/rs-slides>\n\t\t\t\t<\/rs-module>\n\t\t\t\t<script type=\"text\/javascript\">\n\t\t\t\t\tsetREVStartSize({c: 'rev_slider_26_1',rl:[1240,1024,778,480],el:[410],gw:[510],gh:[410],type:'standard',justify:'',layout:'fullwidth',mh:\"0\"});\n\t\t\t\t\tvar\trevapi26,\n\t\t\t\t\t\ttpj;\n\t\t\t\t\tjQuery(function() {\n\t\t\t\t\t\ttpj = jQuery;\n\t\t\t\t\t\ttpj.noConflict();\n\t\t\t\t\t\tif(tpj(\"#rev_slider_26_1\").revolution == undefined){\n\t\t\t\t\t\t\trevslider_showDoubleJqueryError(\"#rev_slider_26_1\");\n\t\t\t\t\t\t}else{\n\t\t\t\t\t\t\trevapi26 = tpj(\"#rev_slider_26_1\").show().revolution({\n\t\t\t\t\t\t\t\tjsFileLocation:\"\/\/rifugiovalcamonica.com\/de\/wp-content\/plugins\/revslider\/public\/assets\/js\/\",\n\t\t\t\t\t\t\t\tduration:\"4000ms\",\n\t\t\t\t\t\t\t\tvisibilityLevels:\"1240,1024,778,480\",\n\t\t\t\t\t\t\t\tgridwidth:510,\n\t\t\t\t\t\t\t\tgridheight:410,\n\t\t\t\t\t\t\t\tspinner:\"spinner5\",\n\t\t\t\t\t\t\t\teditorheight:\"410,768,960,720\",\n\t\t\t\t\t\t\t\tresponsiveLevels:\"1240,1024,778,480\",\n\t\t\t\t\t\t\t\tnavigation: {\n\t\t\t\t\t\t\t\t\tmouseScrollNavigation:false,\n\t\t\t\t\t\t\t\t\ttouch: {\n\t\t\t\t\t\t\t\t\t\ttouchenabled:true\n\t\t\t\t\t\t\t\t\t}\n\t\t\t\t\t\t\t\t},\n\t\t\t\t\t\t\t\tfallbacks: {\n\t\t\t\t\t\t\t\t\tsimplifyAll:\"\",\n\t\t\t\t\t\t\t\t\tignoreHeightChanges:\"\",\n\t\t\t\t\t\t\t\t\tallowHTML5AutoPlayOnAndroid:true\n\t\t\t\t\t\t\t\t},\n\t\t\t\t\t\t\t});\n\t\t\t\t\t\t}\n\t\t\t\t\t\t\n\t\t\t\t\t});\n\t\t\t\t<\/script>\n\t\t\t<\/rs-module-wrap>\n\t\t\t<!-- END REVOLUTION SLIDER -->\n\n<p>&nbsp;<\/p>\n<p>Die Bar ist zug\u00e4nglich, wenn die T\u00fcren der Schutzh\u00fctte ge\u00f6ffnet sind und bis zur Schlie\u00dfung. Das hei\u00dft, in der Sommersaison von 06:00 bis 22:30 Uhr, in den anderen Jahreszeiten etwas sp\u00e4ter mit Schlie\u00dfung bei Einbruch der Dunkelheit.<\/p>\n<p>Reisenden mit Geschmack und Entdeckung gewidmet<\/p>\n<p>Jedes Jahr versuchen wir, unseren G\u00e4sten schmackhafte und gesunde Pausen anzubieten, wie Kaffee mit Ginseng und Kollagen, mit Matcha, mit Ingwer, mit Kurkuma &#8230;, Schokolade mit Orangengeschmack, Minze &#8230;, Zucker nach Gew\u00fcrzen, Haselnuss , Anis &#8230;. Dieses Jahr haben wir die Natursirupe mit Holunderbl\u00fcten, Salbeibl\u00fcten, Lavendel und Zitrone entdeckt, &#8230; und zum Energie spenden, Kraft tanken und l\u00f6schen ein nat\u00fcrliches Getr\u00e4nk auf Granatapfelbasis. Wir lieben es, unsere G\u00e4ste zu \u00fcberraschen und sie alte und nat\u00fcrliche Geschm\u00e4cker entdecken und wiederentdecken zu lassen.<\/p>\n<p>An der Bar finden Sie sie<\/p>\n<p>verschiedene Aperitifs: Pirlo, Hugo, &#8230;;<br \/>\neine gro\u00dfe Auswahl an lokalen, aus dem Tal stammenden, belgischen und deutschen Craft-Bieren ..;<br \/>\nwei\u00dfe Grappas und mit Bergkr\u00e4utern aromatisiert;<br \/>\nLik\u00f6re;<br \/>\nWeine;<br \/>\nErfrischungsgetr\u00e4nke und Fruchts\u00e4fte;<br \/>\nhei\u00dfe und kalte Getr\u00e4nke;<br \/>\nKaffee und Tee;<br \/>\nSandwiches<\/p>\n<p>Und in den Bergen d\u00fcrfen sie nicht fehlen:<\/p>\n<p>Gl\u00fchwein<br \/>\nBombardino<br \/>\nHauskaffee<\/p>\n","protected":false},"excerpt":{"rendered":"<p>&nbsp; Die Bar ist zug\u00e4nglich, wenn die T\u00fcren der Schutzh\u00fctte ge\u00f6ffnet sind und bis zur Schlie\u00dfung. Das hei\u00dft, in der Sommersaison von 06:00 bis 22:30 Uhr, in den anderen Jahreszeiten etwas sp\u00e4ter mit Schlie\u00dfung bei Einbruch der Dunkelheit. Reisenden mit Geschmack und Entdeckung gewidmet Jedes Jahr versuchen wir, unseren G\u00e4sten schmackhafte und gesunde Pausen anzubieten,&#8230;<\/p>\n","protected":false},"author":12,"featured_media":0,"parent":0,"menu_order":0,"comment_status":"closed","ping_status":"closed","template":"","meta":[],"yoast_head":"<!-- This site is optimized with the Yoast SEO plugin v18.6 - https:\/\/yoast.com\/wordpress\/plugins\/seo\/ -->\n<title>Bar - Rifugio De Marie<\/title>\n<meta name=\"robots\" content=\"index, follow, max-snippet:-1, max-image-preview:large, max-video-preview:-1\" \/>\n<link rel=\"canonical\" href=\"https:\/\/rifugiovalcamonica.com\/de\/bar\/\" \/>\n<meta property=\"og:locale\" content=\"it_IT\" \/>\n<meta property=\"og:type\" content=\"article\" \/>\n<meta property=\"og:title\" content=\"Bar - Rifugio De Marie\" \/>\n<meta property=\"og:description\" content=\"&nbsp; Die Bar ist zug\u00e4nglich, wenn die T\u00fcren der Schutzh\u00fctte ge\u00f6ffnet sind und bis zur Schlie\u00dfung. Das hei\u00dft, in der Sommersaison von 06:00 bis 22:30 Uhr, in den anderen Jahreszeiten etwas sp\u00e4ter mit Schlie\u00dfung bei Einbruch der Dunkelheit. Reisenden mit Geschmack und Entdeckung gewidmet Jedes Jahr versuchen wir, unseren G\u00e4sten schmackhafte und gesunde Pausen anzubieten,...\" \/>\n<meta property=\"og:url\" content=\"https:\/\/rifugiovalcamonica.com\/de\/bar\/\" \/>\n<meta property=\"og:site_name\" content=\"Rifugio De Marie\" \/>\n<meta property=\"article:modified_time\" content=\"2022-05-01T08:13:19+00:00\" \/>\n<meta name=\"twitter:label1\" content=\"Tempo di lettura stimato\" \/>\n\t<meta name=\"twitter:data1\" content=\"1 minuto\" \/>\n<script type=\"application\/ld+json\" class=\"yoast-schema-graph\">{\"@context\":\"https:\/\/schema.org\",\"@graph\":[{\"@type\":\"WebSite\",\"@id\":\"https:\/\/rifugiovalcamonica.com\/de\/#website\",\"url\":\"https:\/\/rifugiovalcamonica.com\/de\/\",\"name\":\"Rifugio De Marie\",\"description\":\"Rifugio in Valcamonica\",\"potentialAction\":[{\"@type\":\"SearchAction\",\"target\":{\"@type\":\"EntryPoint\",\"urlTemplate\":\"https:\/\/rifugiovalcamonica.com\/de\/?s={search_term_string}\"},\"query-input\":\"required name=search_term_string\"}],\"inLanguage\":\"it-IT\"},{\"@type\":\"WebPage\",\"@id\":\"https:\/\/rifugiovalcamonica.com\/de\/bar\/#webpage\",\"url\":\"https:\/\/rifugiovalcamonica.com\/de\/bar\/\",\"name\":\"Bar - Rifugio De Marie\",\"isPartOf\":{\"@id\":\"https:\/\/rifugiovalcamonica.com\/de\/#website\"},\"datePublished\":\"2013-05-09T15:46:48+00:00\",\"dateModified\":\"2022-05-01T08:13:19+00:00\",\"breadcrumb\":{\"@id\":\"https:\/\/rifugiovalcamonica.com\/de\/bar\/#breadcrumb\"},\"inLanguage\":\"it-IT\",\"potentialAction\":[{\"@type\":\"ReadAction\",\"target\":[\"https:\/\/rifugiovalcamonica.com\/de\/bar\/\"]}]},{\"@type\":\"BreadcrumbList\",\"@id\":\"https:\/\/rifugiovalcamonica.com\/de\/bar\/#breadcrumb\",\"itemListElement\":[{\"@type\":\"ListItem\",\"position\":1,\"name\":\"Bar\"}]}]}<\/script>\n<!-- \/ Yoast SEO plugin. -->","yoast_head_json":{"title":"Bar - Rifugio De Marie","robots":{"index":"index","follow":"follow","max-snippet":"max-snippet:-1","max-image-preview":"max-image-preview:large","max-video-preview":"max-video-preview:-1"},"canonical":"https:\/\/rifugiovalcamonica.com\/de\/bar\/","og_locale":"it_IT","og_type":"article","og_title":"Bar - Rifugio De Marie","og_description":"&nbsp; Die Bar ist zug\u00e4nglich, wenn die T\u00fcren der Schutzh\u00fctte ge\u00f6ffnet sind und bis zur Schlie\u00dfung. Das hei\u00dft, in der Sommersaison von 06:00 bis 22:30 Uhr, in den anderen Jahreszeiten etwas sp\u00e4ter mit Schlie\u00dfung bei Einbruch der Dunkelheit. Reisenden mit Geschmack und Entdeckung gewidmet Jedes Jahr versuchen wir, unseren G\u00e4sten schmackhafte und gesunde Pausen anzubieten,...","og_url":"https:\/\/rifugiovalcamonica.com\/de\/bar\/","og_site_name":"Rifugio De Marie","article_modified_time":"2022-05-01T08:13:19+00:00","twitter_misc":{"Tempo di lettura stimato":"1 minuto"},"schema":{"@context":"https:\/\/schema.org","@graph":[{"@type":"WebSite","@id":"https:\/\/rifugiovalcamonica.com\/de\/#website","url":"https:\/\/rifugiovalcamonica.com\/de\/","name":"Rifugio De Marie","description":"Rifugio in Valcamonica","potentialAction":[{"@type":"SearchAction","target":{"@type":"EntryPoint","urlTemplate":"https:\/\/rifugiovalcamonica.com\/de\/?s={search_term_string}"},"query-input":"required name=search_term_string"}],"inLanguage":"it-IT"},{"@type":"WebPage","@id":"https:\/\/rifugiovalcamonica.com\/de\/bar\/#webpage","url":"https:\/\/rifugiovalcamonica.com\/de\/bar\/","name":"Bar - Rifugio De Marie","isPartOf":{"@id":"https:\/\/rifugiovalcamonica.com\/de\/#website"},"datePublished":"2013-05-09T15:46:48+00:00","dateModified":"2022-05-01T08:13:19+00:00","breadcrumb":{"@id":"https:\/\/rifugiovalcamonica.com\/de\/bar\/#breadcrumb"},"inLanguage":"it-IT","potentialAction":[{"@type":"ReadAction","target":["https:\/\/rifugiovalcamonica.com\/de\/bar\/"]}]},{"@type":"BreadcrumbList","@id":"https:\/\/rifugiovalcamonica.com\/de\/bar\/#breadcrumb","itemListElement":[{"@type":"ListItem","position":1,"name":"Bar"}]}]}},"_links":{"self":[{"href":"https:\/\/rifugiovalcamonica.com\/de\/wp-json\/wp\/v2\/pages\/163"}],"collection":[{"href":"https:\/\/rifugiovalcamonica.com\/de\/wp-json\/wp\/v2\/pages"}],"about":[{"href":"https:\/\/rifugiovalcamonica.com\/de\/wp-json\/wp\/v2\/types\/page"}],"author":[{"embeddable":true,"href":"https:\/\/rifugiovalcamonica.com\/de\/wp-json\/wp\/v2\/users\/12"}],"replies":[{"embeddable":true,"href":"https:\/\/rifugiovalcamonica.com\/de\/wp-json\/wp\/v2\/comments?post=163"}],"version-history":[{"count":13,"href":"https:\/\/rifugiovalcamonica.com\/de\/wp-json\/wp\/v2\/pages\/163\/revisions"}],"predecessor-version":[{"id":4352,"href":"https:\/\/rifugiovalcamonica.com\/de\/wp-json\/wp\/v2\/pages\/163\/revisions\/4352"}],"wp:attachment":[{"href":"https:\/\/rifugiovalcamonica.com\/de\/wp-json\/wp\/v2\/media?parent=163"}],"curies":[{"name":"wp","href":"https:\/\/api.w.org\/{rel}","templated":true}]}}