{"id":2672,"date":"2016-07-27T19:47:22","date_gmt":"2016-07-27T17:47:22","guid":{"rendered":"http:\/\/rifugiovalcamonica.com\/de\/?page_id=2672"},"modified":"2022-05-01T17:20:05","modified_gmt":"2022-05-01T15:20:05","slug":"home","status":"publish","type":"page","link":"https:\/\/rifugiovalcamonica.com\/de\/","title":{"rendered":"Home"},"content":{"rendered":"<section class=\"l-section wpb_row height_auto width_full\"><div class=\"l-section-h i-cf\"><div class=\"g-cols offset_small\"><div class=\"vc_col-sm-12 wpb_column vc_column_container\"><div class=\"vc_column-inner\">[rev_slider_vc alias=&#8221;youtube-hero&#8221;]<\/div><\/div><\/div><\/div><\/section><section class=\"l-section wpb_row height_small color_alternate\"><div class=\"l-section-h i-cf\"><div class=\"g-cols offset_small\"><div class=\"vc_col-sm-12 wpb_column vc_column_container\"><div class=\"vc_column-inner\">[vc_custom_heading text=&#8221;Willkommen in unserer Zuflucht in Valcamonica&#8221; font_container=&#8221;tag:h2|text_align:center&#8221; use_theme_fonts=&#8221;yes&#8221;]<div class=\"wpb_text_column \"><div class=\"wpb_wrapper\">\n<p style=\"text-align: center;\">In Volano di Cimbergo (Bs), im Herzen des Naturparks Adamello, empf\u00e4ngt Sie unsere Bergh\u00fctte.<br \/>\nGewidmet denen, die den Wunsch nach Bergen und Geschmack stillen wollen.<\/p>\n<\/div> <\/div> <\/div><\/div><\/div><\/div><\/section><section class=\"l-section wpb_row height_large\"><div class=\"l-section-h i-cf\"><div class=\"g-cols offset_small\"><div class=\"vc_col-sm-12 wpb_column vc_column_container\"><div class=\"vc_column-inner\"><div class=\"g-cols wpb_row offset_small vc_inner \"><div class=\"vc_col-sm-6 wpb_column vc_column_container\"><div class=\"vc_column-inner\"><div class=\"wpb_text_column \"><div class=\"wpb_wrapper\">\n<h3><a href=\"\/category\/blog-news\/\"><strong>Blog &amp; News<\/strong><\/a><\/h3>\n<\/div> <\/div> <\/div><\/div><div class=\"vc_col-sm-6 vc_hidden-sm vc_hidden-xs wpb_column vc_column_container\"><div class=\"vc_column-inner\"><div class=\"wpb_text_column \"><div class=\"wpb_wrapper\">\n<p style=\"text-align: right;\"><a href=\"\/de\/category\/blog-news\/\">Alle Artikel in Blog &amp; News<\/a><\/p>\n<\/div> <\/div> <\/div><\/div><\/div><div class=\"w-separator type_invisible size_medium thick_1 style_solid color_border cont_none\"><span class=\"w-separator-h\"><\/span><\/div><div class=\"w-blog layout_classic cols_3\" itemscope=\"itemscope\" itemtype=\"https:\/\/schema.org\/Blog\"><div class=\"w-blog-list\">\r\n\r\n<article class=\"w-blog-post blog-news post-4340 post type-post status-publish format-standard has-post-thumbnail hentry category-blog-news\" data-id=\"4340\" data-categories=\"blog-news\">\r\n\t<div class=\"w-blog-post-h\">\r\n\t\t<a href=\"https:\/\/rifugiovalcamonica.com\/de\/beim-wandern-in-den-bergen-arbeite-ich-fur-mich\/\">\r\n\t\t\t<div class=\"w-blog-post-preview\">\r\n\t\t\t\t<img width=\"600\" height=\"400\" src=\"https:\/\/rifugiovalcamonica.com\/de\/wp-content\/uploads\/2022\/04\/IMG_20220409_102948321_HDR-1-600x400.jpg\" class=\"attachment-tnail-3x2 size-tnail-3x2 wp-post-image\" alt=\"\" loading=\"lazy\" \/>\t\t\t\t<span class=\"w-blog-post-preview-icon\" style=\"padding-bottom: 66.6667%;\"><\/span>\r\n\t\t\t<\/div>\r\n\t\t<\/a>\r\n\t\t<div class=\"w-blog-post-body\">\r\n\t\t\t<h2 class=\"w-blog-post-title\">\r\n\t\t\t\t<a class=\"entry-title\" rel=\"bookmark\" href=\"https:\/\/rifugiovalcamonica.com\/de\/beim-wandern-in-den-bergen-arbeite-ich-fur-mich\/\">Beim Wandern in den Bergen arbeite ich f\u00fcr mich<\/a>\r\n\t\t\t<\/h2>\r\n\t\t\t<div class=\"w-blog-post-meta\">\r\n\t\t\t\t<time class=\"w-blog-post-meta-date date updated\">28 Aprile 2022<\/time><span class=\"w-blog-post-meta-author vcard author hidden\"><a href=\"https:\/\/rifugiovalcamonica.com\/de\/author\/assuntademarie\/\" class=\"fn\">AssuntaDemarie<\/a><\/span>\t\t\t<\/div>\r\n\t\t\t<div class=\"w-blog-post-content\">\r\n\t\t\t\t<p>Beim Wandern in den Bergen arbeite ich f\u00fcr mich. Das ist der Satz, den vor einigen Jahren ein holl\u00e4ndischer Bergsteiger sprach, der unsere Alpen \u00fcberquerte und f\u00fcr ein paar N\u00e4chte in unserer Bergh\u00fctte Halt machte. Beim abendlichen Gespr\u00e4ch nach dem Abendessen beeindruckten mich besonders seine Worte: \u201eIch habe mein Leben lang f\u00fcr andere gearbeitet und&#8230;<\/p>\n\t\t\t<\/div>\r\n\t\t<\/div>\r\n\t<\/div>\r\n<\/article>\r\n\r\n\r\n\r\n<article class=\"w-blog-post blog-news post-4328 post type-post status-publish format-standard has-post-thumbnail hentry category-blog-news\" data-id=\"4328\" data-categories=\"blog-news\">\r\n\t<div class=\"w-blog-post-h\">\r\n\t\t<a href=\"https:\/\/rifugiovalcamonica.com\/de\/zugang-zu-den-zufluchtspfaden-von-de-marie-al-volano-wahrend-die-blumen-bluhen\/\">\r\n\t\t\t<div class=\"w-blog-post-preview\">\r\n\t\t\t\t<img width=\"600\" height=\"400\" src=\"https:\/\/rifugiovalcamonica.com\/de\/wp-content\/uploads\/2022\/04\/IMG-20220420-WA0018-600x400.jpg\" class=\"attachment-tnail-3x2 size-tnail-3x2 wp-post-image\" alt=\"\" loading=\"lazy\" \/>\t\t\t\t<span class=\"w-blog-post-preview-icon\" style=\"padding-bottom: 66.6667%;\"><\/span>\r\n\t\t\t<\/div>\r\n\t\t<\/a>\r\n\t\t<div class=\"w-blog-post-body\">\r\n\t\t\t<h2 class=\"w-blog-post-title\">\r\n\t\t\t\t<a class=\"entry-title\" rel=\"bookmark\" href=\"https:\/\/rifugiovalcamonica.com\/de\/zugang-zu-den-zufluchtspfaden-von-de-marie-al-volano-wahrend-die-blumen-bluhen\/\">Zugang zu den Zufluchtspfaden von De Marie al Volano, w\u00e4hrend die Blumen bl\u00fchen<\/a>\r\n\t\t\t<\/h2>\r\n\t\t\t<div class=\"w-blog-post-meta\">\r\n\t\t\t\t<time class=\"w-blog-post-meta-date date updated\">20 Aprile 2022<\/time><span class=\"w-blog-post-meta-author vcard author hidden\"><a href=\"https:\/\/rifugiovalcamonica.com\/de\/author\/assuntademarie\/\" class=\"fn\">AssuntaDemarie<\/a><\/span>\t\t\t<\/div>\r\n\t\t\t<div class=\"w-blog-post-content\">\r\n\t\t\t\t<p>Die Begehbarkeit der Wege, die zur Schutzh\u00fctte De Marie al Volano f\u00fchren und von ihr abgehen, ist bis heute entscheidend, w\u00e4hrend die Blumen an den R\u00e4ndern und auf den Wiesen bl\u00fchen. Auf der typischen Stra\u00dfe, die neben dem Bach verl\u00e4uft und \u00fcber die Kreuzung hinausgeht (rechts Volano, links Paere, Nicol, Colomb), gibt es noch einige&#8230;<\/p>\n\t\t\t<\/div>\r\n\t\t<\/div>\r\n\t<\/div>\r\n<\/article>\r\n\r\n\r\n\r\n<article class=\"w-blog-post blog-news post-4318 post type-post status-publish format-standard has-post-thumbnail hentry category-blog-news\" data-id=\"4318\" data-categories=\"blog-news\">\r\n\t<div class=\"w-blog-post-h\">\r\n\t\t<a href=\"https:\/\/rifugiovalcamonica.com\/de\/der-mensch-braucht-berge\/\">\r\n\t\t\t<div class=\"w-blog-post-preview\">\r\n\t\t\t\t<img width=\"600\" height=\"400\" src=\"https:\/\/rifugiovalcamonica.com\/de\/wp-content\/uploads\/2022\/04\/IMG_20220409_175743235_HDR-600x400.jpg\" class=\"attachment-tnail-3x2 size-tnail-3x2 wp-post-image\" alt=\"\" loading=\"lazy\" \/>\t\t\t\t<span class=\"w-blog-post-preview-icon\" style=\"padding-bottom: 66.6667%;\"><\/span>\r\n\t\t\t<\/div>\r\n\t\t<\/a>\r\n\t\t<div class=\"w-blog-post-body\">\r\n\t\t\t<h2 class=\"w-blog-post-title\">\r\n\t\t\t\t<a class=\"entry-title\" rel=\"bookmark\" href=\"https:\/\/rifugiovalcamonica.com\/de\/der-mensch-braucht-berge\/\">Der Mensch braucht Berge<\/a>\r\n\t\t\t<\/h2>\r\n\t\t\t<div class=\"w-blog-post-meta\">\r\n\t\t\t\t<time class=\"w-blog-post-meta-date date updated\">13 Aprile 2022<\/time><span class=\"w-blog-post-meta-author vcard author hidden\"><a href=\"https:\/\/rifugiovalcamonica.com\/de\/author\/assuntademarie\/\" class=\"fn\">AssuntaDemarie<\/a><\/span>\t\t\t<\/div>\r\n\t\t\t<div class=\"w-blog-post-content\">\r\n\t\t\t\t<p>Der Mensch (oder soll ich Mensch* sagen?) braucht Berge. Der K\u00f6rper braucht es, es ist ihm so wichtig wie die Luft zum Atmen. Eine atavistische Notwendigkeit. Sich von der Anspannung des Alltags erholen, im Einklang sein mit der Natur, die auch heute noch der bekannteste Stressabbau ist. In der Einsamkeit des Berges meditiert der Mensch&#8230;<\/p>\n\t\t\t<\/div>\r\n\t\t<\/div>\r\n\t<\/div>\r\n<\/article>\r\n\r\n<\/div><\/div><div class=\"w-separator type_default size_medium thick_1 style_solid color_border cont_none\"><span class=\"w-separator-h\"><\/span><\/div><\/div><\/div><\/div><\/div><\/section><section class=\"l-section wpb_row height_large color_primary\"><div class=\"l-section-h i-cf\"><div class=\"g-cols offset_small\"><div class=\"vc_col-sm-12 wpb_column vc_column_container\"><div class=\"vc_column-inner\"><div class=\"w-actionbox color_primary controls_right\"><div class=\"w-actionbox-text\"><h2>Warum rufen Sie uns nicht an, um alle Details zu erfahren?<\/h2><\/div><div class=\"w-actionbox-controls\"><a class=\"w-btn color_white style_solid icon_none\" href=\"http:\/\/rifugiovalcamonica.com\/de\/contatti\/\" target=\"_blank\" style=\"font-size: 18px;\"><span class=\"w-btn-label\">Kontaktiere uns<\/span><\/a><\/div><\/div><\/div><\/div><\/div><\/div><\/section>\n","protected":false},"excerpt":{"rendered":"Der Mensch (oder soll ich Mensch* sagen?) braucht Berge. Der K\u00f6rper braucht es, es ist ihm so wichtig wie die Luft zum Atmen. Eine atavistische Notwendigkeit. Sich von der Anspannung des Alltags erholen, im Einklang sein mit der Natur, die auch heute noch der bekannteste Stressabbau ist. In der Einsamkeit des Berges meditiert der Mensch...","protected":false},"author":12,"featured_media":0,"parent":0,"menu_order":0,"comment_status":"closed","ping_status":"closed","template":"","meta":[],"yoast_head":"<!-- This site is optimized with the Yoast SEO plugin v18.6 - https:\/\/yoast.com\/wordpress\/plugins\/seo\/ -->\n<title>Rifugio Valcamonica - Volano di Cimbergo - De Marie<\/title>\n<meta name=\"description\" content=\"A Volano di Cimbergo (Bs), proprio nel cuore del Parco Naturale dell\u2019Adamello vi accoglie il nostro rifugio in Valcamonica. Dedicato a chi desidera...\" \/>\n<meta name=\"robots\" content=\"index, follow, max-snippet:-1, max-image-preview:large, max-video-preview:-1\" \/>\n<link rel=\"canonical\" href=\"https:\/\/rifugiovalcamonica.com\/de\/\" \/>\n<meta property=\"og:locale\" content=\"it_IT\" \/>\n<meta property=\"og:type\" content=\"article\" \/>\n<meta property=\"og:title\" content=\"Rifugio Valcamonica - Volano di Cimbergo - De Marie\" \/>\n<meta property=\"og:description\" content=\"A Volano di Cimbergo (Bs), proprio nel cuore del Parco Naturale dell\u2019Adamello vi accoglie il nostro rifugio in Valcamonica. Dedicato a chi desidera...\" \/>\n<meta property=\"og:url\" content=\"https:\/\/rifugiovalcamonica.com\/de\/\" \/>\n<meta property=\"og:site_name\" content=\"Rifugio De Marie\" \/>\n<meta property=\"article:modified_time\" content=\"2022-05-01T15:20:05+00:00\" \/>\n<meta name=\"twitter:label1\" content=\"Tempo di lettura stimato\" \/>\n\t<meta name=\"twitter:data1\" content=\"1 minuto\" \/>\n<script type=\"application\/ld+json\" class=\"yoast-schema-graph\">{\"@context\":\"https:\/\/schema.org\",\"@graph\":[{\"@type\":\"WebSite\",\"@id\":\"https:\/\/rifugiovalcamonica.com\/de\/#website\",\"url\":\"https:\/\/rifugiovalcamonica.com\/de\/\",\"name\":\"Rifugio De Marie\",\"description\":\"Rifugio in Valcamonica\",\"potentialAction\":[{\"@type\":\"SearchAction\",\"target\":{\"@type\":\"EntryPoint\",\"urlTemplate\":\"https:\/\/rifugiovalcamonica.com\/de\/?s={search_term_string}\"},\"query-input\":\"required name=search_term_string\"}],\"inLanguage\":\"it-IT\"},{\"@type\":\"WebPage\",\"@id\":\"https:\/\/rifugiovalcamonica.com\/de\/#webpage\",\"url\":\"https:\/\/rifugiovalcamonica.com\/de\/\",\"name\":\"Rifugio Valcamonica - Volano di Cimbergo - De Marie\",\"isPartOf\":{\"@id\":\"https:\/\/rifugiovalcamonica.com\/de\/#website\"},\"datePublished\":\"2016-07-27T17:47:22+00:00\",\"dateModified\":\"2022-05-01T15:20:05+00:00\",\"description\":\"A Volano di Cimbergo (Bs), proprio nel cuore del Parco Naturale dell\u2019Adamello vi accoglie il nostro rifugio in Valcamonica. Dedicato a chi desidera...\",\"breadcrumb\":{\"@id\":\"https:\/\/rifugiovalcamonica.com\/de\/#breadcrumb\"},\"inLanguage\":\"it-IT\",\"potentialAction\":[{\"@type\":\"ReadAction\",\"target\":[\"https:\/\/rifugiovalcamonica.com\/de\/\"]}]},{\"@type\":\"BreadcrumbList\",\"@id\":\"https:\/\/rifugiovalcamonica.com\/de\/#breadcrumb\",\"itemListElement\":[{\"@type\":\"ListItem\",\"position\":1,\"name\":\"Home\"}]}]}<\/script>\n<!-- \/ Yoast SEO plugin. -->","yoast_head_json":{"title":"Rifugio Valcamonica - Volano di Cimbergo - De Marie","description":"A Volano di Cimbergo (Bs), proprio nel cuore del Parco Naturale dell\u2019Adamello vi accoglie il nostro rifugio in Valcamonica. Dedicato a chi desidera...","robots":{"index":"index","follow":"follow","max-snippet":"max-snippet:-1","max-image-preview":"max-image-preview:large","max-video-preview":"max-video-preview:-1"},"canonical":"https:\/\/rifugiovalcamonica.com\/de\/","og_locale":"it_IT","og_type":"article","og_title":"Rifugio Valcamonica - Volano di Cimbergo - De Marie","og_description":"A Volano di Cimbergo (Bs), proprio nel cuore del Parco Naturale dell\u2019Adamello vi accoglie il nostro rifugio in Valcamonica. Dedicato a chi desidera...","og_url":"https:\/\/rifugiovalcamonica.com\/de\/","og_site_name":"Rifugio De Marie","article_modified_time":"2022-05-01T15:20:05+00:00","twitter_misc":{"Tempo di lettura stimato":"1 minuto"},"schema":{"@context":"https:\/\/schema.org","@graph":[{"@type":"WebSite","@id":"https:\/\/rifugiovalcamonica.com\/de\/#website","url":"https:\/\/rifugiovalcamonica.com\/de\/","name":"Rifugio De Marie","description":"Rifugio in Valcamonica","potentialAction":[{"@type":"SearchAction","target":{"@type":"EntryPoint","urlTemplate":"https:\/\/rifugiovalcamonica.com\/de\/?s={search_term_string}"},"query-input":"required name=search_term_string"}],"inLanguage":"it-IT"},{"@type":"WebPage","@id":"https:\/\/rifugiovalcamonica.com\/de\/#webpage","url":"https:\/\/rifugiovalcamonica.com\/de\/","name":"Rifugio Valcamonica - Volano di Cimbergo - De Marie","isPartOf":{"@id":"https:\/\/rifugiovalcamonica.com\/de\/#website"},"datePublished":"2016-07-27T17:47:22+00:00","dateModified":"2022-05-01T15:20:05+00:00","description":"A Volano di Cimbergo (Bs), proprio nel cuore del Parco Naturale dell\u2019Adamello vi accoglie il nostro rifugio in Valcamonica. Dedicato a chi desidera...","breadcrumb":{"@id":"https:\/\/rifugiovalcamonica.com\/de\/#breadcrumb"},"inLanguage":"it-IT","potentialAction":[{"@type":"ReadAction","target":["https:\/\/rifugiovalcamonica.com\/de\/"]}]},{"@type":"BreadcrumbList","@id":"https:\/\/rifugiovalcamonica.com\/de\/#breadcrumb","itemListElement":[{"@type":"ListItem","position":1,"name":"Home"}]}]}},"_links":{"self":[{"href":"https:\/\/rifugiovalcamonica.com\/de\/wp-json\/wp\/v2\/pages\/2672"}],"collection":[{"href":"https:\/\/rifugiovalcamonica.com\/de\/wp-json\/wp\/v2\/pages"}],"about":[{"href":"https:\/\/rifugiovalcamonica.com\/de\/wp-json\/wp\/v2\/types\/page"}],"author":[{"embeddable":true,"href":"https:\/\/rifugiovalcamonica.com\/de\/wp-json\/wp\/v2\/users\/12"}],"replies":[{"embeddable":true,"href":"https:\/\/rifugiovalcamonica.com\/de\/wp-json\/wp\/v2\/comments?post=2672"}],"version-history":[{"count":23,"href":"https:\/\/rifugiovalcamonica.com\/de\/wp-json\/wp\/v2\/pages\/2672\/revisions"}],"predecessor-version":[{"id":4401,"href":"https:\/\/rifugiovalcamonica.com\/de\/wp-json\/wp\/v2\/pages\/2672\/revisions\/4401"}],"wp:attachment":[{"href":"https:\/\/rifugiovalcamonica.com\/de\/wp-json\/wp\/v2\/media?parent=2672"}],"curies":[{"name":"wp","href":"https:\/\/api.w.org\/{rel}","templated":true}]}}