{"id":2868,"date":"2017-07-28T16:16:18","date_gmt":"2017-07-28T14:16:18","guid":{"rendered":"http:\/\/rifugiovalcamonica.com\/de\/?page_id=2868"},"modified":"2022-05-01T10:16:21","modified_gmt":"2022-05-01T08:16:21","slug":"unterkunft","status":"publish","type":"page","link":"https:\/\/rifugiovalcamonica.com\/de\/unterkunft\/","title":{"rendered":"Unterkunft"},"content":{"rendered":"<p>Saison 2022<\/p>\n<p>Wir sind zuversichtlich, dass wir in dieser Saison zur\u00fcckkehren werden, um \u00dcbernachtungen zu akzeptieren, da wir uns fast sicher sind, dass sich die Covid von einer Pandemie zu einer Endemie \u00e4ndert.<\/p>\n<p>Die H\u00fctte hat 5 Zimmer. Insgesamt 25 Betten. Die R\u00e4ume sind wie folgt aufgeteilt: einer mit 7 Pl\u00e4tzen, einer mit 6 Pl\u00e4tzen und drei R\u00e4ume mit jeweils 4 Pl\u00e4tzen. In den 4-Bett-Zimmern werden nie Personen aus verschiedenen Gruppen untergebracht, daher kommt es vor, dass es freie Betten gibt. Jedes Bett ist mit Laken ausgestattet, aber wer m\u00f6chte, kann seinen eigenen Schlafsack mitbringen. Im Schlafbereich gibt es ein einzelnes Badezimmer mit Dusche und Warmwasser. Diejenigen, die sich daf\u00fcr entscheiden, bei uns zu bleiben, m\u00fcssen die F\u00e4higkeit haben, zu teilen und sich anzupassen. Andererseits befinden wir uns in einer alpinen Schutzh\u00fctte. Es ist sinnvoll, Handt\u00fccher mitzubringen. Andererseits ist es sinnlos, einen Haartrockner mitzubringen, da der verf\u00fcgbare Strom nicht ausreicht, um ihn zum Laufen zu bringen. Haare trocknen in der Sonne oder vor dem Herd.<\/p>\n<p>Zur Reinigung verwenden wir Naturprodukte, frei von Allergenen, umweltfreundlich und schadstofffrei, tierversuchsfrei. Sie stehen zur Nutzung vor Ort in den B\u00e4dern zur Verf\u00fcgung.<\/p>\n<p>PREISE f\u00fcr eine Person f\u00fcr einen Tag:<\/p>\n<p>\u00dcbernachtung = 30,00 \u20ac<br \/>\n\u00dcbernachtung mit Fr\u00fchst\u00fcck = 38,00 \u20ac<br \/>\nHalbpension, d.h. Abendessen, \u00dcbernachtung und Fr\u00fchst\u00fcck = 55,00 \u20ac<br \/>\nVollpension, bestehend aus Mittagessen, Abendessen, \u00dcbernachtung und Fr\u00fchst\u00fcck oder Abendessen, \u00dcbernachtung, Fr\u00fchst\u00fcck und Mittagessen = 70,00 \u20ac<\/p>\n<p>Trinken ist ausgeschlossen. Lokales nat\u00fcrliches Wasser ist kostenlos.<\/p>\n<p>Obwohl wir Kinder lieben, gibt es keine Erm\u00e4\u00dfigungen auf einen Tag Halbpension.<\/p>\n<p>KINDER<\/p>\n<p>0 bis 2 Jahre = kostenlos<\/p>\n<p>ab 2 bis 3 Jahre = Vollpreis &#8211; 50%<\/p>\n<p>von 3 bis 6 Jahren = voller Preis &#8211; 30%<\/p>\n<p>von 6 bis 11 Jahren = voller Preis &#8211; 20%<\/p>\n","protected":false},"excerpt":{"rendered":"<p>Saison 2022 Wir sind zuversichtlich, dass wir in dieser Saison zur\u00fcckkehren werden, um \u00dcbernachtungen zu akzeptieren, da wir uns fast sicher sind, dass sich die Covid von einer Pandemie zu einer Endemie \u00e4ndert. Die H\u00fctte hat 5 Zimmer. Insgesamt 25 Betten. Die R\u00e4ume sind wie folgt aufgeteilt: einer mit 7 Pl\u00e4tzen, einer mit 6 Pl\u00e4tzen&#8230;<\/p>\n","protected":false},"author":15,"featured_media":0,"parent":0,"menu_order":0,"comment_status":"closed","ping_status":"closed","template":"","meta":[],"yoast_head":"<!-- This site is optimized with the Yoast SEO plugin v18.6 - https:\/\/yoast.com\/wordpress\/plugins\/seo\/ -->\n<title>Unterkunft - Rifugio De Marie<\/title>\n<meta name=\"robots\" content=\"index, follow, max-snippet:-1, max-image-preview:large, max-video-preview:-1\" \/>\n<link rel=\"canonical\" href=\"https:\/\/rifugiovalcamonica.com\/de\/unterkunft\/\" \/>\n<meta property=\"og:locale\" content=\"it_IT\" \/>\n<meta property=\"og:type\" content=\"article\" \/>\n<meta property=\"og:title\" content=\"Unterkunft - Rifugio De Marie\" \/>\n<meta property=\"og:description\" content=\"Saison 2022 Wir sind zuversichtlich, dass wir in dieser Saison zur\u00fcckkehren werden, um \u00dcbernachtungen zu akzeptieren, da wir uns fast sicher sind, dass sich die Covid von einer Pandemie zu einer Endemie \u00e4ndert. Die H\u00fctte hat 5 Zimmer. Insgesamt 25 Betten. Die R\u00e4ume sind wie folgt aufgeteilt: einer mit 7 Pl\u00e4tzen, einer mit 6 Pl\u00e4tzen...\" \/>\n<meta property=\"og:url\" content=\"https:\/\/rifugiovalcamonica.com\/de\/unterkunft\/\" \/>\n<meta property=\"og:site_name\" content=\"Rifugio De Marie\" \/>\n<meta property=\"article:modified_time\" content=\"2022-05-01T08:16:21+00:00\" \/>\n<meta name=\"twitter:label1\" content=\"Tempo di lettura stimato\" \/>\n\t<meta name=\"twitter:data1\" content=\"2 minuti\" \/>\n<script type=\"application\/ld+json\" class=\"yoast-schema-graph\">{\"@context\":\"https:\/\/schema.org\",\"@graph\":[{\"@type\":\"WebSite\",\"@id\":\"https:\/\/rifugiovalcamonica.com\/de\/#website\",\"url\":\"https:\/\/rifugiovalcamonica.com\/de\/\",\"name\":\"Rifugio De Marie\",\"description\":\"Rifugio in Valcamonica\",\"potentialAction\":[{\"@type\":\"SearchAction\",\"target\":{\"@type\":\"EntryPoint\",\"urlTemplate\":\"https:\/\/rifugiovalcamonica.com\/de\/?s={search_term_string}\"},\"query-input\":\"required name=search_term_string\"}],\"inLanguage\":\"it-IT\"},{\"@type\":\"WebPage\",\"@id\":\"https:\/\/rifugiovalcamonica.com\/de\/unterkunft\/#webpage\",\"url\":\"https:\/\/rifugiovalcamonica.com\/de\/unterkunft\/\",\"name\":\"Unterkunft - Rifugio De Marie\",\"isPartOf\":{\"@id\":\"https:\/\/rifugiovalcamonica.com\/de\/#website\"},\"datePublished\":\"2017-07-28T14:16:18+00:00\",\"dateModified\":\"2022-05-01T08:16:21+00:00\",\"breadcrumb\":{\"@id\":\"https:\/\/rifugiovalcamonica.com\/de\/unterkunft\/#breadcrumb\"},\"inLanguage\":\"it-IT\",\"potentialAction\":[{\"@type\":\"ReadAction\",\"target\":[\"https:\/\/rifugiovalcamonica.com\/de\/unterkunft\/\"]}]},{\"@type\":\"BreadcrumbList\",\"@id\":\"https:\/\/rifugiovalcamonica.com\/de\/unterkunft\/#breadcrumb\",\"itemListElement\":[{\"@type\":\"ListItem\",\"position\":1,\"name\":\"Unterkunft\"}]}]}<\/script>\n<!-- \/ Yoast SEO plugin. -->","yoast_head_json":{"title":"Unterkunft - Rifugio De Marie","robots":{"index":"index","follow":"follow","max-snippet":"max-snippet:-1","max-image-preview":"max-image-preview:large","max-video-preview":"max-video-preview:-1"},"canonical":"https:\/\/rifugiovalcamonica.com\/de\/unterkunft\/","og_locale":"it_IT","og_type":"article","og_title":"Unterkunft - Rifugio De Marie","og_description":"Saison 2022 Wir sind zuversichtlich, dass wir in dieser Saison zur\u00fcckkehren werden, um \u00dcbernachtungen zu akzeptieren, da wir uns fast sicher sind, dass sich die Covid von einer Pandemie zu einer Endemie \u00e4ndert. Die H\u00fctte hat 5 Zimmer. Insgesamt 25 Betten. Die R\u00e4ume sind wie folgt aufgeteilt: einer mit 7 Pl\u00e4tzen, einer mit 6 Pl\u00e4tzen...","og_url":"https:\/\/rifugiovalcamonica.com\/de\/unterkunft\/","og_site_name":"Rifugio De Marie","article_modified_time":"2022-05-01T08:16:21+00:00","twitter_misc":{"Tempo di lettura stimato":"2 minuti"},"schema":{"@context":"https:\/\/schema.org","@graph":[{"@type":"WebSite","@id":"https:\/\/rifugiovalcamonica.com\/de\/#website","url":"https:\/\/rifugiovalcamonica.com\/de\/","name":"Rifugio De Marie","description":"Rifugio in Valcamonica","potentialAction":[{"@type":"SearchAction","target":{"@type":"EntryPoint","urlTemplate":"https:\/\/rifugiovalcamonica.com\/de\/?s={search_term_string}"},"query-input":"required name=search_term_string"}],"inLanguage":"it-IT"},{"@type":"WebPage","@id":"https:\/\/rifugiovalcamonica.com\/de\/unterkunft\/#webpage","url":"https:\/\/rifugiovalcamonica.com\/de\/unterkunft\/","name":"Unterkunft - Rifugio De Marie","isPartOf":{"@id":"https:\/\/rifugiovalcamonica.com\/de\/#website"},"datePublished":"2017-07-28T14:16:18+00:00","dateModified":"2022-05-01T08:16:21+00:00","breadcrumb":{"@id":"https:\/\/rifugiovalcamonica.com\/de\/unterkunft\/#breadcrumb"},"inLanguage":"it-IT","potentialAction":[{"@type":"ReadAction","target":["https:\/\/rifugiovalcamonica.com\/de\/unterkunft\/"]}]},{"@type":"BreadcrumbList","@id":"https:\/\/rifugiovalcamonica.com\/de\/unterkunft\/#breadcrumb","itemListElement":[{"@type":"ListItem","position":1,"name":"Unterkunft"}]}]}},"_links":{"self":[{"href":"https:\/\/rifugiovalcamonica.com\/de\/wp-json\/wp\/v2\/pages\/2868"}],"collection":[{"href":"https:\/\/rifugiovalcamonica.com\/de\/wp-json\/wp\/v2\/pages"}],"about":[{"href":"https:\/\/rifugiovalcamonica.com\/de\/wp-json\/wp\/v2\/types\/page"}],"author":[{"embeddable":true,"href":"https:\/\/rifugiovalcamonica.com\/de\/wp-json\/wp\/v2\/users\/15"}],"replies":[{"embeddable":true,"href":"https:\/\/rifugiovalcamonica.com\/de\/wp-json\/wp\/v2\/comments?post=2868"}],"version-history":[{"count":11,"href":"https:\/\/rifugiovalcamonica.com\/de\/wp-json\/wp\/v2\/pages\/2868\/revisions"}],"predecessor-version":[{"id":4355,"href":"https:\/\/rifugiovalcamonica.com\/de\/wp-json\/wp\/v2\/pages\/2868\/revisions\/4355"}],"wp:attachment":[{"href":"https:\/\/rifugiovalcamonica.com\/de\/wp-json\/wp\/v2\/media?parent=2868"}],"curies":[{"name":"wp","href":"https:\/\/api.w.org\/{rel}","templated":true}]}}