{"id":376,"date":"2014-05-27T08:41:04","date_gmt":"2014-05-27T06:41:04","guid":{"rendered":"http:\/\/rifugiovalcamonica.com\/de\/?page_id=376"},"modified":"2022-05-01T11:05:39","modified_gmt":"2022-05-01T09:05:39","slug":"cimbergo","status":"publish","type":"page","link":"https:\/\/rifugiovalcamonica.com\/de\/cimbergo\/","title":{"rendered":"Cimbergo"},"content":{"rendered":"<p><img loading=\"lazy\" class=\"size-medium wp-image-4274 alignleft\" src=\"https:\/\/rifugiovalcamonica.com\/de\/wp-content\/uploads\/2022\/02\/IMG_20220115_152051506_HDR_opt-300x225.jpg\" alt=\"\" width=\"300\" height=\"225\" srcset=\"https:\/\/rifugiovalcamonica.com\/de\/wp-content\/uploads\/2022\/02\/IMG_20220115_152051506_HDR_opt-300x225.jpg 300w, https:\/\/rifugiovalcamonica.com\/de\/wp-content\/uploads\/2022\/02\/IMG_20220115_152051506_HDR_opt.jpg 350w\" sizes=\"(max-width: 300px) 100vw, 300px\" \/>Cimbergo, eine kleine Stadt im mittleren Camonica-Tal, liegt auf 850 Metern \u00fcber dem Meeresspiegel. Da alles bergauf geht, erreicht der H\u00f6henunterschied etwa 1000 Meter wie bei bewohnten H\u00e4usern. Ringsum renovierte H\u00fctten erinnern daran, dass sich fr\u00fcher fast die gesamte Wirtschaft des Ortes auf Feldarbeit und Viehzucht konzentrierte.<br \/>\nF\u00fcr diejenigen, die am Anfang der Stadt ankommen und unten anhalten, bietet sich ein interessantes Naturschauspiel: Wenn Sie gleich hinter dem Dorf nach Osten blicken, k\u00f6nnen Sie die T\u00fcrme der Tredenus-Kette bewundern, die zum Schutz des Dorfes errichtet wurden. Wenn wir den Blick nach S\u00fcden richten, ist hier der faszinierende Gipfel des Pizzo Badile Camuno. Auf der gegen\u00fcberliegenden Seite, in Richtung Paspardo, zeigen die Ruinen einer mittelalterlichen Festung, wie klug die Entscheidung war, wo Burgen gebaut wurden: drei Seiten gesch\u00fctzt durch die Natur und nur eine, die milit\u00e4risch verteidigt werden sollte. Um 180 Grad in sich selbst gedreht, befindet sich hier das Concarena-Massiv, das in den heiteren Wintern\u00e4chten, wei\u00df von einer Schneedecke, das Auge verzaubert. Wenn man auf der Provinzstra\u00dfe weiterf\u00e4hrt, kurz oberhalb der Stadt, und den Blick nach S\u00fcdwesten richtet, kann man das mittlere Tal und den gesamten Iseosee sehen. Es gibt zahlreiche Wanderungen, die zu allen Jahreszeiten gew\u00e4hlt werden k\u00f6nnen: &#8220;Santa Lucia&#8221;, &#8220;il Mulino&#8221;, &#8220;Die kleine Kirche der Toten von Boa&#8221;, der &#8220;Volano&#8221;, &#8220;Der kleine Wasserfall in Vignola&#8221;, &#8221; Le Campanine\u201c mit Felsgravuren und vielen anderen\u2026. Die Stadt ist ein ausgezeichneter Ausgangspunkt, um das Camonica-Tal zu besuchen oder die Skipisten wie Tonale, Ponte di Legno, Borno zu erreichen.<br \/>\nReserviert f\u00fcr diejenigen, die Natur und Einfachheit zu sch\u00e4tzen wissen.<\/p>\n","protected":false},"excerpt":{"rendered":"<p>Cimbergo, eine kleine Stadt im mittleren Camonica-Tal, liegt auf 850 Metern \u00fcber dem Meeresspiegel. Da alles bergauf geht, erreicht der H\u00f6henunterschied etwa 1000 Meter wie bei bewohnten H\u00e4usern. Ringsum renovierte H\u00fctten erinnern daran, dass sich fr\u00fcher fast die gesamte Wirtschaft des Ortes auf Feldarbeit und Viehzucht konzentrierte. F\u00fcr diejenigen, die am Anfang der Stadt ankommen&#8230;<\/p>\n","protected":false},"author":12,"featured_media":3128,"parent":0,"menu_order":0,"comment_status":"closed","ping_status":"closed","template":"","meta":[],"yoast_head":"<!-- This site is optimized with the Yoast SEO plugin v18.6 - https:\/\/yoast.com\/wordpress\/plugins\/seo\/ -->\n<title>Cimbergo - Rifugio De Marie<\/title>\n<meta name=\"robots\" content=\"index, follow, max-snippet:-1, max-image-preview:large, max-video-preview:-1\" \/>\n<link rel=\"canonical\" href=\"https:\/\/rifugiovalcamonica.com\/de\/cimbergo\/\" \/>\n<meta property=\"og:locale\" content=\"it_IT\" \/>\n<meta property=\"og:type\" content=\"article\" \/>\n<meta property=\"og:title\" content=\"Cimbergo - Rifugio De Marie\" \/>\n<meta property=\"og:description\" content=\"Cimbergo, eine kleine Stadt im mittleren Camonica-Tal, liegt auf 850 Metern \u00fcber dem Meeresspiegel. Da alles bergauf geht, erreicht der H\u00f6henunterschied etwa 1000 Meter wie bei bewohnten H\u00e4usern. Ringsum renovierte H\u00fctten erinnern daran, dass sich fr\u00fcher fast die gesamte Wirtschaft des Ortes auf Feldarbeit und Viehzucht konzentrierte. F\u00fcr diejenigen, die am Anfang der Stadt ankommen...\" \/>\n<meta property=\"og:url\" content=\"https:\/\/rifugiovalcamonica.com\/de\/cimbergo\/\" \/>\n<meta property=\"og:site_name\" content=\"Rifugio De Marie\" \/>\n<meta property=\"article:modified_time\" content=\"2022-05-01T09:05:39+00:00\" \/>\n<meta property=\"og:image\" content=\"https:\/\/rifugiovalcamonica.com\/de\/wp-content\/uploads\/2019\/01\/IMG_20190106_081157_opt.jpg\" \/>\n\t<meta property=\"og:image:width\" content=\"350\" \/>\n\t<meta property=\"og:image:height\" content=\"350\" \/>\n\t<meta property=\"og:image:type\" content=\"image\/jpeg\" \/>\n<meta name=\"twitter:label1\" content=\"Tempo di lettura stimato\" \/>\n\t<meta name=\"twitter:data1\" content=\"2 minuti\" \/>\n<script type=\"application\/ld+json\" class=\"yoast-schema-graph\">{\"@context\":\"https:\/\/schema.org\",\"@graph\":[{\"@type\":\"WebSite\",\"@id\":\"https:\/\/rifugiovalcamonica.com\/de\/#website\",\"url\":\"https:\/\/rifugiovalcamonica.com\/de\/\",\"name\":\"Rifugio De Marie\",\"description\":\"Rifugio in Valcamonica\",\"potentialAction\":[{\"@type\":\"SearchAction\",\"target\":{\"@type\":\"EntryPoint\",\"urlTemplate\":\"https:\/\/rifugiovalcamonica.com\/de\/?s={search_term_string}\"},\"query-input\":\"required name=search_term_string\"}],\"inLanguage\":\"it-IT\"},{\"@type\":\"ImageObject\",\"@id\":\"https:\/\/rifugiovalcamonica.com\/de\/cimbergo\/#primaryimage\",\"inLanguage\":\"it-IT\",\"url\":\"https:\/\/rifugiovalcamonica.com\/de\/wp-content\/uploads\/2019\/01\/IMG_20190106_081157_opt.jpg\",\"contentUrl\":\"https:\/\/rifugiovalcamonica.com\/de\/wp-content\/uploads\/2019\/01\/IMG_20190106_081157_opt.jpg\",\"width\":350,\"height\":350},{\"@type\":\"WebPage\",\"@id\":\"https:\/\/rifugiovalcamonica.com\/de\/cimbergo\/#webpage\",\"url\":\"https:\/\/rifugiovalcamonica.com\/de\/cimbergo\/\",\"name\":\"Cimbergo - Rifugio De Marie\",\"isPartOf\":{\"@id\":\"https:\/\/rifugiovalcamonica.com\/de\/#website\"},\"primaryImageOfPage\":{\"@id\":\"https:\/\/rifugiovalcamonica.com\/de\/cimbergo\/#primaryimage\"},\"datePublished\":\"2014-05-27T06:41:04+00:00\",\"dateModified\":\"2022-05-01T09:05:39+00:00\",\"breadcrumb\":{\"@id\":\"https:\/\/rifugiovalcamonica.com\/de\/cimbergo\/#breadcrumb\"},\"inLanguage\":\"it-IT\",\"potentialAction\":[{\"@type\":\"ReadAction\",\"target\":[\"https:\/\/rifugiovalcamonica.com\/de\/cimbergo\/\"]}]},{\"@type\":\"BreadcrumbList\",\"@id\":\"https:\/\/rifugiovalcamonica.com\/de\/cimbergo\/#breadcrumb\",\"itemListElement\":[{\"@type\":\"ListItem\",\"position\":1,\"name\":\"Cimbergo\"}]}]}<\/script>\n<!-- \/ Yoast SEO plugin. -->","yoast_head_json":{"title":"Cimbergo - Rifugio De Marie","robots":{"index":"index","follow":"follow","max-snippet":"max-snippet:-1","max-image-preview":"max-image-preview:large","max-video-preview":"max-video-preview:-1"},"canonical":"https:\/\/rifugiovalcamonica.com\/de\/cimbergo\/","og_locale":"it_IT","og_type":"article","og_title":"Cimbergo - Rifugio De Marie","og_description":"Cimbergo, eine kleine Stadt im mittleren Camonica-Tal, liegt auf 850 Metern \u00fcber dem Meeresspiegel. Da alles bergauf geht, erreicht der H\u00f6henunterschied etwa 1000 Meter wie bei bewohnten H\u00e4usern. Ringsum renovierte H\u00fctten erinnern daran, dass sich fr\u00fcher fast die gesamte Wirtschaft des Ortes auf Feldarbeit und Viehzucht konzentrierte. F\u00fcr diejenigen, die am Anfang der Stadt ankommen...","og_url":"https:\/\/rifugiovalcamonica.com\/de\/cimbergo\/","og_site_name":"Rifugio De Marie","article_modified_time":"2022-05-01T09:05:39+00:00","og_image":[{"width":350,"height":350,"url":"https:\/\/rifugiovalcamonica.com\/de\/wp-content\/uploads\/2019\/01\/IMG_20190106_081157_opt.jpg","type":"image\/jpeg"}],"twitter_misc":{"Tempo di lettura stimato":"2 minuti"},"schema":{"@context":"https:\/\/schema.org","@graph":[{"@type":"WebSite","@id":"https:\/\/rifugiovalcamonica.com\/de\/#website","url":"https:\/\/rifugiovalcamonica.com\/de\/","name":"Rifugio De Marie","description":"Rifugio in Valcamonica","potentialAction":[{"@type":"SearchAction","target":{"@type":"EntryPoint","urlTemplate":"https:\/\/rifugiovalcamonica.com\/de\/?s={search_term_string}"},"query-input":"required name=search_term_string"}],"inLanguage":"it-IT"},{"@type":"ImageObject","@id":"https:\/\/rifugiovalcamonica.com\/de\/cimbergo\/#primaryimage","inLanguage":"it-IT","url":"https:\/\/rifugiovalcamonica.com\/de\/wp-content\/uploads\/2019\/01\/IMG_20190106_081157_opt.jpg","contentUrl":"https:\/\/rifugiovalcamonica.com\/de\/wp-content\/uploads\/2019\/01\/IMG_20190106_081157_opt.jpg","width":350,"height":350},{"@type":"WebPage","@id":"https:\/\/rifugiovalcamonica.com\/de\/cimbergo\/#webpage","url":"https:\/\/rifugiovalcamonica.com\/de\/cimbergo\/","name":"Cimbergo - Rifugio De Marie","isPartOf":{"@id":"https:\/\/rifugiovalcamonica.com\/de\/#website"},"primaryImageOfPage":{"@id":"https:\/\/rifugiovalcamonica.com\/de\/cimbergo\/#primaryimage"},"datePublished":"2014-05-27T06:41:04+00:00","dateModified":"2022-05-01T09:05:39+00:00","breadcrumb":{"@id":"https:\/\/rifugiovalcamonica.com\/de\/cimbergo\/#breadcrumb"},"inLanguage":"it-IT","potentialAction":[{"@type":"ReadAction","target":["https:\/\/rifugiovalcamonica.com\/de\/cimbergo\/"]}]},{"@type":"BreadcrumbList","@id":"https:\/\/rifugiovalcamonica.com\/de\/cimbergo\/#breadcrumb","itemListElement":[{"@type":"ListItem","position":1,"name":"Cimbergo"}]}]}},"_links":{"self":[{"href":"https:\/\/rifugiovalcamonica.com\/de\/wp-json\/wp\/v2\/pages\/376"}],"collection":[{"href":"https:\/\/rifugiovalcamonica.com\/de\/wp-json\/wp\/v2\/pages"}],"about":[{"href":"https:\/\/rifugiovalcamonica.com\/de\/wp-json\/wp\/v2\/types\/page"}],"author":[{"embeddable":true,"href":"https:\/\/rifugiovalcamonica.com\/de\/wp-json\/wp\/v2\/users\/12"}],"replies":[{"embeddable":true,"href":"https:\/\/rifugiovalcamonica.com\/de\/wp-json\/wp\/v2\/comments?post=376"}],"version-history":[{"count":13,"href":"https:\/\/rifugiovalcamonica.com\/de\/wp-json\/wp\/v2\/pages\/376\/revisions"}],"predecessor-version":[{"id":4372,"href":"https:\/\/rifugiovalcamonica.com\/de\/wp-json\/wp\/v2\/pages\/376\/revisions\/4372"}],"wp:featuredmedia":[{"embeddable":true,"href":"https:\/\/rifugiovalcamonica.com\/de\/wp-json\/wp\/v2\/media\/3128"}],"wp:attachment":[{"href":"https:\/\/rifugiovalcamonica.com\/de\/wp-json\/wp\/v2\/media?parent=376"}],"curies":[{"name":"wp","href":"https:\/\/api.w.org\/{rel}","templated":true}]}}