{"id":3779,"date":"2021-03-05T17:31:06","date_gmt":"2021-03-05T16:31:06","guid":{"rendered":"https:\/\/rifugiovalcamonica.com\/de\/?page_id=3779"},"modified":"2022-05-01T11:08:12","modified_gmt":"2022-05-01T09:08:12","slug":"die-mittelalterliche-burg","status":"publish","type":"page","link":"https:\/\/rifugiovalcamonica.com\/de\/die-mittelalterliche-burg\/","title":{"rendered":"Die mittelalterliche Burg"},"content":{"rendered":"<p><img loading=\"lazy\" class=\"size-medium wp-image-4274 alignleft\" src=\"https:\/\/rifugiovalcamonica.com\/de\/wp-content\/uploads\/2022\/02\/IMG_20220115_152051506_HDR_opt-300x225.jpg\" alt=\"\" width=\"300\" height=\"225\" srcset=\"https:\/\/rifugiovalcamonica.com\/de\/wp-content\/uploads\/2022\/02\/IMG_20220115_152051506_HDR_opt-300x225.jpg 300w, https:\/\/rifugiovalcamonica.com\/de\/wp-content\/uploads\/2022\/02\/IMG_20220115_152051506_HDR_opt.jpg 350w\" sizes=\"(max-width: 300px) 100vw, 300px\" \/>Wenn Sie die Ebene erreichen, wo die ersten H\u00e4user der Stadt namens Sottocastello beginnen, blicken Sie nach links hinauf. Vor Ihnen k\u00f6nnen Sie die Ruinen der Burg Cimbergo bewundern. Die in den Jahren 2008\/2009 durchgef\u00fchrten arch\u00e4ologischen Ausgrabungen verfolgen die erste Bauphase des Werkes bis zum Ende des 11.-12. Jahrhunderts. Im 19. Jahrhundert wurde die Festung zerst\u00f6rt, indem ein Gro\u00dfteil des Baumaterials f\u00fcr die H\u00e4user und insbesondere f\u00fcr den Bau des Glockenturms neben der Pfarrkirche SS. Maria Assunta entfernt wurde. Von der historischen Burg sind heute noch Reste zu sehen. Die Festung gibt eine gute Vorstellung davon, welcher Ort f\u00fcr den Bau einer Burg geeignet ist: von drei Seiten gut verteidigt und nur von einer eroberbar. Unsere konnten nur von der nach S\u00fcdwesten ausgerichteten Seite angegriffen werden, genau wie von der Ebene von Sottocastello aus gesehen. Dar\u00fcber hinaus nimmt die Festung eine strategische Position mit Blick auf den Iseosee ein und kontrolliert die Valcamonica-Stra\u00dfe hinter dem Dorf Cedegolo. Das Schloss hat mir immer eine Vorstellung von Einsamkeit vermittelt: anders als alle anderen Geb\u00e4ude, stark, massiv, still, dominant und &#8230; melancholisch, traurig, allein. Wahrscheinlich ist mein Denken von der Vision beeinflusst, die ich vom Mittelalter als einer kalten, traurigen, dunklen Zeit habe. Sicherlich irre ich mich, aber Sie wissen, dass Vorurteile schwer zu verlassen sind. Ich gehe gerne \u00fcber seine Mauern hinaus, setze mich direkt vor den Eingangsbogen und nehme mir ein wenig Zeit, um die Umgebung zu beobachten und dieser Stille zu lauschen, die der Meditation hilft und Ruhe bringt. Nehmen Sie sich etwas Zeit und gehen Sie zum Schloss. Wer wei\u00df, ob auch Sie die gleichen Empfindungen wie ich erleben werden.<br \/>\nF\u00fcr detaillierte historische Informationen zum Schloss von Cimbergo verweise ich auf die pers\u00f6nliche Suche im Internet.<\/p>\n","protected":false},"excerpt":{"rendered":"<p>Wenn Sie die Ebene erreichen, wo die ersten H\u00e4user der Stadt namens Sottocastello beginnen, blicken Sie nach links hinauf. Vor Ihnen k\u00f6nnen Sie die Ruinen der Burg Cimbergo bewundern. Die in den Jahren 2008\/2009 durchgef\u00fchrten arch\u00e4ologischen Ausgrabungen verfolgen die erste Bauphase des Werkes bis zum Ende des 11.-12. Jahrhunderts. Im 19. Jahrhundert wurde die Festung&#8230;<\/p>\n","protected":false},"author":15,"featured_media":0,"parent":0,"menu_order":0,"comment_status":"closed","ping_status":"closed","template":"","meta":[],"yoast_head":"<!-- This site is optimized with the Yoast SEO plugin v18.6 - https:\/\/yoast.com\/wordpress\/plugins\/seo\/ -->\n<title>Die mittelalterliche Burg - Rifugio De Marie<\/title>\n<meta name=\"robots\" content=\"index, follow, max-snippet:-1, max-image-preview:large, max-video-preview:-1\" \/>\n<link rel=\"canonical\" href=\"https:\/\/rifugiovalcamonica.com\/de\/die-mittelalterliche-burg\/\" \/>\n<meta property=\"og:locale\" content=\"it_IT\" \/>\n<meta property=\"og:type\" content=\"article\" \/>\n<meta property=\"og:title\" content=\"Die mittelalterliche Burg - Rifugio De Marie\" \/>\n<meta property=\"og:description\" content=\"Wenn Sie die Ebene erreichen, wo die ersten H\u00e4user der Stadt namens Sottocastello beginnen, blicken Sie nach links hinauf. Vor Ihnen k\u00f6nnen Sie die Ruinen der Burg Cimbergo bewundern. Die in den Jahren 2008\/2009 durchgef\u00fchrten arch\u00e4ologischen Ausgrabungen verfolgen die erste Bauphase des Werkes bis zum Ende des 11.-12. Jahrhunderts. Im 19. Jahrhundert wurde die Festung...\" \/>\n<meta property=\"og:url\" content=\"https:\/\/rifugiovalcamonica.com\/de\/die-mittelalterliche-burg\/\" \/>\n<meta property=\"og:site_name\" content=\"Rifugio De Marie\" \/>\n<meta property=\"article:modified_time\" content=\"2022-05-01T09:08:12+00:00\" \/>\n<meta property=\"og:image\" content=\"http:\/\/rifugiovalcamonica.com\/de\/wp-content\/uploads\/2022\/02\/IMG_20220115_152051506_HDR_opt-300x225.jpg\" \/>\n<meta name=\"twitter:label1\" content=\"Tempo di lettura stimato\" \/>\n\t<meta name=\"twitter:data1\" content=\"2 minuti\" \/>\n<script type=\"application\/ld+json\" class=\"yoast-schema-graph\">{\"@context\":\"https:\/\/schema.org\",\"@graph\":[{\"@type\":\"WebSite\",\"@id\":\"https:\/\/rifugiovalcamonica.com\/de\/#website\",\"url\":\"https:\/\/rifugiovalcamonica.com\/de\/\",\"name\":\"Rifugio De Marie\",\"description\":\"Rifugio in Valcamonica\",\"potentialAction\":[{\"@type\":\"SearchAction\",\"target\":{\"@type\":\"EntryPoint\",\"urlTemplate\":\"https:\/\/rifugiovalcamonica.com\/de\/?s={search_term_string}\"},\"query-input\":\"required name=search_term_string\"}],\"inLanguage\":\"it-IT\"},{\"@type\":\"ImageObject\",\"@id\":\"https:\/\/rifugiovalcamonica.com\/de\/die-mittelalterliche-burg\/#primaryimage\",\"inLanguage\":\"it-IT\",\"url\":\"http:\/\/rifugiovalcamonica.com\/de\/wp-content\/uploads\/2022\/02\/IMG_20220115_152051506_HDR_opt-300x225.jpg\",\"contentUrl\":\"http:\/\/rifugiovalcamonica.com\/de\/wp-content\/uploads\/2022\/02\/IMG_20220115_152051506_HDR_opt-300x225.jpg\"},{\"@type\":\"WebPage\",\"@id\":\"https:\/\/rifugiovalcamonica.com\/de\/die-mittelalterliche-burg\/#webpage\",\"url\":\"https:\/\/rifugiovalcamonica.com\/de\/die-mittelalterliche-burg\/\",\"name\":\"Die mittelalterliche Burg - Rifugio De Marie\",\"isPartOf\":{\"@id\":\"https:\/\/rifugiovalcamonica.com\/de\/#website\"},\"primaryImageOfPage\":{\"@id\":\"https:\/\/rifugiovalcamonica.com\/de\/die-mittelalterliche-burg\/#primaryimage\"},\"datePublished\":\"2021-03-05T16:31:06+00:00\",\"dateModified\":\"2022-05-01T09:08:12+00:00\",\"breadcrumb\":{\"@id\":\"https:\/\/rifugiovalcamonica.com\/de\/die-mittelalterliche-burg\/#breadcrumb\"},\"inLanguage\":\"it-IT\",\"potentialAction\":[{\"@type\":\"ReadAction\",\"target\":[\"https:\/\/rifugiovalcamonica.com\/de\/die-mittelalterliche-burg\/\"]}]},{\"@type\":\"BreadcrumbList\",\"@id\":\"https:\/\/rifugiovalcamonica.com\/de\/die-mittelalterliche-burg\/#breadcrumb\",\"itemListElement\":[{\"@type\":\"ListItem\",\"position\":1,\"name\":\"Die mittelalterliche Burg\"}]}]}<\/script>\n<!-- \/ Yoast SEO plugin. -->","yoast_head_json":{"title":"Die mittelalterliche Burg - Rifugio De Marie","robots":{"index":"index","follow":"follow","max-snippet":"max-snippet:-1","max-image-preview":"max-image-preview:large","max-video-preview":"max-video-preview:-1"},"canonical":"https:\/\/rifugiovalcamonica.com\/de\/die-mittelalterliche-burg\/","og_locale":"it_IT","og_type":"article","og_title":"Die mittelalterliche Burg - Rifugio De Marie","og_description":"Wenn Sie die Ebene erreichen, wo die ersten H\u00e4user der Stadt namens Sottocastello beginnen, blicken Sie nach links hinauf. Vor Ihnen k\u00f6nnen Sie die Ruinen der Burg Cimbergo bewundern. Die in den Jahren 2008\/2009 durchgef\u00fchrten arch\u00e4ologischen Ausgrabungen verfolgen die erste Bauphase des Werkes bis zum Ende des 11.-12. Jahrhunderts. Im 19. Jahrhundert wurde die Festung...","og_url":"https:\/\/rifugiovalcamonica.com\/de\/die-mittelalterliche-burg\/","og_site_name":"Rifugio De Marie","article_modified_time":"2022-05-01T09:08:12+00:00","og_image":[{"url":"http:\/\/rifugiovalcamonica.com\/de\/wp-content\/uploads\/2022\/02\/IMG_20220115_152051506_HDR_opt-300x225.jpg"}],"twitter_misc":{"Tempo di lettura stimato":"2 minuti"},"schema":{"@context":"https:\/\/schema.org","@graph":[{"@type":"WebSite","@id":"https:\/\/rifugiovalcamonica.com\/de\/#website","url":"https:\/\/rifugiovalcamonica.com\/de\/","name":"Rifugio De Marie","description":"Rifugio in Valcamonica","potentialAction":[{"@type":"SearchAction","target":{"@type":"EntryPoint","urlTemplate":"https:\/\/rifugiovalcamonica.com\/de\/?s={search_term_string}"},"query-input":"required name=search_term_string"}],"inLanguage":"it-IT"},{"@type":"ImageObject","@id":"https:\/\/rifugiovalcamonica.com\/de\/die-mittelalterliche-burg\/#primaryimage","inLanguage":"it-IT","url":"http:\/\/rifugiovalcamonica.com\/de\/wp-content\/uploads\/2022\/02\/IMG_20220115_152051506_HDR_opt-300x225.jpg","contentUrl":"http:\/\/rifugiovalcamonica.com\/de\/wp-content\/uploads\/2022\/02\/IMG_20220115_152051506_HDR_opt-300x225.jpg"},{"@type":"WebPage","@id":"https:\/\/rifugiovalcamonica.com\/de\/die-mittelalterliche-burg\/#webpage","url":"https:\/\/rifugiovalcamonica.com\/de\/die-mittelalterliche-burg\/","name":"Die mittelalterliche Burg - Rifugio De Marie","isPartOf":{"@id":"https:\/\/rifugiovalcamonica.com\/de\/#website"},"primaryImageOfPage":{"@id":"https:\/\/rifugiovalcamonica.com\/de\/die-mittelalterliche-burg\/#primaryimage"},"datePublished":"2021-03-05T16:31:06+00:00","dateModified":"2022-05-01T09:08:12+00:00","breadcrumb":{"@id":"https:\/\/rifugiovalcamonica.com\/de\/die-mittelalterliche-burg\/#breadcrumb"},"inLanguage":"it-IT","potentialAction":[{"@type":"ReadAction","target":["https:\/\/rifugiovalcamonica.com\/de\/die-mittelalterliche-burg\/"]}]},{"@type":"BreadcrumbList","@id":"https:\/\/rifugiovalcamonica.com\/de\/die-mittelalterliche-burg\/#breadcrumb","itemListElement":[{"@type":"ListItem","position":1,"name":"Die mittelalterliche Burg"}]}]}},"_links":{"self":[{"href":"https:\/\/rifugiovalcamonica.com\/de\/wp-json\/wp\/v2\/pages\/3779"}],"collection":[{"href":"https:\/\/rifugiovalcamonica.com\/de\/wp-json\/wp\/v2\/pages"}],"about":[{"href":"https:\/\/rifugiovalcamonica.com\/de\/wp-json\/wp\/v2\/types\/page"}],"author":[{"embeddable":true,"href":"https:\/\/rifugiovalcamonica.com\/de\/wp-json\/wp\/v2\/users\/15"}],"replies":[{"embeddable":true,"href":"https:\/\/rifugiovalcamonica.com\/de\/wp-json\/wp\/v2\/comments?post=3779"}],"version-history":[{"count":5,"href":"https:\/\/rifugiovalcamonica.com\/de\/wp-json\/wp\/v2\/pages\/3779\/revisions"}],"predecessor-version":[{"id":4374,"href":"https:\/\/rifugiovalcamonica.com\/de\/wp-json\/wp\/v2\/pages\/3779\/revisions\/4374"}],"wp:attachment":[{"href":"https:\/\/rifugiovalcamonica.com\/de\/wp-json\/wp\/v2\/media?parent=3779"}],"curies":[{"name":"wp","href":"https:\/\/api.w.org\/{rel}","templated":true}]}}