{"id":3783,"date":"2021-03-05T17:49:42","date_gmt":"2021-03-05T16:49:42","guid":{"rendered":"https:\/\/rifugiovalcamonica.com\/de\/?page_id=3783"},"modified":"2022-05-01T11:14:40","modified_gmt":"2022-05-01T09:14:40","slug":"le-campanine-oder-freihimmel-felsgravuren","status":"publish","type":"page","link":"https:\/\/rifugiovalcamonica.com\/de\/le-campanine-oder-freihimmel-felsgravuren\/","title":{"rendered":"Le Campanine oder Freihimmel-Felsgravuren"},"content":{"rendered":"<p><a ref=\"magnificPopup\" href=\"https:\/\/rifugiovalcamonica.com\/de\/wp-content\/uploads\/2022\/02\/IMG_20210402_132839631_HDR_opt.jpg\"><img loading=\"lazy\" class=\"size-medium wp-image-4263 alignleft\" src=\"https:\/\/rifugiovalcamonica.com\/de\/wp-content\/uploads\/2022\/02\/IMG_20210402_132839631_HDR_opt-225x300.jpg\" alt=\"\" width=\"225\" height=\"300\" srcset=\"https:\/\/rifugiovalcamonica.com\/de\/wp-content\/uploads\/2022\/02\/IMG_20210402_132839631_HDR_opt-225x300.jpg 225w, https:\/\/rifugiovalcamonica.com\/de\/wp-content\/uploads\/2022\/02\/IMG_20210402_132839631_HDR_opt.jpg 263w\" sizes=\"(max-width: 225px) 100vw, 225px\" \/><\/a><\/p>\n<p>F\u00fcr Reisende der Geschichte unter freiem Himmel empfehle ich einen Besuch der Campanine, wo der Eintritt frei ist und zahlreiche Gravuren und Graffiti von der Ausdruckskraft der alten Camuni zeugen.<\/p>\n<p>Route: Am Ortseingang von Cimbergo gibt es rechts einen Parkplatz, wo Sie Ihr Auto parken k\u00f6nnen. Auf der anderen Stra\u00dfenseite befindet sich der Eingang zum Pfad, um in weniger als 15 Minuten zur Felsmalerei-St\u00e4tte \u201eCampanine\u201c hinabzusteigen, wo es Felsen mit unz\u00e4hligen Graffiti und Gravuren der alten Camuni gibt. Der Zugang ist kostenlos. Wenn Sie den Weg weitergehen, k\u00f6nnen Sie Nadro di Ceto oder Capodiponte erreichen und direkt in den Naquane-Nationalpark m\u00fcnden.<\/p>\n<p>Unterhalb der Stadt, in der Umgebung von Campanine, verbergen sich noch unz\u00e4hlige historische Felsen, gesch\u00fctzt durch Moose und Flechten. Und deshalb m\u00fcssen sie so lange bleiben, wie sie entlassen und behandelt werden k\u00f6nnen, um sie zu sch\u00fctzen.<\/p>\n","protected":false},"excerpt":{"rendered":"<p>F\u00fcr Reisende der Geschichte unter freiem Himmel empfehle ich einen Besuch der Campanine, wo der Eintritt frei ist und zahlreiche Gravuren und Graffiti von der Ausdruckskraft der alten Camuni zeugen. Route: Am Ortseingang von Cimbergo gibt es rechts einen Parkplatz, wo Sie Ihr Auto parken k\u00f6nnen. Auf der anderen Stra\u00dfenseite befindet sich der Eingang zum&#8230;<\/p>\n","protected":false},"author":15,"featured_media":0,"parent":0,"menu_order":0,"comment_status":"closed","ping_status":"closed","template":"","meta":[],"yoast_head":"<!-- This site is optimized with the Yoast SEO plugin v18.6 - https:\/\/yoast.com\/wordpress\/plugins\/seo\/ -->\n<title>Le Campanine oder Freihimmel-Felsgravuren - Rifugio De Marie<\/title>\n<meta name=\"robots\" content=\"index, follow, max-snippet:-1, max-image-preview:large, max-video-preview:-1\" \/>\n<link rel=\"canonical\" href=\"https:\/\/rifugiovalcamonica.com\/de\/le-campanine-oder-freihimmel-felsgravuren\/\" \/>\n<meta property=\"og:locale\" content=\"it_IT\" \/>\n<meta property=\"og:type\" content=\"article\" \/>\n<meta property=\"og:title\" content=\"Le Campanine oder Freihimmel-Felsgravuren - Rifugio De Marie\" \/>\n<meta property=\"og:description\" content=\"F\u00fcr Reisende der Geschichte unter freiem Himmel empfehle ich einen Besuch der Campanine, wo der Eintritt frei ist und zahlreiche Gravuren und Graffiti von der Ausdruckskraft der alten Camuni zeugen. Route: Am Ortseingang von Cimbergo gibt es rechts einen Parkplatz, wo Sie Ihr Auto parken k\u00f6nnen. Auf der anderen Stra\u00dfenseite befindet sich der Eingang zum...\" \/>\n<meta property=\"og:url\" content=\"https:\/\/rifugiovalcamonica.com\/de\/le-campanine-oder-freihimmel-felsgravuren\/\" \/>\n<meta property=\"og:site_name\" content=\"Rifugio De Marie\" \/>\n<meta property=\"article:modified_time\" content=\"2022-05-01T09:14:40+00:00\" \/>\n<meta property=\"og:image\" content=\"http:\/\/rifugiovalcamonica.com\/de\/wp-content\/uploads\/2022\/02\/IMG_20210402_132839631_HDR_opt-225x300.jpg\" \/>\n<meta name=\"twitter:label1\" content=\"Tempo di lettura stimato\" \/>\n\t<meta name=\"twitter:data1\" content=\"1 minuto\" \/>\n<script type=\"application\/ld+json\" class=\"yoast-schema-graph\">{\"@context\":\"https:\/\/schema.org\",\"@graph\":[{\"@type\":\"WebSite\",\"@id\":\"https:\/\/rifugiovalcamonica.com\/de\/#website\",\"url\":\"https:\/\/rifugiovalcamonica.com\/de\/\",\"name\":\"Rifugio De Marie\",\"description\":\"Rifugio in Valcamonica\",\"potentialAction\":[{\"@type\":\"SearchAction\",\"target\":{\"@type\":\"EntryPoint\",\"urlTemplate\":\"https:\/\/rifugiovalcamonica.com\/de\/?s={search_term_string}\"},\"query-input\":\"required name=search_term_string\"}],\"inLanguage\":\"it-IT\"},{\"@type\":\"ImageObject\",\"@id\":\"https:\/\/rifugiovalcamonica.com\/de\/le-campanine-oder-freihimmel-felsgravuren\/#primaryimage\",\"inLanguage\":\"it-IT\",\"url\":\"http:\/\/rifugiovalcamonica.com\/de\/wp-content\/uploads\/2022\/02\/IMG_20210402_132839631_HDR_opt-225x300.jpg\",\"contentUrl\":\"http:\/\/rifugiovalcamonica.com\/de\/wp-content\/uploads\/2022\/02\/IMG_20210402_132839631_HDR_opt-225x300.jpg\"},{\"@type\":\"WebPage\",\"@id\":\"https:\/\/rifugiovalcamonica.com\/de\/le-campanine-oder-freihimmel-felsgravuren\/#webpage\",\"url\":\"https:\/\/rifugiovalcamonica.com\/de\/le-campanine-oder-freihimmel-felsgravuren\/\",\"name\":\"Le Campanine oder Freihimmel-Felsgravuren - Rifugio De Marie\",\"isPartOf\":{\"@id\":\"https:\/\/rifugiovalcamonica.com\/de\/#website\"},\"primaryImageOfPage\":{\"@id\":\"https:\/\/rifugiovalcamonica.com\/de\/le-campanine-oder-freihimmel-felsgravuren\/#primaryimage\"},\"datePublished\":\"2021-03-05T16:49:42+00:00\",\"dateModified\":\"2022-05-01T09:14:40+00:00\",\"breadcrumb\":{\"@id\":\"https:\/\/rifugiovalcamonica.com\/de\/le-campanine-oder-freihimmel-felsgravuren\/#breadcrumb\"},\"inLanguage\":\"it-IT\",\"potentialAction\":[{\"@type\":\"ReadAction\",\"target\":[\"https:\/\/rifugiovalcamonica.com\/de\/le-campanine-oder-freihimmel-felsgravuren\/\"]}]},{\"@type\":\"BreadcrumbList\",\"@id\":\"https:\/\/rifugiovalcamonica.com\/de\/le-campanine-oder-freihimmel-felsgravuren\/#breadcrumb\",\"itemListElement\":[{\"@type\":\"ListItem\",\"position\":1,\"name\":\"Le Campanine oder Freihimmel-Felsgravuren\"}]}]}<\/script>\n<!-- \/ Yoast SEO plugin. -->","yoast_head_json":{"title":"Le Campanine oder Freihimmel-Felsgravuren - Rifugio De Marie","robots":{"index":"index","follow":"follow","max-snippet":"max-snippet:-1","max-image-preview":"max-image-preview:large","max-video-preview":"max-video-preview:-1"},"canonical":"https:\/\/rifugiovalcamonica.com\/de\/le-campanine-oder-freihimmel-felsgravuren\/","og_locale":"it_IT","og_type":"article","og_title":"Le Campanine oder Freihimmel-Felsgravuren - Rifugio De Marie","og_description":"F\u00fcr Reisende der Geschichte unter freiem Himmel empfehle ich einen Besuch der Campanine, wo der Eintritt frei ist und zahlreiche Gravuren und Graffiti von der Ausdruckskraft der alten Camuni zeugen. Route: Am Ortseingang von Cimbergo gibt es rechts einen Parkplatz, wo Sie Ihr Auto parken k\u00f6nnen. Auf der anderen Stra\u00dfenseite befindet sich der Eingang zum...","og_url":"https:\/\/rifugiovalcamonica.com\/de\/le-campanine-oder-freihimmel-felsgravuren\/","og_site_name":"Rifugio De Marie","article_modified_time":"2022-05-01T09:14:40+00:00","og_image":[{"url":"http:\/\/rifugiovalcamonica.com\/de\/wp-content\/uploads\/2022\/02\/IMG_20210402_132839631_HDR_opt-225x300.jpg"}],"twitter_misc":{"Tempo di lettura stimato":"1 minuto"},"schema":{"@context":"https:\/\/schema.org","@graph":[{"@type":"WebSite","@id":"https:\/\/rifugiovalcamonica.com\/de\/#website","url":"https:\/\/rifugiovalcamonica.com\/de\/","name":"Rifugio De Marie","description":"Rifugio in Valcamonica","potentialAction":[{"@type":"SearchAction","target":{"@type":"EntryPoint","urlTemplate":"https:\/\/rifugiovalcamonica.com\/de\/?s={search_term_string}"},"query-input":"required name=search_term_string"}],"inLanguage":"it-IT"},{"@type":"ImageObject","@id":"https:\/\/rifugiovalcamonica.com\/de\/le-campanine-oder-freihimmel-felsgravuren\/#primaryimage","inLanguage":"it-IT","url":"http:\/\/rifugiovalcamonica.com\/de\/wp-content\/uploads\/2022\/02\/IMG_20210402_132839631_HDR_opt-225x300.jpg","contentUrl":"http:\/\/rifugiovalcamonica.com\/de\/wp-content\/uploads\/2022\/02\/IMG_20210402_132839631_HDR_opt-225x300.jpg"},{"@type":"WebPage","@id":"https:\/\/rifugiovalcamonica.com\/de\/le-campanine-oder-freihimmel-felsgravuren\/#webpage","url":"https:\/\/rifugiovalcamonica.com\/de\/le-campanine-oder-freihimmel-felsgravuren\/","name":"Le Campanine oder Freihimmel-Felsgravuren - Rifugio De Marie","isPartOf":{"@id":"https:\/\/rifugiovalcamonica.com\/de\/#website"},"primaryImageOfPage":{"@id":"https:\/\/rifugiovalcamonica.com\/de\/le-campanine-oder-freihimmel-felsgravuren\/#primaryimage"},"datePublished":"2021-03-05T16:49:42+00:00","dateModified":"2022-05-01T09:14:40+00:00","breadcrumb":{"@id":"https:\/\/rifugiovalcamonica.com\/de\/le-campanine-oder-freihimmel-felsgravuren\/#breadcrumb"},"inLanguage":"it-IT","potentialAction":[{"@type":"ReadAction","target":["https:\/\/rifugiovalcamonica.com\/de\/le-campanine-oder-freihimmel-felsgravuren\/"]}]},{"@type":"BreadcrumbList","@id":"https:\/\/rifugiovalcamonica.com\/de\/le-campanine-oder-freihimmel-felsgravuren\/#breadcrumb","itemListElement":[{"@type":"ListItem","position":1,"name":"Le Campanine oder Freihimmel-Felsgravuren"}]}]}},"_links":{"self":[{"href":"https:\/\/rifugiovalcamonica.com\/de\/wp-json\/wp\/v2\/pages\/3783"}],"collection":[{"href":"https:\/\/rifugiovalcamonica.com\/de\/wp-json\/wp\/v2\/pages"}],"about":[{"href":"https:\/\/rifugiovalcamonica.com\/de\/wp-json\/wp\/v2\/types\/page"}],"author":[{"embeddable":true,"href":"https:\/\/rifugiovalcamonica.com\/de\/wp-json\/wp\/v2\/users\/15"}],"replies":[{"embeddable":true,"href":"https:\/\/rifugiovalcamonica.com\/de\/wp-json\/wp\/v2\/comments?post=3783"}],"version-history":[{"count":7,"href":"https:\/\/rifugiovalcamonica.com\/de\/wp-json\/wp\/v2\/pages\/3783\/revisions"}],"predecessor-version":[{"id":4382,"href":"https:\/\/rifugiovalcamonica.com\/de\/wp-json\/wp\/v2\/pages\/3783\/revisions\/4382"}],"wp:attachment":[{"href":"https:\/\/rifugiovalcamonica.com\/de\/wp-json\/wp\/v2\/media?parent=3783"}],"curies":[{"name":"wp","href":"https:\/\/api.w.org\/{rel}","templated":true}]}}