{"id":3785,"date":"2021-03-05T17:50:12","date_gmt":"2021-03-05T16:50:12","guid":{"rendered":"https:\/\/rifugiovalcamonica.com\/de\/?page_id=3785"},"modified":"2022-05-01T11:12:01","modified_gmt":"2022-05-01T09:12:01","slug":"die-kleine-kirche-von-boa","status":"publish","type":"page","link":"https:\/\/rifugiovalcamonica.com\/de\/die-kleine-kirche-von-boa\/","title":{"rendered":"Die kleine Kirche von Boa"},"content":{"rendered":"<p><img loading=\"lazy\" class=\"size-medium wp-image-4257 alignleft\" src=\"https:\/\/rifugiovalcamonica.com\/de\/wp-content\/uploads\/2022\/02\/IMG-20190402-WA0005_opt-225x300.jpg\" alt=\"\" width=\"225\" height=\"300\" srcset=\"https:\/\/rifugiovalcamonica.com\/de\/wp-content\/uploads\/2022\/02\/IMG-20190402-WA0005_opt-225x300.jpg 225w, https:\/\/rifugiovalcamonica.com\/de\/wp-content\/uploads\/2022\/02\/IMG-20190402-WA0005_opt.jpg 263w\" sizes=\"(max-width: 225px) 100vw, 225px\" \/>Weiter oberhalb der Stadt, auf der asphaltierten Stra\u00dfe, die nach Volano f\u00fchrt, zeigen die ersten Schilder die Worte &#8220;Boa&#8221;. F\u00fcr Entdeckungs- und Wissensreisende schlage ich vor, ihm zu folgen, um nach einem Spaziergang zwischen Pinien und Tannen eine ganz besondere, intime und gem\u00fctliche kleine Kirche zu erreichen. Ich habe den Begriff klein neben einer Kirche verwendet, gerade weil sie klein ist. Aber was f\u00fcr ein Charme! Im Dorf hei\u00dft sie &#8220;Die kleine Kirche der Toten von Boa&#8221;, weil sie zu Ehren der Pesttoten gebaut wurde, wahrscheinlich der schrecklichen Pest von 1630. Tats\u00e4chlich kann man in der Kapelle auf der linken Seite lesen \u201eApse-Ricordo-Morti-Peste -Data-Very-Remote\u201c (der Beschluss zum Bau des Schreins von Boa tr\u00e4gt das Datum vom 16. August 1778). Auf der linken Seite zeigt eine gegen\u00fcberliegende Schrift weitere Informationen: &#8220;Nave-And-Portico-Buildings-During-World-War-1915-1918-Parish-Bonomini&#8221;. Die Fresken und andere Einrichtungsgegenst\u00e4nde sind bemerkenswert. Es ist von einem Tor umgeben, dem ein eleganter Portikus vorausgeht, der von zwei S\u00e4ulen und einer niedrigen Mauer getragen wird. Alles l\u00e4dt zum Gebet oder zu einem intimen Beisammensein ein. Um Wiesen, W\u00e4lder und H\u00fctten herum. Im Sommer, nach einer D\u00fcrreperiode, obwohl es in den Bergen sein mag, ist es Tradition, dass die Dorfbewohner an einem Sonntagnachmittag in die Kirche gehen, wo eine heilige Messe gefeiert wird, und auch um Regen beten.<\/p>\n","protected":false},"excerpt":{"rendered":"<p>Weiter oberhalb der Stadt, auf der asphaltierten Stra\u00dfe, die nach Volano f\u00fchrt, zeigen die ersten Schilder die Worte &#8220;Boa&#8221;. F\u00fcr Entdeckungs- und Wissensreisende schlage ich vor, ihm zu folgen, um nach einem Spaziergang zwischen Pinien und Tannen eine ganz besondere, intime und gem\u00fctliche kleine Kirche zu erreichen. Ich habe den Begriff klein neben einer Kirche&#8230;<\/p>\n","protected":false},"author":15,"featured_media":0,"parent":0,"menu_order":0,"comment_status":"closed","ping_status":"closed","template":"","meta":[],"yoast_head":"<!-- This site is optimized with the Yoast SEO plugin v18.6 - https:\/\/yoast.com\/wordpress\/plugins\/seo\/ -->\n<title>Die kleine Kirche von Boa - Rifugio De Marie<\/title>\n<meta name=\"robots\" content=\"index, follow, max-snippet:-1, max-image-preview:large, max-video-preview:-1\" \/>\n<link rel=\"canonical\" href=\"https:\/\/rifugiovalcamonica.com\/de\/die-kleine-kirche-von-boa\/\" \/>\n<meta property=\"og:locale\" content=\"it_IT\" \/>\n<meta property=\"og:type\" content=\"article\" \/>\n<meta property=\"og:title\" content=\"Die kleine Kirche von Boa - Rifugio De Marie\" \/>\n<meta property=\"og:description\" content=\"Weiter oberhalb der Stadt, auf der asphaltierten Stra\u00dfe, die nach Volano f\u00fchrt, zeigen die ersten Schilder die Worte &#8220;Boa&#8221;. F\u00fcr Entdeckungs- und Wissensreisende schlage ich vor, ihm zu folgen, um nach einem Spaziergang zwischen Pinien und Tannen eine ganz besondere, intime und gem\u00fctliche kleine Kirche zu erreichen. Ich habe den Begriff klein neben einer Kirche...\" \/>\n<meta property=\"og:url\" content=\"https:\/\/rifugiovalcamonica.com\/de\/die-kleine-kirche-von-boa\/\" \/>\n<meta property=\"og:site_name\" content=\"Rifugio De Marie\" \/>\n<meta property=\"article:modified_time\" content=\"2022-05-01T09:12:01+00:00\" \/>\n<meta property=\"og:image\" content=\"http:\/\/rifugiovalcamonica.com\/de\/wp-content\/uploads\/2022\/02\/IMG-20190402-WA0005_opt-225x300.jpg\" \/>\n<meta name=\"twitter:label1\" content=\"Tempo di lettura stimato\" \/>\n\t<meta name=\"twitter:data1\" content=\"2 minuti\" \/>\n<script type=\"application\/ld+json\" class=\"yoast-schema-graph\">{\"@context\":\"https:\/\/schema.org\",\"@graph\":[{\"@type\":\"WebSite\",\"@id\":\"https:\/\/rifugiovalcamonica.com\/de\/#website\",\"url\":\"https:\/\/rifugiovalcamonica.com\/de\/\",\"name\":\"Rifugio De Marie\",\"description\":\"Rifugio in Valcamonica\",\"potentialAction\":[{\"@type\":\"SearchAction\",\"target\":{\"@type\":\"EntryPoint\",\"urlTemplate\":\"https:\/\/rifugiovalcamonica.com\/de\/?s={search_term_string}\"},\"query-input\":\"required name=search_term_string\"}],\"inLanguage\":\"it-IT\"},{\"@type\":\"ImageObject\",\"@id\":\"https:\/\/rifugiovalcamonica.com\/de\/die-kleine-kirche-von-boa\/#primaryimage\",\"inLanguage\":\"it-IT\",\"url\":\"http:\/\/rifugiovalcamonica.com\/de\/wp-content\/uploads\/2022\/02\/IMG-20190402-WA0005_opt-225x300.jpg\",\"contentUrl\":\"http:\/\/rifugiovalcamonica.com\/de\/wp-content\/uploads\/2022\/02\/IMG-20190402-WA0005_opt-225x300.jpg\"},{\"@type\":\"WebPage\",\"@id\":\"https:\/\/rifugiovalcamonica.com\/de\/die-kleine-kirche-von-boa\/#webpage\",\"url\":\"https:\/\/rifugiovalcamonica.com\/de\/die-kleine-kirche-von-boa\/\",\"name\":\"Die kleine Kirche von Boa - Rifugio De Marie\",\"isPartOf\":{\"@id\":\"https:\/\/rifugiovalcamonica.com\/de\/#website\"},\"primaryImageOfPage\":{\"@id\":\"https:\/\/rifugiovalcamonica.com\/de\/die-kleine-kirche-von-boa\/#primaryimage\"},\"datePublished\":\"2021-03-05T16:50:12+00:00\",\"dateModified\":\"2022-05-01T09:12:01+00:00\",\"breadcrumb\":{\"@id\":\"https:\/\/rifugiovalcamonica.com\/de\/die-kleine-kirche-von-boa\/#breadcrumb\"},\"inLanguage\":\"it-IT\",\"potentialAction\":[{\"@type\":\"ReadAction\",\"target\":[\"https:\/\/rifugiovalcamonica.com\/de\/die-kleine-kirche-von-boa\/\"]}]},{\"@type\":\"BreadcrumbList\",\"@id\":\"https:\/\/rifugiovalcamonica.com\/de\/die-kleine-kirche-von-boa\/#breadcrumb\",\"itemListElement\":[{\"@type\":\"ListItem\",\"position\":1,\"name\":\"Die kleine Kirche von Boa\"}]}]}<\/script>\n<!-- \/ Yoast SEO plugin. -->","yoast_head_json":{"title":"Die kleine Kirche von Boa - Rifugio De Marie","robots":{"index":"index","follow":"follow","max-snippet":"max-snippet:-1","max-image-preview":"max-image-preview:large","max-video-preview":"max-video-preview:-1"},"canonical":"https:\/\/rifugiovalcamonica.com\/de\/die-kleine-kirche-von-boa\/","og_locale":"it_IT","og_type":"article","og_title":"Die kleine Kirche von Boa - Rifugio De Marie","og_description":"Weiter oberhalb der Stadt, auf der asphaltierten Stra\u00dfe, die nach Volano f\u00fchrt, zeigen die ersten Schilder die Worte &#8220;Boa&#8221;. F\u00fcr Entdeckungs- und Wissensreisende schlage ich vor, ihm zu folgen, um nach einem Spaziergang zwischen Pinien und Tannen eine ganz besondere, intime und gem\u00fctliche kleine Kirche zu erreichen. Ich habe den Begriff klein neben einer Kirche...","og_url":"https:\/\/rifugiovalcamonica.com\/de\/die-kleine-kirche-von-boa\/","og_site_name":"Rifugio De Marie","article_modified_time":"2022-05-01T09:12:01+00:00","og_image":[{"url":"http:\/\/rifugiovalcamonica.com\/de\/wp-content\/uploads\/2022\/02\/IMG-20190402-WA0005_opt-225x300.jpg"}],"twitter_misc":{"Tempo di lettura stimato":"2 minuti"},"schema":{"@context":"https:\/\/schema.org","@graph":[{"@type":"WebSite","@id":"https:\/\/rifugiovalcamonica.com\/de\/#website","url":"https:\/\/rifugiovalcamonica.com\/de\/","name":"Rifugio De Marie","description":"Rifugio in Valcamonica","potentialAction":[{"@type":"SearchAction","target":{"@type":"EntryPoint","urlTemplate":"https:\/\/rifugiovalcamonica.com\/de\/?s={search_term_string}"},"query-input":"required name=search_term_string"}],"inLanguage":"it-IT"},{"@type":"ImageObject","@id":"https:\/\/rifugiovalcamonica.com\/de\/die-kleine-kirche-von-boa\/#primaryimage","inLanguage":"it-IT","url":"http:\/\/rifugiovalcamonica.com\/de\/wp-content\/uploads\/2022\/02\/IMG-20190402-WA0005_opt-225x300.jpg","contentUrl":"http:\/\/rifugiovalcamonica.com\/de\/wp-content\/uploads\/2022\/02\/IMG-20190402-WA0005_opt-225x300.jpg"},{"@type":"WebPage","@id":"https:\/\/rifugiovalcamonica.com\/de\/die-kleine-kirche-von-boa\/#webpage","url":"https:\/\/rifugiovalcamonica.com\/de\/die-kleine-kirche-von-boa\/","name":"Die kleine Kirche von Boa - Rifugio De Marie","isPartOf":{"@id":"https:\/\/rifugiovalcamonica.com\/de\/#website"},"primaryImageOfPage":{"@id":"https:\/\/rifugiovalcamonica.com\/de\/die-kleine-kirche-von-boa\/#primaryimage"},"datePublished":"2021-03-05T16:50:12+00:00","dateModified":"2022-05-01T09:12:01+00:00","breadcrumb":{"@id":"https:\/\/rifugiovalcamonica.com\/de\/die-kleine-kirche-von-boa\/#breadcrumb"},"inLanguage":"it-IT","potentialAction":[{"@type":"ReadAction","target":["https:\/\/rifugiovalcamonica.com\/de\/die-kleine-kirche-von-boa\/"]}]},{"@type":"BreadcrumbList","@id":"https:\/\/rifugiovalcamonica.com\/de\/die-kleine-kirche-von-boa\/#breadcrumb","itemListElement":[{"@type":"ListItem","position":1,"name":"Die kleine Kirche von Boa"}]}]}},"_links":{"self":[{"href":"https:\/\/rifugiovalcamonica.com\/de\/wp-json\/wp\/v2\/pages\/3785"}],"collection":[{"href":"https:\/\/rifugiovalcamonica.com\/de\/wp-json\/wp\/v2\/pages"}],"about":[{"href":"https:\/\/rifugiovalcamonica.com\/de\/wp-json\/wp\/v2\/types\/page"}],"author":[{"embeddable":true,"href":"https:\/\/rifugiovalcamonica.com\/de\/wp-json\/wp\/v2\/users\/15"}],"replies":[{"embeddable":true,"href":"https:\/\/rifugiovalcamonica.com\/de\/wp-json\/wp\/v2\/comments?post=3785"}],"version-history":[{"count":5,"href":"https:\/\/rifugiovalcamonica.com\/de\/wp-json\/wp\/v2\/pages\/3785\/revisions"}],"predecessor-version":[{"id":4378,"href":"https:\/\/rifugiovalcamonica.com\/de\/wp-json\/wp\/v2\/pages\/3785\/revisions\/4378"}],"wp:attachment":[{"href":"https:\/\/rifugiovalcamonica.com\/de\/wp-json\/wp\/v2\/media?parent=3785"}],"curies":[{"name":"wp","href":"https:\/\/api.w.org\/{rel}","templated":true}]}}