{"id":3787,"date":"2021-03-05T17:50:44","date_gmt":"2021-03-05T16:50:44","guid":{"rendered":"https:\/\/rifugiovalcamonica.com\/de\/?page_id=3787"},"modified":"2022-05-01T11:15:55","modified_gmt":"2022-05-01T09:15:55","slug":"der-felsen","status":"publish","type":"page","link":"https:\/\/rifugiovalcamonica.com\/de\/der-felsen\/","title":{"rendered":"Der Felsen"},"content":{"rendered":"<p><img loading=\"lazy\" class=\"size-medium wp-image-4259 alignleft\" src=\"https:\/\/rifugiovalcamonica.com\/de\/wp-content\/uploads\/2022\/02\/falesia-225x300.jpg\" alt=\"\" width=\"225\" height=\"300\" srcset=\"https:\/\/rifugiovalcamonica.com\/de\/wp-content\/uploads\/2022\/02\/falesia-225x300.jpg 225w, https:\/\/rifugiovalcamonica.com\/de\/wp-content\/uploads\/2022\/02\/falesia-768x1024.jpg 768w, https:\/\/rifugiovalcamonica.com\/de\/wp-content\/uploads\/2022\/02\/falesia-1152x1536.jpg 1152w, https:\/\/rifugiovalcamonica.com\/de\/wp-content\/uploads\/2022\/02\/falesia-1536x2048.jpg 1536w, https:\/\/rifugiovalcamonica.com\/de\/wp-content\/uploads\/2022\/02\/falesia-600x800.jpg 600w, https:\/\/rifugiovalcamonica.com\/de\/wp-content\/uploads\/2022\/02\/falesia-scaled.jpg 1920w\" sizes=\"(max-width: 225px) 100vw, 225px\" \/>Die Klippe von Cimbergo (die wir Cimberghesi \u201eCoran de Batisti\u201c nennen) wird jedes Jahr immer beliebter und ist ein lombardischer Verrucano-Felsen, sehr kompakter Sandstein. Im Adamello-Park gelegen, Reservat der Felsgravuren von Ceto, Cimbergo, Paspardo, ist es in einen fantastischen Kastanienwald eingebettet, ebenso fantastisch ist das Klettern, das fast immer im Schatten und in der K\u00fchle m\u00f6glich ist. Es gibt Seill\u00e4ngen f\u00fcr alle Schwierigkeitsgrade, von 4\u00b0 bis 8c\/9a. Im Monat September findet seit einigen Jahren ein Treffen der Fans dieser Sportart statt. In diesem Jahr aus offensichtlichen Gr\u00fcnden, nein. Es ist nicht ausgeschildert und liegt kurz vor der kleinen Stadt Cimbergo, 5\/10 Gehminuten von der Provinzstra\u00dfe entfernt. Ich kl\u00e4re den Weg dorthin. Von der Schnellstra\u00dfe, die von Bs kommt, nehmen Sie die Ausfahrt Capodiponte. An der Kreuzung rechts abbiegen und den Schildern nach Cimbergo folgen. Fahren Sie weiter auf der kurvigen Provinzstra\u00dfe. Nach einer Br\u00fccke, einem S\u00e4gewerk und einigen weiteren Kurven wird die Stra\u00dfe gerade. Etwa zwei Drittel auf dem direkten, f\u00fcr uns Mitdorfbewohner &#8220;tir de somarzan&#8221;, rechts sieht man ein Hinweisschild mit der Aufschrift &#8220;Foresteria &#8230;&#8230;.&#8221; und genau gegen\u00fcber beginnt der Saumpfad f\u00fchrt zu unserem Ziel. Das Auto kann etwas oberhalb der direkten Linie geparkt werden. F\u00fcr detailliertere Informationen geben Sie Graffiti Climbers und \/ oder Boulder dei Pitoti ein.<\/p>\n","protected":false},"excerpt":{"rendered":"<p>Die Klippe von Cimbergo (die wir Cimberghesi \u201eCoran de Batisti\u201c nennen) wird jedes Jahr immer beliebter und ist ein lombardischer Verrucano-Felsen, sehr kompakter Sandstein. Im Adamello-Park gelegen, Reservat der Felsgravuren von Ceto, Cimbergo, Paspardo, ist es in einen fantastischen Kastanienwald eingebettet, ebenso fantastisch ist das Klettern, das fast immer im Schatten und in der K\u00fchle&#8230;<\/p>\n","protected":false},"author":15,"featured_media":0,"parent":0,"menu_order":0,"comment_status":"closed","ping_status":"closed","template":"","meta":[],"yoast_head":"<!-- This site is optimized with the Yoast SEO plugin v18.6 - https:\/\/yoast.com\/wordpress\/plugins\/seo\/ -->\n<title>Der Felsen - Rifugio De Marie<\/title>\n<meta name=\"robots\" content=\"index, follow, max-snippet:-1, max-image-preview:large, max-video-preview:-1\" \/>\n<link rel=\"canonical\" href=\"https:\/\/rifugiovalcamonica.com\/de\/der-felsen\/\" \/>\n<meta property=\"og:locale\" content=\"it_IT\" \/>\n<meta property=\"og:type\" content=\"article\" \/>\n<meta property=\"og:title\" content=\"Der Felsen - Rifugio De Marie\" \/>\n<meta property=\"og:description\" content=\"Die Klippe von Cimbergo (die wir Cimberghesi \u201eCoran de Batisti\u201c nennen) wird jedes Jahr immer beliebter und ist ein lombardischer Verrucano-Felsen, sehr kompakter Sandstein. Im Adamello-Park gelegen, Reservat der Felsgravuren von Ceto, Cimbergo, Paspardo, ist es in einen fantastischen Kastanienwald eingebettet, ebenso fantastisch ist das Klettern, das fast immer im Schatten und in der K\u00fchle...\" \/>\n<meta property=\"og:url\" content=\"https:\/\/rifugiovalcamonica.com\/de\/der-felsen\/\" \/>\n<meta property=\"og:site_name\" content=\"Rifugio De Marie\" \/>\n<meta property=\"article:modified_time\" content=\"2022-05-01T09:15:55+00:00\" \/>\n<meta property=\"og:image\" content=\"http:\/\/rifugiovalcamonica.com\/de\/wp-content\/uploads\/2022\/02\/falesia-225x300.jpg\" \/>\n<meta name=\"twitter:label1\" content=\"Tempo di lettura stimato\" \/>\n\t<meta name=\"twitter:data1\" content=\"2 minuti\" \/>\n<script type=\"application\/ld+json\" class=\"yoast-schema-graph\">{\"@context\":\"https:\/\/schema.org\",\"@graph\":[{\"@type\":\"WebSite\",\"@id\":\"https:\/\/rifugiovalcamonica.com\/de\/#website\",\"url\":\"https:\/\/rifugiovalcamonica.com\/de\/\",\"name\":\"Rifugio De Marie\",\"description\":\"Rifugio in Valcamonica\",\"potentialAction\":[{\"@type\":\"SearchAction\",\"target\":{\"@type\":\"EntryPoint\",\"urlTemplate\":\"https:\/\/rifugiovalcamonica.com\/de\/?s={search_term_string}\"},\"query-input\":\"required name=search_term_string\"}],\"inLanguage\":\"it-IT\"},{\"@type\":\"ImageObject\",\"@id\":\"https:\/\/rifugiovalcamonica.com\/de\/der-felsen\/#primaryimage\",\"inLanguage\":\"it-IT\",\"url\":\"http:\/\/rifugiovalcamonica.com\/de\/wp-content\/uploads\/2022\/02\/falesia-225x300.jpg\",\"contentUrl\":\"http:\/\/rifugiovalcamonica.com\/de\/wp-content\/uploads\/2022\/02\/falesia-225x300.jpg\"},{\"@type\":\"WebPage\",\"@id\":\"https:\/\/rifugiovalcamonica.com\/de\/der-felsen\/#webpage\",\"url\":\"https:\/\/rifugiovalcamonica.com\/de\/der-felsen\/\",\"name\":\"Der Felsen - Rifugio De Marie\",\"isPartOf\":{\"@id\":\"https:\/\/rifugiovalcamonica.com\/de\/#website\"},\"primaryImageOfPage\":{\"@id\":\"https:\/\/rifugiovalcamonica.com\/de\/der-felsen\/#primaryimage\"},\"datePublished\":\"2021-03-05T16:50:44+00:00\",\"dateModified\":\"2022-05-01T09:15:55+00:00\",\"breadcrumb\":{\"@id\":\"https:\/\/rifugiovalcamonica.com\/de\/der-felsen\/#breadcrumb\"},\"inLanguage\":\"it-IT\",\"potentialAction\":[{\"@type\":\"ReadAction\",\"target\":[\"https:\/\/rifugiovalcamonica.com\/de\/der-felsen\/\"]}]},{\"@type\":\"BreadcrumbList\",\"@id\":\"https:\/\/rifugiovalcamonica.com\/de\/der-felsen\/#breadcrumb\",\"itemListElement\":[{\"@type\":\"ListItem\",\"position\":1,\"name\":\"Der Felsen\"}]}]}<\/script>\n<!-- \/ Yoast SEO plugin. -->","yoast_head_json":{"title":"Der Felsen - Rifugio De Marie","robots":{"index":"index","follow":"follow","max-snippet":"max-snippet:-1","max-image-preview":"max-image-preview:large","max-video-preview":"max-video-preview:-1"},"canonical":"https:\/\/rifugiovalcamonica.com\/de\/der-felsen\/","og_locale":"it_IT","og_type":"article","og_title":"Der Felsen - Rifugio De Marie","og_description":"Die Klippe von Cimbergo (die wir Cimberghesi \u201eCoran de Batisti\u201c nennen) wird jedes Jahr immer beliebter und ist ein lombardischer Verrucano-Felsen, sehr kompakter Sandstein. Im Adamello-Park gelegen, Reservat der Felsgravuren von Ceto, Cimbergo, Paspardo, ist es in einen fantastischen Kastanienwald eingebettet, ebenso fantastisch ist das Klettern, das fast immer im Schatten und in der K\u00fchle...","og_url":"https:\/\/rifugiovalcamonica.com\/de\/der-felsen\/","og_site_name":"Rifugio De Marie","article_modified_time":"2022-05-01T09:15:55+00:00","og_image":[{"url":"http:\/\/rifugiovalcamonica.com\/de\/wp-content\/uploads\/2022\/02\/falesia-225x300.jpg"}],"twitter_misc":{"Tempo di lettura stimato":"2 minuti"},"schema":{"@context":"https:\/\/schema.org","@graph":[{"@type":"WebSite","@id":"https:\/\/rifugiovalcamonica.com\/de\/#website","url":"https:\/\/rifugiovalcamonica.com\/de\/","name":"Rifugio De Marie","description":"Rifugio in Valcamonica","potentialAction":[{"@type":"SearchAction","target":{"@type":"EntryPoint","urlTemplate":"https:\/\/rifugiovalcamonica.com\/de\/?s={search_term_string}"},"query-input":"required name=search_term_string"}],"inLanguage":"it-IT"},{"@type":"ImageObject","@id":"https:\/\/rifugiovalcamonica.com\/de\/der-felsen\/#primaryimage","inLanguage":"it-IT","url":"http:\/\/rifugiovalcamonica.com\/de\/wp-content\/uploads\/2022\/02\/falesia-225x300.jpg","contentUrl":"http:\/\/rifugiovalcamonica.com\/de\/wp-content\/uploads\/2022\/02\/falesia-225x300.jpg"},{"@type":"WebPage","@id":"https:\/\/rifugiovalcamonica.com\/de\/der-felsen\/#webpage","url":"https:\/\/rifugiovalcamonica.com\/de\/der-felsen\/","name":"Der Felsen - Rifugio De Marie","isPartOf":{"@id":"https:\/\/rifugiovalcamonica.com\/de\/#website"},"primaryImageOfPage":{"@id":"https:\/\/rifugiovalcamonica.com\/de\/der-felsen\/#primaryimage"},"datePublished":"2021-03-05T16:50:44+00:00","dateModified":"2022-05-01T09:15:55+00:00","breadcrumb":{"@id":"https:\/\/rifugiovalcamonica.com\/de\/der-felsen\/#breadcrumb"},"inLanguage":"it-IT","potentialAction":[{"@type":"ReadAction","target":["https:\/\/rifugiovalcamonica.com\/de\/der-felsen\/"]}]},{"@type":"BreadcrumbList","@id":"https:\/\/rifugiovalcamonica.com\/de\/der-felsen\/#breadcrumb","itemListElement":[{"@type":"ListItem","position":1,"name":"Der Felsen"}]}]}},"_links":{"self":[{"href":"https:\/\/rifugiovalcamonica.com\/de\/wp-json\/wp\/v2\/pages\/3787"}],"collection":[{"href":"https:\/\/rifugiovalcamonica.com\/de\/wp-json\/wp\/v2\/pages"}],"about":[{"href":"https:\/\/rifugiovalcamonica.com\/de\/wp-json\/wp\/v2\/types\/page"}],"author":[{"embeddable":true,"href":"https:\/\/rifugiovalcamonica.com\/de\/wp-json\/wp\/v2\/users\/15"}],"replies":[{"embeddable":true,"href":"https:\/\/rifugiovalcamonica.com\/de\/wp-json\/wp\/v2\/comments?post=3787"}],"version-history":[{"count":6,"href":"https:\/\/rifugiovalcamonica.com\/de\/wp-json\/wp\/v2\/pages\/3787\/revisions"}],"predecessor-version":[{"id":4383,"href":"https:\/\/rifugiovalcamonica.com\/de\/wp-json\/wp\/v2\/pages\/3787\/revisions\/4383"}],"wp:attachment":[{"href":"https:\/\/rifugiovalcamonica.com\/de\/wp-json\/wp\/v2\/media?parent=3787"}],"curies":[{"name":"wp","href":"https:\/\/api.w.org\/{rel}","templated":true}]}}