{"id":3789,"date":"2021-03-05T17:51:11","date_gmt":"2021-03-05T16:51:11","guid":{"rendered":"https:\/\/rifugiovalcamonica.com\/de\/?page_id=3789"},"modified":"2022-05-01T11:13:23","modified_gmt":"2022-05-01T09:13:23","slug":"der-kleine-wasserfall-von-vignola","status":"publish","type":"page","link":"https:\/\/rifugiovalcamonica.com\/de\/der-kleine-wasserfall-von-vignola\/","title":{"rendered":"Der kleine Wasserfall von Vignola"},"content":{"rendered":"<p><a ref=\"magnificPopup\" href=\"https:\/\/rifugiovalcamonica.com\/de\/wp-content\/uploads\/2022\/02\/IMG_20210401_134450008_HDR-1_opt.jpg\"><img loading=\"lazy\" class=\"size-medium wp-image-4264 alignleft\" src=\"https:\/\/rifugiovalcamonica.com\/de\/wp-content\/uploads\/2022\/02\/IMG_20210401_134450008_HDR-1_opt-225x300.jpg\" alt=\"\" width=\"225\" height=\"300\" srcset=\"https:\/\/rifugiovalcamonica.com\/de\/wp-content\/uploads\/2022\/02\/IMG_20210401_134450008_HDR-1_opt-225x300.jpg 225w, https:\/\/rifugiovalcamonica.com\/de\/wp-content\/uploads\/2022\/02\/IMG_20210401_134450008_HDR-1_opt.jpg 263w\" sizes=\"(max-width: 225px) 100vw, 225px\" \/><\/a>Interessant ist der Ausflug zum kleinen Vignola-Wasserfall. Route: Im Dorf unterhalb unserer Struktur, ZA-CO &#8216;, nehmen Sie nach der Kurve die Stra\u00dfe auf der linken Seite, die bald zu einem Saumpfad wird. Fahren Sie weiter, bis Sie auf eine asphaltierte Stra\u00dfe kommen; Wenn Sie sich links halten, erreichen Sie eine kleine H\u00e4usergruppe, wo Sie die Markierung f\u00fcr das letzte kurze St\u00fcck des Spaziergangs finden. Fahrzeit von unserem Hotel ca. 40 Minuten. Auf dem R\u00fcckweg k\u00f6nnen Sie die Alternativroute w\u00e4hlen: Nehmen Sie ein kurzes St\u00fcck die Hinstra\u00dfe und gehen Sie links weiter, bis Sie am Ende des Ortes auf die Hauptstra\u00dfe sto\u00dfen. Die Strecke ist fast vollst\u00e4ndig flach.<\/p>\n","protected":false},"excerpt":{"rendered":"<p>Interessant ist der Ausflug zum kleinen Vignola-Wasserfall. Route: Im Dorf unterhalb unserer Struktur, ZA-CO &#8216;, nehmen Sie nach der Kurve die Stra\u00dfe auf der linken Seite, die bald zu einem Saumpfad wird. Fahren Sie weiter, bis Sie auf eine asphaltierte Stra\u00dfe kommen; Wenn Sie sich links halten, erreichen Sie eine kleine H\u00e4usergruppe, wo Sie die&#8230;<\/p>\n","protected":false},"author":15,"featured_media":0,"parent":0,"menu_order":0,"comment_status":"closed","ping_status":"closed","template":"","meta":[],"yoast_head":"<!-- This site is optimized with the Yoast SEO plugin v18.6 - https:\/\/yoast.com\/wordpress\/plugins\/seo\/ -->\n<title>Der kleine Wasserfall von Vignola - Rifugio De Marie<\/title>\n<meta name=\"robots\" content=\"index, follow, max-snippet:-1, max-image-preview:large, max-video-preview:-1\" \/>\n<link rel=\"canonical\" href=\"https:\/\/rifugiovalcamonica.com\/de\/der-kleine-wasserfall-von-vignola\/\" \/>\n<meta property=\"og:locale\" content=\"it_IT\" \/>\n<meta property=\"og:type\" content=\"article\" \/>\n<meta property=\"og:title\" content=\"Der kleine Wasserfall von Vignola - Rifugio De Marie\" \/>\n<meta property=\"og:description\" content=\"Interessant ist der Ausflug zum kleinen Vignola-Wasserfall. Route: Im Dorf unterhalb unserer Struktur, ZA-CO &#8216;, nehmen Sie nach der Kurve die Stra\u00dfe auf der linken Seite, die bald zu einem Saumpfad wird. Fahren Sie weiter, bis Sie auf eine asphaltierte Stra\u00dfe kommen; Wenn Sie sich links halten, erreichen Sie eine kleine H\u00e4usergruppe, wo Sie die...\" \/>\n<meta property=\"og:url\" content=\"https:\/\/rifugiovalcamonica.com\/de\/der-kleine-wasserfall-von-vignola\/\" \/>\n<meta property=\"og:site_name\" content=\"Rifugio De Marie\" \/>\n<meta property=\"article:modified_time\" content=\"2022-05-01T09:13:23+00:00\" \/>\n<meta property=\"og:image\" content=\"http:\/\/rifugiovalcamonica.com\/de\/wp-content\/uploads\/2022\/02\/IMG_20210401_134450008_HDR-1_opt-225x300.jpg\" \/>\n<meta name=\"twitter:label1\" content=\"Tempo di lettura stimato\" \/>\n\t<meta name=\"twitter:data1\" content=\"1 minuto\" \/>\n<script type=\"application\/ld+json\" class=\"yoast-schema-graph\">{\"@context\":\"https:\/\/schema.org\",\"@graph\":[{\"@type\":\"WebSite\",\"@id\":\"https:\/\/rifugiovalcamonica.com\/de\/#website\",\"url\":\"https:\/\/rifugiovalcamonica.com\/de\/\",\"name\":\"Rifugio De Marie\",\"description\":\"Rifugio in Valcamonica\",\"potentialAction\":[{\"@type\":\"SearchAction\",\"target\":{\"@type\":\"EntryPoint\",\"urlTemplate\":\"https:\/\/rifugiovalcamonica.com\/de\/?s={search_term_string}\"},\"query-input\":\"required name=search_term_string\"}],\"inLanguage\":\"it-IT\"},{\"@type\":\"ImageObject\",\"@id\":\"https:\/\/rifugiovalcamonica.com\/de\/der-kleine-wasserfall-von-vignola\/#primaryimage\",\"inLanguage\":\"it-IT\",\"url\":\"http:\/\/rifugiovalcamonica.com\/de\/wp-content\/uploads\/2022\/02\/IMG_20210401_134450008_HDR-1_opt-225x300.jpg\",\"contentUrl\":\"http:\/\/rifugiovalcamonica.com\/de\/wp-content\/uploads\/2022\/02\/IMG_20210401_134450008_HDR-1_opt-225x300.jpg\"},{\"@type\":\"WebPage\",\"@id\":\"https:\/\/rifugiovalcamonica.com\/de\/der-kleine-wasserfall-von-vignola\/#webpage\",\"url\":\"https:\/\/rifugiovalcamonica.com\/de\/der-kleine-wasserfall-von-vignola\/\",\"name\":\"Der kleine Wasserfall von Vignola - Rifugio De Marie\",\"isPartOf\":{\"@id\":\"https:\/\/rifugiovalcamonica.com\/de\/#website\"},\"primaryImageOfPage\":{\"@id\":\"https:\/\/rifugiovalcamonica.com\/de\/der-kleine-wasserfall-von-vignola\/#primaryimage\"},\"datePublished\":\"2021-03-05T16:51:11+00:00\",\"dateModified\":\"2022-05-01T09:13:23+00:00\",\"breadcrumb\":{\"@id\":\"https:\/\/rifugiovalcamonica.com\/de\/der-kleine-wasserfall-von-vignola\/#breadcrumb\"},\"inLanguage\":\"it-IT\",\"potentialAction\":[{\"@type\":\"ReadAction\",\"target\":[\"https:\/\/rifugiovalcamonica.com\/de\/der-kleine-wasserfall-von-vignola\/\"]}]},{\"@type\":\"BreadcrumbList\",\"@id\":\"https:\/\/rifugiovalcamonica.com\/de\/der-kleine-wasserfall-von-vignola\/#breadcrumb\",\"itemListElement\":[{\"@type\":\"ListItem\",\"position\":1,\"name\":\"Der kleine Wasserfall von Vignola\"}]}]}<\/script>\n<!-- \/ Yoast SEO plugin. -->","yoast_head_json":{"title":"Der kleine Wasserfall von Vignola - Rifugio De Marie","robots":{"index":"index","follow":"follow","max-snippet":"max-snippet:-1","max-image-preview":"max-image-preview:large","max-video-preview":"max-video-preview:-1"},"canonical":"https:\/\/rifugiovalcamonica.com\/de\/der-kleine-wasserfall-von-vignola\/","og_locale":"it_IT","og_type":"article","og_title":"Der kleine Wasserfall von Vignola - Rifugio De Marie","og_description":"Interessant ist der Ausflug zum kleinen Vignola-Wasserfall. Route: Im Dorf unterhalb unserer Struktur, ZA-CO &#8216;, nehmen Sie nach der Kurve die Stra\u00dfe auf der linken Seite, die bald zu einem Saumpfad wird. Fahren Sie weiter, bis Sie auf eine asphaltierte Stra\u00dfe kommen; Wenn Sie sich links halten, erreichen Sie eine kleine H\u00e4usergruppe, wo Sie die...","og_url":"https:\/\/rifugiovalcamonica.com\/de\/der-kleine-wasserfall-von-vignola\/","og_site_name":"Rifugio De Marie","article_modified_time":"2022-05-01T09:13:23+00:00","og_image":[{"url":"http:\/\/rifugiovalcamonica.com\/de\/wp-content\/uploads\/2022\/02\/IMG_20210401_134450008_HDR-1_opt-225x300.jpg"}],"twitter_misc":{"Tempo di lettura stimato":"1 minuto"},"schema":{"@context":"https:\/\/schema.org","@graph":[{"@type":"WebSite","@id":"https:\/\/rifugiovalcamonica.com\/de\/#website","url":"https:\/\/rifugiovalcamonica.com\/de\/","name":"Rifugio De Marie","description":"Rifugio in Valcamonica","potentialAction":[{"@type":"SearchAction","target":{"@type":"EntryPoint","urlTemplate":"https:\/\/rifugiovalcamonica.com\/de\/?s={search_term_string}"},"query-input":"required name=search_term_string"}],"inLanguage":"it-IT"},{"@type":"ImageObject","@id":"https:\/\/rifugiovalcamonica.com\/de\/der-kleine-wasserfall-von-vignola\/#primaryimage","inLanguage":"it-IT","url":"http:\/\/rifugiovalcamonica.com\/de\/wp-content\/uploads\/2022\/02\/IMG_20210401_134450008_HDR-1_opt-225x300.jpg","contentUrl":"http:\/\/rifugiovalcamonica.com\/de\/wp-content\/uploads\/2022\/02\/IMG_20210401_134450008_HDR-1_opt-225x300.jpg"},{"@type":"WebPage","@id":"https:\/\/rifugiovalcamonica.com\/de\/der-kleine-wasserfall-von-vignola\/#webpage","url":"https:\/\/rifugiovalcamonica.com\/de\/der-kleine-wasserfall-von-vignola\/","name":"Der kleine Wasserfall von Vignola - Rifugio De Marie","isPartOf":{"@id":"https:\/\/rifugiovalcamonica.com\/de\/#website"},"primaryImageOfPage":{"@id":"https:\/\/rifugiovalcamonica.com\/de\/der-kleine-wasserfall-von-vignola\/#primaryimage"},"datePublished":"2021-03-05T16:51:11+00:00","dateModified":"2022-05-01T09:13:23+00:00","breadcrumb":{"@id":"https:\/\/rifugiovalcamonica.com\/de\/der-kleine-wasserfall-von-vignola\/#breadcrumb"},"inLanguage":"it-IT","potentialAction":[{"@type":"ReadAction","target":["https:\/\/rifugiovalcamonica.com\/de\/der-kleine-wasserfall-von-vignola\/"]}]},{"@type":"BreadcrumbList","@id":"https:\/\/rifugiovalcamonica.com\/de\/der-kleine-wasserfall-von-vignola\/#breadcrumb","itemListElement":[{"@type":"ListItem","position":1,"name":"Der kleine Wasserfall von Vignola"}]}]}},"_links":{"self":[{"href":"https:\/\/rifugiovalcamonica.com\/de\/wp-json\/wp\/v2\/pages\/3789"}],"collection":[{"href":"https:\/\/rifugiovalcamonica.com\/de\/wp-json\/wp\/v2\/pages"}],"about":[{"href":"https:\/\/rifugiovalcamonica.com\/de\/wp-json\/wp\/v2\/types\/page"}],"author":[{"embeddable":true,"href":"https:\/\/rifugiovalcamonica.com\/de\/wp-json\/wp\/v2\/users\/15"}],"replies":[{"embeddable":true,"href":"https:\/\/rifugiovalcamonica.com\/de\/wp-json\/wp\/v2\/comments?post=3789"}],"version-history":[{"count":7,"href":"https:\/\/rifugiovalcamonica.com\/de\/wp-json\/wp\/v2\/pages\/3789\/revisions"}],"predecessor-version":[{"id":4380,"href":"https:\/\/rifugiovalcamonica.com\/de\/wp-json\/wp\/v2\/pages\/3789\/revisions\/4380"}],"wp:attachment":[{"href":"https:\/\/rifugiovalcamonica.com\/de\/wp-json\/wp\/v2\/media?parent=3789"}],"curies":[{"name":"wp","href":"https:\/\/api.w.org\/{rel}","templated":true}]}}