{"id":3793,"date":"2021-03-05T17:54:24","date_gmt":"2021-03-05T16:54:24","guid":{"rendered":"https:\/\/rifugiovalcamonica.com\/de\/?page_id=3793"},"modified":"2022-05-01T11:10:48","modified_gmt":"2022-05-01T09:10:48","slug":"muhlen","status":"publish","type":"page","link":"https:\/\/rifugiovalcamonica.com\/de\/muhlen\/","title":{"rendered":"M\u00fchlen"},"content":{"rendered":"<p><a ref=\"magnificPopup\" href=\"https:\/\/rifugiovalcamonica.com\/de\/wp-content\/uploads\/2022\/02\/IMG_20220124_082431364_HDR-scaled.jpg\"><img loading=\"lazy\" class=\"size-medium wp-image-4261 alignleft\" src=\"https:\/\/rifugiovalcamonica.com\/de\/wp-content\/uploads\/2022\/02\/IMG_20220124_082431364_HDR-225x300.jpg\" alt=\"\" width=\"225\" height=\"300\" srcset=\"https:\/\/rifugiovalcamonica.com\/de\/wp-content\/uploads\/2022\/02\/IMG_20220124_082431364_HDR-225x300.jpg 225w, https:\/\/rifugiovalcamonica.com\/de\/wp-content\/uploads\/2022\/02\/IMG_20220124_082431364_HDR-768x1024.jpg 768w, https:\/\/rifugiovalcamonica.com\/de\/wp-content\/uploads\/2022\/02\/IMG_20220124_082431364_HDR-1152x1536.jpg 1152w, https:\/\/rifugiovalcamonica.com\/de\/wp-content\/uploads\/2022\/02\/IMG_20220124_082431364_HDR-1536x2048.jpg 1536w, https:\/\/rifugiovalcamonica.com\/de\/wp-content\/uploads\/2022\/02\/IMG_20220124_082431364_HDR-600x800.jpg 600w, https:\/\/rifugiovalcamonica.com\/de\/wp-content\/uploads\/2022\/02\/IMG_20220124_082431364_HDR-scaled.jpg 1920w\" sizes=\"(max-width: 225px) 100vw, 225px\" \/><\/a>Die M\u00fchle, in ausgezeichnetem Zustand, ist noch in Betrieb und besonders im Herbst kann man beim Mahlen lokaler Produkte zusehen; es kann in Absprache mit Battista, einem M\u00fcller aus Familientradition, besichtigt werden.<\/p>\n<p>Route: Folgen Sie im Dorf den Schildern zur Kirche San Giovanni und nachdem Sie diese passiert haben, fahren Sie weiter bis zum Ziel. Entlang der Route gibt es Hinweisschilder. Fahrzeit ca. 30 Minuten. Die Stra\u00dfe ist flach. Es ist m\u00f6glich, einen Rundgang zu machen: an der M\u00fchle vorbei, dem Weg bis zur Ortschaft Santa Lucia folgen und dann in die Stadt zur\u00fcckkehren.<\/p>\n<p>Oder wieder ein l\u00e4ngerer Rundweg: Mulino-Racola-Bo\u00e0-Cimbergo. Unterwegs finden Sie Schilder.<\/p>\n<p>Direkt unterhalb der Battista-M\u00fchle sieht man die andere M\u00fchle aus der Alpine Tarcisio, die jedoch au\u00dfer Betrieb genommen wurde, obwohl sie gut erhalten ist. Wahrscheinlich das Vorhandensein von Wasser (leicht zu den beiden Geb\u00e4uden zu bringen), die flache Stra\u00dfe und die N\u00e4he zur Stadt veranlassten unsere Vorfahren, diesen Ort f\u00fcr den Bau der beiden M\u00fchlen zu w\u00e4hlen.<\/p>\n","protected":false},"excerpt":{"rendered":"<p>Die M\u00fchle, in ausgezeichnetem Zustand, ist noch in Betrieb und besonders im Herbst kann man beim Mahlen lokaler Produkte zusehen; es kann in Absprache mit Battista, einem M\u00fcller aus Familientradition, besichtigt werden. Route: Folgen Sie im Dorf den Schildern zur Kirche San Giovanni und nachdem Sie diese passiert haben, fahren Sie weiter bis zum Ziel&#8230;.<\/p>\n","protected":false},"author":15,"featured_media":0,"parent":0,"menu_order":0,"comment_status":"closed","ping_status":"closed","template":"","meta":[],"yoast_head":"<!-- This site is optimized with the Yoast SEO plugin v18.6 - https:\/\/yoast.com\/wordpress\/plugins\/seo\/ -->\n<title>M\u00fchlen - Rifugio De Marie<\/title>\n<meta name=\"robots\" content=\"index, follow, max-snippet:-1, max-image-preview:large, max-video-preview:-1\" \/>\n<link rel=\"canonical\" href=\"https:\/\/rifugiovalcamonica.com\/de\/muhlen\/\" \/>\n<meta property=\"og:locale\" content=\"it_IT\" \/>\n<meta property=\"og:type\" content=\"article\" \/>\n<meta property=\"og:title\" content=\"M\u00fchlen - Rifugio De Marie\" \/>\n<meta property=\"og:description\" content=\"Die M\u00fchle, in ausgezeichnetem Zustand, ist noch in Betrieb und besonders im Herbst kann man beim Mahlen lokaler Produkte zusehen; es kann in Absprache mit Battista, einem M\u00fcller aus Familientradition, besichtigt werden. Route: Folgen Sie im Dorf den Schildern zur Kirche San Giovanni und nachdem Sie diese passiert haben, fahren Sie weiter bis zum Ziel....\" \/>\n<meta property=\"og:url\" content=\"https:\/\/rifugiovalcamonica.com\/de\/muhlen\/\" \/>\n<meta property=\"og:site_name\" content=\"Rifugio De Marie\" \/>\n<meta property=\"article:modified_time\" content=\"2022-05-01T09:10:48+00:00\" \/>\n<meta property=\"og:image\" content=\"http:\/\/rifugiovalcamonica.com\/de\/wp-content\/uploads\/2022\/02\/IMG_20220124_082431364_HDR-225x300.jpg\" \/>\n<meta name=\"twitter:label1\" content=\"Tempo di lettura stimato\" \/>\n\t<meta name=\"twitter:data1\" content=\"2 minuti\" \/>\n<script type=\"application\/ld+json\" class=\"yoast-schema-graph\">{\"@context\":\"https:\/\/schema.org\",\"@graph\":[{\"@type\":\"WebSite\",\"@id\":\"https:\/\/rifugiovalcamonica.com\/de\/#website\",\"url\":\"https:\/\/rifugiovalcamonica.com\/de\/\",\"name\":\"Rifugio De Marie\",\"description\":\"Rifugio in Valcamonica\",\"potentialAction\":[{\"@type\":\"SearchAction\",\"target\":{\"@type\":\"EntryPoint\",\"urlTemplate\":\"https:\/\/rifugiovalcamonica.com\/de\/?s={search_term_string}\"},\"query-input\":\"required name=search_term_string\"}],\"inLanguage\":\"it-IT\"},{\"@type\":\"ImageObject\",\"@id\":\"https:\/\/rifugiovalcamonica.com\/de\/muhlen\/#primaryimage\",\"inLanguage\":\"it-IT\",\"url\":\"http:\/\/rifugiovalcamonica.com\/de\/wp-content\/uploads\/2022\/02\/IMG_20220124_082431364_HDR-225x300.jpg\",\"contentUrl\":\"http:\/\/rifugiovalcamonica.com\/de\/wp-content\/uploads\/2022\/02\/IMG_20220124_082431364_HDR-225x300.jpg\"},{\"@type\":\"WebPage\",\"@id\":\"https:\/\/rifugiovalcamonica.com\/de\/muhlen\/#webpage\",\"url\":\"https:\/\/rifugiovalcamonica.com\/de\/muhlen\/\",\"name\":\"M\u00fchlen - Rifugio De Marie\",\"isPartOf\":{\"@id\":\"https:\/\/rifugiovalcamonica.com\/de\/#website\"},\"primaryImageOfPage\":{\"@id\":\"https:\/\/rifugiovalcamonica.com\/de\/muhlen\/#primaryimage\"},\"datePublished\":\"2021-03-05T16:54:24+00:00\",\"dateModified\":\"2022-05-01T09:10:48+00:00\",\"breadcrumb\":{\"@id\":\"https:\/\/rifugiovalcamonica.com\/de\/muhlen\/#breadcrumb\"},\"inLanguage\":\"it-IT\",\"potentialAction\":[{\"@type\":\"ReadAction\",\"target\":[\"https:\/\/rifugiovalcamonica.com\/de\/muhlen\/\"]}]},{\"@type\":\"BreadcrumbList\",\"@id\":\"https:\/\/rifugiovalcamonica.com\/de\/muhlen\/#breadcrumb\",\"itemListElement\":[{\"@type\":\"ListItem\",\"position\":1,\"name\":\"M\u00fchlen\"}]}]}<\/script>\n<!-- \/ Yoast SEO plugin. -->","yoast_head_json":{"title":"M\u00fchlen - Rifugio De Marie","robots":{"index":"index","follow":"follow","max-snippet":"max-snippet:-1","max-image-preview":"max-image-preview:large","max-video-preview":"max-video-preview:-1"},"canonical":"https:\/\/rifugiovalcamonica.com\/de\/muhlen\/","og_locale":"it_IT","og_type":"article","og_title":"M\u00fchlen - Rifugio De Marie","og_description":"Die M\u00fchle, in ausgezeichnetem Zustand, ist noch in Betrieb und besonders im Herbst kann man beim Mahlen lokaler Produkte zusehen; es kann in Absprache mit Battista, einem M\u00fcller aus Familientradition, besichtigt werden. Route: Folgen Sie im Dorf den Schildern zur Kirche San Giovanni und nachdem Sie diese passiert haben, fahren Sie weiter bis zum Ziel....","og_url":"https:\/\/rifugiovalcamonica.com\/de\/muhlen\/","og_site_name":"Rifugio De Marie","article_modified_time":"2022-05-01T09:10:48+00:00","og_image":[{"url":"http:\/\/rifugiovalcamonica.com\/de\/wp-content\/uploads\/2022\/02\/IMG_20220124_082431364_HDR-225x300.jpg"}],"twitter_misc":{"Tempo di lettura stimato":"2 minuti"},"schema":{"@context":"https:\/\/schema.org","@graph":[{"@type":"WebSite","@id":"https:\/\/rifugiovalcamonica.com\/de\/#website","url":"https:\/\/rifugiovalcamonica.com\/de\/","name":"Rifugio De Marie","description":"Rifugio in Valcamonica","potentialAction":[{"@type":"SearchAction","target":{"@type":"EntryPoint","urlTemplate":"https:\/\/rifugiovalcamonica.com\/de\/?s={search_term_string}"},"query-input":"required name=search_term_string"}],"inLanguage":"it-IT"},{"@type":"ImageObject","@id":"https:\/\/rifugiovalcamonica.com\/de\/muhlen\/#primaryimage","inLanguage":"it-IT","url":"http:\/\/rifugiovalcamonica.com\/de\/wp-content\/uploads\/2022\/02\/IMG_20220124_082431364_HDR-225x300.jpg","contentUrl":"http:\/\/rifugiovalcamonica.com\/de\/wp-content\/uploads\/2022\/02\/IMG_20220124_082431364_HDR-225x300.jpg"},{"@type":"WebPage","@id":"https:\/\/rifugiovalcamonica.com\/de\/muhlen\/#webpage","url":"https:\/\/rifugiovalcamonica.com\/de\/muhlen\/","name":"M\u00fchlen - Rifugio De Marie","isPartOf":{"@id":"https:\/\/rifugiovalcamonica.com\/de\/#website"},"primaryImageOfPage":{"@id":"https:\/\/rifugiovalcamonica.com\/de\/muhlen\/#primaryimage"},"datePublished":"2021-03-05T16:54:24+00:00","dateModified":"2022-05-01T09:10:48+00:00","breadcrumb":{"@id":"https:\/\/rifugiovalcamonica.com\/de\/muhlen\/#breadcrumb"},"inLanguage":"it-IT","potentialAction":[{"@type":"ReadAction","target":["https:\/\/rifugiovalcamonica.com\/de\/muhlen\/"]}]},{"@type":"BreadcrumbList","@id":"https:\/\/rifugiovalcamonica.com\/de\/muhlen\/#breadcrumb","itemListElement":[{"@type":"ListItem","position":1,"name":"M\u00fchlen"}]}]}},"_links":{"self":[{"href":"https:\/\/rifugiovalcamonica.com\/de\/wp-json\/wp\/v2\/pages\/3793"}],"collection":[{"href":"https:\/\/rifugiovalcamonica.com\/de\/wp-json\/wp\/v2\/pages"}],"about":[{"href":"https:\/\/rifugiovalcamonica.com\/de\/wp-json\/wp\/v2\/types\/page"}],"author":[{"embeddable":true,"href":"https:\/\/rifugiovalcamonica.com\/de\/wp-json\/wp\/v2\/users\/15"}],"replies":[{"embeddable":true,"href":"https:\/\/rifugiovalcamonica.com\/de\/wp-json\/wp\/v2\/comments?post=3793"}],"version-history":[{"count":7,"href":"https:\/\/rifugiovalcamonica.com\/de\/wp-json\/wp\/v2\/pages\/3793\/revisions"}],"predecessor-version":[{"id":4377,"href":"https:\/\/rifugiovalcamonica.com\/de\/wp-json\/wp\/v2\/pages\/3793\/revisions\/4377"}],"wp:attachment":[{"href":"https:\/\/rifugiovalcamonica.com\/de\/wp-json\/wp\/v2\/media?parent=3793"}],"curies":[{"name":"wp","href":"https:\/\/api.w.org\/{rel}","templated":true}]}}