{"id":380,"date":"2014-05-27T08:42:31","date_gmt":"2014-05-27T06:42:31","guid":{"rendered":"http:\/\/rifugiovalcamonica.com\/de\/?page_id=380"},"modified":"2022-05-01T10:26:43","modified_gmt":"2022-05-01T08:26:43","slug":"schulen","status":"publish","type":"page","link":"https:\/\/rifugiovalcamonica.com\/de\/schulen\/","title":{"rendered":"Schulen"},"content":{"rendered":"<p>Unser Gebiet ist ein Ziel f\u00fcr Klassenfahrten f\u00fcr Sch\u00fcler von der Grundschule bis zum Gymnasium. Die w\u00e4hlbaren Ziele sind zahlreich und unterschiedlich. Wir schlagen einige davon vor:<br \/>\n\u201eTAG MIT VOLLER LUNGE\u201c: ein Sporttag (und nicht nur) in den Bergen<br \/>\n\u00dcBERGANGSZIELE ZU DEN DISZIPLINEN<br \/>\nSPORTLICHE AKTIVIT\u00c4T: Gesunde k\u00f6rperliche Ersch\u00f6pfung auf der gesunden Wanderung, die von der Stadt Cimbergo (900 m \u00fc. M.) nach Volano (1460 m \u00fc. M.) f\u00fchrt; Zeit: etwa 2 Stunden<br \/>\nUMWELT-\u00d6KOLOGIE: Beobachtung der \u00f6kologischen Biodiversit\u00e4t aufgrund der H\u00f6hen\u00e4nderung (von Laubw\u00e4ldern zu Nadelw\u00e4ldern).<br \/>\nGESCHICHTE: Ann\u00e4herung an den heiligen Berg der alten Camuni, Pizzo Badile Camuno.<br \/>\nIn der Stadt Cimbergo kann man die Ruinen der mittelalterlichen Festungsburg bewundern, die sich auf einer Klippe befindet und von drei Seiten nat\u00fcrlich verteidigt wird. Ganz am Anfang der Stadt befindet sich der Saumpfad, der zu den Felszeichnungen des Gebiets &#8220;Campanine&#8221; f\u00fchrt, das Teil des Gravurparks Ceto-Cimbergo-Paspardo ist<br \/>\nGEOGRAPHIE-GEOLOGIE: Beobachtung der Berge. Gesteinsarten: Granit, Kalkstein.<br \/>\nOberhalb der Stadt, wenn es die Wetterbedingungen zulassen, Panoramablick auf das Mitteltal und den Iseosee.<br \/>\nMAN-TERRITORIUM-BEZIEHUNG: Besuch der Calchera.<br \/>\nSELBSTBEWUSSTSEIN: die eigene und pers\u00f6nliche Zufriedenheit daran messen, \u201ees geschafft zu haben\u201c.<br \/>\nDAS ERWACHEN DER SINNE UND EMOTIONEN: Kunst- und Sprachziele nach Ermessen des Lehrers.<br \/>\nPlus-Ultra-Ziel Der Berg: k\u00f6rperliches und geistiges Wohlbefinden<br \/>\nVerbringen Sie einfach einen Tag in den Bergen inmitten der Natur, um neue Energie zu tanken. Nach dem Aufstieg zu Fu\u00df k\u00f6rperliche und geistige Entspannung beim Lauschen von Naturkl\u00e4ngen und -ger\u00e4uschen und Beobachten der umliegenden Landschaft.<br \/>\nWir stehen interessierten Lehrern zur Verf\u00fcgung, um Material aus dem Adamello-Park zu beschaffen und f\u00fcr alles, was in unseren M\u00f6glichkeiten liegt<br \/>\nZEITEN (nat\u00fcrlich wetterabh\u00e4ngig):<br \/>\nFr\u00fchling. Empfehlenswert ist ein Termin ab Mai, da in der Vorperiode noch leicht Schnee zu finden ist;<br \/>\nHerbst. Es ist Zeit f\u00fcr den bunten Wald. Empfehlenswert ist ein Termin bis Mitte\/Ende Oktober.<\/p>\n<p>M\u00f6glichkeit zum Mittagessen im Refugium zum Sonderpreis f\u00fcr Schulklassen:<br \/>\n&#8211; Nudeln + Brot + Getr\u00e4nk = 5,00 \u20ac<br \/>\n&#8211; Sandwich mit Salamina + Getr\u00e4nk = 5,00 \u20ac<\/p>\n<p>Aufenthalte: F\u00fcr diejenigen, die an einem l\u00e4ngeren Aufenthalt interessiert sind, stehen wir f\u00fcr Vorschl\u00e4ge zur Verf\u00fcgung, die f\u00fcr spezifische Bildungsprogramme geeignet sind. Wir erinnern Sie daran, dass die H\u00fctte bis zu 30 Personen als \u00dcbernachtungsm\u00f6glichkeit bietet.<br \/>\nDer Aufenthalt in einer Jugend- und Kinderunterkunft ist:<br \/>\n&#8211; ein ungew\u00f6hnliches Erlebnis erleben;<br \/>\n&#8211; Beziehungen in der Gruppe festigen;<br \/>\n&#8211; den Teamgeist formen;<br \/>\n&#8211; Verbesserung der Sozialisation;<br \/>\n&#8211; das Selbstwertgef\u00fchl steigern;<br \/>\n&#8211; und mehr.<\/p>\n","protected":false},"excerpt":{"rendered":"<p>Unser Gebiet ist ein Ziel f\u00fcr Klassenfahrten f\u00fcr Sch\u00fcler von der Grundschule bis zum Gymnasium. Die w\u00e4hlbaren Ziele sind zahlreich und unterschiedlich. Wir schlagen einige davon vor: \u201eTAG MIT VOLLER LUNGE\u201c: ein Sporttag (und nicht nur) in den Bergen \u00dcBERGANGSZIELE ZU DEN DISZIPLINEN SPORTLICHE AKTIVIT\u00c4T: Gesunde k\u00f6rperliche Ersch\u00f6pfung auf der gesunden Wanderung, die von der&#8230;<\/p>\n","protected":false},"author":12,"featured_media":0,"parent":0,"menu_order":0,"comment_status":"closed","ping_status":"closed","template":"","meta":[],"yoast_head":"<!-- This site is optimized with the Yoast SEO plugin v18.6 - https:\/\/yoast.com\/wordpress\/plugins\/seo\/ -->\n<title>Schulen - Rifugio De Marie<\/title>\n<meta name=\"robots\" content=\"index, follow, max-snippet:-1, max-image-preview:large, max-video-preview:-1\" \/>\n<link rel=\"canonical\" href=\"https:\/\/rifugiovalcamonica.com\/de\/schulen\/\" \/>\n<meta property=\"og:locale\" content=\"it_IT\" \/>\n<meta property=\"og:type\" content=\"article\" \/>\n<meta property=\"og:title\" content=\"Schulen - Rifugio De Marie\" \/>\n<meta property=\"og:description\" content=\"Unser Gebiet ist ein Ziel f\u00fcr Klassenfahrten f\u00fcr Sch\u00fcler von der Grundschule bis zum Gymnasium. Die w\u00e4hlbaren Ziele sind zahlreich und unterschiedlich. Wir schlagen einige davon vor: \u201eTAG MIT VOLLER LUNGE\u201c: ein Sporttag (und nicht nur) in den Bergen \u00dcBERGANGSZIELE ZU DEN DISZIPLINEN SPORTLICHE AKTIVIT\u00c4T: Gesunde k\u00f6rperliche Ersch\u00f6pfung auf der gesunden Wanderung, die von der...\" \/>\n<meta property=\"og:url\" content=\"https:\/\/rifugiovalcamonica.com\/de\/schulen\/\" \/>\n<meta property=\"og:site_name\" content=\"Rifugio De Marie\" \/>\n<meta property=\"article:modified_time\" content=\"2022-05-01T08:26:43+00:00\" \/>\n<meta name=\"twitter:label1\" content=\"Tempo di lettura stimato\" \/>\n\t<meta name=\"twitter:data1\" content=\"3 minuti\" \/>\n<script type=\"application\/ld+json\" class=\"yoast-schema-graph\">{\"@context\":\"https:\/\/schema.org\",\"@graph\":[{\"@type\":\"WebSite\",\"@id\":\"https:\/\/rifugiovalcamonica.com\/de\/#website\",\"url\":\"https:\/\/rifugiovalcamonica.com\/de\/\",\"name\":\"Rifugio De Marie\",\"description\":\"Rifugio in Valcamonica\",\"potentialAction\":[{\"@type\":\"SearchAction\",\"target\":{\"@type\":\"EntryPoint\",\"urlTemplate\":\"https:\/\/rifugiovalcamonica.com\/de\/?s={search_term_string}\"},\"query-input\":\"required name=search_term_string\"}],\"inLanguage\":\"it-IT\"},{\"@type\":\"WebPage\",\"@id\":\"https:\/\/rifugiovalcamonica.com\/de\/schulen\/#webpage\",\"url\":\"https:\/\/rifugiovalcamonica.com\/de\/schulen\/\",\"name\":\"Schulen - Rifugio De Marie\",\"isPartOf\":{\"@id\":\"https:\/\/rifugiovalcamonica.com\/de\/#website\"},\"datePublished\":\"2014-05-27T06:42:31+00:00\",\"dateModified\":\"2022-05-01T08:26:43+00:00\",\"breadcrumb\":{\"@id\":\"https:\/\/rifugiovalcamonica.com\/de\/schulen\/#breadcrumb\"},\"inLanguage\":\"it-IT\",\"potentialAction\":[{\"@type\":\"ReadAction\",\"target\":[\"https:\/\/rifugiovalcamonica.com\/de\/schulen\/\"]}]},{\"@type\":\"BreadcrumbList\",\"@id\":\"https:\/\/rifugiovalcamonica.com\/de\/schulen\/#breadcrumb\",\"itemListElement\":[{\"@type\":\"ListItem\",\"position\":1,\"name\":\"Schulen\"}]}]}<\/script>\n<!-- \/ Yoast SEO plugin. -->","yoast_head_json":{"title":"Schulen - Rifugio De Marie","robots":{"index":"index","follow":"follow","max-snippet":"max-snippet:-1","max-image-preview":"max-image-preview:large","max-video-preview":"max-video-preview:-1"},"canonical":"https:\/\/rifugiovalcamonica.com\/de\/schulen\/","og_locale":"it_IT","og_type":"article","og_title":"Schulen - Rifugio De Marie","og_description":"Unser Gebiet ist ein Ziel f\u00fcr Klassenfahrten f\u00fcr Sch\u00fcler von der Grundschule bis zum Gymnasium. Die w\u00e4hlbaren Ziele sind zahlreich und unterschiedlich. Wir schlagen einige davon vor: \u201eTAG MIT VOLLER LUNGE\u201c: ein Sporttag (und nicht nur) in den Bergen \u00dcBERGANGSZIELE ZU DEN DISZIPLINEN SPORTLICHE AKTIVIT\u00c4T: Gesunde k\u00f6rperliche Ersch\u00f6pfung auf der gesunden Wanderung, die von der...","og_url":"https:\/\/rifugiovalcamonica.com\/de\/schulen\/","og_site_name":"Rifugio De Marie","article_modified_time":"2022-05-01T08:26:43+00:00","twitter_misc":{"Tempo di lettura stimato":"3 minuti"},"schema":{"@context":"https:\/\/schema.org","@graph":[{"@type":"WebSite","@id":"https:\/\/rifugiovalcamonica.com\/de\/#website","url":"https:\/\/rifugiovalcamonica.com\/de\/","name":"Rifugio De Marie","description":"Rifugio in Valcamonica","potentialAction":[{"@type":"SearchAction","target":{"@type":"EntryPoint","urlTemplate":"https:\/\/rifugiovalcamonica.com\/de\/?s={search_term_string}"},"query-input":"required name=search_term_string"}],"inLanguage":"it-IT"},{"@type":"WebPage","@id":"https:\/\/rifugiovalcamonica.com\/de\/schulen\/#webpage","url":"https:\/\/rifugiovalcamonica.com\/de\/schulen\/","name":"Schulen - Rifugio De Marie","isPartOf":{"@id":"https:\/\/rifugiovalcamonica.com\/de\/#website"},"datePublished":"2014-05-27T06:42:31+00:00","dateModified":"2022-05-01T08:26:43+00:00","breadcrumb":{"@id":"https:\/\/rifugiovalcamonica.com\/de\/schulen\/#breadcrumb"},"inLanguage":"it-IT","potentialAction":[{"@type":"ReadAction","target":["https:\/\/rifugiovalcamonica.com\/de\/schulen\/"]}]},{"@type":"BreadcrumbList","@id":"https:\/\/rifugiovalcamonica.com\/de\/schulen\/#breadcrumb","itemListElement":[{"@type":"ListItem","position":1,"name":"Schulen"}]}]}},"_links":{"self":[{"href":"https:\/\/rifugiovalcamonica.com\/de\/wp-json\/wp\/v2\/pages\/380"}],"collection":[{"href":"https:\/\/rifugiovalcamonica.com\/de\/wp-json\/wp\/v2\/pages"}],"about":[{"href":"https:\/\/rifugiovalcamonica.com\/de\/wp-json\/wp\/v2\/types\/page"}],"author":[{"embeddable":true,"href":"https:\/\/rifugiovalcamonica.com\/de\/wp-json\/wp\/v2\/users\/12"}],"replies":[{"embeddable":true,"href":"https:\/\/rifugiovalcamonica.com\/de\/wp-json\/wp\/v2\/comments?post=380"}],"version-history":[{"count":5,"href":"https:\/\/rifugiovalcamonica.com\/de\/wp-json\/wp\/v2\/pages\/380\/revisions"}],"predecessor-version":[{"id":4362,"href":"https:\/\/rifugiovalcamonica.com\/de\/wp-json\/wp\/v2\/pages\/380\/revisions\/4362"}],"wp:attachment":[{"href":"https:\/\/rifugiovalcamonica.com\/de\/wp-json\/wp\/v2\/media?parent=380"}],"curies":[{"name":"wp","href":"https:\/\/api.w.org\/{rel}","templated":true}]}}