{"id":3819,"date":"2021-03-08T10:58:21","date_gmt":"2021-03-08T09:58:21","guid":{"rendered":"https:\/\/rifugiovalcamonica.com\/de\/?page_id=3819"},"modified":"2022-05-01T11:07:02","modified_gmt":"2022-05-01T09:07:02","slug":"die-kastanienbaume-oder-brotbaume","status":"publish","type":"page","link":"https:\/\/rifugiovalcamonica.com\/de\/die-kastanienbaume-oder-brotbaume\/","title":{"rendered":"Die Kastanienb\u00e4ume oder Brotb\u00e4ume"},"content":{"rendered":"<p>Cimbergo in der Herbstsaison ist ein Farbenrausch. Insbesondere der Kastanienwald, der das kleine Dorf umgibt, weckt mit seiner Sch\u00f6nheit Emotionen, die das Herz erf\u00fcllen. Diese majest\u00e4tischen B\u00e4ume begleiten diejenigen, die das Dorf erreichen oder durchqueren. Abgesehen davon, dass sie ein Bild f\u00fcr die Augen sind, werden Kastanien wegen ihrer Fr\u00fcchte &#8220;Brotb\u00e4ume&#8221; genannt. Kastanien waren in der Vergangenheit eine Einnahmequelle f\u00fcr die Bewohner der D\u00f6rfer. In den letzten Jahren wurden sie wegen ihrer guten und ern\u00e4hrungsphysiologischen Eigenschaften wiederentdeckt. Ich erinnere mich, als einige Gro\u00dfm\u00fctter von Cimbergo und Paspardo nach Brescia fuhren, um sie zu verkaufen. Sobald sie zu fallen begannen, gingen sie jeden Tag los, um sie einzusammeln, auch mit Hilfe der Kinder des Dorfes. Sie bereiteten eine gro\u00dfe Anzahl von Taschen (notwendigerweise aus Jute) vor und einigten sich dann mit meinem Vater, dem einzigen LKW-Fahrer im Ort, zu dem f\u00fcr den Verkauf ausgew\u00e4hlten Ort gebracht zu werden. Am Abend vor der Abreise gingen mein Bruder Dario und ich, um die S\u00e4cke voller Kastanien auf die M\u00fclltonne zu laden, und nachts ging unser Vater mit den Frauen und ihrer Ware zum &#8220;Low&#8221;. Hier hatten die Verk\u00e4ufer eine Unterst\u00fctzungsbasis mit Familien, die sie kannten. Sie kehrten nach etwa zehn Tagen mit leeren Taschen und etwas Einkommen zur\u00fcck. Was f\u00fcr Erinnerungen und\u2026 was f\u00fcr eine Anstrengung: Kastanien wiegen. Heute gibt es im Dorf Schilder mit der Aufschrift &#8220;Weg des Brotes&#8221;, die auf einen thematischen Weg hinweisen, der den Kastanienhain durchquert. Die Route ist folgende: Wir starten in Capodiponte, steigen nach Paspardo auf und passieren Cimbergo, weiter durch Orte voller alter Felszeichnungen, um nach Nadro zu gelangen oder nach Capodiponte zur\u00fcckzukehren. Es ist nicht zwingend erforderlich, der gesamten Reiseroute in einer festgelegten Weise zu folgen. Alternativ bietet die Umgebung von Cimbergo eine ausgedehnte und abwechslungsreiche Landschaft, die sich f\u00fcr Spazierg\u00e4nge in der Natur eignet. Interessant, nur eine halbe Stunde zu Fu\u00df, um die &#8220;M\u00fchlen&#8221; zu erreichen, wo Sie zwei M\u00fchlen bewundern k\u00f6nnen, von denen eine gerade renoviert wurde und funktioniert, und im Oktober und November zusehen k\u00f6nnen, wie die Kastanien gemahlen werden, um das ber\u00fchmte &#8220;Mehl&#8221; zu erhalten. die im Dorf gekauft werden k\u00f6nnen.<\/p>\n","protected":false},"excerpt":{"rendered":"<p>Cimbergo in der Herbstsaison ist ein Farbenrausch. Insbesondere der Kastanienwald, der das kleine Dorf umgibt, weckt mit seiner Sch\u00f6nheit Emotionen, die das Herz erf\u00fcllen. Diese majest\u00e4tischen B\u00e4ume begleiten diejenigen, die das Dorf erreichen oder durchqueren. Abgesehen davon, dass sie ein Bild f\u00fcr die Augen sind, werden Kastanien wegen ihrer Fr\u00fcchte &#8220;Brotb\u00e4ume&#8221; genannt. Kastanien waren in&#8230;<\/p>\n","protected":false},"author":15,"featured_media":0,"parent":0,"menu_order":0,"comment_status":"closed","ping_status":"closed","template":"","meta":[],"yoast_head":"<!-- This site is optimized with the Yoast SEO plugin v18.6 - https:\/\/yoast.com\/wordpress\/plugins\/seo\/ -->\n<title>Die Kastanienb\u00e4ume oder Brotb\u00e4ume - Rifugio De Marie<\/title>\n<meta name=\"robots\" content=\"index, follow, max-snippet:-1, max-image-preview:large, max-video-preview:-1\" \/>\n<link rel=\"canonical\" href=\"https:\/\/rifugiovalcamonica.com\/de\/die-kastanienbaume-oder-brotbaume\/\" \/>\n<meta property=\"og:locale\" content=\"it_IT\" \/>\n<meta property=\"og:type\" content=\"article\" \/>\n<meta property=\"og:title\" content=\"Die Kastanienb\u00e4ume oder Brotb\u00e4ume - Rifugio De Marie\" \/>\n<meta property=\"og:description\" content=\"Cimbergo in der Herbstsaison ist ein Farbenrausch. Insbesondere der Kastanienwald, der das kleine Dorf umgibt, weckt mit seiner Sch\u00f6nheit Emotionen, die das Herz erf\u00fcllen. Diese majest\u00e4tischen B\u00e4ume begleiten diejenigen, die das Dorf erreichen oder durchqueren. Abgesehen davon, dass sie ein Bild f\u00fcr die Augen sind, werden Kastanien wegen ihrer Fr\u00fcchte &#8220;Brotb\u00e4ume&#8221; genannt. Kastanien waren in...\" \/>\n<meta property=\"og:url\" content=\"https:\/\/rifugiovalcamonica.com\/de\/die-kastanienbaume-oder-brotbaume\/\" \/>\n<meta property=\"og:site_name\" content=\"Rifugio De Marie\" \/>\n<meta property=\"article:modified_time\" content=\"2022-05-01T09:07:02+00:00\" \/>\n<meta name=\"twitter:label1\" content=\"Tempo di lettura stimato\" \/>\n\t<meta name=\"twitter:data1\" content=\"2 minuti\" \/>\n<script type=\"application\/ld+json\" class=\"yoast-schema-graph\">{\"@context\":\"https:\/\/schema.org\",\"@graph\":[{\"@type\":\"WebSite\",\"@id\":\"https:\/\/rifugiovalcamonica.com\/de\/#website\",\"url\":\"https:\/\/rifugiovalcamonica.com\/de\/\",\"name\":\"Rifugio De Marie\",\"description\":\"Rifugio in Valcamonica\",\"potentialAction\":[{\"@type\":\"SearchAction\",\"target\":{\"@type\":\"EntryPoint\",\"urlTemplate\":\"https:\/\/rifugiovalcamonica.com\/de\/?s={search_term_string}\"},\"query-input\":\"required name=search_term_string\"}],\"inLanguage\":\"it-IT\"},{\"@type\":\"WebPage\",\"@id\":\"https:\/\/rifugiovalcamonica.com\/de\/die-kastanienbaume-oder-brotbaume\/#webpage\",\"url\":\"https:\/\/rifugiovalcamonica.com\/de\/die-kastanienbaume-oder-brotbaume\/\",\"name\":\"Die Kastanienb\u00e4ume oder Brotb\u00e4ume - Rifugio De Marie\",\"isPartOf\":{\"@id\":\"https:\/\/rifugiovalcamonica.com\/de\/#website\"},\"datePublished\":\"2021-03-08T09:58:21+00:00\",\"dateModified\":\"2022-05-01T09:07:02+00:00\",\"breadcrumb\":{\"@id\":\"https:\/\/rifugiovalcamonica.com\/de\/die-kastanienbaume-oder-brotbaume\/#breadcrumb\"},\"inLanguage\":\"it-IT\",\"potentialAction\":[{\"@type\":\"ReadAction\",\"target\":[\"https:\/\/rifugiovalcamonica.com\/de\/die-kastanienbaume-oder-brotbaume\/\"]}]},{\"@type\":\"BreadcrumbList\",\"@id\":\"https:\/\/rifugiovalcamonica.com\/de\/die-kastanienbaume-oder-brotbaume\/#breadcrumb\",\"itemListElement\":[{\"@type\":\"ListItem\",\"position\":1,\"name\":\"Die Kastanienb\u00e4ume oder Brotb\u00e4ume\"}]}]}<\/script>\n<!-- \/ Yoast SEO plugin. -->","yoast_head_json":{"title":"Die Kastanienb\u00e4ume oder Brotb\u00e4ume - Rifugio De Marie","robots":{"index":"index","follow":"follow","max-snippet":"max-snippet:-1","max-image-preview":"max-image-preview:large","max-video-preview":"max-video-preview:-1"},"canonical":"https:\/\/rifugiovalcamonica.com\/de\/die-kastanienbaume-oder-brotbaume\/","og_locale":"it_IT","og_type":"article","og_title":"Die Kastanienb\u00e4ume oder Brotb\u00e4ume - Rifugio De Marie","og_description":"Cimbergo in der Herbstsaison ist ein Farbenrausch. Insbesondere der Kastanienwald, der das kleine Dorf umgibt, weckt mit seiner Sch\u00f6nheit Emotionen, die das Herz erf\u00fcllen. Diese majest\u00e4tischen B\u00e4ume begleiten diejenigen, die das Dorf erreichen oder durchqueren. Abgesehen davon, dass sie ein Bild f\u00fcr die Augen sind, werden Kastanien wegen ihrer Fr\u00fcchte &#8220;Brotb\u00e4ume&#8221; genannt. Kastanien waren in...","og_url":"https:\/\/rifugiovalcamonica.com\/de\/die-kastanienbaume-oder-brotbaume\/","og_site_name":"Rifugio De Marie","article_modified_time":"2022-05-01T09:07:02+00:00","twitter_misc":{"Tempo di lettura stimato":"2 minuti"},"schema":{"@context":"https:\/\/schema.org","@graph":[{"@type":"WebSite","@id":"https:\/\/rifugiovalcamonica.com\/de\/#website","url":"https:\/\/rifugiovalcamonica.com\/de\/","name":"Rifugio De Marie","description":"Rifugio in Valcamonica","potentialAction":[{"@type":"SearchAction","target":{"@type":"EntryPoint","urlTemplate":"https:\/\/rifugiovalcamonica.com\/de\/?s={search_term_string}"},"query-input":"required name=search_term_string"}],"inLanguage":"it-IT"},{"@type":"WebPage","@id":"https:\/\/rifugiovalcamonica.com\/de\/die-kastanienbaume-oder-brotbaume\/#webpage","url":"https:\/\/rifugiovalcamonica.com\/de\/die-kastanienbaume-oder-brotbaume\/","name":"Die Kastanienb\u00e4ume oder Brotb\u00e4ume - Rifugio De Marie","isPartOf":{"@id":"https:\/\/rifugiovalcamonica.com\/de\/#website"},"datePublished":"2021-03-08T09:58:21+00:00","dateModified":"2022-05-01T09:07:02+00:00","breadcrumb":{"@id":"https:\/\/rifugiovalcamonica.com\/de\/die-kastanienbaume-oder-brotbaume\/#breadcrumb"},"inLanguage":"it-IT","potentialAction":[{"@type":"ReadAction","target":["https:\/\/rifugiovalcamonica.com\/de\/die-kastanienbaume-oder-brotbaume\/"]}]},{"@type":"BreadcrumbList","@id":"https:\/\/rifugiovalcamonica.com\/de\/die-kastanienbaume-oder-brotbaume\/#breadcrumb","itemListElement":[{"@type":"ListItem","position":1,"name":"Die Kastanienb\u00e4ume oder Brotb\u00e4ume"}]}]}},"_links":{"self":[{"href":"https:\/\/rifugiovalcamonica.com\/de\/wp-json\/wp\/v2\/pages\/3819"}],"collection":[{"href":"https:\/\/rifugiovalcamonica.com\/de\/wp-json\/wp\/v2\/pages"}],"about":[{"href":"https:\/\/rifugiovalcamonica.com\/de\/wp-json\/wp\/v2\/types\/page"}],"author":[{"embeddable":true,"href":"https:\/\/rifugiovalcamonica.com\/de\/wp-json\/wp\/v2\/users\/15"}],"replies":[{"embeddable":true,"href":"https:\/\/rifugiovalcamonica.com\/de\/wp-json\/wp\/v2\/comments?post=3819"}],"version-history":[{"count":4,"href":"https:\/\/rifugiovalcamonica.com\/de\/wp-json\/wp\/v2\/pages\/3819\/revisions"}],"predecessor-version":[{"id":4373,"href":"https:\/\/rifugiovalcamonica.com\/de\/wp-json\/wp\/v2\/pages\/3819\/revisions\/4373"}],"wp:attachment":[{"href":"https:\/\/rifugiovalcamonica.com\/de\/wp-json\/wp\/v2\/media?parent=3819"}],"curies":[{"name":"wp","href":"https:\/\/api.w.org\/{rel}","templated":true}]}}