{"id":386,"date":"2014-05-27T08:44:13","date_gmt":"2014-05-27T06:44:13","guid":{"rendered":"http:\/\/rifugiovalcamonica.com\/de\/?page_id=386"},"modified":"2022-05-01T10:28:21","modified_gmt":"2022-05-01T08:28:21","slug":"gruppen","status":"publish","type":"page","link":"https:\/\/rifugiovalcamonica.com\/de\/gruppen\/","title":{"rendered":"Gruppen"},"content":{"rendered":"<p>Zu den Oratorien.<br \/>\nSuchen Sie einen Ort, an dem Sie einen Tag inmitten der Natur verbringen k\u00f6nnen? Hier ist es: das Volano di Cimbergo, eine einladende Umgebung, in der sich Ihre Kinder in zwei gro\u00dfen, flachen, offenen R\u00e4umen, die von einem k\u00fchlen Bach flankiert werden, vergn\u00fcgen k\u00f6nnen. Sie k\u00f6nnen spannende Gruppenspiele (wie Schatzsuche, Tauziehen, Sackh\u00fcpfen &#8230;) organisieren oder die Kinder ihrer kreativen Fantasie freien Lauf lassen. Und es gibt immer unser Refugium f\u00fcr alle Ihre Bed\u00fcrfnisse: ein warmes Gericht, wenn es kalt ist, oder ein kaltes Eis, wenn es hei\u00df ist! Es gibt einen mit Tischen, Feuer und Springbrunnen ausgestatteten Picknickplatz und eine kleine Kirche, in der die heilige Messe gefeiert werden kann, um den Tag gl\u00fccklich ausklingen zu lassen.<\/p>\n","protected":false},"excerpt":{"rendered":"<p>Zu den Oratorien. Suchen Sie einen Ort, an dem Sie einen Tag inmitten der Natur verbringen k\u00f6nnen? Hier ist es: das Volano di Cimbergo, eine einladende Umgebung, in der sich Ihre Kinder in zwei gro\u00dfen, flachen, offenen R\u00e4umen, die von einem k\u00fchlen Bach flankiert werden, vergn\u00fcgen k\u00f6nnen. Sie k\u00f6nnen spannende Gruppenspiele (wie Schatzsuche, Tauziehen, Sackh\u00fcpfen&#8230;<\/p>\n","protected":false},"author":12,"featured_media":0,"parent":0,"menu_order":0,"comment_status":"closed","ping_status":"closed","template":"","meta":[],"yoast_head":"<!-- This site is optimized with the Yoast SEO plugin v18.6 - https:\/\/yoast.com\/wordpress\/plugins\/seo\/ -->\n<title>Gruppen - Rifugio De Marie<\/title>\n<meta name=\"robots\" content=\"index, follow, max-snippet:-1, max-image-preview:large, max-video-preview:-1\" \/>\n<link rel=\"canonical\" href=\"https:\/\/rifugiovalcamonica.com\/de\/gruppen\/\" \/>\n<meta property=\"og:locale\" content=\"it_IT\" \/>\n<meta property=\"og:type\" content=\"article\" \/>\n<meta property=\"og:title\" content=\"Gruppen - Rifugio De Marie\" \/>\n<meta property=\"og:description\" content=\"Zu den Oratorien. Suchen Sie einen Ort, an dem Sie einen Tag inmitten der Natur verbringen k\u00f6nnen? Hier ist es: das Volano di Cimbergo, eine einladende Umgebung, in der sich Ihre Kinder in zwei gro\u00dfen, flachen, offenen R\u00e4umen, die von einem k\u00fchlen Bach flankiert werden, vergn\u00fcgen k\u00f6nnen. Sie k\u00f6nnen spannende Gruppenspiele (wie Schatzsuche, Tauziehen, Sackh\u00fcpfen...\" \/>\n<meta property=\"og:url\" content=\"https:\/\/rifugiovalcamonica.com\/de\/gruppen\/\" \/>\n<meta property=\"og:site_name\" content=\"Rifugio De Marie\" \/>\n<meta property=\"article:modified_time\" content=\"2022-05-01T08:28:21+00:00\" \/>\n<meta name=\"twitter:label1\" content=\"Tempo di lettura stimato\" \/>\n\t<meta name=\"twitter:data1\" content=\"1 minuto\" \/>\n<script type=\"application\/ld+json\" class=\"yoast-schema-graph\">{\"@context\":\"https:\/\/schema.org\",\"@graph\":[{\"@type\":\"WebSite\",\"@id\":\"https:\/\/rifugiovalcamonica.com\/de\/#website\",\"url\":\"https:\/\/rifugiovalcamonica.com\/de\/\",\"name\":\"Rifugio De Marie\",\"description\":\"Rifugio in Valcamonica\",\"potentialAction\":[{\"@type\":\"SearchAction\",\"target\":{\"@type\":\"EntryPoint\",\"urlTemplate\":\"https:\/\/rifugiovalcamonica.com\/de\/?s={search_term_string}\"},\"query-input\":\"required name=search_term_string\"}],\"inLanguage\":\"it-IT\"},{\"@type\":\"WebPage\",\"@id\":\"https:\/\/rifugiovalcamonica.com\/de\/gruppen\/#webpage\",\"url\":\"https:\/\/rifugiovalcamonica.com\/de\/gruppen\/\",\"name\":\"Gruppen - Rifugio De Marie\",\"isPartOf\":{\"@id\":\"https:\/\/rifugiovalcamonica.com\/de\/#website\"},\"datePublished\":\"2014-05-27T06:44:13+00:00\",\"dateModified\":\"2022-05-01T08:28:21+00:00\",\"breadcrumb\":{\"@id\":\"https:\/\/rifugiovalcamonica.com\/de\/gruppen\/#breadcrumb\"},\"inLanguage\":\"it-IT\",\"potentialAction\":[{\"@type\":\"ReadAction\",\"target\":[\"https:\/\/rifugiovalcamonica.com\/de\/gruppen\/\"]}]},{\"@type\":\"BreadcrumbList\",\"@id\":\"https:\/\/rifugiovalcamonica.com\/de\/gruppen\/#breadcrumb\",\"itemListElement\":[{\"@type\":\"ListItem\",\"position\":1,\"name\":\"Gruppen\"}]}]}<\/script>\n<!-- \/ Yoast SEO plugin. -->","yoast_head_json":{"title":"Gruppen - Rifugio De Marie","robots":{"index":"index","follow":"follow","max-snippet":"max-snippet:-1","max-image-preview":"max-image-preview:large","max-video-preview":"max-video-preview:-1"},"canonical":"https:\/\/rifugiovalcamonica.com\/de\/gruppen\/","og_locale":"it_IT","og_type":"article","og_title":"Gruppen - Rifugio De Marie","og_description":"Zu den Oratorien. Suchen Sie einen Ort, an dem Sie einen Tag inmitten der Natur verbringen k\u00f6nnen? Hier ist es: das Volano di Cimbergo, eine einladende Umgebung, in der sich Ihre Kinder in zwei gro\u00dfen, flachen, offenen R\u00e4umen, die von einem k\u00fchlen Bach flankiert werden, vergn\u00fcgen k\u00f6nnen. Sie k\u00f6nnen spannende Gruppenspiele (wie Schatzsuche, Tauziehen, Sackh\u00fcpfen...","og_url":"https:\/\/rifugiovalcamonica.com\/de\/gruppen\/","og_site_name":"Rifugio De Marie","article_modified_time":"2022-05-01T08:28:21+00:00","twitter_misc":{"Tempo di lettura stimato":"1 minuto"},"schema":{"@context":"https:\/\/schema.org","@graph":[{"@type":"WebSite","@id":"https:\/\/rifugiovalcamonica.com\/de\/#website","url":"https:\/\/rifugiovalcamonica.com\/de\/","name":"Rifugio De Marie","description":"Rifugio in Valcamonica","potentialAction":[{"@type":"SearchAction","target":{"@type":"EntryPoint","urlTemplate":"https:\/\/rifugiovalcamonica.com\/de\/?s={search_term_string}"},"query-input":"required name=search_term_string"}],"inLanguage":"it-IT"},{"@type":"WebPage","@id":"https:\/\/rifugiovalcamonica.com\/de\/gruppen\/#webpage","url":"https:\/\/rifugiovalcamonica.com\/de\/gruppen\/","name":"Gruppen - Rifugio De Marie","isPartOf":{"@id":"https:\/\/rifugiovalcamonica.com\/de\/#website"},"datePublished":"2014-05-27T06:44:13+00:00","dateModified":"2022-05-01T08:28:21+00:00","breadcrumb":{"@id":"https:\/\/rifugiovalcamonica.com\/de\/gruppen\/#breadcrumb"},"inLanguage":"it-IT","potentialAction":[{"@type":"ReadAction","target":["https:\/\/rifugiovalcamonica.com\/de\/gruppen\/"]}]},{"@type":"BreadcrumbList","@id":"https:\/\/rifugiovalcamonica.com\/de\/gruppen\/#breadcrumb","itemListElement":[{"@type":"ListItem","position":1,"name":"Gruppen"}]}]}},"_links":{"self":[{"href":"https:\/\/rifugiovalcamonica.com\/de\/wp-json\/wp\/v2\/pages\/386"}],"collection":[{"href":"https:\/\/rifugiovalcamonica.com\/de\/wp-json\/wp\/v2\/pages"}],"about":[{"href":"https:\/\/rifugiovalcamonica.com\/de\/wp-json\/wp\/v2\/types\/page"}],"author":[{"embeddable":true,"href":"https:\/\/rifugiovalcamonica.com\/de\/wp-json\/wp\/v2\/users\/12"}],"replies":[{"embeddable":true,"href":"https:\/\/rifugiovalcamonica.com\/de\/wp-json\/wp\/v2\/comments?post=386"}],"version-history":[{"count":4,"href":"https:\/\/rifugiovalcamonica.com\/de\/wp-json\/wp\/v2\/pages\/386\/revisions"}],"predecessor-version":[{"id":4363,"href":"https:\/\/rifugiovalcamonica.com\/de\/wp-json\/wp\/v2\/pages\/386\/revisions\/4363"}],"wp:attachment":[{"href":"https:\/\/rifugiovalcamonica.com\/de\/wp-json\/wp\/v2\/media?parent=386"}],"curies":[{"name":"wp","href":"https:\/\/api.w.org\/{rel}","templated":true}]}}