{"id":5,"date":"2013-04-17T15:48:58","date_gmt":"2013-04-17T13:48:58","guid":{"rendered":"http:\/\/rifugiovalcamonica.com\/de\/?page_id=5"},"modified":"2022-05-01T10:08:35","modified_gmt":"2022-05-01T08:08:35","slug":"geschichte","status":"publish","type":"page","link":"https:\/\/rifugiovalcamonica.com\/de\/geschichte\/","title":{"rendered":"Geschichte"},"content":{"rendered":"\n\t\t\t<!-- START SLIDER STORIA REVOLUTION SLIDER 6.2.2 --><p class=\"rs-p-wp-fix\"><\/p>\n\t\t\t<rs-module-wrap id=\"rev_slider_43_1_wrapper\" data-source=\"gallery\" data-aimg=\"\"  style=\"background:#E9E9E9;padding:5;margin:0px auto;margin-top:0;margin-bottom:0;\">\n\t\t\t\t<rs-module id=\"rev_slider_43_1\" style=\"display:none;\" data-version=\"6.2.2\">\n\t\t\t\t\t<rs-slides>\n\t\t\t\t\t\t<rs-slide data-key=\"rs-122\" data-title=\"Slide\" data-anim=\"ei:d;eo:d;s:1000;r:0;t:fade;sl:0;\">\n\t\t\t\t\t\t\t<img src=\"\/\/rifugiovalcamonica.com\/de\/wp-content\/uploads\/2014\/10\/malghe-volano-1966_opt1.jpg\" title=\"Geschichte\" class=\"rev-slidebg\" data-no-retina>\n<!---->\t\t\t\t\t\t<\/rs-slide>\n\t\t\t\t\t<\/rs-slides>\n\t\t\t\t<\/rs-module>\n\t\t\t\t<script type=\"text\/javascript\">\n\t\t\t\t\tsetREVStartSize({c: 'rev_slider_43_1',rl:[1240,1024,778,480],el:[410],gw:[510],gh:[410],type:'standard',justify:'',layout:'fullwidth',mh:\"0\"});\n\t\t\t\t\tvar\trevapi43,\n\t\t\t\t\t\ttpj;\n\t\t\t\t\tjQuery(function() {\n\t\t\t\t\t\ttpj = jQuery;\n\t\t\t\t\t\ttpj.noConflict();\n\t\t\t\t\t\tif(tpj(\"#rev_slider_43_1\").revolution == undefined){\n\t\t\t\t\t\t\trevslider_showDoubleJqueryError(\"#rev_slider_43_1\");\n\t\t\t\t\t\t}else{\n\t\t\t\t\t\t\trevapi43 = tpj(\"#rev_slider_43_1\").show().revolution({\n\t\t\t\t\t\t\t\tjsFileLocation:\"\/\/rifugiovalcamonica.com\/de\/wp-content\/plugins\/revslider\/public\/assets\/js\/\",\n\t\t\t\t\t\t\t\tduration:\"4000ms\",\n\t\t\t\t\t\t\t\tvisibilityLevels:\"1240,1024,778,480\",\n\t\t\t\t\t\t\t\tgridwidth:510,\n\t\t\t\t\t\t\t\tgridheight:410,\n\t\t\t\t\t\t\t\tspinner:\"spinner5\",\n\t\t\t\t\t\t\t\teditorheight:\"410,768,960,720\",\n\t\t\t\t\t\t\t\tresponsiveLevels:\"1240,1024,778,480\",\n\t\t\t\t\t\t\t\tnavigation: {\n\t\t\t\t\t\t\t\t\tmouseScrollNavigation:false,\n\t\t\t\t\t\t\t\t\ttouch: {\n\t\t\t\t\t\t\t\t\t\ttouchenabled:true\n\t\t\t\t\t\t\t\t\t}\n\t\t\t\t\t\t\t\t},\n\t\t\t\t\t\t\t\tfallbacks: {\n\t\t\t\t\t\t\t\t\tsimplifyAll:\"\",\n\t\t\t\t\t\t\t\t\tignoreHeightChanges:\"\",\n\t\t\t\t\t\t\t\t\tallowHTML5AutoPlayOnAndroid:true\n\t\t\t\t\t\t\t\t},\n\t\t\t\t\t\t\t});\n\t\t\t\t\t\t}\n\t\t\t\t\t\t\n\t\t\t\t\t});\n\t\t\t\t<\/script>\n\t\t\t<\/rs-module-wrap>\n\t\t\t<!-- END REVOLUTION SLIDER -->\n\n<p>&nbsp;<\/p>\n<p>Es wurde in den fr\u00fchen 1930er Jahren von Urgro\u00dfvater Giuseppe als Zufluchtsh\u00fctte gebaut. Bis in die fr\u00fchen 1980er Jahre wechselten sich verschiedene Familien aus Cimbergo mit der Gesch\u00e4ftsf\u00fchrung ab. Seit 1982 liegt die Gesch\u00e4ftsf\u00fchrung in unserer Verantwortung. In der Anfangszeit waren die den Passanten zur Verf\u00fcgung stehenden Waren knapp und mussten auf dem R\u00fccken eines Maultiers hochgetragen werden. Uns wurde gesagt, dass der Besitzer des Tieres bei der Ankunft zwei Sch\u00fcsseln Wein bestellte: eine f\u00fcr ihn und eine f\u00fcr das Maultier!<br \/>\nDieses Foto stammt aus dem Jahr 1964 und zeigt die Schutzh\u00fctte in ihrer urspr\u00fcnglichen Bauweise. Fotograf ist Pierino Inverardi aus Lumezzane, dem wir herzlich danken.<br \/>\n&nbsp;<\/p>\n<p>&nbsp;<\/p>\n","protected":false},"excerpt":{"rendered":"<p>&nbsp; Es wurde in den fr\u00fchen 1930er Jahren von Urgro\u00dfvater Giuseppe als Zufluchtsh\u00fctte gebaut. Bis in die fr\u00fchen 1980er Jahre wechselten sich verschiedene Familien aus Cimbergo mit der Gesch\u00e4ftsf\u00fchrung ab. Seit 1982 liegt die Gesch\u00e4ftsf\u00fchrung in unserer Verantwortung. In der Anfangszeit waren die den Passanten zur Verf\u00fcgung stehenden Waren knapp und mussten auf dem R\u00fccken&#8230;<\/p>\n","protected":false},"author":12,"featured_media":0,"parent":0,"menu_order":0,"comment_status":"closed","ping_status":"closed","template":"","meta":[],"yoast_head":"<!-- This site is optimized with the Yoast SEO plugin v18.6 - https:\/\/yoast.com\/wordpress\/plugins\/seo\/ -->\n<title>Geschichte - Rifugio De Marie<\/title>\n<meta name=\"robots\" content=\"index, follow, max-snippet:-1, max-image-preview:large, max-video-preview:-1\" \/>\n<link rel=\"canonical\" href=\"https:\/\/rifugiovalcamonica.com\/de\/geschichte\/\" \/>\n<meta property=\"og:locale\" content=\"it_IT\" \/>\n<meta property=\"og:type\" content=\"article\" \/>\n<meta property=\"og:title\" content=\"Geschichte - Rifugio De Marie\" \/>\n<meta property=\"og:description\" content=\"&nbsp; Es wurde in den fr\u00fchen 1930er Jahren von Urgro\u00dfvater Giuseppe als Zufluchtsh\u00fctte gebaut. Bis in die fr\u00fchen 1980er Jahre wechselten sich verschiedene Familien aus Cimbergo mit der Gesch\u00e4ftsf\u00fchrung ab. Seit 1982 liegt die Gesch\u00e4ftsf\u00fchrung in unserer Verantwortung. In der Anfangszeit waren die den Passanten zur Verf\u00fcgung stehenden Waren knapp und mussten auf dem R\u00fccken...\" \/>\n<meta property=\"og:url\" content=\"https:\/\/rifugiovalcamonica.com\/de\/geschichte\/\" \/>\n<meta property=\"og:site_name\" content=\"Rifugio De Marie\" \/>\n<meta property=\"article:modified_time\" content=\"2022-05-01T08:08:35+00:00\" \/>\n<meta name=\"twitter:label1\" content=\"Tempo di lettura stimato\" \/>\n\t<meta name=\"twitter:data1\" content=\"1 minuto\" \/>\n<script type=\"application\/ld+json\" class=\"yoast-schema-graph\">{\"@context\":\"https:\/\/schema.org\",\"@graph\":[{\"@type\":\"WebSite\",\"@id\":\"https:\/\/rifugiovalcamonica.com\/de\/#website\",\"url\":\"https:\/\/rifugiovalcamonica.com\/de\/\",\"name\":\"Rifugio De Marie\",\"description\":\"Rifugio in Valcamonica\",\"potentialAction\":[{\"@type\":\"SearchAction\",\"target\":{\"@type\":\"EntryPoint\",\"urlTemplate\":\"https:\/\/rifugiovalcamonica.com\/de\/?s={search_term_string}\"},\"query-input\":\"required name=search_term_string\"}],\"inLanguage\":\"it-IT\"},{\"@type\":\"WebPage\",\"@id\":\"https:\/\/rifugiovalcamonica.com\/de\/geschichte\/#webpage\",\"url\":\"https:\/\/rifugiovalcamonica.com\/de\/geschichte\/\",\"name\":\"Geschichte - Rifugio De Marie\",\"isPartOf\":{\"@id\":\"https:\/\/rifugiovalcamonica.com\/de\/#website\"},\"datePublished\":\"2013-04-17T13:48:58+00:00\",\"dateModified\":\"2022-05-01T08:08:35+00:00\",\"breadcrumb\":{\"@id\":\"https:\/\/rifugiovalcamonica.com\/de\/geschichte\/#breadcrumb\"},\"inLanguage\":\"it-IT\",\"potentialAction\":[{\"@type\":\"ReadAction\",\"target\":[\"https:\/\/rifugiovalcamonica.com\/de\/geschichte\/\"]}]},{\"@type\":\"BreadcrumbList\",\"@id\":\"https:\/\/rifugiovalcamonica.com\/de\/geschichte\/#breadcrumb\",\"itemListElement\":[{\"@type\":\"ListItem\",\"position\":1,\"name\":\"Geschichte\"}]}]}<\/script>\n<!-- \/ Yoast SEO plugin. -->","yoast_head_json":{"title":"Geschichte - Rifugio De Marie","robots":{"index":"index","follow":"follow","max-snippet":"max-snippet:-1","max-image-preview":"max-image-preview:large","max-video-preview":"max-video-preview:-1"},"canonical":"https:\/\/rifugiovalcamonica.com\/de\/geschichte\/","og_locale":"it_IT","og_type":"article","og_title":"Geschichte - Rifugio De Marie","og_description":"&nbsp; Es wurde in den fr\u00fchen 1930er Jahren von Urgro\u00dfvater Giuseppe als Zufluchtsh\u00fctte gebaut. Bis in die fr\u00fchen 1980er Jahre wechselten sich verschiedene Familien aus Cimbergo mit der Gesch\u00e4ftsf\u00fchrung ab. Seit 1982 liegt die Gesch\u00e4ftsf\u00fchrung in unserer Verantwortung. In der Anfangszeit waren die den Passanten zur Verf\u00fcgung stehenden Waren knapp und mussten auf dem R\u00fccken...","og_url":"https:\/\/rifugiovalcamonica.com\/de\/geschichte\/","og_site_name":"Rifugio De Marie","article_modified_time":"2022-05-01T08:08:35+00:00","twitter_misc":{"Tempo di lettura stimato":"1 minuto"},"schema":{"@context":"https:\/\/schema.org","@graph":[{"@type":"WebSite","@id":"https:\/\/rifugiovalcamonica.com\/de\/#website","url":"https:\/\/rifugiovalcamonica.com\/de\/","name":"Rifugio De Marie","description":"Rifugio in Valcamonica","potentialAction":[{"@type":"SearchAction","target":{"@type":"EntryPoint","urlTemplate":"https:\/\/rifugiovalcamonica.com\/de\/?s={search_term_string}"},"query-input":"required name=search_term_string"}],"inLanguage":"it-IT"},{"@type":"WebPage","@id":"https:\/\/rifugiovalcamonica.com\/de\/geschichte\/#webpage","url":"https:\/\/rifugiovalcamonica.com\/de\/geschichte\/","name":"Geschichte - Rifugio De Marie","isPartOf":{"@id":"https:\/\/rifugiovalcamonica.com\/de\/#website"},"datePublished":"2013-04-17T13:48:58+00:00","dateModified":"2022-05-01T08:08:35+00:00","breadcrumb":{"@id":"https:\/\/rifugiovalcamonica.com\/de\/geschichte\/#breadcrumb"},"inLanguage":"it-IT","potentialAction":[{"@type":"ReadAction","target":["https:\/\/rifugiovalcamonica.com\/de\/geschichte\/"]}]},{"@type":"BreadcrumbList","@id":"https:\/\/rifugiovalcamonica.com\/de\/geschichte\/#breadcrumb","itemListElement":[{"@type":"ListItem","position":1,"name":"Geschichte"}]}]}},"_links":{"self":[{"href":"https:\/\/rifugiovalcamonica.com\/de\/wp-json\/wp\/v2\/pages\/5"}],"collection":[{"href":"https:\/\/rifugiovalcamonica.com\/de\/wp-json\/wp\/v2\/pages"}],"about":[{"href":"https:\/\/rifugiovalcamonica.com\/de\/wp-json\/wp\/v2\/types\/page"}],"author":[{"embeddable":true,"href":"https:\/\/rifugiovalcamonica.com\/de\/wp-json\/wp\/v2\/users\/12"}],"replies":[{"embeddable":true,"href":"https:\/\/rifugiovalcamonica.com\/de\/wp-json\/wp\/v2\/comments?post=5"}],"version-history":[{"count":12,"href":"https:\/\/rifugiovalcamonica.com\/de\/wp-json\/wp\/v2\/pages\/5\/revisions"}],"predecessor-version":[{"id":4347,"href":"https:\/\/rifugiovalcamonica.com\/de\/wp-json\/wp\/v2\/pages\/5\/revisions\/4347"}],"wp:attachment":[{"href":"https:\/\/rifugiovalcamonica.com\/de\/wp-json\/wp\/v2\/media?parent=5"}],"curies":[{"name":"wp","href":"https:\/\/api.w.org\/{rel}","templated":true}]}}