{"id":79,"date":"2013-04-18T14:32:28","date_gmt":"2013-04-18T12:32:28","guid":{"rendered":"http:\/\/rifugiovalcamonica.com\/de\/?page_id=79"},"modified":"2022-05-01T10:04:24","modified_gmt":"2022-05-01T08:04:24","slug":"so-erreichen-sie-uns","status":"publish","type":"page","link":"https:\/\/rifugiovalcamonica.com\/de\/so-erreichen-sie-uns\/","title":{"rendered":"So erreichen Sie uns"},"content":{"rendered":"<p>So erreichen Sie Valle Camonica:<br \/>\n* von S\u00dcD<br \/>\nAutobahn A4 Ausfahrt Bs oder Bg- Richtung Iseosee SS 42<br \/>\n* aus NORD-OST<br \/>\nAutobahn A22, Ausfahrt San Michele all&#8217;Adige SS 43 und dann SS 42 in Richtung Passo Tonale<br \/>\n* von NORD-WEST<br \/>\nVom Comer See SS 38 in Richtung Sondrio, in der Ortschaft Tresenda rechts abbiegen in Richtung Aprica<br \/>\n* Vom Iseosee<br \/>\nSS 42 schnell flie\u00dfend. Ausfahrt Capodiponte, dann rechts abbiegen Richtung CIMBERGO<\/p>\n<p>Um in die Stadt zu gelangen: Cimbergo<br \/>\nMit dem eigenen Auto: A4 Ausfahrt Brescia. Fahren Sie etwa eine Stunde lang auf der SS 42 von Tonale und Mendola (die neue schnell flie\u00dfende Variante) weiter; Ausfahrt Capodiponte (Ausgrabungsst\u00e4tte der Unesco). Biegen Sie rechts ab nach Cimbergo. Fahren Sie f\u00fcr 5\/10 Minuten fort.<br \/>\nMit dem Zug von Bs: Bahnhof Ceto-Cerveno; Bus, dessen Abfahrt mit der Ankunft jedes Zuges zusammenf\u00e4llt, nach Cimbergo.<br \/>\nBahnhof Capodiponte; zu Fu\u00df dem Weg \u201eAntonioli\u201c folgen, der mit wei\u00dfen und gelben Schildern gekennzeichnet ist.<br \/>\nAnn\u00e4herung an die Wanderroute<br \/>\nIn Cimbergo: Haarnadelkurve am oberen Ende des Dorfes rechts, der Beschilderung &#8220;Volano&#8221; folgen; Saumpfad zug\u00e4nglich mit Gel\u00e4ndewagen und 4&#215;4-Autos (30 &#8216;) oder zu Fu\u00df (1:30&#8217;); M\u00f6glichkeit, mit einem normalen Auto kleine Parkpl\u00e4tze etwa zwanzig Minuten von der H\u00fctte entfernt zu erreichen; Feldweg mit gemischtem Kopfsteinpflaster und Asphalt.<\/p>\n","protected":false},"excerpt":{"rendered":"<p>So erreichen Sie Valle Camonica: * von S\u00dcD Autobahn A4 Ausfahrt Bs oder Bg- Richtung Iseosee SS 42 * aus NORD-OST Autobahn A22, Ausfahrt San Michele all&#8217;Adige SS 43 und dann SS 42 in Richtung Passo Tonale * von NORD-WEST Vom Comer See SS 38 in Richtung Sondrio, in der Ortschaft Tresenda rechts abbiegen in&#8230;<\/p>\n","protected":false},"author":12,"featured_media":0,"parent":0,"menu_order":0,"comment_status":"closed","ping_status":"closed","template":"","meta":[],"yoast_head":"<!-- This site is optimized with the Yoast SEO plugin v18.6 - https:\/\/yoast.com\/wordpress\/plugins\/seo\/ -->\n<title>So erreichen Sie uns - Rifugio De Marie<\/title>\n<meta name=\"robots\" content=\"index, follow, max-snippet:-1, max-image-preview:large, max-video-preview:-1\" \/>\n<link rel=\"canonical\" href=\"https:\/\/rifugiovalcamonica.com\/de\/so-erreichen-sie-uns\/\" \/>\n<meta property=\"og:locale\" content=\"it_IT\" \/>\n<meta property=\"og:type\" content=\"article\" \/>\n<meta property=\"og:title\" content=\"So erreichen Sie uns - Rifugio De Marie\" \/>\n<meta property=\"og:description\" content=\"So erreichen Sie Valle Camonica: * von S\u00dcD Autobahn A4 Ausfahrt Bs oder Bg- Richtung Iseosee SS 42 * aus NORD-OST Autobahn A22, Ausfahrt San Michele all&#8217;Adige SS 43 und dann SS 42 in Richtung Passo Tonale * von NORD-WEST Vom Comer See SS 38 in Richtung Sondrio, in der Ortschaft Tresenda rechts abbiegen in...\" \/>\n<meta property=\"og:url\" content=\"https:\/\/rifugiovalcamonica.com\/de\/so-erreichen-sie-uns\/\" \/>\n<meta property=\"og:site_name\" content=\"Rifugio De Marie\" \/>\n<meta property=\"article:modified_time\" content=\"2022-05-01T08:04:24+00:00\" \/>\n<meta name=\"twitter:label1\" content=\"Tempo di lettura stimato\" \/>\n\t<meta name=\"twitter:data1\" content=\"2 minuti\" \/>\n<script type=\"application\/ld+json\" class=\"yoast-schema-graph\">{\"@context\":\"https:\/\/schema.org\",\"@graph\":[{\"@type\":\"WebSite\",\"@id\":\"https:\/\/rifugiovalcamonica.com\/de\/#website\",\"url\":\"https:\/\/rifugiovalcamonica.com\/de\/\",\"name\":\"Rifugio De Marie\",\"description\":\"Rifugio in Valcamonica\",\"potentialAction\":[{\"@type\":\"SearchAction\",\"target\":{\"@type\":\"EntryPoint\",\"urlTemplate\":\"https:\/\/rifugiovalcamonica.com\/de\/?s={search_term_string}\"},\"query-input\":\"required name=search_term_string\"}],\"inLanguage\":\"it-IT\"},{\"@type\":\"WebPage\",\"@id\":\"https:\/\/rifugiovalcamonica.com\/de\/so-erreichen-sie-uns\/#webpage\",\"url\":\"https:\/\/rifugiovalcamonica.com\/de\/so-erreichen-sie-uns\/\",\"name\":\"So erreichen Sie uns - Rifugio De Marie\",\"isPartOf\":{\"@id\":\"https:\/\/rifugiovalcamonica.com\/de\/#website\"},\"datePublished\":\"2013-04-18T12:32:28+00:00\",\"dateModified\":\"2022-05-01T08:04:24+00:00\",\"breadcrumb\":{\"@id\":\"https:\/\/rifugiovalcamonica.com\/de\/so-erreichen-sie-uns\/#breadcrumb\"},\"inLanguage\":\"it-IT\",\"potentialAction\":[{\"@type\":\"ReadAction\",\"target\":[\"https:\/\/rifugiovalcamonica.com\/de\/so-erreichen-sie-uns\/\"]}]},{\"@type\":\"BreadcrumbList\",\"@id\":\"https:\/\/rifugiovalcamonica.com\/de\/so-erreichen-sie-uns\/#breadcrumb\",\"itemListElement\":[{\"@type\":\"ListItem\",\"position\":1,\"name\":\"So erreichen Sie uns\"}]}]}<\/script>\n<!-- \/ Yoast SEO plugin. -->","yoast_head_json":{"title":"So erreichen Sie uns - Rifugio De Marie","robots":{"index":"index","follow":"follow","max-snippet":"max-snippet:-1","max-image-preview":"max-image-preview:large","max-video-preview":"max-video-preview:-1"},"canonical":"https:\/\/rifugiovalcamonica.com\/de\/so-erreichen-sie-uns\/","og_locale":"it_IT","og_type":"article","og_title":"So erreichen Sie uns - Rifugio De Marie","og_description":"So erreichen Sie Valle Camonica: * von S\u00dcD Autobahn A4 Ausfahrt Bs oder Bg- Richtung Iseosee SS 42 * aus NORD-OST Autobahn A22, Ausfahrt San Michele all&#8217;Adige SS 43 und dann SS 42 in Richtung Passo Tonale * von NORD-WEST Vom Comer See SS 38 in Richtung Sondrio, in der Ortschaft Tresenda rechts abbiegen in...","og_url":"https:\/\/rifugiovalcamonica.com\/de\/so-erreichen-sie-uns\/","og_site_name":"Rifugio De Marie","article_modified_time":"2022-05-01T08:04:24+00:00","twitter_misc":{"Tempo di lettura stimato":"2 minuti"},"schema":{"@context":"https:\/\/schema.org","@graph":[{"@type":"WebSite","@id":"https:\/\/rifugiovalcamonica.com\/de\/#website","url":"https:\/\/rifugiovalcamonica.com\/de\/","name":"Rifugio De Marie","description":"Rifugio in Valcamonica","potentialAction":[{"@type":"SearchAction","target":{"@type":"EntryPoint","urlTemplate":"https:\/\/rifugiovalcamonica.com\/de\/?s={search_term_string}"},"query-input":"required name=search_term_string"}],"inLanguage":"it-IT"},{"@type":"WebPage","@id":"https:\/\/rifugiovalcamonica.com\/de\/so-erreichen-sie-uns\/#webpage","url":"https:\/\/rifugiovalcamonica.com\/de\/so-erreichen-sie-uns\/","name":"So erreichen Sie uns - Rifugio De Marie","isPartOf":{"@id":"https:\/\/rifugiovalcamonica.com\/de\/#website"},"datePublished":"2013-04-18T12:32:28+00:00","dateModified":"2022-05-01T08:04:24+00:00","breadcrumb":{"@id":"https:\/\/rifugiovalcamonica.com\/de\/so-erreichen-sie-uns\/#breadcrumb"},"inLanguage":"it-IT","potentialAction":[{"@type":"ReadAction","target":["https:\/\/rifugiovalcamonica.com\/de\/so-erreichen-sie-uns\/"]}]},{"@type":"BreadcrumbList","@id":"https:\/\/rifugiovalcamonica.com\/de\/so-erreichen-sie-uns\/#breadcrumb","itemListElement":[{"@type":"ListItem","position":1,"name":"So erreichen Sie uns"}]}]}},"_links":{"self":[{"href":"https:\/\/rifugiovalcamonica.com\/de\/wp-json\/wp\/v2\/pages\/79"}],"collection":[{"href":"https:\/\/rifugiovalcamonica.com\/de\/wp-json\/wp\/v2\/pages"}],"about":[{"href":"https:\/\/rifugiovalcamonica.com\/de\/wp-json\/wp\/v2\/types\/page"}],"author":[{"embeddable":true,"href":"https:\/\/rifugiovalcamonica.com\/de\/wp-json\/wp\/v2\/users\/12"}],"replies":[{"embeddable":true,"href":"https:\/\/rifugiovalcamonica.com\/de\/wp-json\/wp\/v2\/comments?post=79"}],"version-history":[{"count":16,"href":"https:\/\/rifugiovalcamonica.com\/de\/wp-json\/wp\/v2\/pages\/79\/revisions"}],"predecessor-version":[{"id":4344,"href":"https:\/\/rifugiovalcamonica.com\/de\/wp-json\/wp\/v2\/pages\/79\/revisions\/4344"}],"wp:attachment":[{"href":"https:\/\/rifugiovalcamonica.com\/de\/wp-json\/wp\/v2\/media?parent=79"}],"curies":[{"name":"wp","href":"https:\/\/api.w.org\/{rel}","templated":true}]}}