{"id":81,"date":"2013-04-18T14:36:48","date_gmt":"2013-04-18T12:36:48","guid":{"rendered":"http:\/\/rifugiovalcamonica.com\/de\/?page_id=81"},"modified":"2022-05-01T10:11:58","modified_gmt":"2022-05-01T08:11:58","slug":"dienstleistungen","status":"publish","type":"page","link":"https:\/\/rifugiovalcamonica.com\/de\/dienstleistungen\/","title":{"rendered":"Dienstleistungen"},"content":{"rendered":"<p>Das familiengef\u00fchrte Refugium bietet Bar, Restaurant und Hotelservice.<\/p>\n<p>Barservice. Die Bar ist von 6 (manchmal sogar fr\u00fcher, wenn G\u00e4ste fr\u00fch abreisen) bis 22:30 Uhr abends ge\u00f6ffnet.<\/p>\n<p>Restaurantservice. Die K\u00fcche ist von 12:30 bis 20:30 Uhr ge\u00f6ffnet, aber wir stehen Ihnen jederzeit f\u00fcr jeden Bedarf zur Verf\u00fcgung. Es bietet Platz f\u00fcr bis zu 70 G\u00e4ste im Inneren, verteilt auf zwei Etagen; Drau\u00dfen gibt es einen Pavillon und einige Tische.<\/p>\n<p>Hotelservice. Die H\u00fctte verf\u00fcgt \u00fcber 25 Betten, die sich wie folgt aufteilen: 2 Zimmer f\u00fcr 4 Personen, 1 Zimmer mit 8 Betten, 1 Zimmer mit 3 Betten und 1 Zimmer mit 6 Betten.<\/p>\n<p>Im Shelter ist die Beleuchtung durchgehend, reicht aber nicht aus, um wattintensive Objekte wie den Phono zu betreiben. Das Haar trocknet in der Hitze der Sonne oder vor dem Holzofen.<\/p>\n<p>In den 2 Badezimmern gibt es eine Dusche und flie\u00dfend warmes und \/ oder kaltes Wasser.<\/p>\n<p>Es steht ein \u00f6ffentliches M\u00fcnztelefon zur Verf\u00fcgung, das im Bedarfsfall mit einer Richtfunkverbindung und einem mit der Bergrettung verbundenen Funkger\u00e4t funktioniert.<\/p>\n<p>Die Beheizung des Essbereichs erfolgt \u00fcber zwei Holz\u00f6fen und einen Kamin, w\u00e4hrend in jedem Zimmer ein Gas-Luftkonvektor installiert wurde, der nur im Winter genutzt wird.<\/p>\n<p>Den G\u00e4sten stehen Bergzeitschriften und thematische Texte, Romane und Gesellschaftsspiele zur Verf\u00fcgung.<\/p>\n<p>Zur Unterhaltung der Kinder gibt es kleine Spiele.<\/p>\n<p>An der Wand h\u00e4ngend k\u00f6nnen Sie die Karte der Wanderwege konsultieren und auf jeden Fall ist immer jemand verf\u00fcgbar, der Sie \u00fcber die zu befolgenden Routen informiert.<\/p>\n<p>Es ist m\u00f6glich, den Jeep-Service vom Dorf zur H\u00fctte und umgekehrt anzufordern.<\/p>\n<p>&nbsp;<\/p>\n","protected":false},"excerpt":{"rendered":"<p>Das familiengef\u00fchrte Refugium bietet Bar, Restaurant und Hotelservice. Barservice. Die Bar ist von 6 (manchmal sogar fr\u00fcher, wenn G\u00e4ste fr\u00fch abreisen) bis 22:30 Uhr abends ge\u00f6ffnet. Restaurantservice. Die K\u00fcche ist von 12:30 bis 20:30 Uhr ge\u00f6ffnet, aber wir stehen Ihnen jederzeit f\u00fcr jeden Bedarf zur Verf\u00fcgung. Es bietet Platz f\u00fcr bis zu 70 G\u00e4ste im&#8230;<\/p>\n","protected":false},"author":12,"featured_media":0,"parent":0,"menu_order":0,"comment_status":"closed","ping_status":"closed","template":"","meta":[],"yoast_head":"<!-- This site is optimized with the Yoast SEO plugin v18.6 - https:\/\/yoast.com\/wordpress\/plugins\/seo\/ -->\n<title>Dienstleistungen - Rifugio De Marie<\/title>\n<meta name=\"robots\" content=\"index, follow, max-snippet:-1, max-image-preview:large, max-video-preview:-1\" \/>\n<link rel=\"canonical\" href=\"https:\/\/rifugiovalcamonica.com\/de\/dienstleistungen\/\" \/>\n<meta property=\"og:locale\" content=\"it_IT\" \/>\n<meta property=\"og:type\" content=\"article\" \/>\n<meta property=\"og:title\" content=\"Dienstleistungen - Rifugio De Marie\" \/>\n<meta property=\"og:description\" content=\"Das familiengef\u00fchrte Refugium bietet Bar, Restaurant und Hotelservice. Barservice. Die Bar ist von 6 (manchmal sogar fr\u00fcher, wenn G\u00e4ste fr\u00fch abreisen) bis 22:30 Uhr abends ge\u00f6ffnet. Restaurantservice. Die K\u00fcche ist von 12:30 bis 20:30 Uhr ge\u00f6ffnet, aber wir stehen Ihnen jederzeit f\u00fcr jeden Bedarf zur Verf\u00fcgung. Es bietet Platz f\u00fcr bis zu 70 G\u00e4ste im...\" \/>\n<meta property=\"og:url\" content=\"https:\/\/rifugiovalcamonica.com\/de\/dienstleistungen\/\" \/>\n<meta property=\"og:site_name\" content=\"Rifugio De Marie\" \/>\n<meta property=\"article:modified_time\" content=\"2022-05-01T08:11:58+00:00\" \/>\n<meta name=\"twitter:label1\" content=\"Tempo di lettura stimato\" \/>\n\t<meta name=\"twitter:data1\" content=\"2 minuti\" \/>\n<script type=\"application\/ld+json\" class=\"yoast-schema-graph\">{\"@context\":\"https:\/\/schema.org\",\"@graph\":[{\"@type\":\"WebSite\",\"@id\":\"https:\/\/rifugiovalcamonica.com\/de\/#website\",\"url\":\"https:\/\/rifugiovalcamonica.com\/de\/\",\"name\":\"Rifugio De Marie\",\"description\":\"Rifugio in Valcamonica\",\"potentialAction\":[{\"@type\":\"SearchAction\",\"target\":{\"@type\":\"EntryPoint\",\"urlTemplate\":\"https:\/\/rifugiovalcamonica.com\/de\/?s={search_term_string}\"},\"query-input\":\"required name=search_term_string\"}],\"inLanguage\":\"it-IT\"},{\"@type\":\"WebPage\",\"@id\":\"https:\/\/rifugiovalcamonica.com\/de\/dienstleistungen\/#webpage\",\"url\":\"https:\/\/rifugiovalcamonica.com\/de\/dienstleistungen\/\",\"name\":\"Dienstleistungen - Rifugio De Marie\",\"isPartOf\":{\"@id\":\"https:\/\/rifugiovalcamonica.com\/de\/#website\"},\"datePublished\":\"2013-04-18T12:36:48+00:00\",\"dateModified\":\"2022-05-01T08:11:58+00:00\",\"breadcrumb\":{\"@id\":\"https:\/\/rifugiovalcamonica.com\/de\/dienstleistungen\/#breadcrumb\"},\"inLanguage\":\"it-IT\",\"potentialAction\":[{\"@type\":\"ReadAction\",\"target\":[\"https:\/\/rifugiovalcamonica.com\/de\/dienstleistungen\/\"]}]},{\"@type\":\"BreadcrumbList\",\"@id\":\"https:\/\/rifugiovalcamonica.com\/de\/dienstleistungen\/#breadcrumb\",\"itemListElement\":[{\"@type\":\"ListItem\",\"position\":1,\"name\":\"Dienstleistungen\"}]}]}<\/script>\n<!-- \/ Yoast SEO plugin. -->","yoast_head_json":{"title":"Dienstleistungen - Rifugio De Marie","robots":{"index":"index","follow":"follow","max-snippet":"max-snippet:-1","max-image-preview":"max-image-preview:large","max-video-preview":"max-video-preview:-1"},"canonical":"https:\/\/rifugiovalcamonica.com\/de\/dienstleistungen\/","og_locale":"it_IT","og_type":"article","og_title":"Dienstleistungen - Rifugio De Marie","og_description":"Das familiengef\u00fchrte Refugium bietet Bar, Restaurant und Hotelservice. Barservice. Die Bar ist von 6 (manchmal sogar fr\u00fcher, wenn G\u00e4ste fr\u00fch abreisen) bis 22:30 Uhr abends ge\u00f6ffnet. Restaurantservice. Die K\u00fcche ist von 12:30 bis 20:30 Uhr ge\u00f6ffnet, aber wir stehen Ihnen jederzeit f\u00fcr jeden Bedarf zur Verf\u00fcgung. Es bietet Platz f\u00fcr bis zu 70 G\u00e4ste im...","og_url":"https:\/\/rifugiovalcamonica.com\/de\/dienstleistungen\/","og_site_name":"Rifugio De Marie","article_modified_time":"2022-05-01T08:11:58+00:00","twitter_misc":{"Tempo di lettura stimato":"2 minuti"},"schema":{"@context":"https:\/\/schema.org","@graph":[{"@type":"WebSite","@id":"https:\/\/rifugiovalcamonica.com\/de\/#website","url":"https:\/\/rifugiovalcamonica.com\/de\/","name":"Rifugio De Marie","description":"Rifugio in Valcamonica","potentialAction":[{"@type":"SearchAction","target":{"@type":"EntryPoint","urlTemplate":"https:\/\/rifugiovalcamonica.com\/de\/?s={search_term_string}"},"query-input":"required name=search_term_string"}],"inLanguage":"it-IT"},{"@type":"WebPage","@id":"https:\/\/rifugiovalcamonica.com\/de\/dienstleistungen\/#webpage","url":"https:\/\/rifugiovalcamonica.com\/de\/dienstleistungen\/","name":"Dienstleistungen - Rifugio De Marie","isPartOf":{"@id":"https:\/\/rifugiovalcamonica.com\/de\/#website"},"datePublished":"2013-04-18T12:36:48+00:00","dateModified":"2022-05-01T08:11:58+00:00","breadcrumb":{"@id":"https:\/\/rifugiovalcamonica.com\/de\/dienstleistungen\/#breadcrumb"},"inLanguage":"it-IT","potentialAction":[{"@type":"ReadAction","target":["https:\/\/rifugiovalcamonica.com\/de\/dienstleistungen\/"]}]},{"@type":"BreadcrumbList","@id":"https:\/\/rifugiovalcamonica.com\/de\/dienstleistungen\/#breadcrumb","itemListElement":[{"@type":"ListItem","position":1,"name":"Dienstleistungen"}]}]}},"_links":{"self":[{"href":"https:\/\/rifugiovalcamonica.com\/de\/wp-json\/wp\/v2\/pages\/81"}],"collection":[{"href":"https:\/\/rifugiovalcamonica.com\/de\/wp-json\/wp\/v2\/pages"}],"about":[{"href":"https:\/\/rifugiovalcamonica.com\/de\/wp-json\/wp\/v2\/types\/page"}],"author":[{"embeddable":true,"href":"https:\/\/rifugiovalcamonica.com\/de\/wp-json\/wp\/v2\/users\/12"}],"replies":[{"embeddable":true,"href":"https:\/\/rifugiovalcamonica.com\/de\/wp-json\/wp\/v2\/comments?post=81"}],"version-history":[{"count":6,"href":"https:\/\/rifugiovalcamonica.com\/de\/wp-json\/wp\/v2\/pages\/81\/revisions"}],"predecessor-version":[{"id":4350,"href":"https:\/\/rifugiovalcamonica.com\/de\/wp-json\/wp\/v2\/pages\/81\/revisions\/4350"}],"wp:attachment":[{"href":"https:\/\/rifugiovalcamonica.com\/de\/wp-json\/wp\/v2\/media?parent=81"}],"curies":[{"name":"wp","href":"https:\/\/api.w.org\/{rel}","templated":true}]}}