{"id":85,"date":"2013-04-18T14:41:40","date_gmt":"2013-04-18T12:41:40","guid":{"rendered":"http:\/\/rifugiovalcamonica.com\/de\/?page_id=85"},"modified":"2022-05-01T10:05:25","modified_gmt":"2022-05-01T08:05:25","slug":"umfeld","status":"publish","type":"page","link":"https:\/\/rifugiovalcamonica.com\/de\/umfeld\/","title":{"rendered":"Umfeld"},"content":{"rendered":"\n\t\t\t<!-- START Slider territorio REVOLUTION SLIDER 6.2.2 --><p class=\"rs-p-wp-fix\"><\/p>\n\t\t\t<rs-module-wrap id=\"rev_slider_2_1_wrapper\" data-source=\"gallery\" data-aimg=\"\"  style=\"background:#E9E9E9;padding:5;float:right;margin-left:0;margin-right:0;margin-top:0;margin-bottom:0;\">\n\t\t\t\t<rs-module id=\"rev_slider_2_1\" style=\"display:none;\" data-version=\"6.2.2\">\n\t\t\t\t\t<rs-slides>\n\t\t\t\t\t\t<rs-slide data-key=\"rs-7\" data-title=\"Slide\" data-anim=\"ei:d;eo:d;s:1000;r:0;t:fade;sl:0;\">\n\t\t\t\t\t\t\t<img src=\"\/\/rifugiovalcamonica.com\/de\/wp-content\/uploads\/2013\/04\/DSC_1008.jpg\" title=\"Umfeld\" class=\"rev-slidebg\" data-no-retina>\n<!---->\t\t\t\t\t\t<\/rs-slide>\n\t\t\t\t\t\t<rs-slide data-key=\"rs-8\" data-title=\"Slide\" data-anim=\"ei:d;eo:d;s:1000;r:0;t:fade;sl:0;\">\n\t\t\t\t\t\t\t<img src=\"\/\/rifugiovalcamonica.com\/de\/wp-content\/uploads\/2013\/04\/DSC_0080.jpg\" title=\"Umfeld\" class=\"rev-slidebg\" data-no-retina>\n<!---->\t\t\t\t\t\t<\/rs-slide>\n\t\t\t\t\t\t<rs-slide data-key=\"rs-9\" data-title=\"Slide\" data-anim=\"ei:d;eo:d;r:0;t:fade;sl:7;\">\n\t\t\t\t\t\t\t<img src=\"\/\/rifugiovalcamonica.com\/de\/wp-content\/plugins\/revslider\/public\/assets\/assets\/transparent.png\" title=\"Umfeld\" class=\"rev-slidebg\" data-no-retina>\n<!---->\t\t\t\t\t\t<\/rs-slide>\n\t\t\t\t\t<\/rs-slides>\n\t\t\t\t<\/rs-module>\n\t\t\t\t<script type=\"text\/javascript\">\n\t\t\t\t\tsetREVStartSize({c: 'rev_slider_2_1',rl:[1240,1024,778,480],el:[410],gw:[510],gh:[410],type:'standard',justify:'',layout:'fullwidth',mh:\"0\"});\n\t\t\t\t\tvar\trevapi2,\n\t\t\t\t\t\ttpj;\n\t\t\t\t\tjQuery(function() {\n\t\t\t\t\t\ttpj = jQuery;\n\t\t\t\t\t\ttpj.noConflict();\n\t\t\t\t\t\tif(tpj(\"#rev_slider_2_1\").revolution == undefined){\n\t\t\t\t\t\t\trevslider_showDoubleJqueryError(\"#rev_slider_2_1\");\n\t\t\t\t\t\t}else{\n\t\t\t\t\t\t\trevapi2 = tpj(\"#rev_slider_2_1\").show().revolution({\n\t\t\t\t\t\t\t\tjsFileLocation:\"\/\/rifugiovalcamonica.com\/de\/wp-content\/plugins\/revslider\/public\/assets\/js\/\",\n\t\t\t\t\t\t\t\tvisibilityLevels:\"1240,1024,778,480\",\n\t\t\t\t\t\t\t\tgridwidth:510,\n\t\t\t\t\t\t\t\tgridheight:410,\n\t\t\t\t\t\t\t\tspinner:\"spinner5\",\n\t\t\t\t\t\t\t\teditorheight:\"410,768,960,720\",\n\t\t\t\t\t\t\t\tresponsiveLevels:\"1240,1024,778,480\",\n\t\t\t\t\t\t\t\tnavigation: {\n\t\t\t\t\t\t\t\t\tmouseScrollNavigation:false,\n\t\t\t\t\t\t\t\t\ttouch: {\n\t\t\t\t\t\t\t\t\t\ttouchenabled:true\n\t\t\t\t\t\t\t\t\t}\n\t\t\t\t\t\t\t\t},\n\t\t\t\t\t\t\t\tfallbacks: {\n\t\t\t\t\t\t\t\t\tsimplifyAll:\"\",\n\t\t\t\t\t\t\t\t\tignoreHeightChanges:\"\",\n\t\t\t\t\t\t\t\t\tallowHTML5AutoPlayOnAndroid:true\n\t\t\t\t\t\t\t\t},\n\t\t\t\t\t\t\t});\n\t\t\t\t\t\t}\n\t\t\t\t\t\t\n\t\t\t\t\t});\n\t\t\t\t<\/script>\n\t\t\t<\/rs-module-wrap>\n\t\t\t<!-- END REVOLUTION SLIDER -->\n\n<p>&nbsp;<\/p>\n<p>Totales Eintauchen in die Natur: das Becken von Volano. Der Kiefernwald, der jedes Jahr voranschreitet, begleitet die Entdeckungsreisenden.<\/p>\n<p>Eine kleine Kirche, die dem Herrn der Gipfel geweiht ist und sich direkt hinter der Bergh\u00fctte befindet, rechts auf dem Weg, der zum Pizzo Badile f\u00fchrt, erm\u00f6glicht es den Passanten, den Geist zu erfrischen.<br \/>\nWenn Sie nach links weitergehen, vorbei an der Holzbr\u00fccke, erreichen Sie den mit Feuerstellen, Tischen und Springbrunnen ausgestatteten Picknickplatz, der in vollem Respekt vor der Natur gebaut und angenehm in sie integriert ist.<\/p>\n<p>Der Tredenus-Bach l\u00f6scht nicht nur den Durst mit seinem frischen Wasser, sondern jubelt und erheitert in seinem ruhigen Abstieg den Geist, der bereits durch die Stille der Umgebung entspannt ist, deren einzige st\u00f6rende Ger\u00e4usche mal die von Tieren, mal von V\u00f6geln, das Piepen der Gastgeber sind durch das Gras und in den Himmel.<\/p>\n<p>&nbsp;<\/p>\n<p>&nbsp;<\/p>\n","protected":false},"excerpt":{"rendered":"<p>&nbsp; Totales Eintauchen in die Natur: das Becken von Volano. Der Kiefernwald, der jedes Jahr voranschreitet, begleitet die Entdeckungsreisenden. Eine kleine Kirche, die dem Herrn der Gipfel geweiht ist und sich direkt hinter der Bergh\u00fctte befindet, rechts auf dem Weg, der zum Pizzo Badile f\u00fchrt, erm\u00f6glicht es den Passanten, den Geist zu erfrischen. Wenn Sie&#8230;<\/p>\n","protected":false},"author":12,"featured_media":0,"parent":0,"menu_order":0,"comment_status":"closed","ping_status":"closed","template":"","meta":[],"yoast_head":"<!-- This site is optimized with the Yoast SEO plugin v18.6 - https:\/\/yoast.com\/wordpress\/plugins\/seo\/ -->\n<title>Umfeld - Rifugio De Marie<\/title>\n<meta name=\"robots\" content=\"index, follow, max-snippet:-1, max-image-preview:large, max-video-preview:-1\" \/>\n<link rel=\"canonical\" href=\"https:\/\/rifugiovalcamonica.com\/de\/umfeld\/\" \/>\n<meta property=\"og:locale\" content=\"it_IT\" \/>\n<meta property=\"og:type\" content=\"article\" \/>\n<meta property=\"og:title\" content=\"Umfeld - Rifugio De Marie\" \/>\n<meta property=\"og:description\" content=\"&nbsp; Totales Eintauchen in die Natur: das Becken von Volano. Der Kiefernwald, der jedes Jahr voranschreitet, begleitet die Entdeckungsreisenden. Eine kleine Kirche, die dem Herrn der Gipfel geweiht ist und sich direkt hinter der Bergh\u00fctte befindet, rechts auf dem Weg, der zum Pizzo Badile f\u00fchrt, erm\u00f6glicht es den Passanten, den Geist zu erfrischen. Wenn Sie...\" \/>\n<meta property=\"og:url\" content=\"https:\/\/rifugiovalcamonica.com\/de\/umfeld\/\" \/>\n<meta property=\"og:site_name\" content=\"Rifugio De Marie\" \/>\n<meta property=\"article:modified_time\" content=\"2022-05-01T08:05:25+00:00\" \/>\n<meta name=\"twitter:label1\" content=\"Tempo di lettura stimato\" \/>\n\t<meta name=\"twitter:data1\" content=\"1 minuto\" \/>\n<script type=\"application\/ld+json\" class=\"yoast-schema-graph\">{\"@context\":\"https:\/\/schema.org\",\"@graph\":[{\"@type\":\"WebSite\",\"@id\":\"https:\/\/rifugiovalcamonica.com\/de\/#website\",\"url\":\"https:\/\/rifugiovalcamonica.com\/de\/\",\"name\":\"Rifugio De Marie\",\"description\":\"Rifugio in Valcamonica\",\"potentialAction\":[{\"@type\":\"SearchAction\",\"target\":{\"@type\":\"EntryPoint\",\"urlTemplate\":\"https:\/\/rifugiovalcamonica.com\/de\/?s={search_term_string}\"},\"query-input\":\"required name=search_term_string\"}],\"inLanguage\":\"it-IT\"},{\"@type\":\"WebPage\",\"@id\":\"https:\/\/rifugiovalcamonica.com\/de\/umfeld\/#webpage\",\"url\":\"https:\/\/rifugiovalcamonica.com\/de\/umfeld\/\",\"name\":\"Umfeld - Rifugio De Marie\",\"isPartOf\":{\"@id\":\"https:\/\/rifugiovalcamonica.com\/de\/#website\"},\"datePublished\":\"2013-04-18T12:41:40+00:00\",\"dateModified\":\"2022-05-01T08:05:25+00:00\",\"breadcrumb\":{\"@id\":\"https:\/\/rifugiovalcamonica.com\/de\/umfeld\/#breadcrumb\"},\"inLanguage\":\"it-IT\",\"potentialAction\":[{\"@type\":\"ReadAction\",\"target\":[\"https:\/\/rifugiovalcamonica.com\/de\/umfeld\/\"]}]},{\"@type\":\"BreadcrumbList\",\"@id\":\"https:\/\/rifugiovalcamonica.com\/de\/umfeld\/#breadcrumb\",\"itemListElement\":[{\"@type\":\"ListItem\",\"position\":1,\"name\":\"Umfeld\"}]}]}<\/script>\n<!-- \/ Yoast SEO plugin. -->","yoast_head_json":{"title":"Umfeld - Rifugio De Marie","robots":{"index":"index","follow":"follow","max-snippet":"max-snippet:-1","max-image-preview":"max-image-preview:large","max-video-preview":"max-video-preview:-1"},"canonical":"https:\/\/rifugiovalcamonica.com\/de\/umfeld\/","og_locale":"it_IT","og_type":"article","og_title":"Umfeld - Rifugio De Marie","og_description":"&nbsp; Totales Eintauchen in die Natur: das Becken von Volano. Der Kiefernwald, der jedes Jahr voranschreitet, begleitet die Entdeckungsreisenden. Eine kleine Kirche, die dem Herrn der Gipfel geweiht ist und sich direkt hinter der Bergh\u00fctte befindet, rechts auf dem Weg, der zum Pizzo Badile f\u00fchrt, erm\u00f6glicht es den Passanten, den Geist zu erfrischen. Wenn Sie...","og_url":"https:\/\/rifugiovalcamonica.com\/de\/umfeld\/","og_site_name":"Rifugio De Marie","article_modified_time":"2022-05-01T08:05:25+00:00","twitter_misc":{"Tempo di lettura stimato":"1 minuto"},"schema":{"@context":"https:\/\/schema.org","@graph":[{"@type":"WebSite","@id":"https:\/\/rifugiovalcamonica.com\/de\/#website","url":"https:\/\/rifugiovalcamonica.com\/de\/","name":"Rifugio De Marie","description":"Rifugio in Valcamonica","potentialAction":[{"@type":"SearchAction","target":{"@type":"EntryPoint","urlTemplate":"https:\/\/rifugiovalcamonica.com\/de\/?s={search_term_string}"},"query-input":"required name=search_term_string"}],"inLanguage":"it-IT"},{"@type":"WebPage","@id":"https:\/\/rifugiovalcamonica.com\/de\/umfeld\/#webpage","url":"https:\/\/rifugiovalcamonica.com\/de\/umfeld\/","name":"Umfeld - Rifugio De Marie","isPartOf":{"@id":"https:\/\/rifugiovalcamonica.com\/de\/#website"},"datePublished":"2013-04-18T12:41:40+00:00","dateModified":"2022-05-01T08:05:25+00:00","breadcrumb":{"@id":"https:\/\/rifugiovalcamonica.com\/de\/umfeld\/#breadcrumb"},"inLanguage":"it-IT","potentialAction":[{"@type":"ReadAction","target":["https:\/\/rifugiovalcamonica.com\/de\/umfeld\/"]}]},{"@type":"BreadcrumbList","@id":"https:\/\/rifugiovalcamonica.com\/de\/umfeld\/#breadcrumb","itemListElement":[{"@type":"ListItem","position":1,"name":"Umfeld"}]}]}},"_links":{"self":[{"href":"https:\/\/rifugiovalcamonica.com\/de\/wp-json\/wp\/v2\/pages\/85"}],"collection":[{"href":"https:\/\/rifugiovalcamonica.com\/de\/wp-json\/wp\/v2\/pages"}],"about":[{"href":"https:\/\/rifugiovalcamonica.com\/de\/wp-json\/wp\/v2\/types\/page"}],"author":[{"embeddable":true,"href":"https:\/\/rifugiovalcamonica.com\/de\/wp-json\/wp\/v2\/users\/12"}],"replies":[{"embeddable":true,"href":"https:\/\/rifugiovalcamonica.com\/de\/wp-json\/wp\/v2\/comments?post=85"}],"version-history":[{"count":9,"href":"https:\/\/rifugiovalcamonica.com\/de\/wp-json\/wp\/v2\/pages\/85\/revisions"}],"predecessor-version":[{"id":4345,"href":"https:\/\/rifugiovalcamonica.com\/de\/wp-json\/wp\/v2\/pages\/85\/revisions\/4345"}],"wp:attachment":[{"href":"https:\/\/rifugiovalcamonica.com\/de\/wp-json\/wp\/v2\/media?parent=85"}],"curies":[{"name":"wp","href":"https:\/\/api.w.org\/{rel}","templated":true}]}}