{"id":88,"date":"2013-04-18T14:43:06","date_gmt":"2013-04-18T12:43:06","guid":{"rendered":"http:\/\/rifugiovalcamonica.com\/de\/?page_id=88"},"modified":"2022-05-01T10:14:26","modified_gmt":"2022-05-01T08:14:26","slug":"restaurant","status":"publish","type":"page","link":"https:\/\/rifugiovalcamonica.com\/de\/restaurant\/","title":{"rendered":"Restaurant"},"content":{"rendered":"\n\t\t\t<!-- START Slider ristorante REVOLUTION SLIDER 6.2.2 --><p class=\"rs-p-wp-fix\"><\/p>\n\t\t\t<rs-module-wrap id=\"rev_slider_18_1_wrapper\" data-source=\"gallery\" data-aimg=\"\"  style=\"background:#E9E9E9;padding:5;float:right;margin-left:0;margin-right:0;margin-top:0;margin-bottom:0;\">\n\t\t\t\t<rs-module id=\"rev_slider_18_1\" style=\"display:none;\" data-version=\"6.2.2\">\n\t\t\t\t\t<rs-slides>\n\t\t\t\t\t\t<rs-slide data-key=\"rs-41\" data-title=\"Slide\" data-anim=\"ei:d;eo:d;s:1000;r:0;t:fade;sl:0;\">\n\t\t\t\t\t\t\t<img src=\"\/\/rifugiovalcamonica.com\/de\/wp-content\/uploads\/2013\/06\/P10305622.jpg\" title=\"Restaurant\" class=\"rev-slidebg\" data-no-retina>\n<!---->\t\t\t\t\t\t<\/rs-slide>\n\t\t\t\t\t\t<rs-slide data-key=\"rs-42\" data-title=\"Slide\" data-anim=\"ei:d;eo:d;s:1000;r:0;t:fade;sl:0;\">\n\t\t\t\t\t\t\t<img src=\"\/\/rifugiovalcamonica.com\/de\/wp-content\/uploads\/2013\/06\/P10305651.jpg\" title=\"Restaurant\" class=\"rev-slidebg\" data-no-retina>\n<!---->\t\t\t\t\t\t<\/rs-slide>\n\t\t\t\t\t\t<rs-slide data-key=\"rs-95\" data-title=\"Slide\" data-anim=\"ei:d;eo:d;s:1000;r:0;t:fade;sl:0;\">\n\t\t\t\t\t\t\t<img src=\"\/\/rifugiovalcamonica.com\/de\/wp-content\/uploads\/2013\/04\/Immagine-175.jpg\" title=\"Restaurant\" class=\"rev-slidebg\" data-no-retina>\n<!---->\t\t\t\t\t\t<\/rs-slide>\n\t\t\t\t\t<\/rs-slides>\n\t\t\t\t<\/rs-module>\n\t\t\t\t<script type=\"text\/javascript\">\n\t\t\t\t\tsetREVStartSize({c: 'rev_slider_18_1',rl:[1240,1024,778,480],el:[410],gw:[510],gh:[410],type:'standard',justify:'',layout:'fullwidth',mh:\"0\"});\n\t\t\t\t\tvar\trevapi18,\n\t\t\t\t\t\ttpj;\n\t\t\t\t\tjQuery(function() {\n\t\t\t\t\t\ttpj = jQuery;\n\t\t\t\t\t\ttpj.noConflict();\n\t\t\t\t\t\tif(tpj(\"#rev_slider_18_1\").revolution == undefined){\n\t\t\t\t\t\t\trevslider_showDoubleJqueryError(\"#rev_slider_18_1\");\n\t\t\t\t\t\t}else{\n\t\t\t\t\t\t\trevapi18 = tpj(\"#rev_slider_18_1\").show().revolution({\n\t\t\t\t\t\t\t\tjsFileLocation:\"\/\/rifugiovalcamonica.com\/de\/wp-content\/plugins\/revslider\/public\/assets\/js\/\",\n\t\t\t\t\t\t\t\tduration:\"4000ms\",\n\t\t\t\t\t\t\t\tvisibilityLevels:\"1240,1024,778,480\",\n\t\t\t\t\t\t\t\tgridwidth:510,\n\t\t\t\t\t\t\t\tgridheight:410,\n\t\t\t\t\t\t\t\tspinner:\"spinner5\",\n\t\t\t\t\t\t\t\teditorheight:\"410,768,960,720\",\n\t\t\t\t\t\t\t\tresponsiveLevels:\"1240,1024,778,480\",\n\t\t\t\t\t\t\t\tnavigation: {\n\t\t\t\t\t\t\t\t\tmouseScrollNavigation:false,\n\t\t\t\t\t\t\t\t\ttouch: {\n\t\t\t\t\t\t\t\t\t\ttouchenabled:true\n\t\t\t\t\t\t\t\t\t}\n\t\t\t\t\t\t\t\t},\n\t\t\t\t\t\t\t\tfallbacks: {\n\t\t\t\t\t\t\t\t\tsimplifyAll:\"\",\n\t\t\t\t\t\t\t\t\tignoreHeightChanges:\"\",\n\t\t\t\t\t\t\t\t\tallowHTML5AutoPlayOnAndroid:true\n\t\t\t\t\t\t\t\t},\n\t\t\t\t\t\t\t});\n\t\t\t\t\t\t}\n\t\t\t\t\t\t\n\t\t\t\t\t});\n\t\t\t\t<\/script>\n\t\t\t<\/rs-module-wrap>\n\t\t\t<!-- END REVOLUTION SLIDER -->\n\n<p>&nbsp;<\/p>\n<p>Unsere K\u00fcche ist einfach, aber mit schmackhaften und interessanten gastronomischen Vorschl\u00e4gen, die mit dem Gebiet verbunden sind. Die Zutaten sind von hoher Qualit\u00e4t, wie das Gem\u00fcse, das aus den G\u00e4rten der Stadt stammt und am selben Tag geerntet und verzehrt wird. Die K\u00e4se stammen von den Almen der nahen Berge und aus Cissva. Die Salami stammt aus der Region und wird von Metzgern aus D\u00f6rfern in der N\u00e4he von Cimbergo zubereitet.<\/p>\n<p>UNSERE HEISSEN GERICHTE<\/p>\n<p>Das beliebteste Gericht der letzten Zeit: Pizzoccheri mit Camuni-K\u00e4se.<br \/>\nZur Polenta gibt es je nach Geschmack Wild, Rinderschmorbraten, Rindergulasch, K\u00e4se und mehr.<br \/>\nGegrilltes Fleisch wird wie fr\u00fcher mit Holz gegart.<br \/>\nDer Spie\u00df besteht aus gemischtem Fleisch Kaninchen, Rind, Schwein, Huhn.<br \/>\nNudeln mit Steinpilzen ab Juli.<\/p>\n<p>Vegetarier und Veganer finden f\u00fcr sich passende Gerichte.<\/p>\n<p>KALTE GERICHTE<\/p>\n<p>Salami- und K\u00e4seplatte<br \/>\nGem\u00fcse<\/p>\n<p>PREISE<\/p>\n<p>Der Preis richtet sich nach den gew\u00e4hlten Gerichten. Normalerweise sind es etwa 23\/28 \u20ac.<\/p>\n<p>Hier wurde das Deckgeld schon lange nicht mehr bezahlt.<\/p>\n<p>N\u00dcTZLICHE INFORMATIONEN, VIELLEICHT AUCH ERFORDERLICH.<br \/>\n1) Es gibt immer einen Teller mit Nudeln oder K\u00e4se und Salami.<br \/>\n2) Polenta wird normalerweise sonntags und auch im August t\u00e4glich bis etwa zum zwanzigsten Tag verwendet.<br \/>\n3) Jeder, der ein bestimmtes Gericht probieren m\u00f6chte, ruft uns an, um Vorkehrungen zu treffen.<br \/>\n4) Wir haben keine vorgekochten Gerichte, Sie m\u00fcssen geduldig sein und warten, bis sie fertig sind. 5) Wir sind in einer alpinen Schutzh\u00fctte: Toleranz und Anpassung sollten die Grundlage jedes Mittagessens sein. 6) Wir versuchen, auf die verschiedenen Anfragen so gut wie m\u00f6glich zu reagieren, aber manchmal kommt das Unerwartete &#8230;&#8230; 7) Ansonsten guten Appetit!<\/p>\n","protected":false},"excerpt":{"rendered":"<p>&nbsp; Unsere K\u00fcche ist einfach, aber mit schmackhaften und interessanten gastronomischen Vorschl\u00e4gen, die mit dem Gebiet verbunden sind. Die Zutaten sind von hoher Qualit\u00e4t, wie das Gem\u00fcse, das aus den G\u00e4rten der Stadt stammt und am selben Tag geerntet und verzehrt wird. Die K\u00e4se stammen von den Almen der nahen Berge und aus Cissva. Die&#8230;<\/p>\n","protected":false},"author":12,"featured_media":0,"parent":0,"menu_order":0,"comment_status":"closed","ping_status":"closed","template":"","meta":[],"yoast_head":"<!-- This site is optimized with the Yoast SEO plugin v18.6 - https:\/\/yoast.com\/wordpress\/plugins\/seo\/ -->\n<title>Restaurant - Rifugio De Marie<\/title>\n<meta name=\"robots\" content=\"index, follow, max-snippet:-1, max-image-preview:large, max-video-preview:-1\" \/>\n<link rel=\"canonical\" href=\"https:\/\/rifugiovalcamonica.com\/de\/restaurant\/\" \/>\n<meta property=\"og:locale\" content=\"it_IT\" \/>\n<meta property=\"og:type\" content=\"article\" \/>\n<meta property=\"og:title\" content=\"Restaurant - Rifugio De Marie\" \/>\n<meta property=\"og:description\" content=\"&nbsp; Unsere K\u00fcche ist einfach, aber mit schmackhaften und interessanten gastronomischen Vorschl\u00e4gen, die mit dem Gebiet verbunden sind. Die Zutaten sind von hoher Qualit\u00e4t, wie das Gem\u00fcse, das aus den G\u00e4rten der Stadt stammt und am selben Tag geerntet und verzehrt wird. Die K\u00e4se stammen von den Almen der nahen Berge und aus Cissva. Die...\" \/>\n<meta property=\"og:url\" content=\"https:\/\/rifugiovalcamonica.com\/de\/restaurant\/\" \/>\n<meta property=\"og:site_name\" content=\"Rifugio De Marie\" \/>\n<meta property=\"article:modified_time\" content=\"2022-05-01T08:14:26+00:00\" \/>\n<meta name=\"twitter:label1\" content=\"Tempo di lettura stimato\" \/>\n\t<meta name=\"twitter:data1\" content=\"2 minuti\" \/>\n<script type=\"application\/ld+json\" class=\"yoast-schema-graph\">{\"@context\":\"https:\/\/schema.org\",\"@graph\":[{\"@type\":\"WebSite\",\"@id\":\"https:\/\/rifugiovalcamonica.com\/de\/#website\",\"url\":\"https:\/\/rifugiovalcamonica.com\/de\/\",\"name\":\"Rifugio De Marie\",\"description\":\"Rifugio in Valcamonica\",\"potentialAction\":[{\"@type\":\"SearchAction\",\"target\":{\"@type\":\"EntryPoint\",\"urlTemplate\":\"https:\/\/rifugiovalcamonica.com\/de\/?s={search_term_string}\"},\"query-input\":\"required name=search_term_string\"}],\"inLanguage\":\"it-IT\"},{\"@type\":\"WebPage\",\"@id\":\"https:\/\/rifugiovalcamonica.com\/de\/restaurant\/#webpage\",\"url\":\"https:\/\/rifugiovalcamonica.com\/de\/restaurant\/\",\"name\":\"Restaurant - Rifugio De Marie\",\"isPartOf\":{\"@id\":\"https:\/\/rifugiovalcamonica.com\/de\/#website\"},\"datePublished\":\"2013-04-18T12:43:06+00:00\",\"dateModified\":\"2022-05-01T08:14:26+00:00\",\"breadcrumb\":{\"@id\":\"https:\/\/rifugiovalcamonica.com\/de\/restaurant\/#breadcrumb\"},\"inLanguage\":\"it-IT\",\"potentialAction\":[{\"@type\":\"ReadAction\",\"target\":[\"https:\/\/rifugiovalcamonica.com\/de\/restaurant\/\"]}]},{\"@type\":\"BreadcrumbList\",\"@id\":\"https:\/\/rifugiovalcamonica.com\/de\/restaurant\/#breadcrumb\",\"itemListElement\":[{\"@type\":\"ListItem\",\"position\":1,\"name\":\"Restaurant\"}]}]}<\/script>\n<!-- \/ Yoast SEO plugin. -->","yoast_head_json":{"title":"Restaurant - Rifugio De Marie","robots":{"index":"index","follow":"follow","max-snippet":"max-snippet:-1","max-image-preview":"max-image-preview:large","max-video-preview":"max-video-preview:-1"},"canonical":"https:\/\/rifugiovalcamonica.com\/de\/restaurant\/","og_locale":"it_IT","og_type":"article","og_title":"Restaurant - Rifugio De Marie","og_description":"&nbsp; Unsere K\u00fcche ist einfach, aber mit schmackhaften und interessanten gastronomischen Vorschl\u00e4gen, die mit dem Gebiet verbunden sind. Die Zutaten sind von hoher Qualit\u00e4t, wie das Gem\u00fcse, das aus den G\u00e4rten der Stadt stammt und am selben Tag geerntet und verzehrt wird. Die K\u00e4se stammen von den Almen der nahen Berge und aus Cissva. Die...","og_url":"https:\/\/rifugiovalcamonica.com\/de\/restaurant\/","og_site_name":"Rifugio De Marie","article_modified_time":"2022-05-01T08:14:26+00:00","twitter_misc":{"Tempo di lettura stimato":"2 minuti"},"schema":{"@context":"https:\/\/schema.org","@graph":[{"@type":"WebSite","@id":"https:\/\/rifugiovalcamonica.com\/de\/#website","url":"https:\/\/rifugiovalcamonica.com\/de\/","name":"Rifugio De Marie","description":"Rifugio in Valcamonica","potentialAction":[{"@type":"SearchAction","target":{"@type":"EntryPoint","urlTemplate":"https:\/\/rifugiovalcamonica.com\/de\/?s={search_term_string}"},"query-input":"required name=search_term_string"}],"inLanguage":"it-IT"},{"@type":"WebPage","@id":"https:\/\/rifugiovalcamonica.com\/de\/restaurant\/#webpage","url":"https:\/\/rifugiovalcamonica.com\/de\/restaurant\/","name":"Restaurant - Rifugio De Marie","isPartOf":{"@id":"https:\/\/rifugiovalcamonica.com\/de\/#website"},"datePublished":"2013-04-18T12:43:06+00:00","dateModified":"2022-05-01T08:14:26+00:00","breadcrumb":{"@id":"https:\/\/rifugiovalcamonica.com\/de\/restaurant\/#breadcrumb"},"inLanguage":"it-IT","potentialAction":[{"@type":"ReadAction","target":["https:\/\/rifugiovalcamonica.com\/de\/restaurant\/"]}]},{"@type":"BreadcrumbList","@id":"https:\/\/rifugiovalcamonica.com\/de\/restaurant\/#breadcrumb","itemListElement":[{"@type":"ListItem","position":1,"name":"Restaurant"}]}]}},"_links":{"self":[{"href":"https:\/\/rifugiovalcamonica.com\/de\/wp-json\/wp\/v2\/pages\/88"}],"collection":[{"href":"https:\/\/rifugiovalcamonica.com\/de\/wp-json\/wp\/v2\/pages"}],"about":[{"href":"https:\/\/rifugiovalcamonica.com\/de\/wp-json\/wp\/v2\/types\/page"}],"author":[{"embeddable":true,"href":"https:\/\/rifugiovalcamonica.com\/de\/wp-json\/wp\/v2\/users\/12"}],"replies":[{"embeddable":true,"href":"https:\/\/rifugiovalcamonica.com\/de\/wp-json\/wp\/v2\/comments?post=88"}],"version-history":[{"count":23,"href":"https:\/\/rifugiovalcamonica.com\/de\/wp-json\/wp\/v2\/pages\/88\/revisions"}],"predecessor-version":[{"id":4353,"href":"https:\/\/rifugiovalcamonica.com\/de\/wp-json\/wp\/v2\/pages\/88\/revisions\/4353"}],"wp:attachment":[{"href":"https:\/\/rifugiovalcamonica.com\/de\/wp-json\/wp\/v2\/media?parent=88"}],"curies":[{"name":"wp","href":"https:\/\/api.w.org\/{rel}","templated":true}]}}