{"id":2868,"date":"2017-07-28T16:16:18","date_gmt":"2017-07-28T14:16:18","guid":{"rendered":"http:\/\/rifugiovalcamonica.com\/en\/?page_id=2868"},"modified":"2022-02-28T16:46:58","modified_gmt":"2022-02-28T15:46:58","slug":"alloggio","status":"publish","type":"page","link":"https:\/\/rifugiovalcamonica.com\/en\/alloggio\/","title":{"rendered":"Alloggio"},"content":{"rendered":"<section class=\"l-section wpb_row height_medium\"><div class=\"l-section-h i-cf\"><div class=\"g-cols offset_small\"><div class=\"vc_col-sm-12 wpb_column vc_column_container\"><div class=\"vc_column-inner\"><div class=\"wpb_text_column \"><div class=\"wpb_wrapper\"><p>stagione 2022<\/p>\n<p>Siamo fiduciosi questa stagione di ritornare ad accettare i pernottamenti, essendo quasi certo che il covid si sta modificando da pandemico in endemico.<\/p>\n<p>&nbsp;<\/p>\n<p>Il rifugio dispone di 5 camere. In totale 25 posti letto. Le camere sono cos\u00ec suddivise: una di 7 posti, una di 6 posti e tre camere hanno ciascuna 4 posti. Nelle camere a 4 posti non vengono mai alloggiate persone di gruppi diversi, capita dunque che vi siano letti liberi. Ogni letto \u00e8 provvisto di lenzuola, per\u00f2 chi vuole pu\u00f2 portarsi il sacco a pelo. Nella zona notte vi \u00e8 un unico bagno provvisto di doccia e acqua calda. Chi sceglie di pernottare da noi deve possedere capacit\u00e0 di condivisione ed adattamento. D&#8217;altronde siamo in un rifugio alpino. E&#8217; utile portarsi gli asciugamani. Invece \u00e8 inutile portare l&#8217;asciugacapelli perch\u00e9 la corrente elettrica a disposizione \u00e8 insufficiente a farlo funzionare. I capelli si asciugano al sole o davanti alla stufa.<\/p>\n<p>Per la pulizia usiamo prodotti naturali, privi di allergeni, ecocompatibili e non inquinanti, n\u00e9 testati su animali. Sono a disposizione per l&#8217;utilizzo in loco nei bagni.<\/p>\n<p>PREZZI per una persona per un giorno:<\/p>\n<ul>\n<li>pernottamento = \u20ac 30,00<\/li>\n<li>pernottamento e colazione = \u20ac 38,00<\/li>\n<li>mezza pensione, ossia cena, pernottamento e colazione = \u20ac 55,00<\/li>\n<li>pensione intera, comprendente pranzo, cena, pernottamento e colazione oppure cena, pernottamento, colazione e pranzo =\u00a0 \u00a0 \u00a0 \u00a0 \u00a0 \u00a0 \u00a0\u20ac 70,00<\/li>\n<\/ul>\n<p>Il bere \u00e8 escluso. L&#8217;acqua naturale del posto \u00e8 gratis.<\/p>\n<p>Nonostante noi adoriamo i bambini, non sono previsti sconti nella mezza pensione di un giorno.<\/p>\n<p>BIMBI<\/p>\n<p>da 0 a 2 anni \u00a0= gratis<\/p>\n<p>da 2 a 3 anni = prezzo intero &#8211; 50%<\/p>\n<p>da 3 a 6 anni = prezzo intero &#8211; 30%<\/p>\n<p>da 6 a 11 anni = prezzo intero &#8211; 20%<\/p><\/div> <\/div> <\/div><\/div><div class=\"vc_col-sm-12 wpb_column vc_column_container\"><div class=\"vc_column-inner\"><\/div><\/div><\/div><\/div><\/section><section class=\"l-section wpb_row height_medium\"><div class=\"l-section-h i-cf\"><div class=\"g-cols offset_small\"><div class=\"vc_col-sm-12 wpb_column vc_column_container\"><div class=\"vc_column-inner\"><\/div><\/div><\/div><\/div><\/section><section class=\"l-section wpb_row height_medium\"><div class=\"l-section-h i-cf\"><div class=\"g-cols offset_small\"><div class=\"vc_col-sm-12 wpb_column vc_column_container\"><div class=\"vc_column-inner\"><\/div><\/div><\/div><\/div><\/section>\n","protected":false},"excerpt":{"rendered":"stagione 2022 Siamo fiduciosi questa stagione di ritornare ad accettare i pernottamenti, essendo quasi certo che il covid si sta modificando da pandemico in endemico. &nbsp; Il rifugio dispone di 5 camere. In totale 25 posti letto. Le camere sono cos\u00ec suddivise: una di 7 posti, una di 6 posti e tre camere hanno ciascuna...","protected":false},"author":15,"featured_media":0,"parent":0,"menu_order":0,"comment_status":"closed","ping_status":"closed","template":"","meta":[],"yoast_head":"<!-- This site is optimized with the Yoast SEO plugin v18.6 - https:\/\/yoast.com\/wordpress\/plugins\/seo\/ -->\n<title>Alloggio - Rifugio De Marie<\/title>\n<meta name=\"robots\" content=\"index, follow, max-snippet:-1, max-image-preview:large, max-video-preview:-1\" \/>\n<link rel=\"canonical\" href=\"https:\/\/rifugiovalcamonica.com\/en\/alloggio\/\" \/>\n<meta property=\"og:locale\" content=\"it_IT\" \/>\n<meta property=\"og:type\" content=\"article\" \/>\n<meta property=\"og:title\" content=\"Alloggio - Rifugio De Marie\" \/>\n<meta property=\"og:url\" content=\"https:\/\/rifugiovalcamonica.com\/en\/alloggio\/\" \/>\n<meta property=\"og:site_name\" content=\"Rifugio De Marie\" \/>\n<meta property=\"article:modified_time\" content=\"2022-02-28T15:46:58+00:00\" \/>\n<meta name=\"twitter:label1\" content=\"Tempo di lettura stimato\" \/>\n\t<meta name=\"twitter:data1\" content=\"2 minuti\" \/>\n<script type=\"application\/ld+json\" class=\"yoast-schema-graph\">{\"@context\":\"https:\/\/schema.org\",\"@graph\":[{\"@type\":\"WebSite\",\"@id\":\"https:\/\/rifugiovalcamonica.com\/en\/#website\",\"url\":\"https:\/\/rifugiovalcamonica.com\/en\/\",\"name\":\"Rifugio De Marie\",\"description\":\"Rifugio in Valcamonica\",\"potentialAction\":[{\"@type\":\"SearchAction\",\"target\":{\"@type\":\"EntryPoint\",\"urlTemplate\":\"https:\/\/rifugiovalcamonica.com\/en\/?s={search_term_string}\"},\"query-input\":\"required name=search_term_string\"}],\"inLanguage\":\"it-IT\"},{\"@type\":\"WebPage\",\"@id\":\"https:\/\/rifugiovalcamonica.com\/en\/alloggio\/#webpage\",\"url\":\"https:\/\/rifugiovalcamonica.com\/en\/alloggio\/\",\"name\":\"Alloggio - Rifugio De Marie\",\"isPartOf\":{\"@id\":\"https:\/\/rifugiovalcamonica.com\/en\/#website\"},\"datePublished\":\"2017-07-28T14:16:18+00:00\",\"dateModified\":\"2022-02-28T15:46:58+00:00\",\"breadcrumb\":{\"@id\":\"https:\/\/rifugiovalcamonica.com\/en\/alloggio\/#breadcrumb\"},\"inLanguage\":\"it-IT\",\"potentialAction\":[{\"@type\":\"ReadAction\",\"target\":[\"https:\/\/rifugiovalcamonica.com\/en\/alloggio\/\"]}]},{\"@type\":\"BreadcrumbList\",\"@id\":\"https:\/\/rifugiovalcamonica.com\/en\/alloggio\/#breadcrumb\",\"itemListElement\":[{\"@type\":\"ListItem\",\"position\":1,\"name\":\"Alloggio\"}]}]}<\/script>\n<!-- \/ Yoast SEO plugin. -->","yoast_head_json":{"title":"Alloggio - Rifugio De Marie","robots":{"index":"index","follow":"follow","max-snippet":"max-snippet:-1","max-image-preview":"max-image-preview:large","max-video-preview":"max-video-preview:-1"},"canonical":"https:\/\/rifugiovalcamonica.com\/en\/alloggio\/","og_locale":"it_IT","og_type":"article","og_title":"Alloggio - Rifugio De Marie","og_url":"https:\/\/rifugiovalcamonica.com\/en\/alloggio\/","og_site_name":"Rifugio De Marie","article_modified_time":"2022-02-28T15:46:58+00:00","twitter_misc":{"Tempo di lettura stimato":"2 minuti"},"schema":{"@context":"https:\/\/schema.org","@graph":[{"@type":"WebSite","@id":"https:\/\/rifugiovalcamonica.com\/en\/#website","url":"https:\/\/rifugiovalcamonica.com\/en\/","name":"Rifugio De Marie","description":"Rifugio in Valcamonica","potentialAction":[{"@type":"SearchAction","target":{"@type":"EntryPoint","urlTemplate":"https:\/\/rifugiovalcamonica.com\/en\/?s={search_term_string}"},"query-input":"required name=search_term_string"}],"inLanguage":"it-IT"},{"@type":"WebPage","@id":"https:\/\/rifugiovalcamonica.com\/en\/alloggio\/#webpage","url":"https:\/\/rifugiovalcamonica.com\/en\/alloggio\/","name":"Alloggio - Rifugio De Marie","isPartOf":{"@id":"https:\/\/rifugiovalcamonica.com\/en\/#website"},"datePublished":"2017-07-28T14:16:18+00:00","dateModified":"2022-02-28T15:46:58+00:00","breadcrumb":{"@id":"https:\/\/rifugiovalcamonica.com\/en\/alloggio\/#breadcrumb"},"inLanguage":"it-IT","potentialAction":[{"@type":"ReadAction","target":["https:\/\/rifugiovalcamonica.com\/en\/alloggio\/"]}]},{"@type":"BreadcrumbList","@id":"https:\/\/rifugiovalcamonica.com\/en\/alloggio\/#breadcrumb","itemListElement":[{"@type":"ListItem","position":1,"name":"Alloggio"}]}]}},"_links":{"self":[{"href":"https:\/\/rifugiovalcamonica.com\/en\/wp-json\/wp\/v2\/pages\/2868"}],"collection":[{"href":"https:\/\/rifugiovalcamonica.com\/en\/wp-json\/wp\/v2\/pages"}],"about":[{"href":"https:\/\/rifugiovalcamonica.com\/en\/wp-json\/wp\/v2\/types\/page"}],"author":[{"embeddable":true,"href":"https:\/\/rifugiovalcamonica.com\/en\/wp-json\/wp\/v2\/users\/15"}],"replies":[{"embeddable":true,"href":"https:\/\/rifugiovalcamonica.com\/en\/wp-json\/wp\/v2\/comments?post=2868"}],"version-history":[{"count":9,"href":"https:\/\/rifugiovalcamonica.com\/en\/wp-json\/wp\/v2\/pages\/2868\/revisions"}],"predecessor-version":[{"id":4288,"href":"https:\/\/rifugiovalcamonica.com\/en\/wp-json\/wp\/v2\/pages\/2868\/revisions\/4288"}],"wp:attachment":[{"href":"https:\/\/rifugiovalcamonica.com\/en\/wp-json\/wp\/v2\/media?parent=2868"}],"curies":[{"name":"wp","href":"https:\/\/api.w.org\/{rel}","templated":true}]}}