{"id":12,"date":"2013-04-17T16:00:04","date_gmt":"2013-04-17T14:00:04","guid":{"rendered":"http:\/\/rifugiovalcamonica.com\/fr\/?page_id=12"},"modified":"2022-04-30T09:28:44","modified_gmt":"2022-04-30T07:28:44","slug":"ou-nous-sommes","status":"publish","type":"page","link":"https:\/\/rifugiovalcamonica.com\/fr\/ou-nous-sommes\/","title":{"rendered":"O\u00f9 nous sommes"},"content":{"rendered":"<p>Groupe de montagne\u00a0: Alpes rh\u00e9tiques<\/p>\n<p>Aire prot\u00e9g\u00e9e : Parc Naturel de l&#8217;Adamello<\/p>\n<p>altitude : 1480 m d&#8217;altitude<\/p>\n<p>R\u00e9gion Lombardie<\/p>\n<p>Province: Brescia<\/p>\n<p>Vall\u00e9e\u00a0: Moyenne Vall\u00e9e Camonica<\/p>\n<p>Municipalit\u00e9: Cimbergo<\/p>\n<p>Lieu : Volano<\/p>\n<p>Coordonn\u00e9es g\u00e9ographiques : E10.403615 N 46.019470<\/p>\n<p>EMPLACEMENT<\/p>\n<p>Le refuge se trouve dans le bassin du Volano : devant celui-ci s&#8217;ouvre la majest\u00e9 du groupe Tredenus, compl\u00e9t\u00e9, \u00e0 droite de l&#8217;\u00e9difice, par le fascinant retable du Pizzo Badile Camuno. A l&#8217;ouest, derri\u00e8re le refuge, se d\u00e9tache le massif de la Concarena.<\/p>\n","protected":false},"excerpt":{"rendered":"<p>Groupe de montagne\u00a0: Alpes rh\u00e9tiques Aire prot\u00e9g\u00e9e : Parc Naturel de l&#8217;Adamello altitude : 1480 m d&#8217;altitude R\u00e9gion Lombardie Province: Brescia Vall\u00e9e\u00a0: Moyenne Vall\u00e9e Camonica Municipalit\u00e9: Cimbergo Lieu : Volano Coordonn\u00e9es g\u00e9ographiques : E10.403615 N 46.019470 EMPLACEMENT Le refuge se trouve dans le bassin du Volano : devant celui-ci s&#8217;ouvre la majest\u00e9 du groupe Tredenus,&#8230;<\/p>\n","protected":false},"author":12,"featured_media":0,"parent":0,"menu_order":0,"comment_status":"closed","ping_status":"closed","template":"","meta":[],"yoast_head":"<!-- This site is optimized with the Yoast SEO plugin v18.6 - https:\/\/yoast.com\/wordpress\/plugins\/seo\/ -->\n<title>O\u00f9 nous sommes - Rifugio De Marie<\/title>\n<meta name=\"robots\" content=\"index, follow, max-snippet:-1, max-image-preview:large, max-video-preview:-1\" \/>\n<link rel=\"canonical\" href=\"https:\/\/rifugiovalcamonica.com\/fr\/ou-nous-sommes\/\" \/>\n<meta property=\"og:locale\" content=\"it_IT\" \/>\n<meta property=\"og:type\" content=\"article\" \/>\n<meta property=\"og:title\" content=\"O\u00f9 nous sommes - Rifugio De Marie\" \/>\n<meta property=\"og:description\" content=\"Groupe de montagne\u00a0: Alpes rh\u00e9tiques Aire prot\u00e9g\u00e9e : Parc Naturel de l&#8217;Adamello altitude : 1480 m d&#8217;altitude R\u00e9gion Lombardie Province: Brescia Vall\u00e9e\u00a0: Moyenne Vall\u00e9e Camonica Municipalit\u00e9: Cimbergo Lieu : Volano Coordonn\u00e9es g\u00e9ographiques : E10.403615 N 46.019470 EMPLACEMENT Le refuge se trouve dans le bassin du Volano : devant celui-ci s&#8217;ouvre la majest\u00e9 du groupe Tredenus,...\" \/>\n<meta property=\"og:url\" content=\"https:\/\/rifugiovalcamonica.com\/fr\/ou-nous-sommes\/\" \/>\n<meta property=\"og:site_name\" content=\"Rifugio De Marie\" \/>\n<meta property=\"article:modified_time\" content=\"2022-04-30T07:28:44+00:00\" \/>\n<meta name=\"twitter:label1\" content=\"Tempo di lettura stimato\" \/>\n\t<meta name=\"twitter:data1\" content=\"1 minuto\" \/>\n<script type=\"application\/ld+json\" class=\"yoast-schema-graph\">{\"@context\":\"https:\/\/schema.org\",\"@graph\":[{\"@type\":\"WebSite\",\"@id\":\"https:\/\/rifugiovalcamonica.com\/fr\/#website\",\"url\":\"https:\/\/rifugiovalcamonica.com\/fr\/\",\"name\":\"Rifugio De Marie\",\"description\":\"Rifugio in Valcamonica\",\"potentialAction\":[{\"@type\":\"SearchAction\",\"target\":{\"@type\":\"EntryPoint\",\"urlTemplate\":\"https:\/\/rifugiovalcamonica.com\/fr\/?s={search_term_string}\"},\"query-input\":\"required name=search_term_string\"}],\"inLanguage\":\"it-IT\"},{\"@type\":\"WebPage\",\"@id\":\"https:\/\/rifugiovalcamonica.com\/fr\/ou-nous-sommes\/#webpage\",\"url\":\"https:\/\/rifugiovalcamonica.com\/fr\/ou-nous-sommes\/\",\"name\":\"O\u00f9 nous sommes - Rifugio De Marie\",\"isPartOf\":{\"@id\":\"https:\/\/rifugiovalcamonica.com\/fr\/#website\"},\"datePublished\":\"2013-04-17T14:00:04+00:00\",\"dateModified\":\"2022-04-30T07:28:44+00:00\",\"breadcrumb\":{\"@id\":\"https:\/\/rifugiovalcamonica.com\/fr\/ou-nous-sommes\/#breadcrumb\"},\"inLanguage\":\"it-IT\",\"potentialAction\":[{\"@type\":\"ReadAction\",\"target\":[\"https:\/\/rifugiovalcamonica.com\/fr\/ou-nous-sommes\/\"]}]},{\"@type\":\"BreadcrumbList\",\"@id\":\"https:\/\/rifugiovalcamonica.com\/fr\/ou-nous-sommes\/#breadcrumb\",\"itemListElement\":[{\"@type\":\"ListItem\",\"position\":1,\"name\":\"O\u00f9 nous sommes\"}]}]}<\/script>\n<!-- \/ Yoast SEO plugin. -->","yoast_head_json":{"title":"O\u00f9 nous sommes - Rifugio De Marie","robots":{"index":"index","follow":"follow","max-snippet":"max-snippet:-1","max-image-preview":"max-image-preview:large","max-video-preview":"max-video-preview:-1"},"canonical":"https:\/\/rifugiovalcamonica.com\/fr\/ou-nous-sommes\/","og_locale":"it_IT","og_type":"article","og_title":"O\u00f9 nous sommes - Rifugio De Marie","og_description":"Groupe de montagne\u00a0: Alpes rh\u00e9tiques Aire prot\u00e9g\u00e9e : Parc Naturel de l&#8217;Adamello altitude : 1480 m d&#8217;altitude R\u00e9gion Lombardie Province: Brescia Vall\u00e9e\u00a0: Moyenne Vall\u00e9e Camonica Municipalit\u00e9: Cimbergo Lieu : Volano Coordonn\u00e9es g\u00e9ographiques : E10.403615 N 46.019470 EMPLACEMENT Le refuge se trouve dans le bassin du Volano : devant celui-ci s&#8217;ouvre la majest\u00e9 du groupe Tredenus,...","og_url":"https:\/\/rifugiovalcamonica.com\/fr\/ou-nous-sommes\/","og_site_name":"Rifugio De Marie","article_modified_time":"2022-04-30T07:28:44+00:00","twitter_misc":{"Tempo di lettura stimato":"1 minuto"},"schema":{"@context":"https:\/\/schema.org","@graph":[{"@type":"WebSite","@id":"https:\/\/rifugiovalcamonica.com\/fr\/#website","url":"https:\/\/rifugiovalcamonica.com\/fr\/","name":"Rifugio De Marie","description":"Rifugio in Valcamonica","potentialAction":[{"@type":"SearchAction","target":{"@type":"EntryPoint","urlTemplate":"https:\/\/rifugiovalcamonica.com\/fr\/?s={search_term_string}"},"query-input":"required name=search_term_string"}],"inLanguage":"it-IT"},{"@type":"WebPage","@id":"https:\/\/rifugiovalcamonica.com\/fr\/ou-nous-sommes\/#webpage","url":"https:\/\/rifugiovalcamonica.com\/fr\/ou-nous-sommes\/","name":"O\u00f9 nous sommes - Rifugio De Marie","isPartOf":{"@id":"https:\/\/rifugiovalcamonica.com\/fr\/#website"},"datePublished":"2013-04-17T14:00:04+00:00","dateModified":"2022-04-30T07:28:44+00:00","breadcrumb":{"@id":"https:\/\/rifugiovalcamonica.com\/fr\/ou-nous-sommes\/#breadcrumb"},"inLanguage":"it-IT","potentialAction":[{"@type":"ReadAction","target":["https:\/\/rifugiovalcamonica.com\/fr\/ou-nous-sommes\/"]}]},{"@type":"BreadcrumbList","@id":"https:\/\/rifugiovalcamonica.com\/fr\/ou-nous-sommes\/#breadcrumb","itemListElement":[{"@type":"ListItem","position":1,"name":"O\u00f9 nous sommes"}]}]}},"_links":{"self":[{"href":"https:\/\/rifugiovalcamonica.com\/fr\/wp-json\/wp\/v2\/pages\/12"}],"collection":[{"href":"https:\/\/rifugiovalcamonica.com\/fr\/wp-json\/wp\/v2\/pages"}],"about":[{"href":"https:\/\/rifugiovalcamonica.com\/fr\/wp-json\/wp\/v2\/types\/page"}],"author":[{"embeddable":true,"href":"https:\/\/rifugiovalcamonica.com\/fr\/wp-json\/wp\/v2\/users\/12"}],"replies":[{"embeddable":true,"href":"https:\/\/rifugiovalcamonica.com\/fr\/wp-json\/wp\/v2\/comments?post=12"}],"version-history":[{"count":8,"href":"https:\/\/rifugiovalcamonica.com\/fr\/wp-json\/wp\/v2\/pages\/12\/revisions"}],"predecessor-version":[{"id":4349,"href":"https:\/\/rifugiovalcamonica.com\/fr\/wp-json\/wp\/v2\/pages\/12\/revisions\/4349"}],"wp:attachment":[{"href":"https:\/\/rifugiovalcamonica.com\/fr\/wp-json\/wp\/v2\/media?parent=12"}],"curies":[{"name":"wp","href":"https:\/\/api.w.org\/{rel}","templated":true}]}}