{"id":147,"date":"2013-05-09T17:21:20","date_gmt":"2013-05-09T15:21:20","guid":{"rendered":"http:\/\/rifugiovalcamonica.com\/fr\/?page_id=147"},"modified":"2022-04-30T09:43:50","modified_gmt":"2022-04-30T07:43:50","slug":"structure","status":"publish","type":"page","link":"https:\/\/rifugiovalcamonica.com\/fr\/structure\/","title":{"rendered":"Structure"},"content":{"rendered":"\n\t\t\t<!-- START Slider Struttura REVOLUTION SLIDER 6.2.2 --><p class=\"rs-p-wp-fix\"><\/p>\n\t\t\t<rs-module-wrap id=\"rev_slider_27_1_wrapper\" data-source=\"gallery\" data-aimg=\"\"  style=\"background:#E9E9E9;padding:5;margin:0px auto;margin-top:0;margin-bottom:0;\">\n\t\t\t\t<rs-module id=\"rev_slider_27_1\" style=\"display:none;\" data-version=\"6.2.2\">\n\t\t\t\t\t<rs-slides>\n\t\t\t\t\t\t<rs-slide data-key=\"rs-64\" data-title=\"Slide\" data-anim=\"ei:d;eo:d;s:1000;r:0;t:fade;sl:0;\">\n\t\t\t\t\t\t\t<img src=\"\/\/rifugiovalcamonica.com\/fr\/wp-content\/uploads\/2014\/06\/Immagine14-300x221_opt-1.jpg\" title=\"Structure\" class=\"rev-slidebg\" data-no-retina>\n<!---->\t\t\t\t\t\t<\/rs-slide>\n\t\t\t\t\t\t<rs-slide data-key=\"rs-65\" data-title=\"Slide\" data-anim=\"ei:d;eo:d;s:1000;r:0;t:fade;sl:0;\">\n\t\t\t\t\t\t\t<img src=\"\/\/rifugiovalcamonica.com\/fr\/wp-content\/uploads\/2014\/06\/Immagine-210-300x204_opt.jpg\" title=\"Structure\" class=\"rev-slidebg\" data-no-retina>\n<!---->\t\t\t\t\t\t<\/rs-slide>\n\t\t\t\t\t\t<rs-slide data-key=\"rs-66\" data-title=\"Slide\" data-anim=\"ei:d;eo:d;s:1000;r:0;t:fade;sl:0;\">\n\t\t\t\t\t\t\t<img src=\"\/\/rifugiovalcamonica.com\/fr\/wp-content\/uploads\/2014\/06\/rifugionuovo_renamed_12214_opt-1.jpg\" title=\"Structure\" class=\"rev-slidebg\" data-no-retina>\n<!---->\t\t\t\t\t\t<\/rs-slide>\n\t\t\t\t\t<\/rs-slides>\n\t\t\t\t<\/rs-module>\n\t\t\t\t<script type=\"text\/javascript\">\n\t\t\t\t\tsetREVStartSize({c: 'rev_slider_27_1',rl:[1240,1024,778,480],el:[410],gw:[510],gh:[410],type:'standard',justify:'',layout:'fullwidth',mh:\"0\"});\n\t\t\t\t\tvar\trevapi27,\n\t\t\t\t\t\ttpj;\n\t\t\t\t\tjQuery(function() {\n\t\t\t\t\t\ttpj = jQuery;\n\t\t\t\t\t\ttpj.noConflict();\n\t\t\t\t\t\tif(tpj(\"#rev_slider_27_1\").revolution == undefined){\n\t\t\t\t\t\t\trevslider_showDoubleJqueryError(\"#rev_slider_27_1\");\n\t\t\t\t\t\t}else{\n\t\t\t\t\t\t\trevapi27 = tpj(\"#rev_slider_27_1\").show().revolution({\n\t\t\t\t\t\t\t\tjsFileLocation:\"\/\/rifugiovalcamonica.com\/fr\/wp-content\/plugins\/revslider\/public\/assets\/js\/\",\n\t\t\t\t\t\t\t\tduration:\"4000ms\",\n\t\t\t\t\t\t\t\tvisibilityLevels:\"1240,1024,778,480\",\n\t\t\t\t\t\t\t\tgridwidth:510,\n\t\t\t\t\t\t\t\tgridheight:410,\n\t\t\t\t\t\t\t\tspinner:\"spinner5\",\n\t\t\t\t\t\t\t\teditorheight:\"410,768,960,720\",\n\t\t\t\t\t\t\t\tresponsiveLevels:\"1240,1024,778,480\",\n\t\t\t\t\t\t\t\tnavigation: {\n\t\t\t\t\t\t\t\t\tmouseScrollNavigation:false,\n\t\t\t\t\t\t\t\t\ttouch: {\n\t\t\t\t\t\t\t\t\t\ttouchenabled:true\n\t\t\t\t\t\t\t\t\t}\n\t\t\t\t\t\t\t\t},\n\t\t\t\t\t\t\t\tfallbacks: {\n\t\t\t\t\t\t\t\t\tsimplifyAll:\"\",\n\t\t\t\t\t\t\t\t\tignoreHeightChanges:\"\",\n\t\t\t\t\t\t\t\t\tallowHTML5AutoPlayOnAndroid:true\n\t\t\t\t\t\t\t\t},\n\t\t\t\t\t\t\t});\n\t\t\t\t\t\t}\n\t\t\t\t\t\t\n\t\t\t\t\t});\n\t\t\t\t<\/script>\n\t\t\t<\/rs-module-wrap>\n\t\t\t<!-- END REVOLUTION SLIDER -->\n\n<p>Seul b\u00e2timent \u00e0 droite du chemin muletier (les autres cabanes sont toutes \u00e0 gauche) : le refuge. Il a \u00e9t\u00e9 construit au d\u00e9but des ann\u00e9es 1930 par l&#8217;arri\u00e8re-grand-p\u00e8re comme cabane-abri, avec de la pierre de granit local ciment\u00e9e avec la chaux produite dans la calchera voisine. La structure a \u00e9volu\u00e9 au fil des ans, tout en respectant son caract\u00e8re d&#8217;origine. Chaque ann\u00e9e, nous avons essay\u00e9 d&#8217;am\u00e9liorer le refuge pour communiquer notre respect et nos remerciements au touriste et \u00e0 la montagne. Au d\u00e9but des ann\u00e9es 90, nous avons r\u00e9alis\u00e9 les travaux les plus importants\u00a0:<br \/>\nLe toit, d&#8217;abord inclin\u00e9 \u00e0 l&#8217;est et maintenant \u00e0 l&#8217;ouest, a \u00e9t\u00e9 modifi\u00e9 pour augmenter l&#8217;espace de l&#8217;espace nuit : nous avons ainsi pu obtenir 6 chambres pour un total de 25 couchages (4\/6\/8 lits superpos\u00e9s), r\u00e9partis par des cloisons en bois, et une seule salle de bain avec douche et eau courante chaude et froide. On y acc\u00e8de par un escalier en colima\u00e7on situ\u00e9 pr\u00e8s de la cuisine.<br \/>\nDans les \u00e9tages, les traverses en bois et en paille ont \u00e9t\u00e9 remplac\u00e9es par des carreaux de terre cuite toscane et des terrasses en bois ont \u00e9t\u00e9 ajout\u00e9es dans le mur orient\u00e9 \u00e0 l&#8217;ouest.<br \/>\nAu rez-de-chauss\u00e9e se trouve la buvette, avec le bar et une salle de bain ext\u00e9rieure avec douche pour les campeurs.<br \/>\nAu sous-sol, de l&#8217;ancienne \u00e9curie, nous avons obtenu une taverne-restaurant et de la cave une taverne soigneusement meubl\u00e9e par Valentina avec des objets rustiques du pass\u00e9. Assunta raconte : \u00ab La premi\u00e8re fois que je suis entr\u00e9e dans le refuge, je me souviens du mur tout noir de la suie du po\u00eale. Qu&#8217;est-ce que c&#8217;est dur de l&#8217;enlever ! Combien de couches de blanc ! Et quand on dormait dans le grenier, plein de fissures de chaque c\u00f4t\u00e9, avec le vent froid qui venait vous tenir compagnie la nuit et la pluie qui d\u00e9goulinait naturellement jusque sur votre lit ! Mais ce sont de pr\u00e9cieux souvenirs qui unissent nous qui les avons v\u00e9cus.&#8221;<\/p>\n","protected":false},"excerpt":{"rendered":"<p>Seul b\u00e2timent \u00e0 droite du chemin muletier (les autres cabanes sont toutes \u00e0 gauche) : le refuge. Il a \u00e9t\u00e9 construit au d\u00e9but des ann\u00e9es 1930 par l&#8217;arri\u00e8re-grand-p\u00e8re comme cabane-abri, avec de la pierre de granit local ciment\u00e9e avec la chaux produite dans la calchera voisine. La structure a \u00e9volu\u00e9 au fil des ans, tout&#8230;<\/p>\n","protected":false},"author":12,"featured_media":0,"parent":0,"menu_order":0,"comment_status":"closed","ping_status":"closed","template":"","meta":[],"yoast_head":"<!-- This site is optimized with the Yoast SEO plugin v18.6 - https:\/\/yoast.com\/wordpress\/plugins\/seo\/ -->\n<title>Structure - Rifugio De Marie<\/title>\n<meta name=\"robots\" content=\"index, follow, max-snippet:-1, max-image-preview:large, max-video-preview:-1\" \/>\n<link rel=\"canonical\" href=\"https:\/\/rifugiovalcamonica.com\/fr\/structure\/\" \/>\n<meta property=\"og:locale\" content=\"it_IT\" \/>\n<meta property=\"og:type\" content=\"article\" \/>\n<meta property=\"og:title\" content=\"Structure - Rifugio De Marie\" \/>\n<meta property=\"og:description\" content=\"Seul b\u00e2timent \u00e0 droite du chemin muletier (les autres cabanes sont toutes \u00e0 gauche) : le refuge. Il a \u00e9t\u00e9 construit au d\u00e9but des ann\u00e9es 1930 par l&#8217;arri\u00e8re-grand-p\u00e8re comme cabane-abri, avec de la pierre de granit local ciment\u00e9e avec la chaux produite dans la calchera voisine. La structure a \u00e9volu\u00e9 au fil des ans, tout...\" \/>\n<meta property=\"og:url\" content=\"https:\/\/rifugiovalcamonica.com\/fr\/structure\/\" \/>\n<meta property=\"og:site_name\" content=\"Rifugio De Marie\" \/>\n<meta property=\"article:modified_time\" content=\"2022-04-30T07:43:50+00:00\" \/>\n<meta name=\"twitter:label1\" content=\"Tempo di lettura stimato\" \/>\n\t<meta name=\"twitter:data1\" content=\"2 minuti\" \/>\n<script type=\"application\/ld+json\" class=\"yoast-schema-graph\">{\"@context\":\"https:\/\/schema.org\",\"@graph\":[{\"@type\":\"WebSite\",\"@id\":\"https:\/\/rifugiovalcamonica.com\/fr\/#website\",\"url\":\"https:\/\/rifugiovalcamonica.com\/fr\/\",\"name\":\"Rifugio De Marie\",\"description\":\"Rifugio in Valcamonica\",\"potentialAction\":[{\"@type\":\"SearchAction\",\"target\":{\"@type\":\"EntryPoint\",\"urlTemplate\":\"https:\/\/rifugiovalcamonica.com\/fr\/?s={search_term_string}\"},\"query-input\":\"required name=search_term_string\"}],\"inLanguage\":\"it-IT\"},{\"@type\":\"WebPage\",\"@id\":\"https:\/\/rifugiovalcamonica.com\/fr\/structure\/#webpage\",\"url\":\"https:\/\/rifugiovalcamonica.com\/fr\/structure\/\",\"name\":\"Structure - Rifugio De Marie\",\"isPartOf\":{\"@id\":\"https:\/\/rifugiovalcamonica.com\/fr\/#website\"},\"datePublished\":\"2013-05-09T15:21:20+00:00\",\"dateModified\":\"2022-04-30T07:43:50+00:00\",\"breadcrumb\":{\"@id\":\"https:\/\/rifugiovalcamonica.com\/fr\/structure\/#breadcrumb\"},\"inLanguage\":\"it-IT\",\"potentialAction\":[{\"@type\":\"ReadAction\",\"target\":[\"https:\/\/rifugiovalcamonica.com\/fr\/structure\/\"]}]},{\"@type\":\"BreadcrumbList\",\"@id\":\"https:\/\/rifugiovalcamonica.com\/fr\/structure\/#breadcrumb\",\"itemListElement\":[{\"@type\":\"ListItem\",\"position\":1,\"name\":\"Structure\"}]}]}<\/script>\n<!-- \/ Yoast SEO plugin. -->","yoast_head_json":{"title":"Structure - Rifugio De Marie","robots":{"index":"index","follow":"follow","max-snippet":"max-snippet:-1","max-image-preview":"max-image-preview:large","max-video-preview":"max-video-preview:-1"},"canonical":"https:\/\/rifugiovalcamonica.com\/fr\/structure\/","og_locale":"it_IT","og_type":"article","og_title":"Structure - Rifugio De Marie","og_description":"Seul b\u00e2timent \u00e0 droite du chemin muletier (les autres cabanes sont toutes \u00e0 gauche) : le refuge. Il a \u00e9t\u00e9 construit au d\u00e9but des ann\u00e9es 1930 par l&#8217;arri\u00e8re-grand-p\u00e8re comme cabane-abri, avec de la pierre de granit local ciment\u00e9e avec la chaux produite dans la calchera voisine. La structure a \u00e9volu\u00e9 au fil des ans, tout...","og_url":"https:\/\/rifugiovalcamonica.com\/fr\/structure\/","og_site_name":"Rifugio De Marie","article_modified_time":"2022-04-30T07:43:50+00:00","twitter_misc":{"Tempo di lettura stimato":"2 minuti"},"schema":{"@context":"https:\/\/schema.org","@graph":[{"@type":"WebSite","@id":"https:\/\/rifugiovalcamonica.com\/fr\/#website","url":"https:\/\/rifugiovalcamonica.com\/fr\/","name":"Rifugio De Marie","description":"Rifugio in Valcamonica","potentialAction":[{"@type":"SearchAction","target":{"@type":"EntryPoint","urlTemplate":"https:\/\/rifugiovalcamonica.com\/fr\/?s={search_term_string}"},"query-input":"required name=search_term_string"}],"inLanguage":"it-IT"},{"@type":"WebPage","@id":"https:\/\/rifugiovalcamonica.com\/fr\/structure\/#webpage","url":"https:\/\/rifugiovalcamonica.com\/fr\/structure\/","name":"Structure - Rifugio De Marie","isPartOf":{"@id":"https:\/\/rifugiovalcamonica.com\/fr\/#website"},"datePublished":"2013-05-09T15:21:20+00:00","dateModified":"2022-04-30T07:43:50+00:00","breadcrumb":{"@id":"https:\/\/rifugiovalcamonica.com\/fr\/structure\/#breadcrumb"},"inLanguage":"it-IT","potentialAction":[{"@type":"ReadAction","target":["https:\/\/rifugiovalcamonica.com\/fr\/structure\/"]}]},{"@type":"BreadcrumbList","@id":"https:\/\/rifugiovalcamonica.com\/fr\/structure\/#breadcrumb","itemListElement":[{"@type":"ListItem","position":1,"name":"Structure"}]}]}},"_links":{"self":[{"href":"https:\/\/rifugiovalcamonica.com\/fr\/wp-json\/wp\/v2\/pages\/147"}],"collection":[{"href":"https:\/\/rifugiovalcamonica.com\/fr\/wp-json\/wp\/v2\/pages"}],"about":[{"href":"https:\/\/rifugiovalcamonica.com\/fr\/wp-json\/wp\/v2\/types\/page"}],"author":[{"embeddable":true,"href":"https:\/\/rifugiovalcamonica.com\/fr\/wp-json\/wp\/v2\/users\/12"}],"replies":[{"embeddable":true,"href":"https:\/\/rifugiovalcamonica.com\/fr\/wp-json\/wp\/v2\/comments?post=147"}],"version-history":[{"count":12,"href":"https:\/\/rifugiovalcamonica.com\/fr\/wp-json\/wp\/v2\/pages\/147\/revisions"}],"predecessor-version":[{"id":4355,"href":"https:\/\/rifugiovalcamonica.com\/fr\/wp-json\/wp\/v2\/pages\/147\/revisions\/4355"}],"wp:attachment":[{"href":"https:\/\/rifugiovalcamonica.com\/fr\/wp-json\/wp\/v2\/media?parent=147"}],"curies":[{"name":"wp","href":"https:\/\/api.w.org\/{rel}","templated":true}]}}