{"id":154,"date":"2013-05-09T17:43:03","date_gmt":"2013-05-09T15:43:03","guid":{"rendered":"http:\/\/rifugiovalcamonica.com\/fr\/?page_id=154"},"modified":"2022-04-30T10:12:55","modified_gmt":"2022-04-30T08:12:55","slug":"excursions","status":"publish","type":"page","link":"https:\/\/rifugiovalcamonica.com\/fr\/excursions\/","title":{"rendered":"Excursions"},"content":{"rendered":"\n\t\t\t<!-- START Slider escursioni REVOLUTION SLIDER 6.2.2 --><p class=\"rs-p-wp-fix\"><\/p>\n\t\t\t<rs-module-wrap id=\"rev_slider_13_1_wrapper\" data-source=\"gallery\" data-aimg=\"\"  style=\"background:#E9E9E9;padding:5;margin:0px auto;margin-top:0;margin-bottom:0;\">\n\t\t\t\t<rs-module id=\"rev_slider_13_1\" style=\"display:none;\" data-version=\"6.2.2\">\n\t\t\t\t\t<rs-slides>\n\t\t\t\t\t\t<rs-slide data-key=\"rs-28\" data-title=\"Slide\" data-anim=\"ei:d;eo:d;s:1000;r:0;t:fade;sl:0;\">\n\t\t\t\t\t\t\t<img src=\"\/\/rifugiovalcamonica.com\/fr\/wp-content\/uploads\/2013\/06\/S7301878.jpg\" title=\"Excursions\" class=\"rev-slidebg\" data-no-retina>\n<!---->\t\t\t\t\t\t<\/rs-slide>\n\t\t\t\t\t\t<rs-slide data-key=\"rs-78\" data-title=\"Slide\" data-anim=\"ei:d;eo:d;s:1000;r:0;t:fade;sl:0;\">\n\t\t\t\t\t\t\t<img src=\"\/\/rifugiovalcamonica.com\/fr\/wp-content\/uploads\/2014\/06\/Immagine-170.jpg\" title=\"Excursions\" class=\"rev-slidebg\" data-no-retina>\n<!---->\t\t\t\t\t\t<\/rs-slide>\n\t\t\t\t\t\t<rs-slide data-key=\"rs-80\" data-title=\"Slide\" data-anim=\"ei:d;eo:d;s:1000;r:0;t:fade;sl:0;\">\n\t\t\t\t\t\t\t<img src=\"\/\/rifugiovalcamonica.com\/fr\/wp-content\/uploads\/2014\/06\/P1040203.jpg\" title=\"Excursions\" class=\"rev-slidebg\" data-no-retina>\n<!---->\t\t\t\t\t\t<\/rs-slide>\n\t\t\t\t\t<\/rs-slides>\n\t\t\t\t<\/rs-module>\n\t\t\t\t<script type=\"text\/javascript\">\n\t\t\t\t\tsetREVStartSize({c: 'rev_slider_13_1',rl:[1240,1024,778,480],el:[410],gw:[510],gh:[410],type:'standard',justify:'',layout:'fullwidth',mh:\"0\"});\n\t\t\t\t\tvar\trevapi13,\n\t\t\t\t\t\ttpj;\n\t\t\t\t\tjQuery(function() {\n\t\t\t\t\t\ttpj = jQuery;\n\t\t\t\t\t\ttpj.noConflict();\n\t\t\t\t\t\tif(tpj(\"#rev_slider_13_1\").revolution == undefined){\n\t\t\t\t\t\t\trevslider_showDoubleJqueryError(\"#rev_slider_13_1\");\n\t\t\t\t\t\t}else{\n\t\t\t\t\t\t\trevapi13 = tpj(\"#rev_slider_13_1\").show().revolution({\n\t\t\t\t\t\t\t\tjsFileLocation:\"\/\/rifugiovalcamonica.com\/fr\/wp-content\/plugins\/revslider\/public\/assets\/js\/\",\n\t\t\t\t\t\t\t\tduration:\"4000ms\",\n\t\t\t\t\t\t\t\tvisibilityLevels:\"1240,1024,778,480\",\n\t\t\t\t\t\t\t\tgridwidth:510,\n\t\t\t\t\t\t\t\tgridheight:410,\n\t\t\t\t\t\t\t\tspinner:\"spinner5\",\n\t\t\t\t\t\t\t\teditorheight:\"410,768,960,720\",\n\t\t\t\t\t\t\t\tresponsiveLevels:\"1240,1024,778,480\",\n\t\t\t\t\t\t\t\tnavigation: {\n\t\t\t\t\t\t\t\t\tmouseScrollNavigation:false,\n\t\t\t\t\t\t\t\t\ttouch: {\n\t\t\t\t\t\t\t\t\t\ttouchenabled:true\n\t\t\t\t\t\t\t\t\t}\n\t\t\t\t\t\t\t\t},\n\t\t\t\t\t\t\t\tfallbacks: {\n\t\t\t\t\t\t\t\t\tsimplifyAll:\"\",\n\t\t\t\t\t\t\t\t\tignoreHeightChanges:\"\",\n\t\t\t\t\t\t\t\t\tallowHTML5AutoPlayOnAndroid:true\n\t\t\t\t\t\t\t\t},\n\t\t\t\t\t\t\t});\n\t\t\t\t\t\t}\n\t\t\t\t\t\t\n\t\t\t\t\t});\n\t\t\t\t<\/script>\n\t\t\t<\/rs-module-wrap>\n\t\t\t<!-- END REVOLUTION SLIDER -->\n\n<p>&nbsp;<\/p>\n<p>Refuge Colomb\u00e8 &#8211; 1h30, en suivant le chemin muletier jusqu&#8217;au virage en \u00e9pingle (20 minutes) qui tourne vers le nord et continue sur le m\u00eame.<\/p>\n<p>Passo di Mezza Malga &#8211; 3 heures &#8211; sentier blanc et jaune. Deuxi\u00e8me front de la grande guerre : vous trouverez ici des t\u00e9moignages de cette p\u00e9riode ; sur l&#8217;une des images, le chemin muletier, qui m\u00e8ne au col, construit par les militaires pendant la Grande Guerre<\/p>\n<p>Bivouac de Cai-Macherio. Panneau n.16-chemin blanc et rouge\u00a0; 3 heures, en suivant le chemin muletier jusqu&#8217;au virage en \u00e9pingle qui tourne vers le nord ; ici, vous prenez le chemin \u00e0 droite, l\u00e0 o\u00f9 se trouve le panneau indicatif.<\/p>\n<p>Refuge Maria e Franco au col du Dernal (m2577) jusqu&#8217;\u00e0 la Forcella del Tredenus (2667) &#8211; 5 heures &#8211; balise n\u00b016 &#8211; sentier blanc et rouge ; voir bivouac de Cai-Macherio.<\/p>\n<p>Cabanes de Valpaghera par le col de Mezzamalga &#8211; 5h30 &#8211; sentier jaune et blanc ; voir Passo di Mezza Malga.<\/p>\n<p>Malga del Marmor &#8211; 2 heures &#8211; en suivant le chemin rouge et blanc qui m\u00e8ne \u00e0 Pizzo Badile ; \u00e0 droite du refuge, en passant devant la petite \u00e9glise et le Pla Grand. Suggestion pour le retour : traverser toute la montagne, en se d\u00e9pla\u00e7ant vers l&#8217;est, en atteignant, au moyen d&#8217;un sentier, le chemin muletier qui m\u00e8ne au col d&#8217;une demi-malga.<\/p>\n<p>Sella Nant\u00ec- heure 2- Prendre le petit pont \u00e0 gauche du refuge et suivre le chemin muletier (Strada Piana) au-dessus du &#8220;nouveau&#8221;. Apr\u00e8s avoir pass\u00e9 d&#8217;abord les glissements de terrain de Mastil\u00ec puis &#8220;l&#8217;Oltanine&#8221;, 4 virages en \u00e9pingle \u00e0 cheveux en mont\u00e9e, continuez sur la route qui revient principalement \u00e0 plat et vous arriverez \u00e0 Sella Nant\u00ec, ainsi appel\u00e9e en raison de sa forme de selle de cheval. Nous sommes situ\u00e9s derri\u00e8re Pizzo Badile et vous pouvez voir les cabanes de Valpaghera di Ceto et celles de Braone. En continuant un peu plus loin, sur le bassin le plus \u00e9lev\u00e9, connu sous le nom de &#8220;Colom Alta&#8221;, vous pouvez voir le refuge &#8220;da Pierino&#8221; et diverses montagnes environnantes. Randonn\u00e9e presque facile, tr\u00e8s int\u00e9ressante et satisfaisante.<\/p>\n","protected":false},"excerpt":{"rendered":"<p>&nbsp; Refuge Colomb\u00e8 &#8211; 1h30, en suivant le chemin muletier jusqu&#8217;au virage en \u00e9pingle (20 minutes) qui tourne vers le nord et continue sur le m\u00eame. Passo di Mezza Malga &#8211; 3 heures &#8211; sentier blanc et jaune. Deuxi\u00e8me front de la grande guerre : vous trouverez ici des t\u00e9moignages de cette p\u00e9riode ; sur&#8230;<\/p>\n","protected":false},"author":12,"featured_media":0,"parent":0,"menu_order":0,"comment_status":"closed","ping_status":"closed","template":"","meta":[],"yoast_head":"<!-- This site is optimized with the Yoast SEO plugin v18.6 - https:\/\/yoast.com\/wordpress\/plugins\/seo\/ -->\n<title>Excursions - Rifugio De Marie<\/title>\n<meta name=\"robots\" content=\"index, follow, max-snippet:-1, max-image-preview:large, max-video-preview:-1\" \/>\n<link rel=\"canonical\" href=\"https:\/\/rifugiovalcamonica.com\/fr\/excursions\/\" \/>\n<meta property=\"og:locale\" content=\"it_IT\" \/>\n<meta property=\"og:type\" content=\"article\" \/>\n<meta property=\"og:title\" content=\"Excursions - Rifugio De Marie\" \/>\n<meta property=\"og:description\" content=\"&nbsp; Refuge Colomb\u00e8 &#8211; 1h30, en suivant le chemin muletier jusqu&#8217;au virage en \u00e9pingle (20 minutes) qui tourne vers le nord et continue sur le m\u00eame. Passo di Mezza Malga &#8211; 3 heures &#8211; sentier blanc et jaune. Deuxi\u00e8me front de la grande guerre : vous trouverez ici des t\u00e9moignages de cette p\u00e9riode ; sur...\" \/>\n<meta property=\"og:url\" content=\"https:\/\/rifugiovalcamonica.com\/fr\/excursions\/\" \/>\n<meta property=\"og:site_name\" content=\"Rifugio De Marie\" \/>\n<meta property=\"article:modified_time\" content=\"2022-04-30T08:12:55+00:00\" \/>\n<meta name=\"twitter:label1\" content=\"Tempo di lettura stimato\" \/>\n\t<meta name=\"twitter:data1\" content=\"2 minuti\" \/>\n<script type=\"application\/ld+json\" class=\"yoast-schema-graph\">{\"@context\":\"https:\/\/schema.org\",\"@graph\":[{\"@type\":\"WebSite\",\"@id\":\"https:\/\/rifugiovalcamonica.com\/fr\/#website\",\"url\":\"https:\/\/rifugiovalcamonica.com\/fr\/\",\"name\":\"Rifugio De Marie\",\"description\":\"Rifugio in Valcamonica\",\"potentialAction\":[{\"@type\":\"SearchAction\",\"target\":{\"@type\":\"EntryPoint\",\"urlTemplate\":\"https:\/\/rifugiovalcamonica.com\/fr\/?s={search_term_string}\"},\"query-input\":\"required name=search_term_string\"}],\"inLanguage\":\"it-IT\"},{\"@type\":\"WebPage\",\"@id\":\"https:\/\/rifugiovalcamonica.com\/fr\/excursions\/#webpage\",\"url\":\"https:\/\/rifugiovalcamonica.com\/fr\/excursions\/\",\"name\":\"Excursions - Rifugio De Marie\",\"isPartOf\":{\"@id\":\"https:\/\/rifugiovalcamonica.com\/fr\/#website\"},\"datePublished\":\"2013-05-09T15:43:03+00:00\",\"dateModified\":\"2022-04-30T08:12:55+00:00\",\"breadcrumb\":{\"@id\":\"https:\/\/rifugiovalcamonica.com\/fr\/excursions\/#breadcrumb\"},\"inLanguage\":\"it-IT\",\"potentialAction\":[{\"@type\":\"ReadAction\",\"target\":[\"https:\/\/rifugiovalcamonica.com\/fr\/excursions\/\"]}]},{\"@type\":\"BreadcrumbList\",\"@id\":\"https:\/\/rifugiovalcamonica.com\/fr\/excursions\/#breadcrumb\",\"itemListElement\":[{\"@type\":\"ListItem\",\"position\":1,\"name\":\"Excursions\"}]}]}<\/script>\n<!-- \/ Yoast SEO plugin. -->","yoast_head_json":{"title":"Excursions - Rifugio De Marie","robots":{"index":"index","follow":"follow","max-snippet":"max-snippet:-1","max-image-preview":"max-image-preview:large","max-video-preview":"max-video-preview:-1"},"canonical":"https:\/\/rifugiovalcamonica.com\/fr\/excursions\/","og_locale":"it_IT","og_type":"article","og_title":"Excursions - Rifugio De Marie","og_description":"&nbsp; Refuge Colomb\u00e8 &#8211; 1h30, en suivant le chemin muletier jusqu&#8217;au virage en \u00e9pingle (20 minutes) qui tourne vers le nord et continue sur le m\u00eame. Passo di Mezza Malga &#8211; 3 heures &#8211; sentier blanc et jaune. Deuxi\u00e8me front de la grande guerre : vous trouverez ici des t\u00e9moignages de cette p\u00e9riode ; sur...","og_url":"https:\/\/rifugiovalcamonica.com\/fr\/excursions\/","og_site_name":"Rifugio De Marie","article_modified_time":"2022-04-30T08:12:55+00:00","twitter_misc":{"Tempo di lettura stimato":"2 minuti"},"schema":{"@context":"https:\/\/schema.org","@graph":[{"@type":"WebSite","@id":"https:\/\/rifugiovalcamonica.com\/fr\/#website","url":"https:\/\/rifugiovalcamonica.com\/fr\/","name":"Rifugio De Marie","description":"Rifugio in Valcamonica","potentialAction":[{"@type":"SearchAction","target":{"@type":"EntryPoint","urlTemplate":"https:\/\/rifugiovalcamonica.com\/fr\/?s={search_term_string}"},"query-input":"required name=search_term_string"}],"inLanguage":"it-IT"},{"@type":"WebPage","@id":"https:\/\/rifugiovalcamonica.com\/fr\/excursions\/#webpage","url":"https:\/\/rifugiovalcamonica.com\/fr\/excursions\/","name":"Excursions - Rifugio De Marie","isPartOf":{"@id":"https:\/\/rifugiovalcamonica.com\/fr\/#website"},"datePublished":"2013-05-09T15:43:03+00:00","dateModified":"2022-04-30T08:12:55+00:00","breadcrumb":{"@id":"https:\/\/rifugiovalcamonica.com\/fr\/excursions\/#breadcrumb"},"inLanguage":"it-IT","potentialAction":[{"@type":"ReadAction","target":["https:\/\/rifugiovalcamonica.com\/fr\/excursions\/"]}]},{"@type":"BreadcrumbList","@id":"https:\/\/rifugiovalcamonica.com\/fr\/excursions\/#breadcrumb","itemListElement":[{"@type":"ListItem","position":1,"name":"Excursions"}]}]}},"_links":{"self":[{"href":"https:\/\/rifugiovalcamonica.com\/fr\/wp-json\/wp\/v2\/pages\/154"}],"collection":[{"href":"https:\/\/rifugiovalcamonica.com\/fr\/wp-json\/wp\/v2\/pages"}],"about":[{"href":"https:\/\/rifugiovalcamonica.com\/fr\/wp-json\/wp\/v2\/types\/page"}],"author":[{"embeddable":true,"href":"https:\/\/rifugiovalcamonica.com\/fr\/wp-json\/wp\/v2\/users\/12"}],"replies":[{"embeddable":true,"href":"https:\/\/rifugiovalcamonica.com\/fr\/wp-json\/wp\/v2\/comments?post=154"}],"version-history":[{"count":10,"href":"https:\/\/rifugiovalcamonica.com\/fr\/wp-json\/wp\/v2\/pages\/154\/revisions"}],"predecessor-version":[{"id":4363,"href":"https:\/\/rifugiovalcamonica.com\/fr\/wp-json\/wp\/v2\/pages\/154\/revisions\/4363"}],"wp:attachment":[{"href":"https:\/\/rifugiovalcamonica.com\/fr\/wp-json\/wp\/v2\/media?parent=154"}],"curies":[{"name":"wp","href":"https:\/\/api.w.org\/{rel}","templated":true}]}}