{"id":158,"date":"2013-05-09T17:44:38","date_gmt":"2013-05-09T15:44:38","guid":{"rendered":"http:\/\/rifugiovalcamonica.com\/fr\/?page_id=158"},"modified":"2022-04-30T10:16:56","modified_gmt":"2022-04-30T08:16:56","slug":"autre","status":"publish","type":"page","link":"https:\/\/rifugiovalcamonica.com\/fr\/autre\/","title":{"rendered":"Autre"},"content":{"rendered":"\n\t\t\t<!-- START Slider Altro REVOLUTION SLIDER 6.2.2 --><p class=\"rs-p-wp-fix\"><\/p>\n\t\t\t<rs-module-wrap id=\"rev_slider_42_1_wrapper\" data-source=\"gallery\" data-aimg=\"\"  style=\"background:#E9E9E9;padding:5;margin:0px auto;margin-top:0;margin-bottom:0;\">\n\t\t\t\t<rs-module id=\"rev_slider_42_1\" style=\"display:none;\" data-version=\"6.2.2\">\n\t\t\t\t\t<rs-slides>\n\t\t\t\t\t\t<rs-slide data-key=\"rs-118\" data-title=\"Slide\" data-anim=\"ei:d;eo:d;s:1000;r:0;t:fade;sl:0;\">\n\t\t\t\t\t\t\t<img src=\"\/\/rifugiovalcamonica.com\/fr\/wp-content\/uploads\/2014\/09\/bambini.jpg\" title=\"Autre\" class=\"rev-slidebg\" data-no-retina>\n<!---->\t\t\t\t\t\t<\/rs-slide>\n\t\t\t\t\t\t<rs-slide data-key=\"rs-119\" data-title=\"Slide\" data-anim=\"ei:d;eo:d;s:1000;r:0;t:fade;sl:0;\">\n\t\t\t\t\t\t\t<img src=\"\/\/rifugiovalcamonica.com\/fr\/wp-content\/uploads\/2013\/06\/SDC11988.jpg\" title=\"Autre\" class=\"rev-slidebg\" data-no-retina>\n<!---->\t\t\t\t\t\t<\/rs-slide>\n\t\t\t\t\t\t<rs-slide data-key=\"rs-120\" data-title=\"Slide\" data-anim=\"ei:d;eo:d;s:1000;r:0;t:fade;sl:0;\">\n\t\t\t\t\t\t\t<img src=\"\/\/rifugiovalcamonica.com\/fr\/wp-content\/uploads\/2013\/06\/S7301108.jpg\" title=\"Autre\" class=\"rev-slidebg\" data-no-retina>\n<!---->\t\t\t\t\t\t<\/rs-slide>\n\t\t\t\t\t<\/rs-slides>\n\t\t\t\t<\/rs-module>\n\t\t\t\t<script type=\"text\/javascript\">\n\t\t\t\t\tsetREVStartSize({c: 'rev_slider_42_1',rl:[1240,1024,778,480],el:[410],gw:[510],gh:[410],type:'standard',justify:'',layout:'fullwidth',mh:\"0\"});\n\t\t\t\t\tvar\trevapi42,\n\t\t\t\t\t\ttpj;\n\t\t\t\t\tjQuery(function() {\n\t\t\t\t\t\ttpj = jQuery;\n\t\t\t\t\t\ttpj.noConflict();\n\t\t\t\t\t\tif(tpj(\"#rev_slider_42_1\").revolution == undefined){\n\t\t\t\t\t\t\trevslider_showDoubleJqueryError(\"#rev_slider_42_1\");\n\t\t\t\t\t\t}else{\n\t\t\t\t\t\t\trevapi42 = tpj(\"#rev_slider_42_1\").show().revolution({\n\t\t\t\t\t\t\t\tjsFileLocation:\"\/\/rifugiovalcamonica.com\/fr\/wp-content\/plugins\/revslider\/public\/assets\/js\/\",\n\t\t\t\t\t\t\t\tduration:\"4000ms\",\n\t\t\t\t\t\t\t\tvisibilityLevels:\"1240,1024,778,480\",\n\t\t\t\t\t\t\t\tgridwidth:510,\n\t\t\t\t\t\t\t\tgridheight:410,\n\t\t\t\t\t\t\t\tspinner:\"spinner5\",\n\t\t\t\t\t\t\t\teditorheight:\"410,768,960,720\",\n\t\t\t\t\t\t\t\tresponsiveLevels:\"1240,1024,778,480\",\n\t\t\t\t\t\t\t\tnavigation: {\n\t\t\t\t\t\t\t\t\tmouseScrollNavigation:false,\n\t\t\t\t\t\t\t\t\ttouch: {\n\t\t\t\t\t\t\t\t\t\ttouchenabled:true\n\t\t\t\t\t\t\t\t\t}\n\t\t\t\t\t\t\t\t},\n\t\t\t\t\t\t\t\tfallbacks: {\n\t\t\t\t\t\t\t\t\tsimplifyAll:\"\",\n\t\t\t\t\t\t\t\t\tignoreHeightChanges:\"\",\n\t\t\t\t\t\t\t\t\tallowHTML5AutoPlayOnAndroid:true\n\t\t\t\t\t\t\t\t},\n\t\t\t\t\t\t\t});\n\t\t\t\t\t\t}\n\t\t\t\t\t\t\n\t\t\t\t\t});\n\t\t\t\t<\/script>\n\t\t\t<\/rs-module-wrap>\n\t\t\t<!-- END REVOLUTION SLIDER -->\n\n<p>&nbsp;<\/p>\n<p>Depuis le refuge, il est possible d&#8217;essayer la marche et l&#8217;escalade de diff\u00e9rentes difficult\u00e9s, int\u00e9ressantes pour chaque type d&#8217;excursion.<\/p>\n<p>En \u00e9t\u00e9<\/p>\n<p>Vacances actives :<\/p>\n<p>trekking: chemin Antonioli (2\u00e8me \u00e9tape) le chemin part de Capodiponte et arrive \u00e0 Limone del Garda &#8211; dur\u00e9e 7 jours &#8211; Il est utile de se renseigner sur les cabanes du parcours car toutes ne sont pas ouvertes<\/p>\n<p>Des vacances reposantes : des sentiers muletiers presque inconnus, des \u00e9tendues de bois encadr\u00e9es par la cha\u00eene des Tredenus, conduisent \u00e0 la d\u00e9couverte de coins de nature inattendus, o\u00f9 l&#8217;on peut s&#8217;adonner \u00e0 la m\u00e9ditation ou \u00e0 la lecture.<\/p>\n<p>Vacances d&#8217;\u00e9tudes : pour ceux qui recherchent un environnement calme o\u00f9 ils peuvent mieux se concentrer pour se pr\u00e9parer aux examens finaux ; pour ceux qui pr\u00e9f\u00e8rent faire faire le travail scolaire de leur enfant en compagnie d&#8217;un encadrant exp\u00e9riment\u00e9<\/p>\n<p>en hiver<\/p>\n<p>ski alpinisme depuis le Bivouac CAI MACHERIO.<br \/>\nciaspolade = garez votre voiture au-del\u00e0 de la ville de Cimbergo, o\u00f9 la route devient plate et les cabanes sont r\u00e9nov\u00e9es. Sur la droite, avec indication Mastellino, prendre le chemin muletier \u00e0 travers les bois de noisetiers. Continuer sur environ 5 km pour rejoindre le refuge. De l\u00e0, vous pouvez choisir de faire le tour du refuge en raquettes, de continuer vers le nord pour atteindre le mont Colomb\u00e9 ou de monter jusqu&#8217;au bivouac de Cai Macherio. Le retour emprunte le m\u00eame itin\u00e9raire que l&#8217;aller jusqu&#8217;au refuge ; \u00e0 partir de l\u00e0, vous pouvez descendre l&#8217;ancienne route qui longe le ruisseau et revenir au parking. Deuxi\u00e8me proposition : alternativement, apr\u00e8s s&#8217;\u00eatre gar\u00e9 \u00e0 l&#8217;endroit habituel, continuer \u00e0 gauche sur l&#8217;ancien chemin muletier. A votre arriv\u00e9e, apr\u00e8s moins d&#8217;une heure, vous trouverez le panneau Nicol au carrefour. Nous choisissons de continuer sur la gauche jusqu&#8217;\u00e0 d\u00e9boucher sur une route qui coupe horizontalement la n\u00f4tre. Si vous allez \u00e0 gauche vous arriverez au Mont Colomb\u00e9, si vous continuez \u00e0 droite vous arriverez au Volano, le refuge. De l\u00e0, vous descendez soit par l&#8217;ancienne route qui longe le ruisseau, soit par le chemin de pompiers plus long mais panoramique. Le temps mis d\u00e9pend du rythme. Cependant, vous pouvez toujours revenir en arri\u00e8re \u00e0 un moment donn\u00e9 sur le chemin.<\/p>\n","protected":false},"excerpt":{"rendered":"<p>&nbsp; Depuis le refuge, il est possible d&#8217;essayer la marche et l&#8217;escalade de diff\u00e9rentes difficult\u00e9s, int\u00e9ressantes pour chaque type d&#8217;excursion. En \u00e9t\u00e9 Vacances actives : trekking: chemin Antonioli (2\u00e8me \u00e9tape) le chemin part de Capodiponte et arrive \u00e0 Limone del Garda &#8211; dur\u00e9e 7 jours &#8211; Il est utile de se renseigner sur les cabanes&#8230;<\/p>\n","protected":false},"author":12,"featured_media":0,"parent":0,"menu_order":0,"comment_status":"closed","ping_status":"closed","template":"","meta":[],"yoast_head":"<!-- This site is optimized with the Yoast SEO plugin v18.6 - https:\/\/yoast.com\/wordpress\/plugins\/seo\/ -->\n<title>Autre - Rifugio De Marie<\/title>\n<meta name=\"robots\" content=\"index, follow, max-snippet:-1, max-image-preview:large, max-video-preview:-1\" \/>\n<link rel=\"canonical\" href=\"https:\/\/rifugiovalcamonica.com\/fr\/autre\/\" \/>\n<meta property=\"og:locale\" content=\"it_IT\" \/>\n<meta property=\"og:type\" content=\"article\" \/>\n<meta property=\"og:title\" content=\"Autre - Rifugio De Marie\" \/>\n<meta property=\"og:description\" content=\"&nbsp; Depuis le refuge, il est possible d&#8217;essayer la marche et l&#8217;escalade de diff\u00e9rentes difficult\u00e9s, int\u00e9ressantes pour chaque type d&#8217;excursion. En \u00e9t\u00e9 Vacances actives : trekking: chemin Antonioli (2\u00e8me \u00e9tape) le chemin part de Capodiponte et arrive \u00e0 Limone del Garda &#8211; dur\u00e9e 7 jours &#8211; Il est utile de se renseigner sur les cabanes...\" \/>\n<meta property=\"og:url\" content=\"https:\/\/rifugiovalcamonica.com\/fr\/autre\/\" \/>\n<meta property=\"og:site_name\" content=\"Rifugio De Marie\" \/>\n<meta property=\"article:modified_time\" content=\"2022-04-30T08:16:56+00:00\" \/>\n<meta name=\"twitter:label1\" content=\"Tempo di lettura stimato\" \/>\n\t<meta name=\"twitter:data1\" content=\"2 minuti\" \/>\n<script type=\"application\/ld+json\" class=\"yoast-schema-graph\">{\"@context\":\"https:\/\/schema.org\",\"@graph\":[{\"@type\":\"WebSite\",\"@id\":\"https:\/\/rifugiovalcamonica.com\/fr\/#website\",\"url\":\"https:\/\/rifugiovalcamonica.com\/fr\/\",\"name\":\"Rifugio De Marie\",\"description\":\"Rifugio in Valcamonica\",\"potentialAction\":[{\"@type\":\"SearchAction\",\"target\":{\"@type\":\"EntryPoint\",\"urlTemplate\":\"https:\/\/rifugiovalcamonica.com\/fr\/?s={search_term_string}\"},\"query-input\":\"required name=search_term_string\"}],\"inLanguage\":\"it-IT\"},{\"@type\":\"WebPage\",\"@id\":\"https:\/\/rifugiovalcamonica.com\/fr\/autre\/#webpage\",\"url\":\"https:\/\/rifugiovalcamonica.com\/fr\/autre\/\",\"name\":\"Autre - Rifugio De Marie\",\"isPartOf\":{\"@id\":\"https:\/\/rifugiovalcamonica.com\/fr\/#website\"},\"datePublished\":\"2013-05-09T15:44:38+00:00\",\"dateModified\":\"2022-04-30T08:16:56+00:00\",\"breadcrumb\":{\"@id\":\"https:\/\/rifugiovalcamonica.com\/fr\/autre\/#breadcrumb\"},\"inLanguage\":\"it-IT\",\"potentialAction\":[{\"@type\":\"ReadAction\",\"target\":[\"https:\/\/rifugiovalcamonica.com\/fr\/autre\/\"]}]},{\"@type\":\"BreadcrumbList\",\"@id\":\"https:\/\/rifugiovalcamonica.com\/fr\/autre\/#breadcrumb\",\"itemListElement\":[{\"@type\":\"ListItem\",\"position\":1,\"name\":\"Autre\"}]}]}<\/script>\n<!-- \/ Yoast SEO plugin. -->","yoast_head_json":{"title":"Autre - Rifugio De Marie","robots":{"index":"index","follow":"follow","max-snippet":"max-snippet:-1","max-image-preview":"max-image-preview:large","max-video-preview":"max-video-preview:-1"},"canonical":"https:\/\/rifugiovalcamonica.com\/fr\/autre\/","og_locale":"it_IT","og_type":"article","og_title":"Autre - Rifugio De Marie","og_description":"&nbsp; Depuis le refuge, il est possible d&#8217;essayer la marche et l&#8217;escalade de diff\u00e9rentes difficult\u00e9s, int\u00e9ressantes pour chaque type d&#8217;excursion. En \u00e9t\u00e9 Vacances actives : trekking: chemin Antonioli (2\u00e8me \u00e9tape) le chemin part de Capodiponte et arrive \u00e0 Limone del Garda &#8211; dur\u00e9e 7 jours &#8211; Il est utile de se renseigner sur les cabanes...","og_url":"https:\/\/rifugiovalcamonica.com\/fr\/autre\/","og_site_name":"Rifugio De Marie","article_modified_time":"2022-04-30T08:16:56+00:00","twitter_misc":{"Tempo di lettura stimato":"2 minuti"},"schema":{"@context":"https:\/\/schema.org","@graph":[{"@type":"WebSite","@id":"https:\/\/rifugiovalcamonica.com\/fr\/#website","url":"https:\/\/rifugiovalcamonica.com\/fr\/","name":"Rifugio De Marie","description":"Rifugio in Valcamonica","potentialAction":[{"@type":"SearchAction","target":{"@type":"EntryPoint","urlTemplate":"https:\/\/rifugiovalcamonica.com\/fr\/?s={search_term_string}"},"query-input":"required name=search_term_string"}],"inLanguage":"it-IT"},{"@type":"WebPage","@id":"https:\/\/rifugiovalcamonica.com\/fr\/autre\/#webpage","url":"https:\/\/rifugiovalcamonica.com\/fr\/autre\/","name":"Autre - Rifugio De Marie","isPartOf":{"@id":"https:\/\/rifugiovalcamonica.com\/fr\/#website"},"datePublished":"2013-05-09T15:44:38+00:00","dateModified":"2022-04-30T08:16:56+00:00","breadcrumb":{"@id":"https:\/\/rifugiovalcamonica.com\/fr\/autre\/#breadcrumb"},"inLanguage":"it-IT","potentialAction":[{"@type":"ReadAction","target":["https:\/\/rifugiovalcamonica.com\/fr\/autre\/"]}]},{"@type":"BreadcrumbList","@id":"https:\/\/rifugiovalcamonica.com\/fr\/autre\/#breadcrumb","itemListElement":[{"@type":"ListItem","position":1,"name":"Autre"}]}]}},"_links":{"self":[{"href":"https:\/\/rifugiovalcamonica.com\/fr\/wp-json\/wp\/v2\/pages\/158"}],"collection":[{"href":"https:\/\/rifugiovalcamonica.com\/fr\/wp-json\/wp\/v2\/pages"}],"about":[{"href":"https:\/\/rifugiovalcamonica.com\/fr\/wp-json\/wp\/v2\/types\/page"}],"author":[{"embeddable":true,"href":"https:\/\/rifugiovalcamonica.com\/fr\/wp-json\/wp\/v2\/users\/12"}],"replies":[{"embeddable":true,"href":"https:\/\/rifugiovalcamonica.com\/fr\/wp-json\/wp\/v2\/comments?post=158"}],"version-history":[{"count":15,"href":"https:\/\/rifugiovalcamonica.com\/fr\/wp-json\/wp\/v2\/pages\/158\/revisions"}],"predecessor-version":[{"id":4366,"href":"https:\/\/rifugiovalcamonica.com\/fr\/wp-json\/wp\/v2\/pages\/158\/revisions\/4366"}],"wp:attachment":[{"href":"https:\/\/rifugiovalcamonica.com\/fr\/wp-json\/wp\/v2\/media?parent=158"}],"curies":[{"name":"wp","href":"https:\/\/api.w.org\/{rel}","templated":true}]}}