{"id":16,"date":"2013-04-17T16:04:50","date_gmt":"2013-04-17T14:04:50","guid":{"rendered":"http:\/\/rifugiovalcamonica.com\/fr\/?page_id=16"},"modified":"2022-04-30T10:11:05","modified_gmt":"2022-04-30T08:11:05","slug":"que-faire","status":"publish","type":"page","link":"https:\/\/rifugiovalcamonica.com\/fr\/que-faire\/","title":{"rendered":"Que faire"},"content":{"rendered":"<p>Les choix possibles pour les voyageurs qui acc\u00e8dent \u00e0 notre territoire sont nombreux : vacances actives, vacances de d\u00e9tente, tourisme naturaliste, tourisme \u00ab historique \u00bb avec la r\u00e9cup\u00e9ration des signes du pass\u00e9 comme la calchera ou le chemin muletier construit par les troupes alpines pendant la Premi\u00e8re Guerre mondiale. Guerre. A chacun son \u00e9valuation.<\/p>\n","protected":false},"excerpt":{"rendered":"<p>Les choix possibles pour les voyageurs qui acc\u00e8dent \u00e0 notre territoire sont nombreux : vacances actives, vacances de d\u00e9tente, tourisme naturaliste, tourisme \u00ab historique \u00bb avec la r\u00e9cup\u00e9ration des signes du pass\u00e9 comme la calchera ou le chemin muletier construit par les troupes alpines pendant la Premi\u00e8re Guerre mondiale. Guerre. A chacun son \u00e9valuation.<\/p>\n","protected":false},"author":12,"featured_media":0,"parent":0,"menu_order":0,"comment_status":"closed","ping_status":"closed","template":"","meta":[],"yoast_head":"<!-- This site is optimized with the Yoast SEO plugin v18.6 - https:\/\/yoast.com\/wordpress\/plugins\/seo\/ -->\n<title>Que faire - Rifugio De Marie<\/title>\n<meta name=\"robots\" content=\"index, follow, max-snippet:-1, max-image-preview:large, max-video-preview:-1\" \/>\n<link rel=\"canonical\" href=\"https:\/\/rifugiovalcamonica.com\/fr\/que-faire\/\" \/>\n<meta property=\"og:locale\" content=\"it_IT\" \/>\n<meta property=\"og:type\" content=\"article\" \/>\n<meta property=\"og:title\" content=\"Que faire - Rifugio De Marie\" \/>\n<meta property=\"og:description\" content=\"Les choix possibles pour les voyageurs qui acc\u00e8dent \u00e0 notre territoire sont nombreux : vacances actives, vacances de d\u00e9tente, tourisme naturaliste, tourisme \u00ab historique \u00bb avec la r\u00e9cup\u00e9ration des signes du pass\u00e9 comme la calchera ou le chemin muletier construit par les troupes alpines pendant la Premi\u00e8re Guerre mondiale. Guerre. A chacun son \u00e9valuation.\" \/>\n<meta property=\"og:url\" content=\"https:\/\/rifugiovalcamonica.com\/fr\/que-faire\/\" \/>\n<meta property=\"og:site_name\" content=\"Rifugio De Marie\" \/>\n<meta property=\"article:modified_time\" content=\"2022-04-30T08:11:05+00:00\" \/>\n<meta name=\"twitter:label1\" content=\"Tempo di lettura stimato\" \/>\n\t<meta name=\"twitter:data1\" content=\"1 minuto\" \/>\n<script type=\"application\/ld+json\" class=\"yoast-schema-graph\">{\"@context\":\"https:\/\/schema.org\",\"@graph\":[{\"@type\":\"WebSite\",\"@id\":\"https:\/\/rifugiovalcamonica.com\/fr\/#website\",\"url\":\"https:\/\/rifugiovalcamonica.com\/fr\/\",\"name\":\"Rifugio De Marie\",\"description\":\"Rifugio in Valcamonica\",\"potentialAction\":[{\"@type\":\"SearchAction\",\"target\":{\"@type\":\"EntryPoint\",\"urlTemplate\":\"https:\/\/rifugiovalcamonica.com\/fr\/?s={search_term_string}\"},\"query-input\":\"required name=search_term_string\"}],\"inLanguage\":\"it-IT\"},{\"@type\":\"WebPage\",\"@id\":\"https:\/\/rifugiovalcamonica.com\/fr\/que-faire\/#webpage\",\"url\":\"https:\/\/rifugiovalcamonica.com\/fr\/que-faire\/\",\"name\":\"Que faire - Rifugio De Marie\",\"isPartOf\":{\"@id\":\"https:\/\/rifugiovalcamonica.com\/fr\/#website\"},\"datePublished\":\"2013-04-17T14:04:50+00:00\",\"dateModified\":\"2022-04-30T08:11:05+00:00\",\"breadcrumb\":{\"@id\":\"https:\/\/rifugiovalcamonica.com\/fr\/que-faire\/#breadcrumb\"},\"inLanguage\":\"it-IT\",\"potentialAction\":[{\"@type\":\"ReadAction\",\"target\":[\"https:\/\/rifugiovalcamonica.com\/fr\/que-faire\/\"]}]},{\"@type\":\"BreadcrumbList\",\"@id\":\"https:\/\/rifugiovalcamonica.com\/fr\/que-faire\/#breadcrumb\",\"itemListElement\":[{\"@type\":\"ListItem\",\"position\":1,\"name\":\"Que faire\"}]}]}<\/script>\n<!-- \/ Yoast SEO plugin. -->","yoast_head_json":{"title":"Que faire - Rifugio De Marie","robots":{"index":"index","follow":"follow","max-snippet":"max-snippet:-1","max-image-preview":"max-image-preview:large","max-video-preview":"max-video-preview:-1"},"canonical":"https:\/\/rifugiovalcamonica.com\/fr\/que-faire\/","og_locale":"it_IT","og_type":"article","og_title":"Que faire - Rifugio De Marie","og_description":"Les choix possibles pour les voyageurs qui acc\u00e8dent \u00e0 notre territoire sont nombreux : vacances actives, vacances de d\u00e9tente, tourisme naturaliste, tourisme \u00ab historique \u00bb avec la r\u00e9cup\u00e9ration des signes du pass\u00e9 comme la calchera ou le chemin muletier construit par les troupes alpines pendant la Premi\u00e8re Guerre mondiale. Guerre. A chacun son \u00e9valuation.","og_url":"https:\/\/rifugiovalcamonica.com\/fr\/que-faire\/","og_site_name":"Rifugio De Marie","article_modified_time":"2022-04-30T08:11:05+00:00","twitter_misc":{"Tempo di lettura stimato":"1 minuto"},"schema":{"@context":"https:\/\/schema.org","@graph":[{"@type":"WebSite","@id":"https:\/\/rifugiovalcamonica.com\/fr\/#website","url":"https:\/\/rifugiovalcamonica.com\/fr\/","name":"Rifugio De Marie","description":"Rifugio in Valcamonica","potentialAction":[{"@type":"SearchAction","target":{"@type":"EntryPoint","urlTemplate":"https:\/\/rifugiovalcamonica.com\/fr\/?s={search_term_string}"},"query-input":"required name=search_term_string"}],"inLanguage":"it-IT"},{"@type":"WebPage","@id":"https:\/\/rifugiovalcamonica.com\/fr\/que-faire\/#webpage","url":"https:\/\/rifugiovalcamonica.com\/fr\/que-faire\/","name":"Que faire - Rifugio De Marie","isPartOf":{"@id":"https:\/\/rifugiovalcamonica.com\/fr\/#website"},"datePublished":"2013-04-17T14:04:50+00:00","dateModified":"2022-04-30T08:11:05+00:00","breadcrumb":{"@id":"https:\/\/rifugiovalcamonica.com\/fr\/que-faire\/#breadcrumb"},"inLanguage":"it-IT","potentialAction":[{"@type":"ReadAction","target":["https:\/\/rifugiovalcamonica.com\/fr\/que-faire\/"]}]},{"@type":"BreadcrumbList","@id":"https:\/\/rifugiovalcamonica.com\/fr\/que-faire\/#breadcrumb","itemListElement":[{"@type":"ListItem","position":1,"name":"Que faire"}]}]}},"_links":{"self":[{"href":"https:\/\/rifugiovalcamonica.com\/fr\/wp-json\/wp\/v2\/pages\/16"}],"collection":[{"href":"https:\/\/rifugiovalcamonica.com\/fr\/wp-json\/wp\/v2\/pages"}],"about":[{"href":"https:\/\/rifugiovalcamonica.com\/fr\/wp-json\/wp\/v2\/types\/page"}],"author":[{"embeddable":true,"href":"https:\/\/rifugiovalcamonica.com\/fr\/wp-json\/wp\/v2\/users\/12"}],"replies":[{"embeddable":true,"href":"https:\/\/rifugiovalcamonica.com\/fr\/wp-json\/wp\/v2\/comments?post=16"}],"version-history":[{"count":16,"href":"https:\/\/rifugiovalcamonica.com\/fr\/wp-json\/wp\/v2\/pages\/16\/revisions"}],"predecessor-version":[{"id":4362,"href":"https:\/\/rifugiovalcamonica.com\/fr\/wp-json\/wp\/v2\/pages\/16\/revisions\/4362"}],"wp:attachment":[{"href":"https:\/\/rifugiovalcamonica.com\/fr\/wp-json\/wp\/v2\/media?parent=16"}],"curies":[{"name":"wp","href":"https:\/\/api.w.org\/{rel}","templated":true}]}}