{"id":163,"date":"2013-05-09T17:46:48","date_gmt":"2013-05-09T15:46:48","guid":{"rendered":"http:\/\/rifugiovalcamonica.com\/fr\/?page_id=163"},"modified":"2022-04-30T09:51:27","modified_gmt":"2022-04-30T07:51:27","slug":"bar","status":"publish","type":"page","link":"https:\/\/rifugiovalcamonica.com\/fr\/bar\/","title":{"rendered":"Bar"},"content":{"rendered":"\n\t\t\t<!-- START Slider Bar REVOLUTION SLIDER 6.2.2 --><p class=\"rs-p-wp-fix\"><\/p>\n\t\t\t<rs-module-wrap id=\"rev_slider_26_1_wrapper\" data-source=\"gallery\" data-aimg=\"\"  style=\"background:#E9E9E9;padding:5;float:right;margin-left:0;margin-right:0;margin-top:0;margin-bottom:0;\">\n\t\t\t\t<rs-module id=\"rev_slider_26_1\" style=\"display:none;\" data-version=\"6.2.2\">\n\t\t\t\t\t<rs-slides>\n\t\t\t\t\t\t<rs-slide data-key=\"rs-67\" data-title=\"Slide\" data-anim=\"ei:d;eo:d;s:1000;r:0;t:fade;sl:0;\">\n\t\t\t\t\t\t\t<img src=\"\/\/rifugiovalcamonica.com\/fr\/wp-content\/uploads\/2014\/06\/S7301115_opt-1.jpg\" title=\"Bar\" class=\"rev-slidebg\" data-no-retina>\n<!---->\t\t\t\t\t\t<\/rs-slide>\n\t\t\t\t\t\t<rs-slide data-key=\"rs-69\" data-title=\"Slide\" data-anim=\"ei:d;eo:d;s:1000;r:0;t:fade;sl:0;\">\n\t\t\t\t\t\t\t<img src=\"\/\/rifugiovalcamonica.com\/fr\/wp-content\/uploads\/2014\/06\/P1040173_opt-1.jpg\" title=\"Bar\" class=\"rev-slidebg\" data-no-retina>\n<!---->\t\t\t\t\t\t<\/rs-slide>\n\t\t\t\t\t\t<rs-slide data-key=\"rs-106\" data-title=\"Slide\" data-anim=\"ei:d;eo:d;s:1000;r:0;t:fade;sl:0;\">\n\t\t\t\t\t\t\t<img src=\"\/\/rifugiovalcamonica.com\/fr\/wp-content\/uploads\/2014\/06\/P1040180.jpg\" title=\"Bar\" class=\"rev-slidebg\" data-no-retina>\n<!---->\t\t\t\t\t\t<\/rs-slide>\n\t\t\t\t\t<\/rs-slides>\n\t\t\t\t<\/rs-module>\n\t\t\t\t<script type=\"text\/javascript\">\n\t\t\t\t\tsetREVStartSize({c: 'rev_slider_26_1',rl:[1240,1024,778,480],el:[410],gw:[510],gh:[410],type:'standard',justify:'',layout:'fullwidth',mh:\"0\"});\n\t\t\t\t\tvar\trevapi26,\n\t\t\t\t\t\ttpj;\n\t\t\t\t\tjQuery(function() {\n\t\t\t\t\t\ttpj = jQuery;\n\t\t\t\t\t\ttpj.noConflict();\n\t\t\t\t\t\tif(tpj(\"#rev_slider_26_1\").revolution == undefined){\n\t\t\t\t\t\t\trevslider_showDoubleJqueryError(\"#rev_slider_26_1\");\n\t\t\t\t\t\t}else{\n\t\t\t\t\t\t\trevapi26 = tpj(\"#rev_slider_26_1\").show().revolution({\n\t\t\t\t\t\t\t\tjsFileLocation:\"\/\/rifugiovalcamonica.com\/fr\/wp-content\/plugins\/revslider\/public\/assets\/js\/\",\n\t\t\t\t\t\t\t\tduration:\"4000ms\",\n\t\t\t\t\t\t\t\tvisibilityLevels:\"1240,1024,778,480\",\n\t\t\t\t\t\t\t\tgridwidth:510,\n\t\t\t\t\t\t\t\tgridheight:410,\n\t\t\t\t\t\t\t\tspinner:\"spinner5\",\n\t\t\t\t\t\t\t\teditorheight:\"410,768,960,720\",\n\t\t\t\t\t\t\t\tresponsiveLevels:\"1240,1024,778,480\",\n\t\t\t\t\t\t\t\tnavigation: {\n\t\t\t\t\t\t\t\t\tmouseScrollNavigation:false,\n\t\t\t\t\t\t\t\t\ttouch: {\n\t\t\t\t\t\t\t\t\t\ttouchenabled:true\n\t\t\t\t\t\t\t\t\t}\n\t\t\t\t\t\t\t\t},\n\t\t\t\t\t\t\t\tfallbacks: {\n\t\t\t\t\t\t\t\t\tsimplifyAll:\"\",\n\t\t\t\t\t\t\t\t\tignoreHeightChanges:\"\",\n\t\t\t\t\t\t\t\t\tallowHTML5AutoPlayOnAndroid:true\n\t\t\t\t\t\t\t\t},\n\t\t\t\t\t\t\t});\n\t\t\t\t\t\t}\n\t\t\t\t\t\t\n\t\t\t\t\t});\n\t\t\t\t<\/script>\n\t\t\t<\/rs-module-wrap>\n\t\t\t<!-- END REVOLUTION SLIDER -->\n\n<p>Le bar est accessible \u00e0 l&#8217;ouverture des portes du refuge et jusqu&#8217;\u00e0 la fermeture. C&#8217;est-\u00e0-dire en saison estivale de 06h00 \u00e0 22h30, dans les autres p\u00e9riodes de l&#8217;ann\u00e9e un peu plus tard avec fermeture au cr\u00e9puscule.<\/p>\n<p>D\u00e9di\u00e9 aux voyageurs de go\u00fbt et de d\u00e9couverte<\/p>\n<p>Chaque ann\u00e9e, nous essayons d&#8217;offrir \u00e0 nos clients des pauses savoureuses et saines, telles que des caf\u00e9s au ginseng et au collag\u00e8ne, au matcha, au gingembre, au curcuma &#8230;, chocolat parfum\u00e9 \u00e0 l&#8217;orange, menthe &#8230;, sucre au go\u00fbt d&#8217;\u00e9pices, noisette , anis&#8230;. Cette ann\u00e9e nous avons d\u00e9couvert les sirops naturels aux fleurs de sureau, fleurs de sauge, lavande et citron, &#8230; et pour donner de l&#8217;\u00e9nergie, reprendre des forces et d\u00e9salt\u00e9rer une boisson naturelle, \u00e0 base de grenade. Nous aimons surprendre nos h\u00f4tes et leur faire d\u00e9couvrir et red\u00e9couvrir des go\u00fbts anciens et naturels.<\/p>\n<p>Au bar, vous pouvez les trouver<\/p>\n<p>diff\u00e9rents ap\u00e9ritifs : pirlo, hugo, &#8230; ;<br \/>\nun large choix de bi\u00e8res artisanales locales, hors vall\u00e9e, belges, allemandes..;<br \/>\ngrappas blancs et aromatis\u00e9s aux herbes de montagne ;<br \/>\nliqueurs;<br \/>\nvins;<br \/>\nboissons gazeuses et jus de fruits;<br \/>\nboissons chaudes et froides;<br \/>\ncaf\u00e9 et th\u00e9;<br \/>\nsandwichs<\/p>\n<p>Et dans les montagnes, ils ne peuvent pas manquer :<\/p>\n<p>Vin chaud<br \/>\nbombardino<br \/>\ncaf\u00e9 maison<\/p>\n","protected":false},"excerpt":{"rendered":"<p>Le bar est accessible \u00e0 l&#8217;ouverture des portes du refuge et jusqu&#8217;\u00e0 la fermeture. C&#8217;est-\u00e0-dire en saison estivale de 06h00 \u00e0 22h30, dans les autres p\u00e9riodes de l&#8217;ann\u00e9e un peu plus tard avec fermeture au cr\u00e9puscule. D\u00e9di\u00e9 aux voyageurs de go\u00fbt et de d\u00e9couverte Chaque ann\u00e9e, nous essayons d&#8217;offrir \u00e0 nos clients des pauses savoureuses&#8230;<\/p>\n","protected":false},"author":12,"featured_media":0,"parent":0,"menu_order":0,"comment_status":"closed","ping_status":"closed","template":"","meta":[],"yoast_head":"<!-- This site is optimized with the Yoast SEO plugin v18.6 - https:\/\/yoast.com\/wordpress\/plugins\/seo\/ -->\n<title>Bar - Rifugio De Marie<\/title>\n<meta name=\"robots\" content=\"index, follow, max-snippet:-1, max-image-preview:large, max-video-preview:-1\" \/>\n<link rel=\"canonical\" href=\"https:\/\/rifugiovalcamonica.com\/fr\/bar\/\" \/>\n<meta property=\"og:locale\" content=\"it_IT\" \/>\n<meta property=\"og:type\" content=\"article\" \/>\n<meta property=\"og:title\" content=\"Bar - Rifugio De Marie\" \/>\n<meta property=\"og:description\" content=\"Le bar est accessible \u00e0 l&#8217;ouverture des portes du refuge et jusqu&#8217;\u00e0 la fermeture. C&#8217;est-\u00e0-dire en saison estivale de 06h00 \u00e0 22h30, dans les autres p\u00e9riodes de l&#8217;ann\u00e9e un peu plus tard avec fermeture au cr\u00e9puscule. D\u00e9di\u00e9 aux voyageurs de go\u00fbt et de d\u00e9couverte Chaque ann\u00e9e, nous essayons d&#8217;offrir \u00e0 nos clients des pauses savoureuses...\" \/>\n<meta property=\"og:url\" content=\"https:\/\/rifugiovalcamonica.com\/fr\/bar\/\" \/>\n<meta property=\"og:site_name\" content=\"Rifugio De Marie\" \/>\n<meta property=\"article:modified_time\" content=\"2022-04-30T07:51:27+00:00\" \/>\n<meta name=\"twitter:label1\" content=\"Tempo di lettura stimato\" \/>\n\t<meta name=\"twitter:data1\" content=\"2 minuti\" \/>\n<script type=\"application\/ld+json\" class=\"yoast-schema-graph\">{\"@context\":\"https:\/\/schema.org\",\"@graph\":[{\"@type\":\"WebSite\",\"@id\":\"https:\/\/rifugiovalcamonica.com\/fr\/#website\",\"url\":\"https:\/\/rifugiovalcamonica.com\/fr\/\",\"name\":\"Rifugio De Marie\",\"description\":\"Rifugio in Valcamonica\",\"potentialAction\":[{\"@type\":\"SearchAction\",\"target\":{\"@type\":\"EntryPoint\",\"urlTemplate\":\"https:\/\/rifugiovalcamonica.com\/fr\/?s={search_term_string}\"},\"query-input\":\"required name=search_term_string\"}],\"inLanguage\":\"it-IT\"},{\"@type\":\"WebPage\",\"@id\":\"https:\/\/rifugiovalcamonica.com\/fr\/bar\/#webpage\",\"url\":\"https:\/\/rifugiovalcamonica.com\/fr\/bar\/\",\"name\":\"Bar - Rifugio De Marie\",\"isPartOf\":{\"@id\":\"https:\/\/rifugiovalcamonica.com\/fr\/#website\"},\"datePublished\":\"2013-05-09T15:46:48+00:00\",\"dateModified\":\"2022-04-30T07:51:27+00:00\",\"breadcrumb\":{\"@id\":\"https:\/\/rifugiovalcamonica.com\/fr\/bar\/#breadcrumb\"},\"inLanguage\":\"it-IT\",\"potentialAction\":[{\"@type\":\"ReadAction\",\"target\":[\"https:\/\/rifugiovalcamonica.com\/fr\/bar\/\"]}]},{\"@type\":\"BreadcrumbList\",\"@id\":\"https:\/\/rifugiovalcamonica.com\/fr\/bar\/#breadcrumb\",\"itemListElement\":[{\"@type\":\"ListItem\",\"position\":1,\"name\":\"Bar\"}]}]}<\/script>\n<!-- \/ Yoast SEO plugin. -->","yoast_head_json":{"title":"Bar - Rifugio De Marie","robots":{"index":"index","follow":"follow","max-snippet":"max-snippet:-1","max-image-preview":"max-image-preview:large","max-video-preview":"max-video-preview:-1"},"canonical":"https:\/\/rifugiovalcamonica.com\/fr\/bar\/","og_locale":"it_IT","og_type":"article","og_title":"Bar - Rifugio De Marie","og_description":"Le bar est accessible \u00e0 l&#8217;ouverture des portes du refuge et jusqu&#8217;\u00e0 la fermeture. C&#8217;est-\u00e0-dire en saison estivale de 06h00 \u00e0 22h30, dans les autres p\u00e9riodes de l&#8217;ann\u00e9e un peu plus tard avec fermeture au cr\u00e9puscule. D\u00e9di\u00e9 aux voyageurs de go\u00fbt et de d\u00e9couverte Chaque ann\u00e9e, nous essayons d&#8217;offrir \u00e0 nos clients des pauses savoureuses...","og_url":"https:\/\/rifugiovalcamonica.com\/fr\/bar\/","og_site_name":"Rifugio De Marie","article_modified_time":"2022-04-30T07:51:27+00:00","twitter_misc":{"Tempo di lettura stimato":"2 minuti"},"schema":{"@context":"https:\/\/schema.org","@graph":[{"@type":"WebSite","@id":"https:\/\/rifugiovalcamonica.com\/fr\/#website","url":"https:\/\/rifugiovalcamonica.com\/fr\/","name":"Rifugio De Marie","description":"Rifugio in Valcamonica","potentialAction":[{"@type":"SearchAction","target":{"@type":"EntryPoint","urlTemplate":"https:\/\/rifugiovalcamonica.com\/fr\/?s={search_term_string}"},"query-input":"required name=search_term_string"}],"inLanguage":"it-IT"},{"@type":"WebPage","@id":"https:\/\/rifugiovalcamonica.com\/fr\/bar\/#webpage","url":"https:\/\/rifugiovalcamonica.com\/fr\/bar\/","name":"Bar - Rifugio De Marie","isPartOf":{"@id":"https:\/\/rifugiovalcamonica.com\/fr\/#website"},"datePublished":"2013-05-09T15:46:48+00:00","dateModified":"2022-04-30T07:51:27+00:00","breadcrumb":{"@id":"https:\/\/rifugiovalcamonica.com\/fr\/bar\/#breadcrumb"},"inLanguage":"it-IT","potentialAction":[{"@type":"ReadAction","target":["https:\/\/rifugiovalcamonica.com\/fr\/bar\/"]}]},{"@type":"BreadcrumbList","@id":"https:\/\/rifugiovalcamonica.com\/fr\/bar\/#breadcrumb","itemListElement":[{"@type":"ListItem","position":1,"name":"Bar"}]}]}},"_links":{"self":[{"href":"https:\/\/rifugiovalcamonica.com\/fr\/wp-json\/wp\/v2\/pages\/163"}],"collection":[{"href":"https:\/\/rifugiovalcamonica.com\/fr\/wp-json\/wp\/v2\/pages"}],"about":[{"href":"https:\/\/rifugiovalcamonica.com\/fr\/wp-json\/wp\/v2\/types\/page"}],"author":[{"embeddable":true,"href":"https:\/\/rifugiovalcamonica.com\/fr\/wp-json\/wp\/v2\/users\/12"}],"replies":[{"embeddable":true,"href":"https:\/\/rifugiovalcamonica.com\/fr\/wp-json\/wp\/v2\/comments?post=163"}],"version-history":[{"count":12,"href":"https:\/\/rifugiovalcamonica.com\/fr\/wp-json\/wp\/v2\/pages\/163\/revisions"}],"predecessor-version":[{"id":4357,"href":"https:\/\/rifugiovalcamonica.com\/fr\/wp-json\/wp\/v2\/pages\/163\/revisions\/4357"}],"wp:attachment":[{"href":"https:\/\/rifugiovalcamonica.com\/fr\/wp-json\/wp\/v2\/media?parent=163"}],"curies":[{"name":"wp","href":"https:\/\/api.w.org\/{rel}","templated":true}]}}