{"id":2868,"date":"2017-07-28T16:16:18","date_gmt":"2017-07-28T14:16:18","guid":{"rendered":"http:\/\/rifugiovalcamonica.com\/fr\/?page_id=2868"},"modified":"2022-04-30T10:00:57","modified_gmt":"2022-04-30T08:00:57","slug":"logement","status":"publish","type":"page","link":"https:\/\/rifugiovalcamonica.com\/fr\/logement\/","title":{"rendered":"Logement"},"content":{"rendered":"<p>stagione 2022<\/p>\n<p>Saison 2022<\/p>\n<p>Nous sommes confiants cette saison de revenir pour accepter les nuit\u00e9es, \u00e9tant presque certains que le covid passe de pand\u00e9mique \u00e0 end\u00e9mique.<\/p>\n<p>Le refuge dispose de 5 chambres. Au total 25 lits. Les salles sont r\u00e9parties comme suit : une de 7 places, une de 6 places et trois salles de 4 places chacune. Dans les chambres \u00e0 4 lits, les personnes de groupes diff\u00e9rents ne sont jamais h\u00e9berg\u00e9es, il arrive donc qu&#8217;il y ait des lits libres. Chaque lit est \u00e9quip\u00e9 de draps, mais ceux qui le souhaitent peuvent apporter leur sac de couchage. Dans la zone nuit, il y a une seule salle de bain avec douche et eau chaude. Ceux qui choisissent de rester avec nous doivent avoir la capacit\u00e9 de partager et de s&#8217;adapter. Par contre nous sommes dans un refuge alpin. Il est utile d&#8217;apporter des serviettes. En revanche, il est inutile d&#8217;apporter un s\u00e8che-cheveux car l&#8217;\u00e9lectricit\u00e9 disponible est insuffisante pour le faire fonctionner. Les cheveux s\u00e8chent au soleil ou devant le po\u00eale.<\/p>\n<p>Pour le nettoyage nous utilisons des produits naturels, sans allerg\u00e8nes, respectueux de l&#8217;environnement et non polluants, ni test\u00e9s sur les animaux. Ils sont disponibles pour une utilisation sur place dans les salles de bains.<\/p>\n<p>TARIFS pour une personne pour une journ\u00e9e :<\/p>\n<p>nuit\u00e9e = 30,00 \u20ac<br \/>\nchambre d&#8217;h\u00f4tes = 38,00 \u20ac<br \/>\ndemi-pension, c&#8217;est-\u00e0-dire d\u00eener, chambre et petit-d\u00e9jeuner = 55,00 \u20ac<br \/>\npension compl\u00e8te, y compris d\u00e9jeuner, d\u00eener, chambre et petit-d\u00e9jeuner ou d\u00eener, chambre, petit-d\u00e9jeuner et d\u00e9jeuner = 70,00 \u20ac<\/p>\n<p>Boire est exclu. L&#8217;eau naturelle locale est gratuite.<\/p>\n<p>Bien que nous aimions les enfants, il n&#8217;y a pas de r\u00e9duction sur la demi-pension d&#8217;une journ\u00e9e.<\/p>\n<p>ENFANTS<\/p>\n<p>0 \u00e0 2 ans = gratuit<\/p>\n<p>de 2 \u00e0 3 ans = plein tarif &#8211; 50%<\/p>\n<p>de 3 \u00e0 6 ans = plein tarif &#8211; 30%<\/p>\n<p>de 6 \u00e0 11 ans = plein tarif &#8211; 20%<\/p>\n","protected":false},"excerpt":{"rendered":"<p>stagione 2022 Saison 2022 Nous sommes confiants cette saison de revenir pour accepter les nuit\u00e9es, \u00e9tant presque certains que le covid passe de pand\u00e9mique \u00e0 end\u00e9mique. Le refuge dispose de 5 chambres. Au total 25 lits. Les salles sont r\u00e9parties comme suit : une de 7 places, une de 6 places et trois salles de&#8230;<\/p>\n","protected":false},"author":15,"featured_media":0,"parent":0,"menu_order":0,"comment_status":"closed","ping_status":"closed","template":"","meta":[],"yoast_head":"<!-- This site is optimized with the Yoast SEO plugin v18.6 - https:\/\/yoast.com\/wordpress\/plugins\/seo\/ -->\n<title>Logement - Rifugio De Marie<\/title>\n<meta name=\"robots\" content=\"index, follow, max-snippet:-1, max-image-preview:large, max-video-preview:-1\" \/>\n<link rel=\"canonical\" href=\"https:\/\/rifugiovalcamonica.com\/fr\/logement\/\" \/>\n<meta property=\"og:locale\" content=\"it_IT\" \/>\n<meta property=\"og:type\" content=\"article\" \/>\n<meta property=\"og:title\" content=\"Logement - Rifugio De Marie\" \/>\n<meta property=\"og:description\" content=\"stagione 2022 Saison 2022 Nous sommes confiants cette saison de revenir pour accepter les nuit\u00e9es, \u00e9tant presque certains que le covid passe de pand\u00e9mique \u00e0 end\u00e9mique. Le refuge dispose de 5 chambres. Au total 25 lits. Les salles sont r\u00e9parties comme suit : une de 7 places, une de 6 places et trois salles de...\" \/>\n<meta property=\"og:url\" content=\"https:\/\/rifugiovalcamonica.com\/fr\/logement\/\" \/>\n<meta property=\"og:site_name\" content=\"Rifugio De Marie\" \/>\n<meta property=\"article:modified_time\" content=\"2022-04-30T08:00:57+00:00\" \/>\n<meta name=\"twitter:label1\" content=\"Tempo di lettura stimato\" \/>\n\t<meta name=\"twitter:data1\" content=\"2 minuti\" \/>\n<script type=\"application\/ld+json\" class=\"yoast-schema-graph\">{\"@context\":\"https:\/\/schema.org\",\"@graph\":[{\"@type\":\"WebSite\",\"@id\":\"https:\/\/rifugiovalcamonica.com\/fr\/#website\",\"url\":\"https:\/\/rifugiovalcamonica.com\/fr\/\",\"name\":\"Rifugio De Marie\",\"description\":\"Rifugio in Valcamonica\",\"potentialAction\":[{\"@type\":\"SearchAction\",\"target\":{\"@type\":\"EntryPoint\",\"urlTemplate\":\"https:\/\/rifugiovalcamonica.com\/fr\/?s={search_term_string}\"},\"query-input\":\"required name=search_term_string\"}],\"inLanguage\":\"it-IT\"},{\"@type\":\"WebPage\",\"@id\":\"https:\/\/rifugiovalcamonica.com\/fr\/logement\/#webpage\",\"url\":\"https:\/\/rifugiovalcamonica.com\/fr\/logement\/\",\"name\":\"Logement - Rifugio De Marie\",\"isPartOf\":{\"@id\":\"https:\/\/rifugiovalcamonica.com\/fr\/#website\"},\"datePublished\":\"2017-07-28T14:16:18+00:00\",\"dateModified\":\"2022-04-30T08:00:57+00:00\",\"breadcrumb\":{\"@id\":\"https:\/\/rifugiovalcamonica.com\/fr\/logement\/#breadcrumb\"},\"inLanguage\":\"it-IT\",\"potentialAction\":[{\"@type\":\"ReadAction\",\"target\":[\"https:\/\/rifugiovalcamonica.com\/fr\/logement\/\"]}]},{\"@type\":\"BreadcrumbList\",\"@id\":\"https:\/\/rifugiovalcamonica.com\/fr\/logement\/#breadcrumb\",\"itemListElement\":[{\"@type\":\"ListItem\",\"position\":1,\"name\":\"Logement\"}]}]}<\/script>\n<!-- \/ Yoast SEO plugin. -->","yoast_head_json":{"title":"Logement - Rifugio De Marie","robots":{"index":"index","follow":"follow","max-snippet":"max-snippet:-1","max-image-preview":"max-image-preview:large","max-video-preview":"max-video-preview:-1"},"canonical":"https:\/\/rifugiovalcamonica.com\/fr\/logement\/","og_locale":"it_IT","og_type":"article","og_title":"Logement - Rifugio De Marie","og_description":"stagione 2022 Saison 2022 Nous sommes confiants cette saison de revenir pour accepter les nuit\u00e9es, \u00e9tant presque certains que le covid passe de pand\u00e9mique \u00e0 end\u00e9mique. Le refuge dispose de 5 chambres. Au total 25 lits. Les salles sont r\u00e9parties comme suit : une de 7 places, une de 6 places et trois salles de...","og_url":"https:\/\/rifugiovalcamonica.com\/fr\/logement\/","og_site_name":"Rifugio De Marie","article_modified_time":"2022-04-30T08:00:57+00:00","twitter_misc":{"Tempo di lettura stimato":"2 minuti"},"schema":{"@context":"https:\/\/schema.org","@graph":[{"@type":"WebSite","@id":"https:\/\/rifugiovalcamonica.com\/fr\/#website","url":"https:\/\/rifugiovalcamonica.com\/fr\/","name":"Rifugio De Marie","description":"Rifugio in Valcamonica","potentialAction":[{"@type":"SearchAction","target":{"@type":"EntryPoint","urlTemplate":"https:\/\/rifugiovalcamonica.com\/fr\/?s={search_term_string}"},"query-input":"required name=search_term_string"}],"inLanguage":"it-IT"},{"@type":"WebPage","@id":"https:\/\/rifugiovalcamonica.com\/fr\/logement\/#webpage","url":"https:\/\/rifugiovalcamonica.com\/fr\/logement\/","name":"Logement - Rifugio De Marie","isPartOf":{"@id":"https:\/\/rifugiovalcamonica.com\/fr\/#website"},"datePublished":"2017-07-28T14:16:18+00:00","dateModified":"2022-04-30T08:00:57+00:00","breadcrumb":{"@id":"https:\/\/rifugiovalcamonica.com\/fr\/logement\/#breadcrumb"},"inLanguage":"it-IT","potentialAction":[{"@type":"ReadAction","target":["https:\/\/rifugiovalcamonica.com\/fr\/logement\/"]}]},{"@type":"BreadcrumbList","@id":"https:\/\/rifugiovalcamonica.com\/fr\/logement\/#breadcrumb","itemListElement":[{"@type":"ListItem","position":1,"name":"Logement"}]}]}},"_links":{"self":[{"href":"https:\/\/rifugiovalcamonica.com\/fr\/wp-json\/wp\/v2\/pages\/2868"}],"collection":[{"href":"https:\/\/rifugiovalcamonica.com\/fr\/wp-json\/wp\/v2\/pages"}],"about":[{"href":"https:\/\/rifugiovalcamonica.com\/fr\/wp-json\/wp\/v2\/types\/page"}],"author":[{"embeddable":true,"href":"https:\/\/rifugiovalcamonica.com\/fr\/wp-json\/wp\/v2\/users\/15"}],"replies":[{"embeddable":true,"href":"https:\/\/rifugiovalcamonica.com\/fr\/wp-json\/wp\/v2\/comments?post=2868"}],"version-history":[{"count":12,"href":"https:\/\/rifugiovalcamonica.com\/fr\/wp-json\/wp\/v2\/pages\/2868\/revisions"}],"predecessor-version":[{"id":4361,"href":"https:\/\/rifugiovalcamonica.com\/fr\/wp-json\/wp\/v2\/pages\/2868\/revisions\/4361"}],"wp:attachment":[{"href":"https:\/\/rifugiovalcamonica.com\/fr\/wp-json\/wp\/v2\/media?parent=2868"}],"curies":[{"name":"wp","href":"https:\/\/api.w.org\/{rel}","templated":true}]}}