{"id":376,"date":"2014-05-27T08:41:04","date_gmt":"2014-05-27T06:41:04","guid":{"rendered":"http:\/\/rifugiovalcamonica.com\/fr\/?page_id=376"},"modified":"2022-04-30T10:56:31","modified_gmt":"2022-04-30T08:56:31","slug":"cimbergo","status":"publish","type":"page","link":"https:\/\/rifugiovalcamonica.com\/fr\/cimbergo\/","title":{"rendered":"Cimbergo"},"content":{"rendered":"<p><a ref=\"magnificPopup\" href=\"https:\/\/rifugiovalcamonica.com\/fr\/wp-content\/uploads\/2022\/02\/IMG_20220115_152051506_HDR_opt.jpg\"><img loading=\"lazy\" class=\"size-medium wp-image-4274 alignleft\" src=\"https:\/\/rifugiovalcamonica.com\/fr\/wp-content\/uploads\/2022\/02\/IMG_20220115_152051506_HDR_opt-300x225.jpg\" alt=\"\" width=\"300\" height=\"225\" srcset=\"https:\/\/rifugiovalcamonica.com\/fr\/wp-content\/uploads\/2022\/02\/IMG_20220115_152051506_HDR_opt-300x225.jpg 300w, https:\/\/rifugiovalcamonica.com\/fr\/wp-content\/uploads\/2022\/02\/IMG_20220115_152051506_HDR_opt.jpg 350w\" sizes=\"(max-width: 300px) 100vw, 300px\" \/><\/a>Cimbergo, une petite ville de la moyenne vall\u00e9e de Camonica, est situ\u00e9e \u00e0 850 m\u00e8tres d&#8217;altitude. Comme tout est en mont\u00e9e, le d\u00e9nivel\u00e9 atteint environ 1000 m\u00e8tres comme les maisons habit\u00e9es. Tout autour, des cabanes r\u00e9nov\u00e9es rappellent qu&#8217;autrefois presque toute l&#8217;\u00e9conomie de la commune \u00e9tait centr\u00e9e sur les travaux des champs et sur l&#8217;\u00e9levage.<br \/>\nPour ceux qui arrivent et s&#8217;arr\u00eatent en bas au d\u00e9but de la ville, un spectacle naturel int\u00e9ressant se pr\u00e9sente : en regardant juste au-del\u00e0 du village, \u00e0 l&#8217;est, on peut admirer les fl\u00e8ches de la cha\u00eene Tredenus plac\u00e9es pour prot\u00e9ger le village. En d\u00e9pla\u00e7ant la vue vers le sud, voici le pic fascinant du Pizzo Badile Camuno. De l&#8217;autre c\u00f4t\u00e9, vers Paspardo, les ruines d&#8217;une forteresse m\u00e9di\u00e9vale montrent \u00e0 quel point les choix de construction de ch\u00e2teaux \u00e9taient prudents : trois c\u00f4t\u00e9s prot\u00e9g\u00e9s par la nature et un seul \u00e0 d\u00e9fendre militairement. Tournant \u00e0 180 degr\u00e9s sur lui-m\u00eame, voici le massif de la Concarena qui, dans les sereines nuits d&#8217;hiver blanchies par une fine couche de neige, envo\u00fbte le regard. En continuant sur la route provinciale, juste au-dessus de la ville, en tournant les yeux vers le sud-ouest, on peut voir la moyenne vall\u00e9e et tout le lac d&#8217;Iseo. Il existe de nombreuses promenades qui peuvent \u00eatre choisies en toutes saisons de l&#8217;ann\u00e9e: &#8220;Santa Lucia&#8221;, &#8220;il Mulino&#8221;, &#8220;La petite \u00e9glise des morts de Boa&#8221;, le &#8220;Volano&#8221;, &#8220;La petite cascade de Vignola&#8221;, &#8221; Le Campanine \u00bb avec des gravures rupestres et bien d&#8217;autres\u2026. La ville est un excellent point de d\u00e9part pour visiter la vall\u00e9e de Camonica ou pour rejoindre les pistes de ski, telles que Tonale, Ponte di Legno, Borno.<br \/>\nR\u00e9serv\u00e9 \u00e0 ceux qui savent appr\u00e9cier la nature et la simplicit\u00e9.<\/p>\n","protected":false},"excerpt":{"rendered":"<p>Cimbergo, une petite ville de la moyenne vall\u00e9e de Camonica, est situ\u00e9e \u00e0 850 m\u00e8tres d&#8217;altitude. Comme tout est en mont\u00e9e, le d\u00e9nivel\u00e9 atteint environ 1000 m\u00e8tres comme les maisons habit\u00e9es. Tout autour, des cabanes r\u00e9nov\u00e9es rappellent qu&#8217;autrefois presque toute l&#8217;\u00e9conomie de la commune \u00e9tait centr\u00e9e sur les travaux des champs et sur l&#8217;\u00e9levage. Pour&#8230;<\/p>\n","protected":false},"author":12,"featured_media":3128,"parent":0,"menu_order":0,"comment_status":"closed","ping_status":"closed","template":"","meta":[],"yoast_head":"<!-- This site is optimized with the Yoast SEO plugin v18.6 - https:\/\/yoast.com\/wordpress\/plugins\/seo\/ -->\n<title>Cimbergo - Rifugio De Marie<\/title>\n<meta name=\"robots\" content=\"index, follow, max-snippet:-1, max-image-preview:large, max-video-preview:-1\" \/>\n<link rel=\"canonical\" href=\"https:\/\/rifugiovalcamonica.com\/fr\/cimbergo\/\" \/>\n<meta property=\"og:locale\" content=\"it_IT\" \/>\n<meta property=\"og:type\" content=\"article\" \/>\n<meta property=\"og:title\" content=\"Cimbergo - Rifugio De Marie\" \/>\n<meta property=\"og:description\" content=\"Cimbergo, une petite ville de la moyenne vall\u00e9e de Camonica, est situ\u00e9e \u00e0 850 m\u00e8tres d&#8217;altitude. Comme tout est en mont\u00e9e, le d\u00e9nivel\u00e9 atteint environ 1000 m\u00e8tres comme les maisons habit\u00e9es. Tout autour, des cabanes r\u00e9nov\u00e9es rappellent qu&#8217;autrefois presque toute l&#8217;\u00e9conomie de la commune \u00e9tait centr\u00e9e sur les travaux des champs et sur l&#8217;\u00e9levage. Pour...\" \/>\n<meta property=\"og:url\" content=\"https:\/\/rifugiovalcamonica.com\/fr\/cimbergo\/\" \/>\n<meta property=\"og:site_name\" content=\"Rifugio De Marie\" \/>\n<meta property=\"article:modified_time\" content=\"2022-04-30T08:56:31+00:00\" \/>\n<meta property=\"og:image\" content=\"https:\/\/rifugiovalcamonica.com\/fr\/wp-content\/uploads\/2019\/01\/IMG_20190106_081157_opt.jpg\" \/>\n\t<meta property=\"og:image:width\" content=\"350\" \/>\n\t<meta property=\"og:image:height\" content=\"350\" \/>\n\t<meta property=\"og:image:type\" content=\"image\/jpeg\" \/>\n<meta name=\"twitter:label1\" content=\"Tempo di lettura stimato\" \/>\n\t<meta name=\"twitter:data1\" content=\"2 minuti\" \/>\n<script type=\"application\/ld+json\" class=\"yoast-schema-graph\">{\"@context\":\"https:\/\/schema.org\",\"@graph\":[{\"@type\":\"WebSite\",\"@id\":\"https:\/\/rifugiovalcamonica.com\/fr\/#website\",\"url\":\"https:\/\/rifugiovalcamonica.com\/fr\/\",\"name\":\"Rifugio De Marie\",\"description\":\"Rifugio in Valcamonica\",\"potentialAction\":[{\"@type\":\"SearchAction\",\"target\":{\"@type\":\"EntryPoint\",\"urlTemplate\":\"https:\/\/rifugiovalcamonica.com\/fr\/?s={search_term_string}\"},\"query-input\":\"required name=search_term_string\"}],\"inLanguage\":\"it-IT\"},{\"@type\":\"ImageObject\",\"@id\":\"https:\/\/rifugiovalcamonica.com\/fr\/cimbergo\/#primaryimage\",\"inLanguage\":\"it-IT\",\"url\":\"https:\/\/rifugiovalcamonica.com\/fr\/wp-content\/uploads\/2019\/01\/IMG_20190106_081157_opt.jpg\",\"contentUrl\":\"https:\/\/rifugiovalcamonica.com\/fr\/wp-content\/uploads\/2019\/01\/IMG_20190106_081157_opt.jpg\",\"width\":350,\"height\":350},{\"@type\":\"WebPage\",\"@id\":\"https:\/\/rifugiovalcamonica.com\/fr\/cimbergo\/#webpage\",\"url\":\"https:\/\/rifugiovalcamonica.com\/fr\/cimbergo\/\",\"name\":\"Cimbergo - Rifugio De Marie\",\"isPartOf\":{\"@id\":\"https:\/\/rifugiovalcamonica.com\/fr\/#website\"},\"primaryImageOfPage\":{\"@id\":\"https:\/\/rifugiovalcamonica.com\/fr\/cimbergo\/#primaryimage\"},\"datePublished\":\"2014-05-27T06:41:04+00:00\",\"dateModified\":\"2022-04-30T08:56:31+00:00\",\"breadcrumb\":{\"@id\":\"https:\/\/rifugiovalcamonica.com\/fr\/cimbergo\/#breadcrumb\"},\"inLanguage\":\"it-IT\",\"potentialAction\":[{\"@type\":\"ReadAction\",\"target\":[\"https:\/\/rifugiovalcamonica.com\/fr\/cimbergo\/\"]}]},{\"@type\":\"BreadcrumbList\",\"@id\":\"https:\/\/rifugiovalcamonica.com\/fr\/cimbergo\/#breadcrumb\",\"itemListElement\":[{\"@type\":\"ListItem\",\"position\":1,\"name\":\"Cimbergo\"}]}]}<\/script>\n<!-- \/ Yoast SEO plugin. -->","yoast_head_json":{"title":"Cimbergo - Rifugio De Marie","robots":{"index":"index","follow":"follow","max-snippet":"max-snippet:-1","max-image-preview":"max-image-preview:large","max-video-preview":"max-video-preview:-1"},"canonical":"https:\/\/rifugiovalcamonica.com\/fr\/cimbergo\/","og_locale":"it_IT","og_type":"article","og_title":"Cimbergo - Rifugio De Marie","og_description":"Cimbergo, une petite ville de la moyenne vall\u00e9e de Camonica, est situ\u00e9e \u00e0 850 m\u00e8tres d&#8217;altitude. Comme tout est en mont\u00e9e, le d\u00e9nivel\u00e9 atteint environ 1000 m\u00e8tres comme les maisons habit\u00e9es. Tout autour, des cabanes r\u00e9nov\u00e9es rappellent qu&#8217;autrefois presque toute l&#8217;\u00e9conomie de la commune \u00e9tait centr\u00e9e sur les travaux des champs et sur l&#8217;\u00e9levage. Pour...","og_url":"https:\/\/rifugiovalcamonica.com\/fr\/cimbergo\/","og_site_name":"Rifugio De Marie","article_modified_time":"2022-04-30T08:56:31+00:00","og_image":[{"width":350,"height":350,"url":"https:\/\/rifugiovalcamonica.com\/fr\/wp-content\/uploads\/2019\/01\/IMG_20190106_081157_opt.jpg","type":"image\/jpeg"}],"twitter_misc":{"Tempo di lettura stimato":"2 minuti"},"schema":{"@context":"https:\/\/schema.org","@graph":[{"@type":"WebSite","@id":"https:\/\/rifugiovalcamonica.com\/fr\/#website","url":"https:\/\/rifugiovalcamonica.com\/fr\/","name":"Rifugio De Marie","description":"Rifugio in Valcamonica","potentialAction":[{"@type":"SearchAction","target":{"@type":"EntryPoint","urlTemplate":"https:\/\/rifugiovalcamonica.com\/fr\/?s={search_term_string}"},"query-input":"required name=search_term_string"}],"inLanguage":"it-IT"},{"@type":"ImageObject","@id":"https:\/\/rifugiovalcamonica.com\/fr\/cimbergo\/#primaryimage","inLanguage":"it-IT","url":"https:\/\/rifugiovalcamonica.com\/fr\/wp-content\/uploads\/2019\/01\/IMG_20190106_081157_opt.jpg","contentUrl":"https:\/\/rifugiovalcamonica.com\/fr\/wp-content\/uploads\/2019\/01\/IMG_20190106_081157_opt.jpg","width":350,"height":350},{"@type":"WebPage","@id":"https:\/\/rifugiovalcamonica.com\/fr\/cimbergo\/#webpage","url":"https:\/\/rifugiovalcamonica.com\/fr\/cimbergo\/","name":"Cimbergo - Rifugio De Marie","isPartOf":{"@id":"https:\/\/rifugiovalcamonica.com\/fr\/#website"},"primaryImageOfPage":{"@id":"https:\/\/rifugiovalcamonica.com\/fr\/cimbergo\/#primaryimage"},"datePublished":"2014-05-27T06:41:04+00:00","dateModified":"2022-04-30T08:56:31+00:00","breadcrumb":{"@id":"https:\/\/rifugiovalcamonica.com\/fr\/cimbergo\/#breadcrumb"},"inLanguage":"it-IT","potentialAction":[{"@type":"ReadAction","target":["https:\/\/rifugiovalcamonica.com\/fr\/cimbergo\/"]}]},{"@type":"BreadcrumbList","@id":"https:\/\/rifugiovalcamonica.com\/fr\/cimbergo\/#breadcrumb","itemListElement":[{"@type":"ListItem","position":1,"name":"Cimbergo"}]}]}},"_links":{"self":[{"href":"https:\/\/rifugiovalcamonica.com\/fr\/wp-json\/wp\/v2\/pages\/376"}],"collection":[{"href":"https:\/\/rifugiovalcamonica.com\/fr\/wp-json\/wp\/v2\/pages"}],"about":[{"href":"https:\/\/rifugiovalcamonica.com\/fr\/wp-json\/wp\/v2\/types\/page"}],"author":[{"embeddable":true,"href":"https:\/\/rifugiovalcamonica.com\/fr\/wp-json\/wp\/v2\/users\/12"}],"replies":[{"embeddable":true,"href":"https:\/\/rifugiovalcamonica.com\/fr\/wp-json\/wp\/v2\/comments?post=376"}],"version-history":[{"count":14,"href":"https:\/\/rifugiovalcamonica.com\/fr\/wp-json\/wp\/v2\/pages\/376\/revisions"}],"predecessor-version":[{"id":4376,"href":"https:\/\/rifugiovalcamonica.com\/fr\/wp-json\/wp\/v2\/pages\/376\/revisions\/4376"}],"wp:featuredmedia":[{"embeddable":true,"href":"https:\/\/rifugiovalcamonica.com\/fr\/wp-json\/wp\/v2\/media\/3128"}],"wp:attachment":[{"href":"https:\/\/rifugiovalcamonica.com\/fr\/wp-json\/wp\/v2\/media?parent=376"}],"curies":[{"name":"wp","href":"https:\/\/api.w.org\/{rel}","templated":true}]}}