{"id":3779,"date":"2021-03-05T17:31:06","date_gmt":"2021-03-05T16:31:06","guid":{"rendered":"https:\/\/rifugiovalcamonica.com\/fr\/?page_id=3779"},"modified":"2022-04-30T17:17:18","modified_gmt":"2022-04-30T15:17:18","slug":"le-chateau-medieval","status":"publish","type":"page","link":"https:\/\/rifugiovalcamonica.com\/fr\/le-chateau-medieval\/","title":{"rendered":"Le ch\u00e2teau m\u00e9di\u00e9val"},"content":{"rendered":"<p><img loading=\"lazy\" class=\"size-medium wp-image-4274 alignleft\" src=\"https:\/\/rifugiovalcamonica.com\/fr\/wp-content\/uploads\/2022\/02\/IMG_20220115_152051506_HDR_opt-300x225.jpg\" alt=\"\" width=\"300\" height=\"225\" srcset=\"https:\/\/rifugiovalcamonica.com\/fr\/wp-content\/uploads\/2022\/02\/IMG_20220115_152051506_HDR_opt-300x225.jpg 300w, https:\/\/rifugiovalcamonica.com\/fr\/wp-content\/uploads\/2022\/02\/IMG_20220115_152051506_HDR_opt.jpg 350w\" sizes=\"(max-width: 300px) 100vw, 300px\" \/>Lorsque vous arrivez \u00e0 la plaine o\u00f9 commencent les premi\u00e8res maisons de la ville, appel\u00e9es Sottocastello, regardez \u00e0 gauche. En face de vous, vous pourrez admirer les ruines du ch\u00e2teau de Cimbergo. Les fouilles arch\u00e9ologiques men\u00e9es dans les ann\u00e9es 2008\/2009 retracent la premi\u00e8re phase de construction de l&#8217;ouvrage \u00e0 la fin du XIe-XIIe si\u00e8cle. Au XIXe si\u00e8cle, il y a eu un d\u00e9capage de la forteresse avec l&#8217;enl\u00e8vement d&#8217;une bonne partie des mat\u00e9riaux de construction \u00e0 utiliser pour les maisons et en particulier pour la fabrication du clocher \u00e0 c\u00f4t\u00e9 de l&#8217;\u00e9glise paroissiale de SS Maria Assunta. Du ch\u00e2teau historique, il y a les vestiges que l&#8217;on peut voir aujourd&#8217;hui. La forteresse donne une bonne id\u00e9e de l&#8217;endroit propice \u00e0 la construction d&#8217;un ch\u00e2teau : bien d\u00e9fendu sur trois c\u00f4t\u00e9s et conqu\u00e9rable par un seul. Les n\u00f4tres ne pouvaient \u00eatre attaqu\u00e9s que du c\u00f4t\u00e9 sud-ouest, exactement le m\u00eame que celui vu de la plaine de Sottocastello. De plus, la forteresse occupe une position strat\u00e9gique avec une vue qui s&#8217;\u00e9tend jusqu&#8217;au lac d&#8217;Iseo et contr\u00f4le la route de Valcamonica au-del\u00e0 du village de Cedegolo. Le ch\u00e2teau m&#8217;a toujours donn\u00e9 une id\u00e9e de la solitude : diff\u00e9rente de toutes les autres constructions, forte, massive, silencieuse, dominante et&#8230; m\u00e9lancolique, triste, seule. Ma r\u00e9flexion est probablement influenc\u00e9e par la vision que j&#8217;ai du Moyen \u00c2ge comme une p\u00e9riode froide, triste et sombre. Certes je me trompe, mais vous savez les id\u00e9es pr\u00e9con\u00e7ues sont difficiles \u00e0 sortir. J&#8217;aime aller au-del\u00e0 de ses murs, m&#8217;asseoir juste \u00e0 l&#8217;ext\u00e9rieur de l&#8217;arche d&#8217;entr\u00e9e et prendre un peu de temps pour observer l&#8217;environnement, \u00e9couter ce silence qui aide \u00e0 la m\u00e9ditation et apporte la tranquillit\u00e9. Prenez un peu de temps et allez au ch\u00e2teau. Qui sait si vous aussi vous ressentirez les m\u00eames sensations que moi.<br \/>\nPour des informations historiques d\u00e9taill\u00e9es sur le ch\u00e2teau de Cimbergo, je me r\u00e9f\u00e8re \u00e0 la recherche personnelle sur Internet.<\/p>\n","protected":false},"excerpt":{"rendered":"<p>Lorsque vous arrivez \u00e0 la plaine o\u00f9 commencent les premi\u00e8res maisons de la ville, appel\u00e9es Sottocastello, regardez \u00e0 gauche. En face de vous, vous pourrez admirer les ruines du ch\u00e2teau de Cimbergo. Les fouilles arch\u00e9ologiques men\u00e9es dans les ann\u00e9es 2008\/2009 retracent la premi\u00e8re phase de construction de l&#8217;ouvrage \u00e0 la fin du XIe-XIIe si\u00e8cle. Au&#8230;<\/p>\n","protected":false},"author":15,"featured_media":0,"parent":0,"menu_order":0,"comment_status":"closed","ping_status":"closed","template":"","meta":[],"yoast_head":"<!-- This site is optimized with the Yoast SEO plugin v18.6 - https:\/\/yoast.com\/wordpress\/plugins\/seo\/ -->\n<title>Le ch\u00e2teau m\u00e9di\u00e9val - Rifugio De Marie<\/title>\n<meta name=\"robots\" content=\"index, follow, max-snippet:-1, max-image-preview:large, max-video-preview:-1\" \/>\n<link rel=\"canonical\" href=\"https:\/\/rifugiovalcamonica.com\/fr\/le-chateau-medieval\/\" \/>\n<meta property=\"og:locale\" content=\"it_IT\" \/>\n<meta property=\"og:type\" content=\"article\" \/>\n<meta property=\"og:title\" content=\"Le ch\u00e2teau m\u00e9di\u00e9val - Rifugio De Marie\" \/>\n<meta property=\"og:description\" content=\"Lorsque vous arrivez \u00e0 la plaine o\u00f9 commencent les premi\u00e8res maisons de la ville, appel\u00e9es Sottocastello, regardez \u00e0 gauche. En face de vous, vous pourrez admirer les ruines du ch\u00e2teau de Cimbergo. Les fouilles arch\u00e9ologiques men\u00e9es dans les ann\u00e9es 2008\/2009 retracent la premi\u00e8re phase de construction de l&#8217;ouvrage \u00e0 la fin du XIe-XIIe si\u00e8cle. Au...\" \/>\n<meta property=\"og:url\" content=\"https:\/\/rifugiovalcamonica.com\/fr\/le-chateau-medieval\/\" \/>\n<meta property=\"og:site_name\" content=\"Rifugio De Marie\" \/>\n<meta property=\"article:modified_time\" content=\"2022-04-30T15:17:18+00:00\" \/>\n<meta property=\"og:image\" content=\"http:\/\/rifugiovalcamonica.com\/fr\/wp-content\/uploads\/2022\/02\/IMG_20220115_152051506_HDR_opt-300x225.jpg\" \/>\n<meta name=\"twitter:label1\" content=\"Tempo di lettura stimato\" \/>\n\t<meta name=\"twitter:data1\" content=\"2 minuti\" \/>\n<script type=\"application\/ld+json\" class=\"yoast-schema-graph\">{\"@context\":\"https:\/\/schema.org\",\"@graph\":[{\"@type\":\"WebSite\",\"@id\":\"https:\/\/rifugiovalcamonica.com\/fr\/#website\",\"url\":\"https:\/\/rifugiovalcamonica.com\/fr\/\",\"name\":\"Rifugio De Marie\",\"description\":\"Rifugio in Valcamonica\",\"potentialAction\":[{\"@type\":\"SearchAction\",\"target\":{\"@type\":\"EntryPoint\",\"urlTemplate\":\"https:\/\/rifugiovalcamonica.com\/fr\/?s={search_term_string}\"},\"query-input\":\"required name=search_term_string\"}],\"inLanguage\":\"it-IT\"},{\"@type\":\"ImageObject\",\"@id\":\"https:\/\/rifugiovalcamonica.com\/fr\/le-chateau-medieval\/#primaryimage\",\"inLanguage\":\"it-IT\",\"url\":\"http:\/\/rifugiovalcamonica.com\/fr\/wp-content\/uploads\/2022\/02\/IMG_20220115_152051506_HDR_opt-300x225.jpg\",\"contentUrl\":\"http:\/\/rifugiovalcamonica.com\/fr\/wp-content\/uploads\/2022\/02\/IMG_20220115_152051506_HDR_opt-300x225.jpg\"},{\"@type\":\"WebPage\",\"@id\":\"https:\/\/rifugiovalcamonica.com\/fr\/le-chateau-medieval\/#webpage\",\"url\":\"https:\/\/rifugiovalcamonica.com\/fr\/le-chateau-medieval\/\",\"name\":\"Le ch\u00e2teau m\u00e9di\u00e9val - Rifugio De Marie\",\"isPartOf\":{\"@id\":\"https:\/\/rifugiovalcamonica.com\/fr\/#website\"},\"primaryImageOfPage\":{\"@id\":\"https:\/\/rifugiovalcamonica.com\/fr\/le-chateau-medieval\/#primaryimage\"},\"datePublished\":\"2021-03-05T16:31:06+00:00\",\"dateModified\":\"2022-04-30T15:17:18+00:00\",\"breadcrumb\":{\"@id\":\"https:\/\/rifugiovalcamonica.com\/fr\/le-chateau-medieval\/#breadcrumb\"},\"inLanguage\":\"it-IT\",\"potentialAction\":[{\"@type\":\"ReadAction\",\"target\":[\"https:\/\/rifugiovalcamonica.com\/fr\/le-chateau-medieval\/\"]}]},{\"@type\":\"BreadcrumbList\",\"@id\":\"https:\/\/rifugiovalcamonica.com\/fr\/le-chateau-medieval\/#breadcrumb\",\"itemListElement\":[{\"@type\":\"ListItem\",\"position\":1,\"name\":\"Le ch\u00e2teau m\u00e9di\u00e9val\"}]}]}<\/script>\n<!-- \/ Yoast SEO plugin. -->","yoast_head_json":{"title":"Le ch\u00e2teau m\u00e9di\u00e9val - Rifugio De Marie","robots":{"index":"index","follow":"follow","max-snippet":"max-snippet:-1","max-image-preview":"max-image-preview:large","max-video-preview":"max-video-preview:-1"},"canonical":"https:\/\/rifugiovalcamonica.com\/fr\/le-chateau-medieval\/","og_locale":"it_IT","og_type":"article","og_title":"Le ch\u00e2teau m\u00e9di\u00e9val - Rifugio De Marie","og_description":"Lorsque vous arrivez \u00e0 la plaine o\u00f9 commencent les premi\u00e8res maisons de la ville, appel\u00e9es Sottocastello, regardez \u00e0 gauche. En face de vous, vous pourrez admirer les ruines du ch\u00e2teau de Cimbergo. Les fouilles arch\u00e9ologiques men\u00e9es dans les ann\u00e9es 2008\/2009 retracent la premi\u00e8re phase de construction de l&#8217;ouvrage \u00e0 la fin du XIe-XIIe si\u00e8cle. Au...","og_url":"https:\/\/rifugiovalcamonica.com\/fr\/le-chateau-medieval\/","og_site_name":"Rifugio De Marie","article_modified_time":"2022-04-30T15:17:18+00:00","og_image":[{"url":"http:\/\/rifugiovalcamonica.com\/fr\/wp-content\/uploads\/2022\/02\/IMG_20220115_152051506_HDR_opt-300x225.jpg"}],"twitter_misc":{"Tempo di lettura stimato":"2 minuti"},"schema":{"@context":"https:\/\/schema.org","@graph":[{"@type":"WebSite","@id":"https:\/\/rifugiovalcamonica.com\/fr\/#website","url":"https:\/\/rifugiovalcamonica.com\/fr\/","name":"Rifugio De Marie","description":"Rifugio in Valcamonica","potentialAction":[{"@type":"SearchAction","target":{"@type":"EntryPoint","urlTemplate":"https:\/\/rifugiovalcamonica.com\/fr\/?s={search_term_string}"},"query-input":"required name=search_term_string"}],"inLanguage":"it-IT"},{"@type":"ImageObject","@id":"https:\/\/rifugiovalcamonica.com\/fr\/le-chateau-medieval\/#primaryimage","inLanguage":"it-IT","url":"http:\/\/rifugiovalcamonica.com\/fr\/wp-content\/uploads\/2022\/02\/IMG_20220115_152051506_HDR_opt-300x225.jpg","contentUrl":"http:\/\/rifugiovalcamonica.com\/fr\/wp-content\/uploads\/2022\/02\/IMG_20220115_152051506_HDR_opt-300x225.jpg"},{"@type":"WebPage","@id":"https:\/\/rifugiovalcamonica.com\/fr\/le-chateau-medieval\/#webpage","url":"https:\/\/rifugiovalcamonica.com\/fr\/le-chateau-medieval\/","name":"Le ch\u00e2teau m\u00e9di\u00e9val - Rifugio De Marie","isPartOf":{"@id":"https:\/\/rifugiovalcamonica.com\/fr\/#website"},"primaryImageOfPage":{"@id":"https:\/\/rifugiovalcamonica.com\/fr\/le-chateau-medieval\/#primaryimage"},"datePublished":"2021-03-05T16:31:06+00:00","dateModified":"2022-04-30T15:17:18+00:00","breadcrumb":{"@id":"https:\/\/rifugiovalcamonica.com\/fr\/le-chateau-medieval\/#breadcrumb"},"inLanguage":"it-IT","potentialAction":[{"@type":"ReadAction","target":["https:\/\/rifugiovalcamonica.com\/fr\/le-chateau-medieval\/"]}]},{"@type":"BreadcrumbList","@id":"https:\/\/rifugiovalcamonica.com\/fr\/le-chateau-medieval\/#breadcrumb","itemListElement":[{"@type":"ListItem","position":1,"name":"Le ch\u00e2teau m\u00e9di\u00e9val"}]}]}},"_links":{"self":[{"href":"https:\/\/rifugiovalcamonica.com\/fr\/wp-json\/wp\/v2\/pages\/3779"}],"collection":[{"href":"https:\/\/rifugiovalcamonica.com\/fr\/wp-json\/wp\/v2\/pages"}],"about":[{"href":"https:\/\/rifugiovalcamonica.com\/fr\/wp-json\/wp\/v2\/types\/page"}],"author":[{"embeddable":true,"href":"https:\/\/rifugiovalcamonica.com\/fr\/wp-json\/wp\/v2\/users\/15"}],"replies":[{"embeddable":true,"href":"https:\/\/rifugiovalcamonica.com\/fr\/wp-json\/wp\/v2\/comments?post=3779"}],"version-history":[{"count":6,"href":"https:\/\/rifugiovalcamonica.com\/fr\/wp-json\/wp\/v2\/pages\/3779\/revisions"}],"predecessor-version":[{"id":4379,"href":"https:\/\/rifugiovalcamonica.com\/fr\/wp-json\/wp\/v2\/pages\/3779\/revisions\/4379"}],"wp:attachment":[{"href":"https:\/\/rifugiovalcamonica.com\/fr\/wp-json\/wp\/v2\/media?parent=3779"}],"curies":[{"name":"wp","href":"https:\/\/api.w.org\/{rel}","templated":true}]}}