{"id":3783,"date":"2021-03-05T17:49:42","date_gmt":"2021-03-05T16:49:42","guid":{"rendered":"https:\/\/rifugiovalcamonica.com\/fr\/?page_id=3783"},"modified":"2022-04-30T17:29:00","modified_gmt":"2022-04-30T15:29:00","slug":"le-campanine-ou-les-gravures-rupestres-du-ciel-libre","status":"publish","type":"page","link":"https:\/\/rifugiovalcamonica.com\/fr\/le-campanine-ou-les-gravures-rupestres-du-ciel-libre\/","title":{"rendered":"Le Campanine, ou les gravures rupestres du ciel libre"},"content":{"rendered":"<p><a ref=\"magnificPopup\" href=\"https:\/\/rifugiovalcamonica.com\/fr\/wp-content\/uploads\/2022\/02\/IMG_20210402_132839631_HDR_opt.jpg\"><img loading=\"lazy\" class=\"size-medium wp-image-4263 alignleft\" src=\"https:\/\/rifugiovalcamonica.com\/fr\/wp-content\/uploads\/2022\/02\/IMG_20210402_132839631_HDR_opt-225x300.jpg\" alt=\"\" width=\"225\" height=\"300\" srcset=\"https:\/\/rifugiovalcamonica.com\/fr\/wp-content\/uploads\/2022\/02\/IMG_20210402_132839631_HDR_opt-225x300.jpg 225w, https:\/\/rifugiovalcamonica.com\/fr\/wp-content\/uploads\/2022\/02\/IMG_20210402_132839631_HDR_opt.jpg 263w\" sizes=\"(max-width: 225px) 100vw, 225px\" \/><\/a>Pour les voyageurs d&#8217;histoire en plein air, je propose une visite \u00e0 la Campanine, o\u00f9 l&#8217;acc\u00e8s est gratuit et o\u00f9 l&#8217;on trouve de nombreuses gravures et graffitis t\u00e9moignant de l&#8217;expressivit\u00e9 de l&#8217;antique Camuni.<\/p>\n<p>Itin\u00e9raire : au d\u00e9but de la ville de Cimbergo, il y a un espace sur la droite o\u00f9 vous pouvez garer votre voiture. De l&#8217;autre c\u00f4t\u00e9 de la route se trouve l&#8217;entr\u00e9e du chemin pour descendre, en moins de 15 minutes, au site d&#8217;art rupestre &#8220;Campanine&#8221;, o\u00f9 se trouvent des rochers avec d&#8217;innombrables graffitis et gravures de l&#8217;ancien Camuni. L&#8217;acc\u00e8s est gratuit. En continuant le chemin, il est possible d&#8217;atteindre Nadro di Ceto ou Capodiponte, d\u00e9bouchant directement dans le parc national de Naquane.<\/p>\n<p>Sous la ville, aux alentours de la Campanine, se cachent d&#8217;innombrables rochers historiques encore cach\u00e9s, prot\u00e9g\u00e9s par les mousses et les lichens. Ils doivent donc rester aussi longtemps qu&#8217;ils peuvent \u00eatre lib\u00e9r\u00e9s et trait\u00e9s pour assurer leur s\u00e9curit\u00e9.<\/p>\n","protected":false},"excerpt":{"rendered":"<p>Pour les voyageurs d&#8217;histoire en plein air, je propose une visite \u00e0 la Campanine, o\u00f9 l&#8217;acc\u00e8s est gratuit et o\u00f9 l&#8217;on trouve de nombreuses gravures et graffitis t\u00e9moignant de l&#8217;expressivit\u00e9 de l&#8217;antique Camuni. Itin\u00e9raire : au d\u00e9but de la ville de Cimbergo, il y a un espace sur la droite o\u00f9 vous pouvez garer votre&#8230;<\/p>\n","protected":false},"author":15,"featured_media":0,"parent":0,"menu_order":0,"comment_status":"closed","ping_status":"closed","template":"","meta":[],"yoast_head":"<!-- This site is optimized with the Yoast SEO plugin v18.6 - https:\/\/yoast.com\/wordpress\/plugins\/seo\/ -->\n<title>Le Campanine, ou les gravures rupestres du ciel libre - Rifugio De Marie<\/title>\n<meta name=\"robots\" content=\"index, follow, max-snippet:-1, max-image-preview:large, max-video-preview:-1\" \/>\n<link rel=\"canonical\" href=\"https:\/\/rifugiovalcamonica.com\/fr\/le-campanine-ou-les-gravures-rupestres-du-ciel-libre\/\" \/>\n<meta property=\"og:locale\" content=\"it_IT\" \/>\n<meta property=\"og:type\" content=\"article\" \/>\n<meta property=\"og:title\" content=\"Le Campanine, ou les gravures rupestres du ciel libre - Rifugio De Marie\" \/>\n<meta property=\"og:description\" content=\"Pour les voyageurs d&#8217;histoire en plein air, je propose une visite \u00e0 la Campanine, o\u00f9 l&#8217;acc\u00e8s est gratuit et o\u00f9 l&#8217;on trouve de nombreuses gravures et graffitis t\u00e9moignant de l&#8217;expressivit\u00e9 de l&#8217;antique Camuni. Itin\u00e9raire : au d\u00e9but de la ville de Cimbergo, il y a un espace sur la droite o\u00f9 vous pouvez garer votre...\" \/>\n<meta property=\"og:url\" content=\"https:\/\/rifugiovalcamonica.com\/fr\/le-campanine-ou-les-gravures-rupestres-du-ciel-libre\/\" \/>\n<meta property=\"og:site_name\" content=\"Rifugio De Marie\" \/>\n<meta property=\"article:modified_time\" content=\"2022-04-30T15:29:00+00:00\" \/>\n<meta property=\"og:image\" content=\"http:\/\/rifugiovalcamonica.com\/fr\/wp-content\/uploads\/2022\/02\/IMG_20210402_132839631_HDR_opt-225x300.jpg\" \/>\n<meta name=\"twitter:label1\" content=\"Tempo di lettura stimato\" \/>\n\t<meta name=\"twitter:data1\" content=\"2 minuti\" \/>\n<script type=\"application\/ld+json\" class=\"yoast-schema-graph\">{\"@context\":\"https:\/\/schema.org\",\"@graph\":[{\"@type\":\"WebSite\",\"@id\":\"https:\/\/rifugiovalcamonica.com\/fr\/#website\",\"url\":\"https:\/\/rifugiovalcamonica.com\/fr\/\",\"name\":\"Rifugio De Marie\",\"description\":\"Rifugio in Valcamonica\",\"potentialAction\":[{\"@type\":\"SearchAction\",\"target\":{\"@type\":\"EntryPoint\",\"urlTemplate\":\"https:\/\/rifugiovalcamonica.com\/fr\/?s={search_term_string}\"},\"query-input\":\"required name=search_term_string\"}],\"inLanguage\":\"it-IT\"},{\"@type\":\"ImageObject\",\"@id\":\"https:\/\/rifugiovalcamonica.com\/fr\/le-campanine-ou-les-gravures-rupestres-du-ciel-libre\/#primaryimage\",\"inLanguage\":\"it-IT\",\"url\":\"http:\/\/rifugiovalcamonica.com\/fr\/wp-content\/uploads\/2022\/02\/IMG_20210402_132839631_HDR_opt-225x300.jpg\",\"contentUrl\":\"http:\/\/rifugiovalcamonica.com\/fr\/wp-content\/uploads\/2022\/02\/IMG_20210402_132839631_HDR_opt-225x300.jpg\"},{\"@type\":\"WebPage\",\"@id\":\"https:\/\/rifugiovalcamonica.com\/fr\/le-campanine-ou-les-gravures-rupestres-du-ciel-libre\/#webpage\",\"url\":\"https:\/\/rifugiovalcamonica.com\/fr\/le-campanine-ou-les-gravures-rupestres-du-ciel-libre\/\",\"name\":\"Le Campanine, ou les gravures rupestres du ciel libre - Rifugio De Marie\",\"isPartOf\":{\"@id\":\"https:\/\/rifugiovalcamonica.com\/fr\/#website\"},\"primaryImageOfPage\":{\"@id\":\"https:\/\/rifugiovalcamonica.com\/fr\/le-campanine-ou-les-gravures-rupestres-du-ciel-libre\/#primaryimage\"},\"datePublished\":\"2021-03-05T16:49:42+00:00\",\"dateModified\":\"2022-04-30T15:29:00+00:00\",\"breadcrumb\":{\"@id\":\"https:\/\/rifugiovalcamonica.com\/fr\/le-campanine-ou-les-gravures-rupestres-du-ciel-libre\/#breadcrumb\"},\"inLanguage\":\"it-IT\",\"potentialAction\":[{\"@type\":\"ReadAction\",\"target\":[\"https:\/\/rifugiovalcamonica.com\/fr\/le-campanine-ou-les-gravures-rupestres-du-ciel-libre\/\"]}]},{\"@type\":\"BreadcrumbList\",\"@id\":\"https:\/\/rifugiovalcamonica.com\/fr\/le-campanine-ou-les-gravures-rupestres-du-ciel-libre\/#breadcrumb\",\"itemListElement\":[{\"@type\":\"ListItem\",\"position\":1,\"name\":\"Le Campanine, ou les gravures rupestres du ciel libre\"}]}]}<\/script>\n<!-- \/ Yoast SEO plugin. -->","yoast_head_json":{"title":"Le Campanine, ou les gravures rupestres du ciel libre - Rifugio De Marie","robots":{"index":"index","follow":"follow","max-snippet":"max-snippet:-1","max-image-preview":"max-image-preview:large","max-video-preview":"max-video-preview:-1"},"canonical":"https:\/\/rifugiovalcamonica.com\/fr\/le-campanine-ou-les-gravures-rupestres-du-ciel-libre\/","og_locale":"it_IT","og_type":"article","og_title":"Le Campanine, ou les gravures rupestres du ciel libre - Rifugio De Marie","og_description":"Pour les voyageurs d&#8217;histoire en plein air, je propose une visite \u00e0 la Campanine, o\u00f9 l&#8217;acc\u00e8s est gratuit et o\u00f9 l&#8217;on trouve de nombreuses gravures et graffitis t\u00e9moignant de l&#8217;expressivit\u00e9 de l&#8217;antique Camuni. Itin\u00e9raire : au d\u00e9but de la ville de Cimbergo, il y a un espace sur la droite o\u00f9 vous pouvez garer votre...","og_url":"https:\/\/rifugiovalcamonica.com\/fr\/le-campanine-ou-les-gravures-rupestres-du-ciel-libre\/","og_site_name":"Rifugio De Marie","article_modified_time":"2022-04-30T15:29:00+00:00","og_image":[{"url":"http:\/\/rifugiovalcamonica.com\/fr\/wp-content\/uploads\/2022\/02\/IMG_20210402_132839631_HDR_opt-225x300.jpg"}],"twitter_misc":{"Tempo di lettura stimato":"2 minuti"},"schema":{"@context":"https:\/\/schema.org","@graph":[{"@type":"WebSite","@id":"https:\/\/rifugiovalcamonica.com\/fr\/#website","url":"https:\/\/rifugiovalcamonica.com\/fr\/","name":"Rifugio De Marie","description":"Rifugio in Valcamonica","potentialAction":[{"@type":"SearchAction","target":{"@type":"EntryPoint","urlTemplate":"https:\/\/rifugiovalcamonica.com\/fr\/?s={search_term_string}"},"query-input":"required name=search_term_string"}],"inLanguage":"it-IT"},{"@type":"ImageObject","@id":"https:\/\/rifugiovalcamonica.com\/fr\/le-campanine-ou-les-gravures-rupestres-du-ciel-libre\/#primaryimage","inLanguage":"it-IT","url":"http:\/\/rifugiovalcamonica.com\/fr\/wp-content\/uploads\/2022\/02\/IMG_20210402_132839631_HDR_opt-225x300.jpg","contentUrl":"http:\/\/rifugiovalcamonica.com\/fr\/wp-content\/uploads\/2022\/02\/IMG_20210402_132839631_HDR_opt-225x300.jpg"},{"@type":"WebPage","@id":"https:\/\/rifugiovalcamonica.com\/fr\/le-campanine-ou-les-gravures-rupestres-du-ciel-libre\/#webpage","url":"https:\/\/rifugiovalcamonica.com\/fr\/le-campanine-ou-les-gravures-rupestres-du-ciel-libre\/","name":"Le Campanine, ou les gravures rupestres du ciel libre - Rifugio De Marie","isPartOf":{"@id":"https:\/\/rifugiovalcamonica.com\/fr\/#website"},"primaryImageOfPage":{"@id":"https:\/\/rifugiovalcamonica.com\/fr\/le-campanine-ou-les-gravures-rupestres-du-ciel-libre\/#primaryimage"},"datePublished":"2021-03-05T16:49:42+00:00","dateModified":"2022-04-30T15:29:00+00:00","breadcrumb":{"@id":"https:\/\/rifugiovalcamonica.com\/fr\/le-campanine-ou-les-gravures-rupestres-du-ciel-libre\/#breadcrumb"},"inLanguage":"it-IT","potentialAction":[{"@type":"ReadAction","target":["https:\/\/rifugiovalcamonica.com\/fr\/le-campanine-ou-les-gravures-rupestres-du-ciel-libre\/"]}]},{"@type":"BreadcrumbList","@id":"https:\/\/rifugiovalcamonica.com\/fr\/le-campanine-ou-les-gravures-rupestres-du-ciel-libre\/#breadcrumb","itemListElement":[{"@type":"ListItem","position":1,"name":"Le Campanine, ou les gravures rupestres du ciel libre"}]}]}},"_links":{"self":[{"href":"https:\/\/rifugiovalcamonica.com\/fr\/wp-json\/wp\/v2\/pages\/3783"}],"collection":[{"href":"https:\/\/rifugiovalcamonica.com\/fr\/wp-json\/wp\/v2\/pages"}],"about":[{"href":"https:\/\/rifugiovalcamonica.com\/fr\/wp-json\/wp\/v2\/types\/page"}],"author":[{"embeddable":true,"href":"https:\/\/rifugiovalcamonica.com\/fr\/wp-json\/wp\/v2\/users\/15"}],"replies":[{"embeddable":true,"href":"https:\/\/rifugiovalcamonica.com\/fr\/wp-json\/wp\/v2\/comments?post=3783"}],"version-history":[{"count":7,"href":"https:\/\/rifugiovalcamonica.com\/fr\/wp-json\/wp\/v2\/pages\/3783\/revisions"}],"predecessor-version":[{"id":4387,"href":"https:\/\/rifugiovalcamonica.com\/fr\/wp-json\/wp\/v2\/pages\/3783\/revisions\/4387"}],"wp:attachment":[{"href":"https:\/\/rifugiovalcamonica.com\/fr\/wp-json\/wp\/v2\/media?parent=3783"}],"curies":[{"name":"wp","href":"https:\/\/api.w.org\/{rel}","templated":true}]}}