{"id":3785,"date":"2021-03-05T17:50:12","date_gmt":"2021-03-05T16:50:12","guid":{"rendered":"https:\/\/rifugiovalcamonica.com\/fr\/?page_id=3785"},"modified":"2022-04-30T17:25:06","modified_gmt":"2022-04-30T15:25:06","slug":"la-petite-eglise-de-boa","status":"publish","type":"page","link":"https:\/\/rifugiovalcamonica.com\/fr\/la-petite-eglise-de-boa\/","title":{"rendered":"La petite \u00e9glise de Boa"},"content":{"rendered":"<p><img loading=\"lazy\" class=\"size-medium wp-image-4257 alignleft\" src=\"https:\/\/rifugiovalcamonica.com\/fr\/wp-content\/uploads\/2022\/02\/IMG-20190402-WA0005_opt-225x300.jpg\" alt=\"\" width=\"225\" height=\"300\" srcset=\"https:\/\/rifugiovalcamonica.com\/fr\/wp-content\/uploads\/2022\/02\/IMG-20190402-WA0005_opt-225x300.jpg 225w, https:\/\/rifugiovalcamonica.com\/fr\/wp-content\/uploads\/2022\/02\/IMG-20190402-WA0005_opt.jpg 263w\" sizes=\"(max-width: 225px) 100vw, 225px\" \/>En continuant au-dessus de la ville, sur la route goudronn\u00e9e qui m\u00e8ne \u00e0 Volano, les premiers panneaux indiquent le mot &#8220;Boa&#8221;. Pour les voyageurs de d\u00e9couverte et de connaissance, je leur propose de la suivre pour arriver, apr\u00e8s une marche parmi les pins et les sapins, \u00e0 une petite \u00e9glise tr\u00e8s particuli\u00e8re, intime et cosy. J&#8217;ai utilis\u00e9 le terme petit \u00e0 c\u00f4t\u00e9 d&#8217;une \u00e9glise pr\u00e9cis\u00e9ment parce qu&#8217;elle est petite. Mais quel charme ! Dans le village on la nomme &#8220;La petite \u00e9glise des morts de Boa&#8221;, car elle a \u00e9t\u00e9 construite en d\u00e9votion aux morts de la peste, probablement la terrible peste de 1630. En effet, \u00e0 l&#8217;int\u00e9rieur de la chapelle, sur la gauche on peut lire \u00ab\u00a0Abse-Ricordo-Morti-Peste -Donn\u00e9es-Tr\u00e8s-\u00c9loign\u00e9es\u00a0\u00bb (la r\u00e9solution pour la construction du sanctuaire de Boa porte la date du 16 ao\u00fbt 1778). A gauche, une \u00e9criture ci-contre montre d&#8217;autres informations : &#8220;Nave-And-Portico-Buildings-During-World-War-1915-1918-Parh-Bonomini&#8221;. Les fresques et autres meubles sont appr\u00e9ciables. Elle est ferm\u00e9e par un portail, pr\u00e9c\u00e9d\u00e9 d&#8217;un \u00e9l\u00e9gant portique soutenu par deux colonnes et un muret. Tout incite \u00e0 la pri\u00e8re ou \u00e0 une rencontre intime. Autour de pr\u00e9s, bois et cabanes. En \u00e9t\u00e9, apr\u00e8s une p\u00e9riode de s\u00e9cheresse, bien que ce soit dans les montagnes, il est de tradition pour les habitants du village de se rendre \u00e0 l&#8217;\u00e9glise le dimanche apr\u00e8s-midi, o\u00f9 une messe est c\u00e9l\u00e9br\u00e9e, priant \u00e9galement pour que la pluie arrive.<\/p>\n","protected":false},"excerpt":{"rendered":"<p>En continuant au-dessus de la ville, sur la route goudronn\u00e9e qui m\u00e8ne \u00e0 Volano, les premiers panneaux indiquent le mot &#8220;Boa&#8221;. Pour les voyageurs de d\u00e9couverte et de connaissance, je leur propose de la suivre pour arriver, apr\u00e8s une marche parmi les pins et les sapins, \u00e0 une petite \u00e9glise tr\u00e8s particuli\u00e8re, intime et cosy&#8230;.<\/p>\n","protected":false},"author":15,"featured_media":0,"parent":0,"menu_order":0,"comment_status":"closed","ping_status":"closed","template":"","meta":[],"yoast_head":"<!-- This site is optimized with the Yoast SEO plugin v18.6 - https:\/\/yoast.com\/wordpress\/plugins\/seo\/ -->\n<title>La petite \u00e9glise de Boa - Rifugio De Marie<\/title>\n<meta name=\"robots\" content=\"index, follow, max-snippet:-1, max-image-preview:large, max-video-preview:-1\" \/>\n<link rel=\"canonical\" href=\"https:\/\/rifugiovalcamonica.com\/fr\/la-petite-eglise-de-boa\/\" \/>\n<meta property=\"og:locale\" content=\"it_IT\" \/>\n<meta property=\"og:type\" content=\"article\" \/>\n<meta property=\"og:title\" content=\"La petite \u00e9glise de Boa - Rifugio De Marie\" \/>\n<meta property=\"og:description\" content=\"En continuant au-dessus de la ville, sur la route goudronn\u00e9e qui m\u00e8ne \u00e0 Volano, les premiers panneaux indiquent le mot &#8220;Boa&#8221;. Pour les voyageurs de d\u00e9couverte et de connaissance, je leur propose de la suivre pour arriver, apr\u00e8s une marche parmi les pins et les sapins, \u00e0 une petite \u00e9glise tr\u00e8s particuli\u00e8re, intime et cosy....\" \/>\n<meta property=\"og:url\" content=\"https:\/\/rifugiovalcamonica.com\/fr\/la-petite-eglise-de-boa\/\" \/>\n<meta property=\"og:site_name\" content=\"Rifugio De Marie\" \/>\n<meta property=\"article:modified_time\" content=\"2022-04-30T15:25:06+00:00\" \/>\n<meta property=\"og:image\" content=\"http:\/\/rifugiovalcamonica.com\/fr\/wp-content\/uploads\/2022\/02\/IMG-20190402-WA0005_opt-225x300.jpg\" \/>\n<meta name=\"twitter:label1\" content=\"Tempo di lettura stimato\" \/>\n\t<meta name=\"twitter:data1\" content=\"2 minuti\" \/>\n<script type=\"application\/ld+json\" class=\"yoast-schema-graph\">{\"@context\":\"https:\/\/schema.org\",\"@graph\":[{\"@type\":\"WebSite\",\"@id\":\"https:\/\/rifugiovalcamonica.com\/fr\/#website\",\"url\":\"https:\/\/rifugiovalcamonica.com\/fr\/\",\"name\":\"Rifugio De Marie\",\"description\":\"Rifugio in Valcamonica\",\"potentialAction\":[{\"@type\":\"SearchAction\",\"target\":{\"@type\":\"EntryPoint\",\"urlTemplate\":\"https:\/\/rifugiovalcamonica.com\/fr\/?s={search_term_string}\"},\"query-input\":\"required name=search_term_string\"}],\"inLanguage\":\"it-IT\"},{\"@type\":\"ImageObject\",\"@id\":\"https:\/\/rifugiovalcamonica.com\/fr\/la-petite-eglise-de-boa\/#primaryimage\",\"inLanguage\":\"it-IT\",\"url\":\"http:\/\/rifugiovalcamonica.com\/fr\/wp-content\/uploads\/2022\/02\/IMG-20190402-WA0005_opt-225x300.jpg\",\"contentUrl\":\"http:\/\/rifugiovalcamonica.com\/fr\/wp-content\/uploads\/2022\/02\/IMG-20190402-WA0005_opt-225x300.jpg\"},{\"@type\":\"WebPage\",\"@id\":\"https:\/\/rifugiovalcamonica.com\/fr\/la-petite-eglise-de-boa\/#webpage\",\"url\":\"https:\/\/rifugiovalcamonica.com\/fr\/la-petite-eglise-de-boa\/\",\"name\":\"La petite \u00e9glise de Boa - Rifugio De Marie\",\"isPartOf\":{\"@id\":\"https:\/\/rifugiovalcamonica.com\/fr\/#website\"},\"primaryImageOfPage\":{\"@id\":\"https:\/\/rifugiovalcamonica.com\/fr\/la-petite-eglise-de-boa\/#primaryimage\"},\"datePublished\":\"2021-03-05T16:50:12+00:00\",\"dateModified\":\"2022-04-30T15:25:06+00:00\",\"breadcrumb\":{\"@id\":\"https:\/\/rifugiovalcamonica.com\/fr\/la-petite-eglise-de-boa\/#breadcrumb\"},\"inLanguage\":\"it-IT\",\"potentialAction\":[{\"@type\":\"ReadAction\",\"target\":[\"https:\/\/rifugiovalcamonica.com\/fr\/la-petite-eglise-de-boa\/\"]}]},{\"@type\":\"BreadcrumbList\",\"@id\":\"https:\/\/rifugiovalcamonica.com\/fr\/la-petite-eglise-de-boa\/#breadcrumb\",\"itemListElement\":[{\"@type\":\"ListItem\",\"position\":1,\"name\":\"La petite \u00e9glise de Boa\"}]}]}<\/script>\n<!-- \/ Yoast SEO plugin. -->","yoast_head_json":{"title":"La petite \u00e9glise de Boa - Rifugio De Marie","robots":{"index":"index","follow":"follow","max-snippet":"max-snippet:-1","max-image-preview":"max-image-preview:large","max-video-preview":"max-video-preview:-1"},"canonical":"https:\/\/rifugiovalcamonica.com\/fr\/la-petite-eglise-de-boa\/","og_locale":"it_IT","og_type":"article","og_title":"La petite \u00e9glise de Boa - Rifugio De Marie","og_description":"En continuant au-dessus de la ville, sur la route goudronn\u00e9e qui m\u00e8ne \u00e0 Volano, les premiers panneaux indiquent le mot &#8220;Boa&#8221;. Pour les voyageurs de d\u00e9couverte et de connaissance, je leur propose de la suivre pour arriver, apr\u00e8s une marche parmi les pins et les sapins, \u00e0 une petite \u00e9glise tr\u00e8s particuli\u00e8re, intime et cosy....","og_url":"https:\/\/rifugiovalcamonica.com\/fr\/la-petite-eglise-de-boa\/","og_site_name":"Rifugio De Marie","article_modified_time":"2022-04-30T15:25:06+00:00","og_image":[{"url":"http:\/\/rifugiovalcamonica.com\/fr\/wp-content\/uploads\/2022\/02\/IMG-20190402-WA0005_opt-225x300.jpg"}],"twitter_misc":{"Tempo di lettura stimato":"2 minuti"},"schema":{"@context":"https:\/\/schema.org","@graph":[{"@type":"WebSite","@id":"https:\/\/rifugiovalcamonica.com\/fr\/#website","url":"https:\/\/rifugiovalcamonica.com\/fr\/","name":"Rifugio De Marie","description":"Rifugio in Valcamonica","potentialAction":[{"@type":"SearchAction","target":{"@type":"EntryPoint","urlTemplate":"https:\/\/rifugiovalcamonica.com\/fr\/?s={search_term_string}"},"query-input":"required name=search_term_string"}],"inLanguage":"it-IT"},{"@type":"ImageObject","@id":"https:\/\/rifugiovalcamonica.com\/fr\/la-petite-eglise-de-boa\/#primaryimage","inLanguage":"it-IT","url":"http:\/\/rifugiovalcamonica.com\/fr\/wp-content\/uploads\/2022\/02\/IMG-20190402-WA0005_opt-225x300.jpg","contentUrl":"http:\/\/rifugiovalcamonica.com\/fr\/wp-content\/uploads\/2022\/02\/IMG-20190402-WA0005_opt-225x300.jpg"},{"@type":"WebPage","@id":"https:\/\/rifugiovalcamonica.com\/fr\/la-petite-eglise-de-boa\/#webpage","url":"https:\/\/rifugiovalcamonica.com\/fr\/la-petite-eglise-de-boa\/","name":"La petite \u00e9glise de Boa - Rifugio De Marie","isPartOf":{"@id":"https:\/\/rifugiovalcamonica.com\/fr\/#website"},"primaryImageOfPage":{"@id":"https:\/\/rifugiovalcamonica.com\/fr\/la-petite-eglise-de-boa\/#primaryimage"},"datePublished":"2021-03-05T16:50:12+00:00","dateModified":"2022-04-30T15:25:06+00:00","breadcrumb":{"@id":"https:\/\/rifugiovalcamonica.com\/fr\/la-petite-eglise-de-boa\/#breadcrumb"},"inLanguage":"it-IT","potentialAction":[{"@type":"ReadAction","target":["https:\/\/rifugiovalcamonica.com\/fr\/la-petite-eglise-de-boa\/"]}]},{"@type":"BreadcrumbList","@id":"https:\/\/rifugiovalcamonica.com\/fr\/la-petite-eglise-de-boa\/#breadcrumb","itemListElement":[{"@type":"ListItem","position":1,"name":"La petite \u00e9glise de Boa"}]}]}},"_links":{"self":[{"href":"https:\/\/rifugiovalcamonica.com\/fr\/wp-json\/wp\/v2\/pages\/3785"}],"collection":[{"href":"https:\/\/rifugiovalcamonica.com\/fr\/wp-json\/wp\/v2\/pages"}],"about":[{"href":"https:\/\/rifugiovalcamonica.com\/fr\/wp-json\/wp\/v2\/types\/page"}],"author":[{"embeddable":true,"href":"https:\/\/rifugiovalcamonica.com\/fr\/wp-json\/wp\/v2\/users\/15"}],"replies":[{"embeddable":true,"href":"https:\/\/rifugiovalcamonica.com\/fr\/wp-json\/wp\/v2\/comments?post=3785"}],"version-history":[{"count":6,"href":"https:\/\/rifugiovalcamonica.com\/fr\/wp-json\/wp\/v2\/pages\/3785\/revisions"}],"predecessor-version":[{"id":4383,"href":"https:\/\/rifugiovalcamonica.com\/fr\/wp-json\/wp\/v2\/pages\/3785\/revisions\/4383"}],"wp:attachment":[{"href":"https:\/\/rifugiovalcamonica.com\/fr\/wp-json\/wp\/v2\/media?parent=3785"}],"curies":[{"name":"wp","href":"https:\/\/api.w.org\/{rel}","templated":true}]}}