{"id":3787,"date":"2021-03-05T17:50:44","date_gmt":"2021-03-05T16:50:44","guid":{"rendered":"https:\/\/rifugiovalcamonica.com\/fr\/?page_id=3787"},"modified":"2022-04-30T17:31:03","modified_gmt":"2022-04-30T15:31:03","slug":"le-rocher","status":"publish","type":"page","link":"https:\/\/rifugiovalcamonica.com\/fr\/le-rocher\/","title":{"rendered":"Le rocher"},"content":{"rendered":"<p><img loading=\"lazy\" class=\"size-medium wp-image-4259 alignleft\" src=\"https:\/\/rifugiovalcamonica.com\/fr\/wp-content\/uploads\/2022\/02\/falesia-225x300.jpg\" alt=\"\" width=\"225\" height=\"300\" srcset=\"https:\/\/rifugiovalcamonica.com\/fr\/wp-content\/uploads\/2022\/02\/falesia-225x300.jpg 225w, https:\/\/rifugiovalcamonica.com\/fr\/wp-content\/uploads\/2022\/02\/falesia-768x1024.jpg 768w, https:\/\/rifugiovalcamonica.com\/fr\/wp-content\/uploads\/2022\/02\/falesia-1152x1536.jpg 1152w, https:\/\/rifugiovalcamonica.com\/fr\/wp-content\/uploads\/2022\/02\/falesia-1536x2048.jpg 1536w, https:\/\/rifugiovalcamonica.com\/fr\/wp-content\/uploads\/2022\/02\/falesia-600x800.jpg 600w, https:\/\/rifugiovalcamonica.com\/fr\/wp-content\/uploads\/2022\/02\/falesia-scaled.jpg 1920w\" sizes=\"(max-width: 225px) 100vw, 225px\" \/>Chaque ann\u00e9e de plus en plus populaire, la falaise de Cimbergo (que nous Cimberghesi est appel\u00e9e \u00ab Coran de Batisti \u00bb) est une roche lombarde verrucano, gr\u00e8s tr\u00e8s compact. Situ\u00e9 dans le parc Adamello, R\u00e9serve de gravures rupestres de Ceto, Cimbergo, Paspardo, il est immerg\u00e9 dans un bois de ch\u00e2taigniers fantastique, tout aussi fantastique est l&#8217;escalade qui peut \u00eatre faite, presque toujours \u00e0 l&#8217;ombre et au frais. Il y a des emplacements pour toutes les difficult\u00e9s, du 4\u00b0 au 8c\/9a. Au mois de septembre, depuis quelques ann\u00e9es d\u00e9j\u00e0, se tient un rendez-vous des passionn\u00e9s de ce sport. Cette ann\u00e9e, pour des raisons \u00e9videntes, non. Non balis\u00e9, il est situ\u00e9 juste avant la petite ville de Cimbergo, \u00e0 5\/10 minutes \u00e0 pied de la route provinciale. Je pr\u00e9cise le chemin pour y arriver. De l&#8217;autoroute qui vient de Bs, prendre la sortie Capodiponte. A l&#8217;intersection, prendre \u00e0 droite en suivant les panneaux pour Cimbergo. Continuer le long de la route provinciale curviligne. Apr\u00e8s un pont, une scierie et encore quelques virages, la route est droite. Plus ou moins aux deux tiers sur la directe, pour nous autres villageois &#8220;tir de somarzan&#8221;, sur la droite vous pouvez voir un panneau indicatif qui lit &#8220;Foresteria &#8230;&#8230;.&#8221; et juste \u00e0 l&#8217;oppos\u00e9 commence le chemin muletier qui m\u00e8ne \u00e0 notre destination. La voiture peut \u00eatre gar\u00e9e juste un peu au-dessus de la ligne directe. Pour des informations plus d\u00e9taill\u00e9es, tapez Graffiti Climbers et \/ ou Boulder dei Pitoti.<\/p>\n","protected":false},"excerpt":{"rendered":"<p>Chaque ann\u00e9e de plus en plus populaire, la falaise de Cimbergo (que nous Cimberghesi est appel\u00e9e \u00ab Coran de Batisti \u00bb) est une roche lombarde verrucano, gr\u00e8s tr\u00e8s compact. Situ\u00e9 dans le parc Adamello, R\u00e9serve de gravures rupestres de Ceto, Cimbergo, Paspardo, il est immerg\u00e9 dans un bois de ch\u00e2taigniers fantastique, tout aussi fantastique est&#8230;<\/p>\n","protected":false},"author":15,"featured_media":0,"parent":0,"menu_order":0,"comment_status":"closed","ping_status":"closed","template":"","meta":[],"yoast_head":"<!-- This site is optimized with the Yoast SEO plugin v18.6 - https:\/\/yoast.com\/wordpress\/plugins\/seo\/ -->\n<title>Le rocher - Rifugio De Marie<\/title>\n<meta name=\"robots\" content=\"index, follow, max-snippet:-1, max-image-preview:large, max-video-preview:-1\" \/>\n<link rel=\"canonical\" href=\"https:\/\/rifugiovalcamonica.com\/fr\/le-rocher\/\" \/>\n<meta property=\"og:locale\" content=\"it_IT\" \/>\n<meta property=\"og:type\" content=\"article\" \/>\n<meta property=\"og:title\" content=\"Le rocher - Rifugio De Marie\" \/>\n<meta property=\"og:description\" content=\"Chaque ann\u00e9e de plus en plus populaire, la falaise de Cimbergo (que nous Cimberghesi est appel\u00e9e \u00ab Coran de Batisti \u00bb) est une roche lombarde verrucano, gr\u00e8s tr\u00e8s compact. Situ\u00e9 dans le parc Adamello, R\u00e9serve de gravures rupestres de Ceto, Cimbergo, Paspardo, il est immerg\u00e9 dans un bois de ch\u00e2taigniers fantastique, tout aussi fantastique est...\" \/>\n<meta property=\"og:url\" content=\"https:\/\/rifugiovalcamonica.com\/fr\/le-rocher\/\" \/>\n<meta property=\"og:site_name\" content=\"Rifugio De Marie\" \/>\n<meta property=\"article:modified_time\" content=\"2022-04-30T15:31:03+00:00\" \/>\n<meta property=\"og:image\" content=\"http:\/\/rifugiovalcamonica.com\/fr\/wp-content\/uploads\/2022\/02\/falesia-225x300.jpg\" \/>\n<meta name=\"twitter:label1\" content=\"Tempo di lettura stimato\" \/>\n\t<meta name=\"twitter:data1\" content=\"2 minuti\" \/>\n<script type=\"application\/ld+json\" class=\"yoast-schema-graph\">{\"@context\":\"https:\/\/schema.org\",\"@graph\":[{\"@type\":\"WebSite\",\"@id\":\"https:\/\/rifugiovalcamonica.com\/fr\/#website\",\"url\":\"https:\/\/rifugiovalcamonica.com\/fr\/\",\"name\":\"Rifugio De Marie\",\"description\":\"Rifugio in Valcamonica\",\"potentialAction\":[{\"@type\":\"SearchAction\",\"target\":{\"@type\":\"EntryPoint\",\"urlTemplate\":\"https:\/\/rifugiovalcamonica.com\/fr\/?s={search_term_string}\"},\"query-input\":\"required name=search_term_string\"}],\"inLanguage\":\"it-IT\"},{\"@type\":\"ImageObject\",\"@id\":\"https:\/\/rifugiovalcamonica.com\/fr\/le-rocher\/#primaryimage\",\"inLanguage\":\"it-IT\",\"url\":\"http:\/\/rifugiovalcamonica.com\/fr\/wp-content\/uploads\/2022\/02\/falesia-225x300.jpg\",\"contentUrl\":\"http:\/\/rifugiovalcamonica.com\/fr\/wp-content\/uploads\/2022\/02\/falesia-225x300.jpg\"},{\"@type\":\"WebPage\",\"@id\":\"https:\/\/rifugiovalcamonica.com\/fr\/le-rocher\/#webpage\",\"url\":\"https:\/\/rifugiovalcamonica.com\/fr\/le-rocher\/\",\"name\":\"Le rocher - Rifugio De Marie\",\"isPartOf\":{\"@id\":\"https:\/\/rifugiovalcamonica.com\/fr\/#website\"},\"primaryImageOfPage\":{\"@id\":\"https:\/\/rifugiovalcamonica.com\/fr\/le-rocher\/#primaryimage\"},\"datePublished\":\"2021-03-05T16:50:44+00:00\",\"dateModified\":\"2022-04-30T15:31:03+00:00\",\"breadcrumb\":{\"@id\":\"https:\/\/rifugiovalcamonica.com\/fr\/le-rocher\/#breadcrumb\"},\"inLanguage\":\"it-IT\",\"potentialAction\":[{\"@type\":\"ReadAction\",\"target\":[\"https:\/\/rifugiovalcamonica.com\/fr\/le-rocher\/\"]}]},{\"@type\":\"BreadcrumbList\",\"@id\":\"https:\/\/rifugiovalcamonica.com\/fr\/le-rocher\/#breadcrumb\",\"itemListElement\":[{\"@type\":\"ListItem\",\"position\":1,\"name\":\"Le rocher\"}]}]}<\/script>\n<!-- \/ Yoast SEO plugin. -->","yoast_head_json":{"title":"Le rocher - Rifugio De Marie","robots":{"index":"index","follow":"follow","max-snippet":"max-snippet:-1","max-image-preview":"max-image-preview:large","max-video-preview":"max-video-preview:-1"},"canonical":"https:\/\/rifugiovalcamonica.com\/fr\/le-rocher\/","og_locale":"it_IT","og_type":"article","og_title":"Le rocher - Rifugio De Marie","og_description":"Chaque ann\u00e9e de plus en plus populaire, la falaise de Cimbergo (que nous Cimberghesi est appel\u00e9e \u00ab Coran de Batisti \u00bb) est une roche lombarde verrucano, gr\u00e8s tr\u00e8s compact. Situ\u00e9 dans le parc Adamello, R\u00e9serve de gravures rupestres de Ceto, Cimbergo, Paspardo, il est immerg\u00e9 dans un bois de ch\u00e2taigniers fantastique, tout aussi fantastique est...","og_url":"https:\/\/rifugiovalcamonica.com\/fr\/le-rocher\/","og_site_name":"Rifugio De Marie","article_modified_time":"2022-04-30T15:31:03+00:00","og_image":[{"url":"http:\/\/rifugiovalcamonica.com\/fr\/wp-content\/uploads\/2022\/02\/falesia-225x300.jpg"}],"twitter_misc":{"Tempo di lettura stimato":"2 minuti"},"schema":{"@context":"https:\/\/schema.org","@graph":[{"@type":"WebSite","@id":"https:\/\/rifugiovalcamonica.com\/fr\/#website","url":"https:\/\/rifugiovalcamonica.com\/fr\/","name":"Rifugio De Marie","description":"Rifugio in Valcamonica","potentialAction":[{"@type":"SearchAction","target":{"@type":"EntryPoint","urlTemplate":"https:\/\/rifugiovalcamonica.com\/fr\/?s={search_term_string}"},"query-input":"required name=search_term_string"}],"inLanguage":"it-IT"},{"@type":"ImageObject","@id":"https:\/\/rifugiovalcamonica.com\/fr\/le-rocher\/#primaryimage","inLanguage":"it-IT","url":"http:\/\/rifugiovalcamonica.com\/fr\/wp-content\/uploads\/2022\/02\/falesia-225x300.jpg","contentUrl":"http:\/\/rifugiovalcamonica.com\/fr\/wp-content\/uploads\/2022\/02\/falesia-225x300.jpg"},{"@type":"WebPage","@id":"https:\/\/rifugiovalcamonica.com\/fr\/le-rocher\/#webpage","url":"https:\/\/rifugiovalcamonica.com\/fr\/le-rocher\/","name":"Le rocher - Rifugio De Marie","isPartOf":{"@id":"https:\/\/rifugiovalcamonica.com\/fr\/#website"},"primaryImageOfPage":{"@id":"https:\/\/rifugiovalcamonica.com\/fr\/le-rocher\/#primaryimage"},"datePublished":"2021-03-05T16:50:44+00:00","dateModified":"2022-04-30T15:31:03+00:00","breadcrumb":{"@id":"https:\/\/rifugiovalcamonica.com\/fr\/le-rocher\/#breadcrumb"},"inLanguage":"it-IT","potentialAction":[{"@type":"ReadAction","target":["https:\/\/rifugiovalcamonica.com\/fr\/le-rocher\/"]}]},{"@type":"BreadcrumbList","@id":"https:\/\/rifugiovalcamonica.com\/fr\/le-rocher\/#breadcrumb","itemListElement":[{"@type":"ListItem","position":1,"name":"Le rocher"}]}]}},"_links":{"self":[{"href":"https:\/\/rifugiovalcamonica.com\/fr\/wp-json\/wp\/v2\/pages\/3787"}],"collection":[{"href":"https:\/\/rifugiovalcamonica.com\/fr\/wp-json\/wp\/v2\/pages"}],"about":[{"href":"https:\/\/rifugiovalcamonica.com\/fr\/wp-json\/wp\/v2\/types\/page"}],"author":[{"embeddable":true,"href":"https:\/\/rifugiovalcamonica.com\/fr\/wp-json\/wp\/v2\/users\/15"}],"replies":[{"embeddable":true,"href":"https:\/\/rifugiovalcamonica.com\/fr\/wp-json\/wp\/v2\/comments?post=3787"}],"version-history":[{"count":7,"href":"https:\/\/rifugiovalcamonica.com\/fr\/wp-json\/wp\/v2\/pages\/3787\/revisions"}],"predecessor-version":[{"id":4389,"href":"https:\/\/rifugiovalcamonica.com\/fr\/wp-json\/wp\/v2\/pages\/3787\/revisions\/4389"}],"wp:attachment":[{"href":"https:\/\/rifugiovalcamonica.com\/fr\/wp-json\/wp\/v2\/media?parent=3787"}],"curies":[{"name":"wp","href":"https:\/\/api.w.org\/{rel}","templated":true}]}}