{"id":3789,"date":"2021-03-05T17:51:11","date_gmt":"2021-03-05T16:51:11","guid":{"rendered":"https:\/\/rifugiovalcamonica.com\/fr\/?page_id=3789"},"modified":"2022-04-30T17:26:54","modified_gmt":"2022-04-30T15:26:54","slug":"la-petite-cascade-de-vignola","status":"publish","type":"page","link":"https:\/\/rifugiovalcamonica.com\/fr\/la-petite-cascade-de-vignola\/","title":{"rendered":"La petite cascade de Vignola"},"content":{"rendered":"<p><a ref=\"magnificPopup\" href=\"https:\/\/rifugiovalcamonica.com\/fr\/wp-content\/uploads\/2022\/02\/IMG_20210401_134450008_HDR-1_opt.jpg\"><img loading=\"lazy\" class=\"size-medium wp-image-4264 alignleft\" src=\"https:\/\/rifugiovalcamonica.com\/fr\/wp-content\/uploads\/2022\/02\/IMG_20210401_134450008_HDR-1_opt-225x300.jpg\" alt=\"\" width=\"225\" height=\"300\" srcset=\"https:\/\/rifugiovalcamonica.com\/fr\/wp-content\/uploads\/2022\/02\/IMG_20210401_134450008_HDR-1_opt-225x300.jpg 225w, https:\/\/rifugiovalcamonica.com\/fr\/wp-content\/uploads\/2022\/02\/IMG_20210401_134450008_HDR-1_opt.jpg 263w\" sizes=\"(max-width: 225px) 100vw, 225px\" \/><\/a>L&#8217;excursion \u00e0 la petite cascade de Vignola est int\u00e9ressante. Itin\u00e9raire : dans le village en contrebas de notre structure, ZA-CO&#8217;, apr\u00e8s le virage, prendre la route \u00e0 gauche qui devient rapidement un chemin muletier. Continuez jusqu&#8217;\u00e0 ce que vous d\u00e9bouchiez sur une route goudronn\u00e9e ; en restant sur la gauche, vous arriverez \u00e0 un petit groupe de maisons, o\u00f9 vous trouverez des panneaux pour le dernier court tron\u00e7on de la promenade. Temps de trajet depuis notre h\u00f4tel environ 40 minutes. Sur le chemin du retour, vous pouvez choisir l&#8217;itin\u00e9raire alternatif : prenez la route de l&#8217;aller sur une courte distance et continuez \u00e0 gauche jusqu&#8217;\u00e0 ce que vous d\u00e9bouchiez sur la route principale \u00e0 la sortie de la ville. Le parcours est presque enti\u00e8rement plat.<\/p>\n","protected":false},"excerpt":{"rendered":"<p>L&#8217;excursion \u00e0 la petite cascade de Vignola est int\u00e9ressante. Itin\u00e9raire : dans le village en contrebas de notre structure, ZA-CO&#8217;, apr\u00e8s le virage, prendre la route \u00e0 gauche qui devient rapidement un chemin muletier. Continuez jusqu&#8217;\u00e0 ce que vous d\u00e9bouchiez sur une route goudronn\u00e9e ; en restant sur la gauche, vous arriverez \u00e0 un petit&#8230;<\/p>\n","protected":false},"author":15,"featured_media":0,"parent":0,"menu_order":0,"comment_status":"closed","ping_status":"closed","template":"","meta":[],"yoast_head":"<!-- This site is optimized with the Yoast SEO plugin v18.6 - https:\/\/yoast.com\/wordpress\/plugins\/seo\/ -->\n<title>La petite cascade de Vignola - Rifugio De Marie<\/title>\n<meta name=\"robots\" content=\"index, follow, max-snippet:-1, max-image-preview:large, max-video-preview:-1\" \/>\n<link rel=\"canonical\" href=\"https:\/\/rifugiovalcamonica.com\/fr\/la-petite-cascade-de-vignola\/\" \/>\n<meta property=\"og:locale\" content=\"it_IT\" \/>\n<meta property=\"og:type\" content=\"article\" \/>\n<meta property=\"og:title\" content=\"La petite cascade de Vignola - Rifugio De Marie\" \/>\n<meta property=\"og:description\" content=\"L&#8217;excursion \u00e0 la petite cascade de Vignola est int\u00e9ressante. Itin\u00e9raire : dans le village en contrebas de notre structure, ZA-CO&#8217;, apr\u00e8s le virage, prendre la route \u00e0 gauche qui devient rapidement un chemin muletier. Continuez jusqu&#8217;\u00e0 ce que vous d\u00e9bouchiez sur une route goudronn\u00e9e ; en restant sur la gauche, vous arriverez \u00e0 un petit...\" \/>\n<meta property=\"og:url\" content=\"https:\/\/rifugiovalcamonica.com\/fr\/la-petite-cascade-de-vignola\/\" \/>\n<meta property=\"og:site_name\" content=\"Rifugio De Marie\" \/>\n<meta property=\"article:modified_time\" content=\"2022-04-30T15:26:54+00:00\" \/>\n<meta property=\"og:image\" content=\"http:\/\/rifugiovalcamonica.com\/fr\/wp-content\/uploads\/2022\/02\/IMG_20210401_134450008_HDR-1_opt-225x300.jpg\" \/>\n<meta name=\"twitter:label1\" content=\"Tempo di lettura stimato\" \/>\n\t<meta name=\"twitter:data1\" content=\"1 minuto\" \/>\n<script type=\"application\/ld+json\" class=\"yoast-schema-graph\">{\"@context\":\"https:\/\/schema.org\",\"@graph\":[{\"@type\":\"WebSite\",\"@id\":\"https:\/\/rifugiovalcamonica.com\/fr\/#website\",\"url\":\"https:\/\/rifugiovalcamonica.com\/fr\/\",\"name\":\"Rifugio De Marie\",\"description\":\"Rifugio in Valcamonica\",\"potentialAction\":[{\"@type\":\"SearchAction\",\"target\":{\"@type\":\"EntryPoint\",\"urlTemplate\":\"https:\/\/rifugiovalcamonica.com\/fr\/?s={search_term_string}\"},\"query-input\":\"required name=search_term_string\"}],\"inLanguage\":\"it-IT\"},{\"@type\":\"ImageObject\",\"@id\":\"https:\/\/rifugiovalcamonica.com\/fr\/la-petite-cascade-de-vignola\/#primaryimage\",\"inLanguage\":\"it-IT\",\"url\":\"http:\/\/rifugiovalcamonica.com\/fr\/wp-content\/uploads\/2022\/02\/IMG_20210401_134450008_HDR-1_opt-225x300.jpg\",\"contentUrl\":\"http:\/\/rifugiovalcamonica.com\/fr\/wp-content\/uploads\/2022\/02\/IMG_20210401_134450008_HDR-1_opt-225x300.jpg\"},{\"@type\":\"WebPage\",\"@id\":\"https:\/\/rifugiovalcamonica.com\/fr\/la-petite-cascade-de-vignola\/#webpage\",\"url\":\"https:\/\/rifugiovalcamonica.com\/fr\/la-petite-cascade-de-vignola\/\",\"name\":\"La petite cascade de Vignola - Rifugio De Marie\",\"isPartOf\":{\"@id\":\"https:\/\/rifugiovalcamonica.com\/fr\/#website\"},\"primaryImageOfPage\":{\"@id\":\"https:\/\/rifugiovalcamonica.com\/fr\/la-petite-cascade-de-vignola\/#primaryimage\"},\"datePublished\":\"2021-03-05T16:51:11+00:00\",\"dateModified\":\"2022-04-30T15:26:54+00:00\",\"breadcrumb\":{\"@id\":\"https:\/\/rifugiovalcamonica.com\/fr\/la-petite-cascade-de-vignola\/#breadcrumb\"},\"inLanguage\":\"it-IT\",\"potentialAction\":[{\"@type\":\"ReadAction\",\"target\":[\"https:\/\/rifugiovalcamonica.com\/fr\/la-petite-cascade-de-vignola\/\"]}]},{\"@type\":\"BreadcrumbList\",\"@id\":\"https:\/\/rifugiovalcamonica.com\/fr\/la-petite-cascade-de-vignola\/#breadcrumb\",\"itemListElement\":[{\"@type\":\"ListItem\",\"position\":1,\"name\":\"La petite cascade de Vignola\"}]}]}<\/script>\n<!-- \/ Yoast SEO plugin. -->","yoast_head_json":{"title":"La petite cascade de Vignola - Rifugio De Marie","robots":{"index":"index","follow":"follow","max-snippet":"max-snippet:-1","max-image-preview":"max-image-preview:large","max-video-preview":"max-video-preview:-1"},"canonical":"https:\/\/rifugiovalcamonica.com\/fr\/la-petite-cascade-de-vignola\/","og_locale":"it_IT","og_type":"article","og_title":"La petite cascade de Vignola - Rifugio De Marie","og_description":"L&#8217;excursion \u00e0 la petite cascade de Vignola est int\u00e9ressante. Itin\u00e9raire : dans le village en contrebas de notre structure, ZA-CO&#8217;, apr\u00e8s le virage, prendre la route \u00e0 gauche qui devient rapidement un chemin muletier. Continuez jusqu&#8217;\u00e0 ce que vous d\u00e9bouchiez sur une route goudronn\u00e9e ; en restant sur la gauche, vous arriverez \u00e0 un petit...","og_url":"https:\/\/rifugiovalcamonica.com\/fr\/la-petite-cascade-de-vignola\/","og_site_name":"Rifugio De Marie","article_modified_time":"2022-04-30T15:26:54+00:00","og_image":[{"url":"http:\/\/rifugiovalcamonica.com\/fr\/wp-content\/uploads\/2022\/02\/IMG_20210401_134450008_HDR-1_opt-225x300.jpg"}],"twitter_misc":{"Tempo di lettura stimato":"1 minuto"},"schema":{"@context":"https:\/\/schema.org","@graph":[{"@type":"WebSite","@id":"https:\/\/rifugiovalcamonica.com\/fr\/#website","url":"https:\/\/rifugiovalcamonica.com\/fr\/","name":"Rifugio De Marie","description":"Rifugio in Valcamonica","potentialAction":[{"@type":"SearchAction","target":{"@type":"EntryPoint","urlTemplate":"https:\/\/rifugiovalcamonica.com\/fr\/?s={search_term_string}"},"query-input":"required name=search_term_string"}],"inLanguage":"it-IT"},{"@type":"ImageObject","@id":"https:\/\/rifugiovalcamonica.com\/fr\/la-petite-cascade-de-vignola\/#primaryimage","inLanguage":"it-IT","url":"http:\/\/rifugiovalcamonica.com\/fr\/wp-content\/uploads\/2022\/02\/IMG_20210401_134450008_HDR-1_opt-225x300.jpg","contentUrl":"http:\/\/rifugiovalcamonica.com\/fr\/wp-content\/uploads\/2022\/02\/IMG_20210401_134450008_HDR-1_opt-225x300.jpg"},{"@type":"WebPage","@id":"https:\/\/rifugiovalcamonica.com\/fr\/la-petite-cascade-de-vignola\/#webpage","url":"https:\/\/rifugiovalcamonica.com\/fr\/la-petite-cascade-de-vignola\/","name":"La petite cascade de Vignola - Rifugio De Marie","isPartOf":{"@id":"https:\/\/rifugiovalcamonica.com\/fr\/#website"},"primaryImageOfPage":{"@id":"https:\/\/rifugiovalcamonica.com\/fr\/la-petite-cascade-de-vignola\/#primaryimage"},"datePublished":"2021-03-05T16:51:11+00:00","dateModified":"2022-04-30T15:26:54+00:00","breadcrumb":{"@id":"https:\/\/rifugiovalcamonica.com\/fr\/la-petite-cascade-de-vignola\/#breadcrumb"},"inLanguage":"it-IT","potentialAction":[{"@type":"ReadAction","target":["https:\/\/rifugiovalcamonica.com\/fr\/la-petite-cascade-de-vignola\/"]}]},{"@type":"BreadcrumbList","@id":"https:\/\/rifugiovalcamonica.com\/fr\/la-petite-cascade-de-vignola\/#breadcrumb","itemListElement":[{"@type":"ListItem","position":1,"name":"La petite cascade de Vignola"}]}]}},"_links":{"self":[{"href":"https:\/\/rifugiovalcamonica.com\/fr\/wp-json\/wp\/v2\/pages\/3789"}],"collection":[{"href":"https:\/\/rifugiovalcamonica.com\/fr\/wp-json\/wp\/v2\/pages"}],"about":[{"href":"https:\/\/rifugiovalcamonica.com\/fr\/wp-json\/wp\/v2\/types\/page"}],"author":[{"embeddable":true,"href":"https:\/\/rifugiovalcamonica.com\/fr\/wp-json\/wp\/v2\/users\/15"}],"replies":[{"embeddable":true,"href":"https:\/\/rifugiovalcamonica.com\/fr\/wp-json\/wp\/v2\/comments?post=3789"}],"version-history":[{"count":7,"href":"https:\/\/rifugiovalcamonica.com\/fr\/wp-json\/wp\/v2\/pages\/3789\/revisions"}],"predecessor-version":[{"id":4385,"href":"https:\/\/rifugiovalcamonica.com\/fr\/wp-json\/wp\/v2\/pages\/3789\/revisions\/4385"}],"wp:attachment":[{"href":"https:\/\/rifugiovalcamonica.com\/fr\/wp-json\/wp\/v2\/media?parent=3789"}],"curies":[{"name":"wp","href":"https:\/\/api.w.org\/{rel}","templated":true}]}}