{"id":3793,"date":"2021-03-05T17:54:24","date_gmt":"2021-03-05T16:54:24","guid":{"rendered":"https:\/\/rifugiovalcamonica.com\/fr\/?page_id=3793"},"modified":"2022-04-30T17:20:22","modified_gmt":"2022-04-30T15:20:22","slug":"moulins","status":"publish","type":"page","link":"https:\/\/rifugiovalcamonica.com\/fr\/moulins\/","title":{"rendered":"Moulins"},"content":{"rendered":"<p><a ref=\"magnificPopup\" href=\"https:\/\/rifugiovalcamonica.com\/fr\/wp-content\/uploads\/2022\/02\/IMG_20220124_082431364_HDR-scaled.jpg\"><img loading=\"lazy\" class=\"size-medium wp-image-4261 alignleft\" src=\"https:\/\/rifugiovalcamonica.com\/fr\/wp-content\/uploads\/2022\/02\/IMG_20220124_082431364_HDR-225x300.jpg\" alt=\"\" width=\"225\" height=\"300\" srcset=\"https:\/\/rifugiovalcamonica.com\/fr\/wp-content\/uploads\/2022\/02\/IMG_20220124_082431364_HDR-225x300.jpg 225w, https:\/\/rifugiovalcamonica.com\/fr\/wp-content\/uploads\/2022\/02\/IMG_20220124_082431364_HDR-768x1024.jpg 768w, https:\/\/rifugiovalcamonica.com\/fr\/wp-content\/uploads\/2022\/02\/IMG_20220124_082431364_HDR-1152x1536.jpg 1152w, https:\/\/rifugiovalcamonica.com\/fr\/wp-content\/uploads\/2022\/02\/IMG_20220124_082431364_HDR-1536x2048.jpg 1536w, https:\/\/rifugiovalcamonica.com\/fr\/wp-content\/uploads\/2022\/02\/IMG_20220124_082431364_HDR-600x800.jpg 600w, https:\/\/rifugiovalcamonica.com\/fr\/wp-content\/uploads\/2022\/02\/IMG_20220124_082431364_HDR-scaled.jpg 1920w\" sizes=\"(max-width: 225px) 100vw, 225px\" \/><\/a>Le moulin, en excellent \u00e9tat, est toujours en activit\u00e9 et, surtout en automne, vous pourrez assister au broyage des produits locaux ; il peut \u00eatre visit\u00e9 en accord avec Battista, meunier de tradition familiale.<\/p>\n<p>Itin\u00e9raire : dans le village, suivre les indications pour l&#8217;\u00e9glise de San Giovanni et, apr\u00e8s l&#8217;avoir d\u00e9pass\u00e9e, continuer jusqu&#8217;\u00e0 la destination. Des panneaux indicatifs jalonnent le parcours. Dur\u00e9e du trajet environ 30 minutes. La route est plate. Il est possible de faire un aller-retour : en passant devant le moulin, suivre le chemin jusqu&#8217;\u00e0 la localit\u00e9 de Santa Lucia puis revenir en ville.<\/p>\n<p>Ou encore, un itin\u00e9raire circulaire plus long : Mulino-Racola-Bo\u00e0-Cimbergo. Vous trouverez des panneaux le long du chemin.<\/p>\n<p>Juste en dessous du moulin Battista, on peut voir l&#8217;autre moulin, de l&#8217;Alpine Tarcisio, qui a cependant \u00e9t\u00e9 d\u00e9saffect\u00e9 m\u00eame s&#8217;il est bien conserv\u00e9. Probablement la pr\u00e9sence de l&#8217;eau (facile \u00e0 amener aux deux b\u00e2timents), la route plate et la proximit\u00e9 de la ville ont conduit nos anc\u00eatres \u00e0 choisir cet endroit pour construire les deux moulins.<\/p>\n<p>&nbsp;<\/p>\n","protected":false},"excerpt":{"rendered":"<p>Le moulin, en excellent \u00e9tat, est toujours en activit\u00e9 et, surtout en automne, vous pourrez assister au broyage des produits locaux ; il peut \u00eatre visit\u00e9 en accord avec Battista, meunier de tradition familiale. Itin\u00e9raire : dans le village, suivre les indications pour l&#8217;\u00e9glise de San Giovanni et, apr\u00e8s l&#8217;avoir d\u00e9pass\u00e9e, continuer jusqu&#8217;\u00e0 la destination&#8230;.<\/p>\n","protected":false},"author":15,"featured_media":0,"parent":0,"menu_order":0,"comment_status":"closed","ping_status":"closed","template":"","meta":[],"yoast_head":"<!-- This site is optimized with the Yoast SEO plugin v18.6 - https:\/\/yoast.com\/wordpress\/plugins\/seo\/ -->\n<title>Moulins - Rifugio De Marie<\/title>\n<meta name=\"robots\" content=\"index, follow, max-snippet:-1, max-image-preview:large, max-video-preview:-1\" \/>\n<link rel=\"canonical\" href=\"https:\/\/rifugiovalcamonica.com\/fr\/moulins\/\" \/>\n<meta property=\"og:locale\" content=\"it_IT\" \/>\n<meta property=\"og:type\" content=\"article\" \/>\n<meta property=\"og:title\" content=\"Moulins - Rifugio De Marie\" \/>\n<meta property=\"og:description\" content=\"Le moulin, en excellent \u00e9tat, est toujours en activit\u00e9 et, surtout en automne, vous pourrez assister au broyage des produits locaux ; il peut \u00eatre visit\u00e9 en accord avec Battista, meunier de tradition familiale. Itin\u00e9raire : dans le village, suivre les indications pour l&#8217;\u00e9glise de San Giovanni et, apr\u00e8s l&#8217;avoir d\u00e9pass\u00e9e, continuer jusqu&#8217;\u00e0 la destination....\" \/>\n<meta property=\"og:url\" content=\"https:\/\/rifugiovalcamonica.com\/fr\/moulins\/\" \/>\n<meta property=\"og:site_name\" content=\"Rifugio De Marie\" \/>\n<meta property=\"article:modified_time\" content=\"2022-04-30T15:20:22+00:00\" \/>\n<meta property=\"og:image\" content=\"http:\/\/rifugiovalcamonica.com\/fr\/wp-content\/uploads\/2022\/02\/IMG_20220124_082431364_HDR-225x300.jpg\" \/>\n<meta name=\"twitter:label1\" content=\"Tempo di lettura stimato\" \/>\n\t<meta name=\"twitter:data1\" content=\"2 minuti\" \/>\n<script type=\"application\/ld+json\" class=\"yoast-schema-graph\">{\"@context\":\"https:\/\/schema.org\",\"@graph\":[{\"@type\":\"WebSite\",\"@id\":\"https:\/\/rifugiovalcamonica.com\/fr\/#website\",\"url\":\"https:\/\/rifugiovalcamonica.com\/fr\/\",\"name\":\"Rifugio De Marie\",\"description\":\"Rifugio in Valcamonica\",\"potentialAction\":[{\"@type\":\"SearchAction\",\"target\":{\"@type\":\"EntryPoint\",\"urlTemplate\":\"https:\/\/rifugiovalcamonica.com\/fr\/?s={search_term_string}\"},\"query-input\":\"required name=search_term_string\"}],\"inLanguage\":\"it-IT\"},{\"@type\":\"ImageObject\",\"@id\":\"https:\/\/rifugiovalcamonica.com\/fr\/moulins\/#primaryimage\",\"inLanguage\":\"it-IT\",\"url\":\"http:\/\/rifugiovalcamonica.com\/fr\/wp-content\/uploads\/2022\/02\/IMG_20220124_082431364_HDR-225x300.jpg\",\"contentUrl\":\"http:\/\/rifugiovalcamonica.com\/fr\/wp-content\/uploads\/2022\/02\/IMG_20220124_082431364_HDR-225x300.jpg\"},{\"@type\":\"WebPage\",\"@id\":\"https:\/\/rifugiovalcamonica.com\/fr\/moulins\/#webpage\",\"url\":\"https:\/\/rifugiovalcamonica.com\/fr\/moulins\/\",\"name\":\"Moulins - Rifugio De Marie\",\"isPartOf\":{\"@id\":\"https:\/\/rifugiovalcamonica.com\/fr\/#website\"},\"primaryImageOfPage\":{\"@id\":\"https:\/\/rifugiovalcamonica.com\/fr\/moulins\/#primaryimage\"},\"datePublished\":\"2021-03-05T16:54:24+00:00\",\"dateModified\":\"2022-04-30T15:20:22+00:00\",\"breadcrumb\":{\"@id\":\"https:\/\/rifugiovalcamonica.com\/fr\/moulins\/#breadcrumb\"},\"inLanguage\":\"it-IT\",\"potentialAction\":[{\"@type\":\"ReadAction\",\"target\":[\"https:\/\/rifugiovalcamonica.com\/fr\/moulins\/\"]}]},{\"@type\":\"BreadcrumbList\",\"@id\":\"https:\/\/rifugiovalcamonica.com\/fr\/moulins\/#breadcrumb\",\"itemListElement\":[{\"@type\":\"ListItem\",\"position\":1,\"name\":\"Moulins\"}]}]}<\/script>\n<!-- \/ Yoast SEO plugin. -->","yoast_head_json":{"title":"Moulins - Rifugio De Marie","robots":{"index":"index","follow":"follow","max-snippet":"max-snippet:-1","max-image-preview":"max-image-preview:large","max-video-preview":"max-video-preview:-1"},"canonical":"https:\/\/rifugiovalcamonica.com\/fr\/moulins\/","og_locale":"it_IT","og_type":"article","og_title":"Moulins - Rifugio De Marie","og_description":"Le moulin, en excellent \u00e9tat, est toujours en activit\u00e9 et, surtout en automne, vous pourrez assister au broyage des produits locaux ; il peut \u00eatre visit\u00e9 en accord avec Battista, meunier de tradition familiale. Itin\u00e9raire : dans le village, suivre les indications pour l&#8217;\u00e9glise de San Giovanni et, apr\u00e8s l&#8217;avoir d\u00e9pass\u00e9e, continuer jusqu&#8217;\u00e0 la destination....","og_url":"https:\/\/rifugiovalcamonica.com\/fr\/moulins\/","og_site_name":"Rifugio De Marie","article_modified_time":"2022-04-30T15:20:22+00:00","og_image":[{"url":"http:\/\/rifugiovalcamonica.com\/fr\/wp-content\/uploads\/2022\/02\/IMG_20220124_082431364_HDR-225x300.jpg"}],"twitter_misc":{"Tempo di lettura stimato":"2 minuti"},"schema":{"@context":"https:\/\/schema.org","@graph":[{"@type":"WebSite","@id":"https:\/\/rifugiovalcamonica.com\/fr\/#website","url":"https:\/\/rifugiovalcamonica.com\/fr\/","name":"Rifugio De Marie","description":"Rifugio in Valcamonica","potentialAction":[{"@type":"SearchAction","target":{"@type":"EntryPoint","urlTemplate":"https:\/\/rifugiovalcamonica.com\/fr\/?s={search_term_string}"},"query-input":"required name=search_term_string"}],"inLanguage":"it-IT"},{"@type":"ImageObject","@id":"https:\/\/rifugiovalcamonica.com\/fr\/moulins\/#primaryimage","inLanguage":"it-IT","url":"http:\/\/rifugiovalcamonica.com\/fr\/wp-content\/uploads\/2022\/02\/IMG_20220124_082431364_HDR-225x300.jpg","contentUrl":"http:\/\/rifugiovalcamonica.com\/fr\/wp-content\/uploads\/2022\/02\/IMG_20220124_082431364_HDR-225x300.jpg"},{"@type":"WebPage","@id":"https:\/\/rifugiovalcamonica.com\/fr\/moulins\/#webpage","url":"https:\/\/rifugiovalcamonica.com\/fr\/moulins\/","name":"Moulins - Rifugio De Marie","isPartOf":{"@id":"https:\/\/rifugiovalcamonica.com\/fr\/#website"},"primaryImageOfPage":{"@id":"https:\/\/rifugiovalcamonica.com\/fr\/moulins\/#primaryimage"},"datePublished":"2021-03-05T16:54:24+00:00","dateModified":"2022-04-30T15:20:22+00:00","breadcrumb":{"@id":"https:\/\/rifugiovalcamonica.com\/fr\/moulins\/#breadcrumb"},"inLanguage":"it-IT","potentialAction":[{"@type":"ReadAction","target":["https:\/\/rifugiovalcamonica.com\/fr\/moulins\/"]}]},{"@type":"BreadcrumbList","@id":"https:\/\/rifugiovalcamonica.com\/fr\/moulins\/#breadcrumb","itemListElement":[{"@type":"ListItem","position":1,"name":"Moulins"}]}]}},"_links":{"self":[{"href":"https:\/\/rifugiovalcamonica.com\/fr\/wp-json\/wp\/v2\/pages\/3793"}],"collection":[{"href":"https:\/\/rifugiovalcamonica.com\/fr\/wp-json\/wp\/v2\/pages"}],"about":[{"href":"https:\/\/rifugiovalcamonica.com\/fr\/wp-json\/wp\/v2\/types\/page"}],"author":[{"embeddable":true,"href":"https:\/\/rifugiovalcamonica.com\/fr\/wp-json\/wp\/v2\/users\/15"}],"replies":[{"embeddable":true,"href":"https:\/\/rifugiovalcamonica.com\/fr\/wp-json\/wp\/v2\/comments?post=3793"}],"version-history":[{"count":7,"href":"https:\/\/rifugiovalcamonica.com\/fr\/wp-json\/wp\/v2\/pages\/3793\/revisions"}],"predecessor-version":[{"id":4381,"href":"https:\/\/rifugiovalcamonica.com\/fr\/wp-json\/wp\/v2\/pages\/3793\/revisions\/4381"}],"wp:attachment":[{"href":"https:\/\/rifugiovalcamonica.com\/fr\/wp-json\/wp\/v2\/media?parent=3793"}],"curies":[{"name":"wp","href":"https:\/\/api.w.org\/{rel}","templated":true}]}}