{"id":380,"date":"2014-05-27T08:42:31","date_gmt":"2014-05-27T06:42:31","guid":{"rendered":"http:\/\/rifugiovalcamonica.com\/fr\/?page_id=380"},"modified":"2022-04-30T10:19:14","modified_gmt":"2022-04-30T08:19:14","slug":"ecoles","status":"publish","type":"page","link":"https:\/\/rifugiovalcamonica.com\/fr\/ecoles\/","title":{"rendered":"\u00c9coles"},"content":{"rendered":"<p>Notre territoire est une destination de sorties scolaires pour les \u00e9l\u00e8ves du primaire au lyc\u00e9e. Les objectifs qui peuvent \u00eatre choisis sont nombreux et diff\u00e9rents. Nous en proposons quelques-unes :<br \/>\n&#8220;JOURNEE A POUMONS PLEINS&#8221; : une journ\u00e9e de sport (et pas que) \u00e0 la montagne<br \/>\nOBJECTIFS TRANSVERSAUX AUX DISCIPLINES<br \/>\nACTIVIT\u00c9 SPORTIVE: fatigue physique saine, dans la promenade saine qui va de la ville de Cimbergo (900 m d&#8217;altitude) \u00e0 Volano (1460 m d&#8217;altitude); dur\u00e9e : environ 2 heures<br \/>\nENVIRONNEMENTALISME-ECOLOGIE : observation de la biodiversit\u00e9 environnementale due au changement d&#8217;altitude (des bois feuillus aux bois r\u00e9sineux).<br \/>\nHISTOIRE: approche de la montagne sacr\u00e9e de l&#8217;ancien Camuni, Pizzo Badile Camuno.<br \/>\nDans la ville de Cimbergo, il est possible d&#8217;admirer les ruines du ch\u00e2teau-forteresse m\u00e9di\u00e9val, situ\u00e9 sur une falaise et naturellement d\u00e9fendu sur trois c\u00f4t\u00e9s. Au tout d\u00e9but de la ville se trouve le sentier muletier qui m\u00e8ne aux gravures rupestres de la zone &#8220;Campanine&#8221;, qui fait partie du parc de gravure Ceto-Cimbergo-Paspardo<br \/>\nGEOGRAPHIE-GEOLOGIE : observation des montagnes. Types de roches : granite, calcaire.<br \/>\nAu-dessus de la ville, si les conditions m\u00e9t\u00e9orologiques le permettent, une vue panoramique sur la moyenne vall\u00e9e et le lac d&#8217;Iseo.<br \/>\nRELATION HOMME-TERRITOIRE : visite de la calchera.<br \/>\nL&#8217;ESTIME DE SOI : mesurer sa propre satisfaction et sa satisfaction personnelle d&#8217;avoir \u00ab r\u00e9ussi \u00bb.<br \/>\nL&#8217;\u00c9VEIL DES SENS ET DES \u00c9MOTIONS : objectifs artistiques et langagiers, au choix de l&#8217;enseignant.<br \/>\nObjectif plus-ultra La montagne : bien-\u00eatre physique et mental<br \/>\nPassez simplement une journ\u00e9e \u00e0 la montagne en pleine nature pour vous ressourcer. Apr\u00e8s la mont\u00e9e \u00e0 pied, d\u00e9tente physique et mentale en \u00e9coutant les sons et bruits naturels et en observant le paysage environnant.<br \/>\nNous sommes disponibles pour contacter les enseignants int\u00e9ress\u00e9s pour obtenir du mat\u00e9riel du parc Adamello et pour tout ce qui est dans nos possibilit\u00e9s<br \/>\nHORAIRES (d\u00e9pendent naturellement des conditions m\u00e9t\u00e9orologiques):<br \/>\nprintemps. Une date \u00e0 partir de mai est recommand\u00e9e, car dans la p\u00e9riode pr\u00e9c\u00e9dente, il est encore facile de trouver de la neige ;<br \/>\nAutomne. C&#8217;est l&#8217;heure de la for\u00eat multicolore. Une date vers la mi-fin octobre est recommand\u00e9e.<\/p>\n<p>Possibilit\u00e9 de d\u00e9jeuner au Refuge \u00e0 un tarif sp\u00e9cial pour les groupes scolaires :<br \/>\n&#8211; p\u00e2tes + pain + boisson = 5,00 \u20ac<br \/>\n&#8211; sandwich avec salamine + boisson = 5,00 \u20ac<\/p>\n<p>S\u00e9jours : pour ceux qui souhaitent rester plus de jours, nous sommes disponibles pour des propositions adapt\u00e9es \u00e0 des programmes \u00e9ducatifs sp\u00e9cifiques. Nous vous rappelons que le refuge peut accueillir jusqu&#8217;\u00e0 30 personnes en nuit\u00e9e.<br \/>\nS\u00e9journer dans un refuge pour jeunes et enfants, c&#8217;est :<br \/>\n&#8211; vivre une exp\u00e9rience insolite ;<br \/>\n&#8211; consolider les relations au sein du groupe ;<br \/>\n&#8211; former l&#8217;esprit d&#8217;\u00e9quipe ;<br \/>\n&#8211; am\u00e9liorer la socialisation;<br \/>\n&#8211; augmenter l&#8217;estime de soi;<br \/>\n&#8211; et plus.<\/p>\n","protected":false},"excerpt":{"rendered":"<p>Notre territoire est une destination de sorties scolaires pour les \u00e9l\u00e8ves du primaire au lyc\u00e9e. Les objectifs qui peuvent \u00eatre choisis sont nombreux et diff\u00e9rents. Nous en proposons quelques-unes : &#8220;JOURNEE A POUMONS PLEINS&#8221; : une journ\u00e9e de sport (et pas que) \u00e0 la montagne OBJECTIFS TRANSVERSAUX AUX DISCIPLINES ACTIVIT\u00c9 SPORTIVE: fatigue physique saine, dans&#8230;<\/p>\n","protected":false},"author":12,"featured_media":0,"parent":0,"menu_order":0,"comment_status":"closed","ping_status":"closed","template":"","meta":[],"yoast_head":"<!-- This site is optimized with the Yoast SEO plugin v18.6 - https:\/\/yoast.com\/wordpress\/plugins\/seo\/ -->\n<title>\u00c9coles - Rifugio De Marie<\/title>\n<meta name=\"robots\" content=\"index, follow, max-snippet:-1, max-image-preview:large, max-video-preview:-1\" \/>\n<link rel=\"canonical\" href=\"https:\/\/rifugiovalcamonica.com\/fr\/ecoles\/\" \/>\n<meta property=\"og:locale\" content=\"it_IT\" \/>\n<meta property=\"og:type\" content=\"article\" \/>\n<meta property=\"og:title\" content=\"\u00c9coles - Rifugio De Marie\" \/>\n<meta property=\"og:description\" content=\"Notre territoire est une destination de sorties scolaires pour les \u00e9l\u00e8ves du primaire au lyc\u00e9e. Les objectifs qui peuvent \u00eatre choisis sont nombreux et diff\u00e9rents. Nous en proposons quelques-unes : &#8220;JOURNEE A POUMONS PLEINS&#8221; : une journ\u00e9e de sport (et pas que) \u00e0 la montagne OBJECTIFS TRANSVERSAUX AUX DISCIPLINES ACTIVIT\u00c9 SPORTIVE: fatigue physique saine, dans...\" \/>\n<meta property=\"og:url\" content=\"https:\/\/rifugiovalcamonica.com\/fr\/ecoles\/\" \/>\n<meta property=\"og:site_name\" content=\"Rifugio De Marie\" \/>\n<meta property=\"article:modified_time\" content=\"2022-04-30T08:19:14+00:00\" \/>\n<meta name=\"twitter:label1\" content=\"Tempo di lettura stimato\" \/>\n\t<meta name=\"twitter:data1\" content=\"3 minuti\" \/>\n<script type=\"application\/ld+json\" class=\"yoast-schema-graph\">{\"@context\":\"https:\/\/schema.org\",\"@graph\":[{\"@type\":\"WebSite\",\"@id\":\"https:\/\/rifugiovalcamonica.com\/fr\/#website\",\"url\":\"https:\/\/rifugiovalcamonica.com\/fr\/\",\"name\":\"Rifugio De Marie\",\"description\":\"Rifugio in Valcamonica\",\"potentialAction\":[{\"@type\":\"SearchAction\",\"target\":{\"@type\":\"EntryPoint\",\"urlTemplate\":\"https:\/\/rifugiovalcamonica.com\/fr\/?s={search_term_string}\"},\"query-input\":\"required name=search_term_string\"}],\"inLanguage\":\"it-IT\"},{\"@type\":\"WebPage\",\"@id\":\"https:\/\/rifugiovalcamonica.com\/fr\/ecoles\/#webpage\",\"url\":\"https:\/\/rifugiovalcamonica.com\/fr\/ecoles\/\",\"name\":\"\u00c9coles - Rifugio De Marie\",\"isPartOf\":{\"@id\":\"https:\/\/rifugiovalcamonica.com\/fr\/#website\"},\"datePublished\":\"2014-05-27T06:42:31+00:00\",\"dateModified\":\"2022-04-30T08:19:14+00:00\",\"breadcrumb\":{\"@id\":\"https:\/\/rifugiovalcamonica.com\/fr\/ecoles\/#breadcrumb\"},\"inLanguage\":\"it-IT\",\"potentialAction\":[{\"@type\":\"ReadAction\",\"target\":[\"https:\/\/rifugiovalcamonica.com\/fr\/ecoles\/\"]}]},{\"@type\":\"BreadcrumbList\",\"@id\":\"https:\/\/rifugiovalcamonica.com\/fr\/ecoles\/#breadcrumb\",\"itemListElement\":[{\"@type\":\"ListItem\",\"position\":1,\"name\":\"\u00c9coles\"}]}]}<\/script>\n<!-- \/ Yoast SEO plugin. -->","yoast_head_json":{"title":"\u00c9coles - Rifugio De Marie","robots":{"index":"index","follow":"follow","max-snippet":"max-snippet:-1","max-image-preview":"max-image-preview:large","max-video-preview":"max-video-preview:-1"},"canonical":"https:\/\/rifugiovalcamonica.com\/fr\/ecoles\/","og_locale":"it_IT","og_type":"article","og_title":"\u00c9coles - Rifugio De Marie","og_description":"Notre territoire est une destination de sorties scolaires pour les \u00e9l\u00e8ves du primaire au lyc\u00e9e. Les objectifs qui peuvent \u00eatre choisis sont nombreux et diff\u00e9rents. Nous en proposons quelques-unes : &#8220;JOURNEE A POUMONS PLEINS&#8221; : une journ\u00e9e de sport (et pas que) \u00e0 la montagne OBJECTIFS TRANSVERSAUX AUX DISCIPLINES ACTIVIT\u00c9 SPORTIVE: fatigue physique saine, dans...","og_url":"https:\/\/rifugiovalcamonica.com\/fr\/ecoles\/","og_site_name":"Rifugio De Marie","article_modified_time":"2022-04-30T08:19:14+00:00","twitter_misc":{"Tempo di lettura stimato":"3 minuti"},"schema":{"@context":"https:\/\/schema.org","@graph":[{"@type":"WebSite","@id":"https:\/\/rifugiovalcamonica.com\/fr\/#website","url":"https:\/\/rifugiovalcamonica.com\/fr\/","name":"Rifugio De Marie","description":"Rifugio in Valcamonica","potentialAction":[{"@type":"SearchAction","target":{"@type":"EntryPoint","urlTemplate":"https:\/\/rifugiovalcamonica.com\/fr\/?s={search_term_string}"},"query-input":"required name=search_term_string"}],"inLanguage":"it-IT"},{"@type":"WebPage","@id":"https:\/\/rifugiovalcamonica.com\/fr\/ecoles\/#webpage","url":"https:\/\/rifugiovalcamonica.com\/fr\/ecoles\/","name":"\u00c9coles - Rifugio De Marie","isPartOf":{"@id":"https:\/\/rifugiovalcamonica.com\/fr\/#website"},"datePublished":"2014-05-27T06:42:31+00:00","dateModified":"2022-04-30T08:19:14+00:00","breadcrumb":{"@id":"https:\/\/rifugiovalcamonica.com\/fr\/ecoles\/#breadcrumb"},"inLanguage":"it-IT","potentialAction":[{"@type":"ReadAction","target":["https:\/\/rifugiovalcamonica.com\/fr\/ecoles\/"]}]},{"@type":"BreadcrumbList","@id":"https:\/\/rifugiovalcamonica.com\/fr\/ecoles\/#breadcrumb","itemListElement":[{"@type":"ListItem","position":1,"name":"\u00c9coles"}]}]}},"_links":{"self":[{"href":"https:\/\/rifugiovalcamonica.com\/fr\/wp-json\/wp\/v2\/pages\/380"}],"collection":[{"href":"https:\/\/rifugiovalcamonica.com\/fr\/wp-json\/wp\/v2\/pages"}],"about":[{"href":"https:\/\/rifugiovalcamonica.com\/fr\/wp-json\/wp\/v2\/types\/page"}],"author":[{"embeddable":true,"href":"https:\/\/rifugiovalcamonica.com\/fr\/wp-json\/wp\/v2\/users\/12"}],"replies":[{"embeddable":true,"href":"https:\/\/rifugiovalcamonica.com\/fr\/wp-json\/wp\/v2\/comments?post=380"}],"version-history":[{"count":5,"href":"https:\/\/rifugiovalcamonica.com\/fr\/wp-json\/wp\/v2\/pages\/380\/revisions"}],"predecessor-version":[{"id":4368,"href":"https:\/\/rifugiovalcamonica.com\/fr\/wp-json\/wp\/v2\/pages\/380\/revisions\/4368"}],"wp:attachment":[{"href":"https:\/\/rifugiovalcamonica.com\/fr\/wp-json\/wp\/v2\/media?parent=380"}],"curies":[{"name":"wp","href":"https:\/\/api.w.org\/{rel}","templated":true}]}}