{"id":3819,"date":"2021-03-08T10:58:21","date_gmt":"2021-03-08T09:58:21","guid":{"rendered":"https:\/\/rifugiovalcamonica.com\/fr\/?page_id=3819"},"modified":"2022-04-30T10:58:13","modified_gmt":"2022-04-30T08:58:13","slug":"les-chataigniers-ou-arbres-a-pain","status":"publish","type":"page","link":"https:\/\/rifugiovalcamonica.com\/fr\/les-chataigniers-ou-arbres-a-pain\/","title":{"rendered":"Les ch\u00e2taigniers ou arbres \u00e0 pain"},"content":{"rendered":"<p>Cimbergo en automne est une d\u00e9bauche de couleurs. En particulier, la ch\u00e2taigneraie entourant le petit village suscite, pour sa beaut\u00e9, des \u00e9motions qui remplissent le c\u0153ur. Ces arbres majestueux accompagnent ceux qui arrivent ou traversent le village. En plus d&#8217;\u00eatre une image pour les yeux, les ch\u00e2taignes sont appel\u00e9es &#8220;arbres \u00e0 pain&#8221; pour leurs fruits. Les ch\u00e2taignes \u00e9taient autrefois une source de revenus pour les habitants des villages. Ces derni\u00e8res ann\u00e9es, ils ont \u00e9t\u00e9 red\u00e9couverts pour leurs bienfaits et leurs propri\u00e9t\u00e9s nutritionnelles. Je me souviens quand des grands-m\u00e8res de Cimbergo et de Paspardo sont descendues \u00e0 Brescia pour les vendre. D\u00e8s qu&#8217;ils commen\u00e7aient \u00e0 tomber, ils allaient tous les jours les r\u00e9cup\u00e9rer aid\u00e9s \u00e9galement par les enfants du village. Ils ont pr\u00e9par\u00e9 un grand nombre de sacs (forc\u00e9ment en jute) puis se sont mis d&#8217;accord avec mon p\u00e8re, le seul camionneur de l&#8217;endroit, pour \u00eatre emmen\u00e9 \u00e0 l&#8217;endroit choisi pour la vente. La veille du d\u00e9part, mon fr\u00e8re Dario et moi sommes all\u00e9s charger les sacs pleins de ch\u00e2taignes sur la poubelle et le soir notre p\u00e8re est parti avec les femmes et leurs biens pour le &#8220;bas&#8221;. Ici, les vendeurs avaient une base de soutien avec des familles qu&#8217;ils connaissaient. Ils sont revenus au bout d&#8217;une dizaine de jours avec des sacs vides et quelques revenus. Que de souvenirs et\u2026 quel effort : les ch\u00e2taignes p\u00e8sent. Aujourd&#8217;hui, dans le village, il y a des panneaux avec les mots &#8220;le chemin du pain&#8221;, indiquant un itin\u00e9raire th\u00e9matique qui traverse la ch\u00e2taigneraie. L&#8217;itin\u00e9raire est le suivant: nous partons de Capodiponte, montons \u00e0 Paspardo et passons par Cimbergo, en continuant \u00e0 travers des endroits pleins d&#8217;anciennes gravures rupestres pour arriver \u00e0 Nadro ou revenir \u00e0 Capodiponte. Il n&#8217;est pas obligatoire de suivre l&#8217;int\u00e9gralit\u00e9 de l&#8217;itin\u00e9raire de mani\u00e8re fixe. Alternativement, les environs de Cimbergo offrent une campagne vaste et vari\u00e9e, propice aux promenades dans la nature. Int\u00e9ressant, marcher seulement une demi-heure, pour rejoindre les &#8220;moulins&#8221;, o\u00f9 l&#8217;on peut admirer deux moulins dont l&#8217;un vient d&#8217;\u00eatre r\u00e9nov\u00e9 et en fonctionnement et, aux mois d&#8217;octobre et novembre, assister \u00e0 la mouture des ch\u00e2taignes pour obtenir le fameux &#8220;farine&#8221; , qui peut \u00eatre achet\u00e9e dans le village.<\/p>\n","protected":false},"excerpt":{"rendered":"<p>Cimbergo en automne est une d\u00e9bauche de couleurs. En particulier, la ch\u00e2taigneraie entourant le petit village suscite, pour sa beaut\u00e9, des \u00e9motions qui remplissent le c\u0153ur. Ces arbres majestueux accompagnent ceux qui arrivent ou traversent le village. En plus d&#8217;\u00eatre une image pour les yeux, les ch\u00e2taignes sont appel\u00e9es &#8220;arbres \u00e0 pain&#8221; pour leurs fruits&#8230;.<\/p>\n","protected":false},"author":15,"featured_media":0,"parent":0,"menu_order":0,"comment_status":"closed","ping_status":"closed","template":"","meta":[],"yoast_head":"<!-- This site is optimized with the Yoast SEO plugin v18.6 - https:\/\/yoast.com\/wordpress\/plugins\/seo\/ -->\n<title>Les ch\u00e2taigniers ou arbres \u00e0 pain - Rifugio De Marie<\/title>\n<meta name=\"robots\" content=\"index, follow, max-snippet:-1, max-image-preview:large, max-video-preview:-1\" \/>\n<link rel=\"canonical\" href=\"https:\/\/rifugiovalcamonica.com\/fr\/les-chataigniers-ou-arbres-a-pain\/\" \/>\n<meta property=\"og:locale\" content=\"it_IT\" \/>\n<meta property=\"og:type\" content=\"article\" \/>\n<meta property=\"og:title\" content=\"Les ch\u00e2taigniers ou arbres \u00e0 pain - Rifugio De Marie\" \/>\n<meta property=\"og:description\" content=\"Cimbergo en automne est une d\u00e9bauche de couleurs. En particulier, la ch\u00e2taigneraie entourant le petit village suscite, pour sa beaut\u00e9, des \u00e9motions qui remplissent le c\u0153ur. Ces arbres majestueux accompagnent ceux qui arrivent ou traversent le village. En plus d&#8217;\u00eatre une image pour les yeux, les ch\u00e2taignes sont appel\u00e9es &#8220;arbres \u00e0 pain&#8221; pour leurs fruits....\" \/>\n<meta property=\"og:url\" content=\"https:\/\/rifugiovalcamonica.com\/fr\/les-chataigniers-ou-arbres-a-pain\/\" \/>\n<meta property=\"og:site_name\" content=\"Rifugio De Marie\" \/>\n<meta property=\"article:modified_time\" content=\"2022-04-30T08:58:13+00:00\" \/>\n<meta name=\"twitter:label1\" content=\"Tempo di lettura stimato\" \/>\n\t<meta name=\"twitter:data1\" content=\"2 minuti\" \/>\n<script type=\"application\/ld+json\" class=\"yoast-schema-graph\">{\"@context\":\"https:\/\/schema.org\",\"@graph\":[{\"@type\":\"WebSite\",\"@id\":\"https:\/\/rifugiovalcamonica.com\/fr\/#website\",\"url\":\"https:\/\/rifugiovalcamonica.com\/fr\/\",\"name\":\"Rifugio De Marie\",\"description\":\"Rifugio in Valcamonica\",\"potentialAction\":[{\"@type\":\"SearchAction\",\"target\":{\"@type\":\"EntryPoint\",\"urlTemplate\":\"https:\/\/rifugiovalcamonica.com\/fr\/?s={search_term_string}\"},\"query-input\":\"required name=search_term_string\"}],\"inLanguage\":\"it-IT\"},{\"@type\":\"WebPage\",\"@id\":\"https:\/\/rifugiovalcamonica.com\/fr\/les-chataigniers-ou-arbres-a-pain\/#webpage\",\"url\":\"https:\/\/rifugiovalcamonica.com\/fr\/les-chataigniers-ou-arbres-a-pain\/\",\"name\":\"Les ch\u00e2taigniers ou arbres \u00e0 pain - Rifugio De Marie\",\"isPartOf\":{\"@id\":\"https:\/\/rifugiovalcamonica.com\/fr\/#website\"},\"datePublished\":\"2021-03-08T09:58:21+00:00\",\"dateModified\":\"2022-04-30T08:58:13+00:00\",\"breadcrumb\":{\"@id\":\"https:\/\/rifugiovalcamonica.com\/fr\/les-chataigniers-ou-arbres-a-pain\/#breadcrumb\"},\"inLanguage\":\"it-IT\",\"potentialAction\":[{\"@type\":\"ReadAction\",\"target\":[\"https:\/\/rifugiovalcamonica.com\/fr\/les-chataigniers-ou-arbres-a-pain\/\"]}]},{\"@type\":\"BreadcrumbList\",\"@id\":\"https:\/\/rifugiovalcamonica.com\/fr\/les-chataigniers-ou-arbres-a-pain\/#breadcrumb\",\"itemListElement\":[{\"@type\":\"ListItem\",\"position\":1,\"name\":\"Les ch\u00e2taigniers ou arbres \u00e0 pain\"}]}]}<\/script>\n<!-- \/ Yoast SEO plugin. -->","yoast_head_json":{"title":"Les ch\u00e2taigniers ou arbres \u00e0 pain - Rifugio De Marie","robots":{"index":"index","follow":"follow","max-snippet":"max-snippet:-1","max-image-preview":"max-image-preview:large","max-video-preview":"max-video-preview:-1"},"canonical":"https:\/\/rifugiovalcamonica.com\/fr\/les-chataigniers-ou-arbres-a-pain\/","og_locale":"it_IT","og_type":"article","og_title":"Les ch\u00e2taigniers ou arbres \u00e0 pain - Rifugio De Marie","og_description":"Cimbergo en automne est une d\u00e9bauche de couleurs. En particulier, la ch\u00e2taigneraie entourant le petit village suscite, pour sa beaut\u00e9, des \u00e9motions qui remplissent le c\u0153ur. Ces arbres majestueux accompagnent ceux qui arrivent ou traversent le village. En plus d&#8217;\u00eatre une image pour les yeux, les ch\u00e2taignes sont appel\u00e9es &#8220;arbres \u00e0 pain&#8221; pour leurs fruits....","og_url":"https:\/\/rifugiovalcamonica.com\/fr\/les-chataigniers-ou-arbres-a-pain\/","og_site_name":"Rifugio De Marie","article_modified_time":"2022-04-30T08:58:13+00:00","twitter_misc":{"Tempo di lettura stimato":"2 minuti"},"schema":{"@context":"https:\/\/schema.org","@graph":[{"@type":"WebSite","@id":"https:\/\/rifugiovalcamonica.com\/fr\/#website","url":"https:\/\/rifugiovalcamonica.com\/fr\/","name":"Rifugio De Marie","description":"Rifugio in Valcamonica","potentialAction":[{"@type":"SearchAction","target":{"@type":"EntryPoint","urlTemplate":"https:\/\/rifugiovalcamonica.com\/fr\/?s={search_term_string}"},"query-input":"required name=search_term_string"}],"inLanguage":"it-IT"},{"@type":"WebPage","@id":"https:\/\/rifugiovalcamonica.com\/fr\/les-chataigniers-ou-arbres-a-pain\/#webpage","url":"https:\/\/rifugiovalcamonica.com\/fr\/les-chataigniers-ou-arbres-a-pain\/","name":"Les ch\u00e2taigniers ou arbres \u00e0 pain - Rifugio De Marie","isPartOf":{"@id":"https:\/\/rifugiovalcamonica.com\/fr\/#website"},"datePublished":"2021-03-08T09:58:21+00:00","dateModified":"2022-04-30T08:58:13+00:00","breadcrumb":{"@id":"https:\/\/rifugiovalcamonica.com\/fr\/les-chataigniers-ou-arbres-a-pain\/#breadcrumb"},"inLanguage":"it-IT","potentialAction":[{"@type":"ReadAction","target":["https:\/\/rifugiovalcamonica.com\/fr\/les-chataigniers-ou-arbres-a-pain\/"]}]},{"@type":"BreadcrumbList","@id":"https:\/\/rifugiovalcamonica.com\/fr\/les-chataigniers-ou-arbres-a-pain\/#breadcrumb","itemListElement":[{"@type":"ListItem","position":1,"name":"Les ch\u00e2taigniers ou arbres \u00e0 pain"}]}]}},"_links":{"self":[{"href":"https:\/\/rifugiovalcamonica.com\/fr\/wp-json\/wp\/v2\/pages\/3819"}],"collection":[{"href":"https:\/\/rifugiovalcamonica.com\/fr\/wp-json\/wp\/v2\/pages"}],"about":[{"href":"https:\/\/rifugiovalcamonica.com\/fr\/wp-json\/wp\/v2\/types\/page"}],"author":[{"embeddable":true,"href":"https:\/\/rifugiovalcamonica.com\/fr\/wp-json\/wp\/v2\/users\/15"}],"replies":[{"embeddable":true,"href":"https:\/\/rifugiovalcamonica.com\/fr\/wp-json\/wp\/v2\/comments?post=3819"}],"version-history":[{"count":4,"href":"https:\/\/rifugiovalcamonica.com\/fr\/wp-json\/wp\/v2\/pages\/3819\/revisions"}],"predecessor-version":[{"id":4377,"href":"https:\/\/rifugiovalcamonica.com\/fr\/wp-json\/wp\/v2\/pages\/3819\/revisions\/4377"}],"wp:attachment":[{"href":"https:\/\/rifugiovalcamonica.com\/fr\/wp-json\/wp\/v2\/media?parent=3819"}],"curies":[{"name":"wp","href":"https:\/\/api.w.org\/{rel}","templated":true}]}}