{"id":386,"date":"2014-05-27T08:44:13","date_gmt":"2014-05-27T06:44:13","guid":{"rendered":"http:\/\/rifugiovalcamonica.com\/fr\/?page_id=386"},"modified":"2022-04-30T10:20:02","modified_gmt":"2022-04-30T08:20:02","slug":"groupes","status":"publish","type":"page","link":"https:\/\/rifugiovalcamonica.com\/fr\/groupes\/","title":{"rendered":"Groupes"},"content":{"rendered":"<p>Aux Oratoires.<br \/>\nVous cherchez un endroit pour passer une journ\u00e9e en pleine nature ? Le voici : le Volano di Cimbergo, un environnement accueillant o\u00f9 vos enfants pourront s&#8217;amuser dans deux grands espaces plats ouverts flanqu\u00e9s par le ruisseau frais. Vous pouvez organiser des jeux de groupe engageants (comme une chasse au tr\u00e9sor, un tir \u00e0 la corde, une course en sac&#8230;) ou permettre aux enfants de laisser libre cours \u00e0 leur imagination cr\u00e9ative. Et il y a toujours notre refuge pour tous vos besoins : un plat chaud s&#8217;il fait froid ou une glace froide s&#8217;il fait chaud ! Il y a une aire de pique-nique \u00e9quip\u00e9e de tables, de feux et de fontaines et une petite \u00e9glise o\u00f9 c\u00e9l\u00e9brer la Sainte Messe pour terminer la journ\u00e9e dans la joie.<\/p>\n","protected":false},"excerpt":{"rendered":"<p>Aux Oratoires. Vous cherchez un endroit pour passer une journ\u00e9e en pleine nature ? Le voici : le Volano di Cimbergo, un environnement accueillant o\u00f9 vos enfants pourront s&#8217;amuser dans deux grands espaces plats ouverts flanqu\u00e9s par le ruisseau frais. Vous pouvez organiser des jeux de groupe engageants (comme une chasse au tr\u00e9sor, un tir&#8230;<\/p>\n","protected":false},"author":12,"featured_media":0,"parent":0,"menu_order":0,"comment_status":"closed","ping_status":"closed","template":"","meta":[],"yoast_head":"<!-- This site is optimized with the Yoast SEO plugin v18.6 - https:\/\/yoast.com\/wordpress\/plugins\/seo\/ -->\n<title>Groupes - Rifugio De Marie<\/title>\n<meta name=\"robots\" content=\"index, follow, max-snippet:-1, max-image-preview:large, max-video-preview:-1\" \/>\n<link rel=\"canonical\" href=\"https:\/\/rifugiovalcamonica.com\/fr\/groupes\/\" \/>\n<meta property=\"og:locale\" content=\"it_IT\" \/>\n<meta property=\"og:type\" content=\"article\" \/>\n<meta property=\"og:title\" content=\"Groupes - Rifugio De Marie\" \/>\n<meta property=\"og:description\" content=\"Aux Oratoires. Vous cherchez un endroit pour passer une journ\u00e9e en pleine nature ? Le voici : le Volano di Cimbergo, un environnement accueillant o\u00f9 vos enfants pourront s&#8217;amuser dans deux grands espaces plats ouverts flanqu\u00e9s par le ruisseau frais. Vous pouvez organiser des jeux de groupe engageants (comme une chasse au tr\u00e9sor, un tir...\" \/>\n<meta property=\"og:url\" content=\"https:\/\/rifugiovalcamonica.com\/fr\/groupes\/\" \/>\n<meta property=\"og:site_name\" content=\"Rifugio De Marie\" \/>\n<meta property=\"article:modified_time\" content=\"2022-04-30T08:20:02+00:00\" \/>\n<meta name=\"twitter:label1\" content=\"Tempo di lettura stimato\" \/>\n\t<meta name=\"twitter:data1\" content=\"1 minuto\" \/>\n<script type=\"application\/ld+json\" class=\"yoast-schema-graph\">{\"@context\":\"https:\/\/schema.org\",\"@graph\":[{\"@type\":\"WebSite\",\"@id\":\"https:\/\/rifugiovalcamonica.com\/fr\/#website\",\"url\":\"https:\/\/rifugiovalcamonica.com\/fr\/\",\"name\":\"Rifugio De Marie\",\"description\":\"Rifugio in Valcamonica\",\"potentialAction\":[{\"@type\":\"SearchAction\",\"target\":{\"@type\":\"EntryPoint\",\"urlTemplate\":\"https:\/\/rifugiovalcamonica.com\/fr\/?s={search_term_string}\"},\"query-input\":\"required name=search_term_string\"}],\"inLanguage\":\"it-IT\"},{\"@type\":\"WebPage\",\"@id\":\"https:\/\/rifugiovalcamonica.com\/fr\/groupes\/#webpage\",\"url\":\"https:\/\/rifugiovalcamonica.com\/fr\/groupes\/\",\"name\":\"Groupes - Rifugio De Marie\",\"isPartOf\":{\"@id\":\"https:\/\/rifugiovalcamonica.com\/fr\/#website\"},\"datePublished\":\"2014-05-27T06:44:13+00:00\",\"dateModified\":\"2022-04-30T08:20:02+00:00\",\"breadcrumb\":{\"@id\":\"https:\/\/rifugiovalcamonica.com\/fr\/groupes\/#breadcrumb\"},\"inLanguage\":\"it-IT\",\"potentialAction\":[{\"@type\":\"ReadAction\",\"target\":[\"https:\/\/rifugiovalcamonica.com\/fr\/groupes\/\"]}]},{\"@type\":\"BreadcrumbList\",\"@id\":\"https:\/\/rifugiovalcamonica.com\/fr\/groupes\/#breadcrumb\",\"itemListElement\":[{\"@type\":\"ListItem\",\"position\":1,\"name\":\"Groupes\"}]}]}<\/script>\n<!-- \/ Yoast SEO plugin. -->","yoast_head_json":{"title":"Groupes - Rifugio De Marie","robots":{"index":"index","follow":"follow","max-snippet":"max-snippet:-1","max-image-preview":"max-image-preview:large","max-video-preview":"max-video-preview:-1"},"canonical":"https:\/\/rifugiovalcamonica.com\/fr\/groupes\/","og_locale":"it_IT","og_type":"article","og_title":"Groupes - Rifugio De Marie","og_description":"Aux Oratoires. Vous cherchez un endroit pour passer une journ\u00e9e en pleine nature ? Le voici : le Volano di Cimbergo, un environnement accueillant o\u00f9 vos enfants pourront s&#8217;amuser dans deux grands espaces plats ouverts flanqu\u00e9s par le ruisseau frais. Vous pouvez organiser des jeux de groupe engageants (comme une chasse au tr\u00e9sor, un tir...","og_url":"https:\/\/rifugiovalcamonica.com\/fr\/groupes\/","og_site_name":"Rifugio De Marie","article_modified_time":"2022-04-30T08:20:02+00:00","twitter_misc":{"Tempo di lettura stimato":"1 minuto"},"schema":{"@context":"https:\/\/schema.org","@graph":[{"@type":"WebSite","@id":"https:\/\/rifugiovalcamonica.com\/fr\/#website","url":"https:\/\/rifugiovalcamonica.com\/fr\/","name":"Rifugio De Marie","description":"Rifugio in Valcamonica","potentialAction":[{"@type":"SearchAction","target":{"@type":"EntryPoint","urlTemplate":"https:\/\/rifugiovalcamonica.com\/fr\/?s={search_term_string}"},"query-input":"required name=search_term_string"}],"inLanguage":"it-IT"},{"@type":"WebPage","@id":"https:\/\/rifugiovalcamonica.com\/fr\/groupes\/#webpage","url":"https:\/\/rifugiovalcamonica.com\/fr\/groupes\/","name":"Groupes - Rifugio De Marie","isPartOf":{"@id":"https:\/\/rifugiovalcamonica.com\/fr\/#website"},"datePublished":"2014-05-27T06:44:13+00:00","dateModified":"2022-04-30T08:20:02+00:00","breadcrumb":{"@id":"https:\/\/rifugiovalcamonica.com\/fr\/groupes\/#breadcrumb"},"inLanguage":"it-IT","potentialAction":[{"@type":"ReadAction","target":["https:\/\/rifugiovalcamonica.com\/fr\/groupes\/"]}]},{"@type":"BreadcrumbList","@id":"https:\/\/rifugiovalcamonica.com\/fr\/groupes\/#breadcrumb","itemListElement":[{"@type":"ListItem","position":1,"name":"Groupes"}]}]}},"_links":{"self":[{"href":"https:\/\/rifugiovalcamonica.com\/fr\/wp-json\/wp\/v2\/pages\/386"}],"collection":[{"href":"https:\/\/rifugiovalcamonica.com\/fr\/wp-json\/wp\/v2\/pages"}],"about":[{"href":"https:\/\/rifugiovalcamonica.com\/fr\/wp-json\/wp\/v2\/types\/page"}],"author":[{"embeddable":true,"href":"https:\/\/rifugiovalcamonica.com\/fr\/wp-json\/wp\/v2\/users\/12"}],"replies":[{"embeddable":true,"href":"https:\/\/rifugiovalcamonica.com\/fr\/wp-json\/wp\/v2\/comments?post=386"}],"version-history":[{"count":4,"href":"https:\/\/rifugiovalcamonica.com\/fr\/wp-json\/wp\/v2\/pages\/386\/revisions"}],"predecessor-version":[{"id":4369,"href":"https:\/\/rifugiovalcamonica.com\/fr\/wp-json\/wp\/v2\/pages\/386\/revisions\/4369"}],"wp:attachment":[{"href":"https:\/\/rifugiovalcamonica.com\/fr\/wp-json\/wp\/v2\/media?parent=386"}],"curies":[{"name":"wp","href":"https:\/\/api.w.org\/{rel}","templated":true}]}}