{"id":79,"date":"2013-04-18T14:32:28","date_gmt":"2013-04-18T12:32:28","guid":{"rendered":"http:\/\/rifugiovalcamonica.com\/fr\/?page_id=79"},"modified":"2022-04-30T09:29:58","modified_gmt":"2022-04-30T07:29:58","slug":"comment-nous-joindre","status":"publish","type":"page","link":"https:\/\/rifugiovalcamonica.com\/fr\/comment-nous-joindre\/","title":{"rendered":"Comment nous joindre"},"content":{"rendered":"<p>Comment arriver \u00e0 Valle Camonica:<br \/>\n* du SUD<br \/>\nAutoroute A4 sortie Bs ou Bg- direction Lac d&#8217;Iseo SS 42<br \/>\n* du NORD-EST<br \/>\nAutoroute A22, San Michele all&#8217;Adige sortie SS 43 puis SS 42 direction Passo Tonale<br \/>\n* du NORD-OUEST<br \/>\nDu lac de C\u00f4me SS 38 vers Sondrio, dans la localit\u00e9 de Tresenda d\u00e9viation \u00e0 droite vers Aprica<br \/>\n* Du LAC D&#8217;ISEO<br \/>\nSS 42 \u00e0 \u00e9coulement rapide. Sortie Capodiponte, puis tourner \u00e0 droite vers CIMBERGO<\/p>\n<p>Pour arriver \u00e0 la ville: Cimbergo<br \/>\nAvec sa propre voiture : A4 sortie Brescia. Continuer sur la SS 42 de Tonale et Mendola (la nouvelle variante rapide) pendant environ une heure ; Sortie Capodiponte (site arch\u00e9ologique de l&#8217;Unesco). Prendre \u00e0 droite pour Cimbergo. Continuer pendant 5\/10 minutes.<br \/>\nEn train depuis Bs : gare Ceto-Cerveno ; bus, dont le d\u00e9part co\u00efncide avec l&#8217;arriv\u00e9e de chaque train, pour Cimbergo.<br \/>\ngare de Capodiponte\u00a0; \u00e0 pied, suivre le sentier &#8220;Antonioli&#8221;, balis\u00e9 de panneaux blancs et jaunes.<br \/>\nItin\u00e9raire de randonn\u00e9e d&#8217;approche<br \/>\nA Cimbergo : virage en \u00e9pingle en haut du village \u00e0 droite, suivre les panneaux \u00ab Volano \u00bb ; chemin muletier accessible en v\u00e9hicules tout-terrain et voitures 4&#215;4 (30&#8242;) ou \u00e0 pied (1h30&#8242;) ; possibilit\u00e9 d&#8217;acc\u00e9der \u00e0 des petits parkings \u00e0 une vingtaine de minutes du refuge avec une voiture normale ; chemin de terre avec pav\u00e9 mixte et asphalte.<\/p>\n","protected":false},"excerpt":{"rendered":"<p>Comment arriver \u00e0 Valle Camonica: * du SUD Autoroute A4 sortie Bs ou Bg- direction Lac d&#8217;Iseo SS 42 * du NORD-EST Autoroute A22, San Michele all&#8217;Adige sortie SS 43 puis SS 42 direction Passo Tonale * du NORD-OUEST Du lac de C\u00f4me SS 38 vers Sondrio, dans la localit\u00e9 de Tresenda d\u00e9viation \u00e0 droite&#8230;<\/p>\n","protected":false},"author":12,"featured_media":0,"parent":0,"menu_order":0,"comment_status":"closed","ping_status":"closed","template":"","meta":[],"yoast_head":"<!-- This site is optimized with the Yoast SEO plugin v18.6 - https:\/\/yoast.com\/wordpress\/plugins\/seo\/ -->\n<title>Comment nous joindre - Rifugio De Marie<\/title>\n<meta name=\"robots\" content=\"index, follow, max-snippet:-1, max-image-preview:large, max-video-preview:-1\" \/>\n<link rel=\"canonical\" href=\"https:\/\/rifugiovalcamonica.com\/fr\/comment-nous-joindre\/\" \/>\n<meta property=\"og:locale\" content=\"it_IT\" \/>\n<meta property=\"og:type\" content=\"article\" \/>\n<meta property=\"og:title\" content=\"Comment nous joindre - Rifugio De Marie\" \/>\n<meta property=\"og:description\" content=\"Comment arriver \u00e0 Valle Camonica: * du SUD Autoroute A4 sortie Bs ou Bg- direction Lac d&#8217;Iseo SS 42 * du NORD-EST Autoroute A22, San Michele all&#8217;Adige sortie SS 43 puis SS 42 direction Passo Tonale * du NORD-OUEST Du lac de C\u00f4me SS 38 vers Sondrio, dans la localit\u00e9 de Tresenda d\u00e9viation \u00e0 droite...\" \/>\n<meta property=\"og:url\" content=\"https:\/\/rifugiovalcamonica.com\/fr\/comment-nous-joindre\/\" \/>\n<meta property=\"og:site_name\" content=\"Rifugio De Marie\" \/>\n<meta property=\"article:modified_time\" content=\"2022-04-30T07:29:58+00:00\" \/>\n<meta name=\"twitter:label1\" content=\"Tempo di lettura stimato\" \/>\n\t<meta name=\"twitter:data1\" content=\"2 minuti\" \/>\n<script type=\"application\/ld+json\" class=\"yoast-schema-graph\">{\"@context\":\"https:\/\/schema.org\",\"@graph\":[{\"@type\":\"WebSite\",\"@id\":\"https:\/\/rifugiovalcamonica.com\/fr\/#website\",\"url\":\"https:\/\/rifugiovalcamonica.com\/fr\/\",\"name\":\"Rifugio De Marie\",\"description\":\"Rifugio in Valcamonica\",\"potentialAction\":[{\"@type\":\"SearchAction\",\"target\":{\"@type\":\"EntryPoint\",\"urlTemplate\":\"https:\/\/rifugiovalcamonica.com\/fr\/?s={search_term_string}\"},\"query-input\":\"required name=search_term_string\"}],\"inLanguage\":\"it-IT\"},{\"@type\":\"WebPage\",\"@id\":\"https:\/\/rifugiovalcamonica.com\/fr\/comment-nous-joindre\/#webpage\",\"url\":\"https:\/\/rifugiovalcamonica.com\/fr\/comment-nous-joindre\/\",\"name\":\"Comment nous joindre - Rifugio De Marie\",\"isPartOf\":{\"@id\":\"https:\/\/rifugiovalcamonica.com\/fr\/#website\"},\"datePublished\":\"2013-04-18T12:32:28+00:00\",\"dateModified\":\"2022-04-30T07:29:58+00:00\",\"breadcrumb\":{\"@id\":\"https:\/\/rifugiovalcamonica.com\/fr\/comment-nous-joindre\/#breadcrumb\"},\"inLanguage\":\"it-IT\",\"potentialAction\":[{\"@type\":\"ReadAction\",\"target\":[\"https:\/\/rifugiovalcamonica.com\/fr\/comment-nous-joindre\/\"]}]},{\"@type\":\"BreadcrumbList\",\"@id\":\"https:\/\/rifugiovalcamonica.com\/fr\/comment-nous-joindre\/#breadcrumb\",\"itemListElement\":[{\"@type\":\"ListItem\",\"position\":1,\"name\":\"Comment nous joindre\"}]}]}<\/script>\n<!-- \/ Yoast SEO plugin. -->","yoast_head_json":{"title":"Comment nous joindre - Rifugio De Marie","robots":{"index":"index","follow":"follow","max-snippet":"max-snippet:-1","max-image-preview":"max-image-preview:large","max-video-preview":"max-video-preview:-1"},"canonical":"https:\/\/rifugiovalcamonica.com\/fr\/comment-nous-joindre\/","og_locale":"it_IT","og_type":"article","og_title":"Comment nous joindre - Rifugio De Marie","og_description":"Comment arriver \u00e0 Valle Camonica: * du SUD Autoroute A4 sortie Bs ou Bg- direction Lac d&#8217;Iseo SS 42 * du NORD-EST Autoroute A22, San Michele all&#8217;Adige sortie SS 43 puis SS 42 direction Passo Tonale * du NORD-OUEST Du lac de C\u00f4me SS 38 vers Sondrio, dans la localit\u00e9 de Tresenda d\u00e9viation \u00e0 droite...","og_url":"https:\/\/rifugiovalcamonica.com\/fr\/comment-nous-joindre\/","og_site_name":"Rifugio De Marie","article_modified_time":"2022-04-30T07:29:58+00:00","twitter_misc":{"Tempo di lettura stimato":"2 minuti"},"schema":{"@context":"https:\/\/schema.org","@graph":[{"@type":"WebSite","@id":"https:\/\/rifugiovalcamonica.com\/fr\/#website","url":"https:\/\/rifugiovalcamonica.com\/fr\/","name":"Rifugio De Marie","description":"Rifugio in Valcamonica","potentialAction":[{"@type":"SearchAction","target":{"@type":"EntryPoint","urlTemplate":"https:\/\/rifugiovalcamonica.com\/fr\/?s={search_term_string}"},"query-input":"required name=search_term_string"}],"inLanguage":"it-IT"},{"@type":"WebPage","@id":"https:\/\/rifugiovalcamonica.com\/fr\/comment-nous-joindre\/#webpage","url":"https:\/\/rifugiovalcamonica.com\/fr\/comment-nous-joindre\/","name":"Comment nous joindre - Rifugio De Marie","isPartOf":{"@id":"https:\/\/rifugiovalcamonica.com\/fr\/#website"},"datePublished":"2013-04-18T12:32:28+00:00","dateModified":"2022-04-30T07:29:58+00:00","breadcrumb":{"@id":"https:\/\/rifugiovalcamonica.com\/fr\/comment-nous-joindre\/#breadcrumb"},"inLanguage":"it-IT","potentialAction":[{"@type":"ReadAction","target":["https:\/\/rifugiovalcamonica.com\/fr\/comment-nous-joindre\/"]}]},{"@type":"BreadcrumbList","@id":"https:\/\/rifugiovalcamonica.com\/fr\/comment-nous-joindre\/#breadcrumb","itemListElement":[{"@type":"ListItem","position":1,"name":"Comment nous joindre"}]}]}},"_links":{"self":[{"href":"https:\/\/rifugiovalcamonica.com\/fr\/wp-json\/wp\/v2\/pages\/79"}],"collection":[{"href":"https:\/\/rifugiovalcamonica.com\/fr\/wp-json\/wp\/v2\/pages"}],"about":[{"href":"https:\/\/rifugiovalcamonica.com\/fr\/wp-json\/wp\/v2\/types\/page"}],"author":[{"embeddable":true,"href":"https:\/\/rifugiovalcamonica.com\/fr\/wp-json\/wp\/v2\/users\/12"}],"replies":[{"embeddable":true,"href":"https:\/\/rifugiovalcamonica.com\/fr\/wp-json\/wp\/v2\/comments?post=79"}],"version-history":[{"count":16,"href":"https:\/\/rifugiovalcamonica.com\/fr\/wp-json\/wp\/v2\/pages\/79\/revisions"}],"predecessor-version":[{"id":4350,"href":"https:\/\/rifugiovalcamonica.com\/fr\/wp-json\/wp\/v2\/pages\/79\/revisions\/4350"}],"wp:attachment":[{"href":"https:\/\/rifugiovalcamonica.com\/fr\/wp-json\/wp\/v2\/media?parent=79"}],"curies":[{"name":"wp","href":"https:\/\/api.w.org\/{rel}","templated":true}]}}