{"id":81,"date":"2013-04-18T14:36:48","date_gmt":"2013-04-18T12:36:48","guid":{"rendered":"http:\/\/rifugiovalcamonica.com\/fr\/?page_id=81"},"modified":"2022-04-30T09:46:15","modified_gmt":"2022-04-30T07:46:15","slug":"service","status":"publish","type":"page","link":"https:\/\/rifugiovalcamonica.com\/fr\/service\/","title":{"rendered":"Service"},"content":{"rendered":"<p>Le refuge \u00e0 gestion familiale propose un bar, un restaurant et un service h\u00f4telier.<\/p>\n<p>Service de bar. Le bar est ouvert de 6h (parfois m\u00eame plus t\u00f4t, si les clients partent t\u00f4t) jusqu&#8217;\u00e0 22h30 le soir.<\/p>\n<p>Service de restauration. La cuisine est ouverte de 12h30 \u00e0 20h30, mais nous sommes toujours \u00e0 votre disposition pour tout besoin. Il peut accueillir jusqu&#8217;\u00e0 70 personnes \u00e0 l&#8217;int\u00e9rieur, r\u00e9parties sur deux \u00e9tages ; l&#8217;ext\u00e9rieur offre un belv\u00e9d\u00e8re et quelques tables.<\/p>\n<p>Prestation h\u00f4teli\u00e8re. Le refuge dispose de 25 lits r\u00e9partis comme suit : 2 chambres de 4 personnes, 1 chambre de 8 lits, 1 chambre de 3 lits et 1 chambre de 6 lits.<\/p>\n<p>A l&#8217;abri l&#8217;\u00e9clairage est continu, mais pas suffisant cependant pour faire fonctionner des objets qui demandent beaucoup de watts, comme le phono. Les cheveux s\u00e8chent \u00e0 la chaleur du soleil ou devant le po\u00eale \u00e0 bois.<\/p>\n<p>Dans les 2 salles de bains, il y a une douche et de l&#8217;eau courante chaude et \/ ou froide.<\/p>\n<p>Il y a une cabine t\u00e9l\u00e9phonique publique disponible qui fonctionne avec une liaison radio et une radio connect\u00e9e aux secours en montagne, en cas de besoin.<\/p>\n<p>Le chauffage dans la salle \u00e0 manger s&#8217;effectue gr\u00e2ce \u00e0 deux po\u00eales \u00e0 bois et une chemin\u00e9e, tandis qu&#8217;un convecteur \u00e0 gaz a \u00e9t\u00e9 install\u00e9 dans chaque pi\u00e8ce, qui n&#8217;est utilis\u00e9 qu&#8217;en hiver.<\/p>\n<p>A la disposition des clients, des magazines de montagne et des textes th\u00e9matiques, des romans et des jeux de soci\u00e9t\u00e9.<\/p>\n<p>Pour divertir les enfants, il y a des petits jeux.<\/p>\n<p>Accroch\u00e9 au mur, vous pouvez consulter la carte des sentiers et dans tous les cas il y a toujours quelqu&#8217;un de disponible pour donner des informations sur les itin\u00e9raires \u00e0 suivre.<\/p>\n<p>Il est possible de demander le service de jeep du village au refuge et vice versa.<\/p>\n","protected":false},"excerpt":{"rendered":"<p>Le refuge \u00e0 gestion familiale propose un bar, un restaurant et un service h\u00f4telier. Service de bar. Le bar est ouvert de 6h (parfois m\u00eame plus t\u00f4t, si les clients partent t\u00f4t) jusqu&#8217;\u00e0 22h30 le soir. Service de restauration. La cuisine est ouverte de 12h30 \u00e0 20h30, mais nous sommes toujours \u00e0 votre disposition pour&#8230;<\/p>\n","protected":false},"author":12,"featured_media":0,"parent":0,"menu_order":0,"comment_status":"closed","ping_status":"closed","template":"","meta":[],"yoast_head":"<!-- This site is optimized with the Yoast SEO plugin v18.6 - https:\/\/yoast.com\/wordpress\/plugins\/seo\/ -->\n<title>Service - Rifugio De Marie<\/title>\n<meta name=\"robots\" content=\"index, follow, max-snippet:-1, max-image-preview:large, max-video-preview:-1\" \/>\n<link rel=\"canonical\" href=\"https:\/\/rifugiovalcamonica.com\/fr\/service\/\" \/>\n<meta property=\"og:locale\" content=\"it_IT\" \/>\n<meta property=\"og:type\" content=\"article\" \/>\n<meta property=\"og:title\" content=\"Service - Rifugio De Marie\" \/>\n<meta property=\"og:description\" content=\"Le refuge \u00e0 gestion familiale propose un bar, un restaurant et un service h\u00f4telier. Service de bar. Le bar est ouvert de 6h (parfois m\u00eame plus t\u00f4t, si les clients partent t\u00f4t) jusqu&#8217;\u00e0 22h30 le soir. Service de restauration. La cuisine est ouverte de 12h30 \u00e0 20h30, mais nous sommes toujours \u00e0 votre disposition pour...\" \/>\n<meta property=\"og:url\" content=\"https:\/\/rifugiovalcamonica.com\/fr\/service\/\" \/>\n<meta property=\"og:site_name\" content=\"Rifugio De Marie\" \/>\n<meta property=\"article:modified_time\" content=\"2022-04-30T07:46:15+00:00\" \/>\n<meta name=\"twitter:label1\" content=\"Tempo di lettura stimato\" \/>\n\t<meta name=\"twitter:data1\" content=\"2 minuti\" \/>\n<script type=\"application\/ld+json\" class=\"yoast-schema-graph\">{\"@context\":\"https:\/\/schema.org\",\"@graph\":[{\"@type\":\"WebSite\",\"@id\":\"https:\/\/rifugiovalcamonica.com\/fr\/#website\",\"url\":\"https:\/\/rifugiovalcamonica.com\/fr\/\",\"name\":\"Rifugio De Marie\",\"description\":\"Rifugio in Valcamonica\",\"potentialAction\":[{\"@type\":\"SearchAction\",\"target\":{\"@type\":\"EntryPoint\",\"urlTemplate\":\"https:\/\/rifugiovalcamonica.com\/fr\/?s={search_term_string}\"},\"query-input\":\"required name=search_term_string\"}],\"inLanguage\":\"it-IT\"},{\"@type\":\"WebPage\",\"@id\":\"https:\/\/rifugiovalcamonica.com\/fr\/service\/#webpage\",\"url\":\"https:\/\/rifugiovalcamonica.com\/fr\/service\/\",\"name\":\"Service - Rifugio De Marie\",\"isPartOf\":{\"@id\":\"https:\/\/rifugiovalcamonica.com\/fr\/#website\"},\"datePublished\":\"2013-04-18T12:36:48+00:00\",\"dateModified\":\"2022-04-30T07:46:15+00:00\",\"breadcrumb\":{\"@id\":\"https:\/\/rifugiovalcamonica.com\/fr\/service\/#breadcrumb\"},\"inLanguage\":\"it-IT\",\"potentialAction\":[{\"@type\":\"ReadAction\",\"target\":[\"https:\/\/rifugiovalcamonica.com\/fr\/service\/\"]}]},{\"@type\":\"BreadcrumbList\",\"@id\":\"https:\/\/rifugiovalcamonica.com\/fr\/service\/#breadcrumb\",\"itemListElement\":[{\"@type\":\"ListItem\",\"position\":1,\"name\":\"Service\"}]}]}<\/script>\n<!-- \/ Yoast SEO plugin. -->","yoast_head_json":{"title":"Service - Rifugio De Marie","robots":{"index":"index","follow":"follow","max-snippet":"max-snippet:-1","max-image-preview":"max-image-preview:large","max-video-preview":"max-video-preview:-1"},"canonical":"https:\/\/rifugiovalcamonica.com\/fr\/service\/","og_locale":"it_IT","og_type":"article","og_title":"Service - Rifugio De Marie","og_description":"Le refuge \u00e0 gestion familiale propose un bar, un restaurant et un service h\u00f4telier. Service de bar. Le bar est ouvert de 6h (parfois m\u00eame plus t\u00f4t, si les clients partent t\u00f4t) jusqu&#8217;\u00e0 22h30 le soir. Service de restauration. La cuisine est ouverte de 12h30 \u00e0 20h30, mais nous sommes toujours \u00e0 votre disposition pour...","og_url":"https:\/\/rifugiovalcamonica.com\/fr\/service\/","og_site_name":"Rifugio De Marie","article_modified_time":"2022-04-30T07:46:15+00:00","twitter_misc":{"Tempo di lettura stimato":"2 minuti"},"schema":{"@context":"https:\/\/schema.org","@graph":[{"@type":"WebSite","@id":"https:\/\/rifugiovalcamonica.com\/fr\/#website","url":"https:\/\/rifugiovalcamonica.com\/fr\/","name":"Rifugio De Marie","description":"Rifugio in Valcamonica","potentialAction":[{"@type":"SearchAction","target":{"@type":"EntryPoint","urlTemplate":"https:\/\/rifugiovalcamonica.com\/fr\/?s={search_term_string}"},"query-input":"required name=search_term_string"}],"inLanguage":"it-IT"},{"@type":"WebPage","@id":"https:\/\/rifugiovalcamonica.com\/fr\/service\/#webpage","url":"https:\/\/rifugiovalcamonica.com\/fr\/service\/","name":"Service - Rifugio De Marie","isPartOf":{"@id":"https:\/\/rifugiovalcamonica.com\/fr\/#website"},"datePublished":"2013-04-18T12:36:48+00:00","dateModified":"2022-04-30T07:46:15+00:00","breadcrumb":{"@id":"https:\/\/rifugiovalcamonica.com\/fr\/service\/#breadcrumb"},"inLanguage":"it-IT","potentialAction":[{"@type":"ReadAction","target":["https:\/\/rifugiovalcamonica.com\/fr\/service\/"]}]},{"@type":"BreadcrumbList","@id":"https:\/\/rifugiovalcamonica.com\/fr\/service\/#breadcrumb","itemListElement":[{"@type":"ListItem","position":1,"name":"Service"}]}]}},"_links":{"self":[{"href":"https:\/\/rifugiovalcamonica.com\/fr\/wp-json\/wp\/v2\/pages\/81"}],"collection":[{"href":"https:\/\/rifugiovalcamonica.com\/fr\/wp-json\/wp\/v2\/pages"}],"about":[{"href":"https:\/\/rifugiovalcamonica.com\/fr\/wp-json\/wp\/v2\/types\/page"}],"author":[{"embeddable":true,"href":"https:\/\/rifugiovalcamonica.com\/fr\/wp-json\/wp\/v2\/users\/12"}],"replies":[{"embeddable":true,"href":"https:\/\/rifugiovalcamonica.com\/fr\/wp-json\/wp\/v2\/comments?post=81"}],"version-history":[{"count":6,"href":"https:\/\/rifugiovalcamonica.com\/fr\/wp-json\/wp\/v2\/pages\/81\/revisions"}],"predecessor-version":[{"id":4356,"href":"https:\/\/rifugiovalcamonica.com\/fr\/wp-json\/wp\/v2\/pages\/81\/revisions\/4356"}],"wp:attachment":[{"href":"https:\/\/rifugiovalcamonica.com\/fr\/wp-json\/wp\/v2\/media?parent=81"}],"curies":[{"name":"wp","href":"https:\/\/api.w.org\/{rel}","templated":true}]}}