{"id":85,"date":"2013-04-18T14:41:40","date_gmt":"2013-04-18T12:41:40","guid":{"rendered":"http:\/\/rifugiovalcamonica.com\/fr\/?page_id=85"},"modified":"2022-04-30T09:41:23","modified_gmt":"2022-04-30T07:41:23","slug":"environs","status":"publish","type":"page","link":"https:\/\/rifugiovalcamonica.com\/fr\/environs\/","title":{"rendered":"Environs"},"content":{"rendered":"\n\t\t\t<!-- START Slider territorio REVOLUTION SLIDER 6.2.2 --><p class=\"rs-p-wp-fix\"><\/p>\n\t\t\t<rs-module-wrap id=\"rev_slider_2_1_wrapper\" data-source=\"gallery\" data-aimg=\"\"  style=\"background:#E9E9E9;padding:5;float:right;margin-left:0;margin-right:0;margin-top:0;margin-bottom:0;\">\n\t\t\t\t<rs-module id=\"rev_slider_2_1\" style=\"display:none;\" data-version=\"6.2.2\">\n\t\t\t\t\t<rs-slides>\n\t\t\t\t\t\t<rs-slide data-key=\"rs-7\" data-title=\"Slide\" data-anim=\"ei:d;eo:d;s:1000;r:0;t:fade;sl:0;\">\n\t\t\t\t\t\t\t<img src=\"\/\/rifugiovalcamonica.com\/fr\/wp-content\/uploads\/2013\/04\/DSC_1008.jpg\" title=\"Environs\" class=\"rev-slidebg\" data-no-retina>\n<!---->\t\t\t\t\t\t<\/rs-slide>\n\t\t\t\t\t\t<rs-slide data-key=\"rs-8\" data-title=\"Slide\" data-anim=\"ei:d;eo:d;s:1000;r:0;t:fade;sl:0;\">\n\t\t\t\t\t\t\t<img src=\"\/\/rifugiovalcamonica.com\/fr\/wp-content\/uploads\/2013\/04\/DSC_0080.jpg\" title=\"Environs\" class=\"rev-slidebg\" data-no-retina>\n<!---->\t\t\t\t\t\t<\/rs-slide>\n\t\t\t\t\t\t<rs-slide data-key=\"rs-9\" data-title=\"Slide\" data-anim=\"ei:d;eo:d;r:0;t:fade;sl:7;\">\n\t\t\t\t\t\t\t<img src=\"\/\/rifugiovalcamonica.com\/fr\/wp-content\/plugins\/revslider\/public\/assets\/assets\/transparent.png\" title=\"Environs\" class=\"rev-slidebg\" data-no-retina>\n<!---->\t\t\t\t\t\t<\/rs-slide>\n\t\t\t\t\t<\/rs-slides>\n\t\t\t\t<\/rs-module>\n\t\t\t\t<script type=\"text\/javascript\">\n\t\t\t\t\tsetREVStartSize({c: 'rev_slider_2_1',rl:[1240,1024,778,480],el:[410],gw:[510],gh:[410],type:'standard',justify:'',layout:'fullwidth',mh:\"0\"});\n\t\t\t\t\tvar\trevapi2,\n\t\t\t\t\t\ttpj;\n\t\t\t\t\tjQuery(function() {\n\t\t\t\t\t\ttpj = jQuery;\n\t\t\t\t\t\ttpj.noConflict();\n\t\t\t\t\t\tif(tpj(\"#rev_slider_2_1\").revolution == undefined){\n\t\t\t\t\t\t\trevslider_showDoubleJqueryError(\"#rev_slider_2_1\");\n\t\t\t\t\t\t}else{\n\t\t\t\t\t\t\trevapi2 = tpj(\"#rev_slider_2_1\").show().revolution({\n\t\t\t\t\t\t\t\tjsFileLocation:\"\/\/rifugiovalcamonica.com\/fr\/wp-content\/plugins\/revslider\/public\/assets\/js\/\",\n\t\t\t\t\t\t\t\tvisibilityLevels:\"1240,1024,778,480\",\n\t\t\t\t\t\t\t\tgridwidth:510,\n\t\t\t\t\t\t\t\tgridheight:410,\n\t\t\t\t\t\t\t\tspinner:\"spinner5\",\n\t\t\t\t\t\t\t\teditorheight:\"410,768,960,720\",\n\t\t\t\t\t\t\t\tresponsiveLevels:\"1240,1024,778,480\",\n\t\t\t\t\t\t\t\tnavigation: {\n\t\t\t\t\t\t\t\t\tmouseScrollNavigation:false,\n\t\t\t\t\t\t\t\t\ttouch: {\n\t\t\t\t\t\t\t\t\t\ttouchenabled:true\n\t\t\t\t\t\t\t\t\t}\n\t\t\t\t\t\t\t\t},\n\t\t\t\t\t\t\t\tfallbacks: {\n\t\t\t\t\t\t\t\t\tsimplifyAll:\"\",\n\t\t\t\t\t\t\t\t\tignoreHeightChanges:\"\",\n\t\t\t\t\t\t\t\t\tallowHTML5AutoPlayOnAndroid:true\n\t\t\t\t\t\t\t\t},\n\t\t\t\t\t\t\t});\n\t\t\t\t\t\t}\n\t\t\t\t\t\t\n\t\t\t\t\t});\n\t\t\t\t<\/script>\n\t\t\t<\/rs-module-wrap>\n\t\t\t<!-- END REVOLUTION SLIDER -->\n\n<p>&nbsp;<\/p>\n<p>Immersion totale dans la nature : le bassin du Volano. La pin\u00e8de, qui progresse chaque ann\u00e9e, accompagne les voyageurs de d\u00e9couverte.<\/p>\n<p>Une petite \u00e9glise, d\u00e9di\u00e9e au Seigneur des Cimes, situ\u00e9e juste apr\u00e8s le refuge, \u00e0 droite sur le chemin qui m\u00e8ne au Pizzo Badile, permet aux passants de se rafra\u00eechir \u00e9galement l&#8217;esprit.<br \/>\nEn continuant sur la gauche, pass\u00e9 le pont de bois, vous arrivez \u00e0 l&#8217;aire de pique-nique, \u00e9quip\u00e9e de feux, tables et fontaines, construite dans le plein respect de la nature et agr\u00e9ablement int\u00e9gr\u00e9e \u00e0 celle-ci.<\/p>\n<p>Le ruisseau Tredenus, en plus d&#8217;\u00e9tancher la soif avec ses eaux douces, dans sa descente tranquille, r\u00e9jouit et r\u00e9jouit les esprits, d\u00e9j\u00e0 d\u00e9tendus par le silence de l&#8217;environnement, dont les seuls sons d\u00e9rangeants sont ceux tant\u00f4t d&#8217;animaux, tant\u00f4t d&#8217;oiseaux, les h\u00f4tes lorgnant \u00e0 travers l&#8217;herbe et dans le ciel.<\/p>\n<p>&nbsp;<\/p>\n","protected":false},"excerpt":{"rendered":"<p>&nbsp; Immersion totale dans la nature : le bassin du Volano. La pin\u00e8de, qui progresse chaque ann\u00e9e, accompagne les voyageurs de d\u00e9couverte. Une petite \u00e9glise, d\u00e9di\u00e9e au Seigneur des Cimes, situ\u00e9e juste apr\u00e8s le refuge, \u00e0 droite sur le chemin qui m\u00e8ne au Pizzo Badile, permet aux passants de se rafra\u00eechir \u00e9galement l&#8217;esprit. En continuant&#8230;<\/p>\n","protected":false},"author":12,"featured_media":0,"parent":0,"menu_order":0,"comment_status":"closed","ping_status":"closed","template":"","meta":[],"yoast_head":"<!-- This site is optimized with the Yoast SEO plugin v18.6 - https:\/\/yoast.com\/wordpress\/plugins\/seo\/ -->\n<title>Environs - Rifugio De Marie<\/title>\n<meta name=\"robots\" content=\"index, follow, max-snippet:-1, max-image-preview:large, max-video-preview:-1\" \/>\n<link rel=\"canonical\" href=\"https:\/\/rifugiovalcamonica.com\/fr\/environs\/\" \/>\n<meta property=\"og:locale\" content=\"it_IT\" \/>\n<meta property=\"og:type\" content=\"article\" \/>\n<meta property=\"og:title\" content=\"Environs - Rifugio De Marie\" \/>\n<meta property=\"og:description\" content=\"&nbsp; Immersion totale dans la nature : le bassin du Volano. La pin\u00e8de, qui progresse chaque ann\u00e9e, accompagne les voyageurs de d\u00e9couverte. Une petite \u00e9glise, d\u00e9di\u00e9e au Seigneur des Cimes, situ\u00e9e juste apr\u00e8s le refuge, \u00e0 droite sur le chemin qui m\u00e8ne au Pizzo Badile, permet aux passants de se rafra\u00eechir \u00e9galement l&#8217;esprit. En continuant...\" \/>\n<meta property=\"og:url\" content=\"https:\/\/rifugiovalcamonica.com\/fr\/environs\/\" \/>\n<meta property=\"og:site_name\" content=\"Rifugio De Marie\" \/>\n<meta property=\"article:modified_time\" content=\"2022-04-30T07:41:23+00:00\" \/>\n<meta name=\"twitter:label1\" content=\"Tempo di lettura stimato\" \/>\n\t<meta name=\"twitter:data1\" content=\"1 minuto\" \/>\n<script type=\"application\/ld+json\" class=\"yoast-schema-graph\">{\"@context\":\"https:\/\/schema.org\",\"@graph\":[{\"@type\":\"WebSite\",\"@id\":\"https:\/\/rifugiovalcamonica.com\/fr\/#website\",\"url\":\"https:\/\/rifugiovalcamonica.com\/fr\/\",\"name\":\"Rifugio De Marie\",\"description\":\"Rifugio in Valcamonica\",\"potentialAction\":[{\"@type\":\"SearchAction\",\"target\":{\"@type\":\"EntryPoint\",\"urlTemplate\":\"https:\/\/rifugiovalcamonica.com\/fr\/?s={search_term_string}\"},\"query-input\":\"required name=search_term_string\"}],\"inLanguage\":\"it-IT\"},{\"@type\":\"WebPage\",\"@id\":\"https:\/\/rifugiovalcamonica.com\/fr\/environs\/#webpage\",\"url\":\"https:\/\/rifugiovalcamonica.com\/fr\/environs\/\",\"name\":\"Environs - Rifugio De Marie\",\"isPartOf\":{\"@id\":\"https:\/\/rifugiovalcamonica.com\/fr\/#website\"},\"datePublished\":\"2013-04-18T12:41:40+00:00\",\"dateModified\":\"2022-04-30T07:41:23+00:00\",\"breadcrumb\":{\"@id\":\"https:\/\/rifugiovalcamonica.com\/fr\/environs\/#breadcrumb\"},\"inLanguage\":\"it-IT\",\"potentialAction\":[{\"@type\":\"ReadAction\",\"target\":[\"https:\/\/rifugiovalcamonica.com\/fr\/environs\/\"]}]},{\"@type\":\"BreadcrumbList\",\"@id\":\"https:\/\/rifugiovalcamonica.com\/fr\/environs\/#breadcrumb\",\"itemListElement\":[{\"@type\":\"ListItem\",\"position\":1,\"name\":\"Environs\"}]}]}<\/script>\n<!-- \/ Yoast SEO plugin. -->","yoast_head_json":{"title":"Environs - Rifugio De Marie","robots":{"index":"index","follow":"follow","max-snippet":"max-snippet:-1","max-image-preview":"max-image-preview:large","max-video-preview":"max-video-preview:-1"},"canonical":"https:\/\/rifugiovalcamonica.com\/fr\/environs\/","og_locale":"it_IT","og_type":"article","og_title":"Environs - Rifugio De Marie","og_description":"&nbsp; Immersion totale dans la nature : le bassin du Volano. La pin\u00e8de, qui progresse chaque ann\u00e9e, accompagne les voyageurs de d\u00e9couverte. Une petite \u00e9glise, d\u00e9di\u00e9e au Seigneur des Cimes, situ\u00e9e juste apr\u00e8s le refuge, \u00e0 droite sur le chemin qui m\u00e8ne au Pizzo Badile, permet aux passants de se rafra\u00eechir \u00e9galement l&#8217;esprit. En continuant...","og_url":"https:\/\/rifugiovalcamonica.com\/fr\/environs\/","og_site_name":"Rifugio De Marie","article_modified_time":"2022-04-30T07:41:23+00:00","twitter_misc":{"Tempo di lettura stimato":"1 minuto"},"schema":{"@context":"https:\/\/schema.org","@graph":[{"@type":"WebSite","@id":"https:\/\/rifugiovalcamonica.com\/fr\/#website","url":"https:\/\/rifugiovalcamonica.com\/fr\/","name":"Rifugio De Marie","description":"Rifugio in Valcamonica","potentialAction":[{"@type":"SearchAction","target":{"@type":"EntryPoint","urlTemplate":"https:\/\/rifugiovalcamonica.com\/fr\/?s={search_term_string}"},"query-input":"required name=search_term_string"}],"inLanguage":"it-IT"},{"@type":"WebPage","@id":"https:\/\/rifugiovalcamonica.com\/fr\/environs\/#webpage","url":"https:\/\/rifugiovalcamonica.com\/fr\/environs\/","name":"Environs - Rifugio De Marie","isPartOf":{"@id":"https:\/\/rifugiovalcamonica.com\/fr\/#website"},"datePublished":"2013-04-18T12:41:40+00:00","dateModified":"2022-04-30T07:41:23+00:00","breadcrumb":{"@id":"https:\/\/rifugiovalcamonica.com\/fr\/environs\/#breadcrumb"},"inLanguage":"it-IT","potentialAction":[{"@type":"ReadAction","target":["https:\/\/rifugiovalcamonica.com\/fr\/environs\/"]}]},{"@type":"BreadcrumbList","@id":"https:\/\/rifugiovalcamonica.com\/fr\/environs\/#breadcrumb","itemListElement":[{"@type":"ListItem","position":1,"name":"Environs"}]}]}},"_links":{"self":[{"href":"https:\/\/rifugiovalcamonica.com\/fr\/wp-json\/wp\/v2\/pages\/85"}],"collection":[{"href":"https:\/\/rifugiovalcamonica.com\/fr\/wp-json\/wp\/v2\/pages"}],"about":[{"href":"https:\/\/rifugiovalcamonica.com\/fr\/wp-json\/wp\/v2\/types\/page"}],"author":[{"embeddable":true,"href":"https:\/\/rifugiovalcamonica.com\/fr\/wp-json\/wp\/v2\/users\/12"}],"replies":[{"embeddable":true,"href":"https:\/\/rifugiovalcamonica.com\/fr\/wp-json\/wp\/v2\/comments?post=85"}],"version-history":[{"count":11,"href":"https:\/\/rifugiovalcamonica.com\/fr\/wp-json\/wp\/v2\/pages\/85\/revisions"}],"predecessor-version":[{"id":4353,"href":"https:\/\/rifugiovalcamonica.com\/fr\/wp-json\/wp\/v2\/pages\/85\/revisions\/4353"}],"wp:attachment":[{"href":"https:\/\/rifugiovalcamonica.com\/fr\/wp-json\/wp\/v2\/media?parent=85"}],"curies":[{"name":"wp","href":"https:\/\/api.w.org\/{rel}","templated":true}]}}