{"id":88,"date":"2013-04-18T14:43:06","date_gmt":"2013-04-18T12:43:06","guid":{"rendered":"http:\/\/rifugiovalcamonica.com\/fr\/?page_id=88"},"modified":"2022-04-30T09:52:49","modified_gmt":"2022-04-30T07:52:49","slug":"le-restaurant","status":"publish","type":"page","link":"https:\/\/rifugiovalcamonica.com\/fr\/le-restaurant\/","title":{"rendered":"Le restaurant"},"content":{"rendered":"\n\t\t\t<!-- START Slider ristorante REVOLUTION SLIDER 6.2.2 --><p class=\"rs-p-wp-fix\"><\/p>\n\t\t\t<rs-module-wrap id=\"rev_slider_18_1_wrapper\" data-source=\"gallery\" data-aimg=\"\"  style=\"background:#E9E9E9;padding:5;float:right;margin-left:0;margin-right:0;margin-top:0;margin-bottom:0;\">\n\t\t\t\t<rs-module id=\"rev_slider_18_1\" style=\"display:none;\" data-version=\"6.2.2\">\n\t\t\t\t\t<rs-slides>\n\t\t\t\t\t\t<rs-slide data-key=\"rs-41\" data-title=\"Slide\" data-anim=\"ei:d;eo:d;s:1000;r:0;t:fade;sl:0;\">\n\t\t\t\t\t\t\t<img src=\"\/\/rifugiovalcamonica.com\/fr\/wp-content\/uploads\/2013\/06\/P10305622.jpg\" title=\"Le restaurant\" class=\"rev-slidebg\" data-no-retina>\n<!---->\t\t\t\t\t\t<\/rs-slide>\n\t\t\t\t\t\t<rs-slide data-key=\"rs-42\" data-title=\"Slide\" data-anim=\"ei:d;eo:d;s:1000;r:0;t:fade;sl:0;\">\n\t\t\t\t\t\t\t<img src=\"\/\/rifugiovalcamonica.com\/fr\/wp-content\/uploads\/2013\/06\/P10305651.jpg\" title=\"Le restaurant\" class=\"rev-slidebg\" data-no-retina>\n<!---->\t\t\t\t\t\t<\/rs-slide>\n\t\t\t\t\t\t<rs-slide data-key=\"rs-95\" data-title=\"Slide\" data-anim=\"ei:d;eo:d;s:1000;r:0;t:fade;sl:0;\">\n\t\t\t\t\t\t\t<img src=\"\/\/rifugiovalcamonica.com\/fr\/wp-content\/uploads\/2013\/04\/Immagine-175.jpg\" title=\"Le restaurant\" class=\"rev-slidebg\" data-no-retina>\n<!---->\t\t\t\t\t\t<\/rs-slide>\n\t\t\t\t\t<\/rs-slides>\n\t\t\t\t<\/rs-module>\n\t\t\t\t<script type=\"text\/javascript\">\n\t\t\t\t\tsetREVStartSize({c: 'rev_slider_18_1',rl:[1240,1024,778,480],el:[410],gw:[510],gh:[410],type:'standard',justify:'',layout:'fullwidth',mh:\"0\"});\n\t\t\t\t\tvar\trevapi18,\n\t\t\t\t\t\ttpj;\n\t\t\t\t\tjQuery(function() {\n\t\t\t\t\t\ttpj = jQuery;\n\t\t\t\t\t\ttpj.noConflict();\n\t\t\t\t\t\tif(tpj(\"#rev_slider_18_1\").revolution == undefined){\n\t\t\t\t\t\t\trevslider_showDoubleJqueryError(\"#rev_slider_18_1\");\n\t\t\t\t\t\t}else{\n\t\t\t\t\t\t\trevapi18 = tpj(\"#rev_slider_18_1\").show().revolution({\n\t\t\t\t\t\t\t\tjsFileLocation:\"\/\/rifugiovalcamonica.com\/fr\/wp-content\/plugins\/revslider\/public\/assets\/js\/\",\n\t\t\t\t\t\t\t\tduration:\"4000ms\",\n\t\t\t\t\t\t\t\tvisibilityLevels:\"1240,1024,778,480\",\n\t\t\t\t\t\t\t\tgridwidth:510,\n\t\t\t\t\t\t\t\tgridheight:410,\n\t\t\t\t\t\t\t\tspinner:\"spinner5\",\n\t\t\t\t\t\t\t\teditorheight:\"410,768,960,720\",\n\t\t\t\t\t\t\t\tresponsiveLevels:\"1240,1024,778,480\",\n\t\t\t\t\t\t\t\tnavigation: {\n\t\t\t\t\t\t\t\t\tmouseScrollNavigation:false,\n\t\t\t\t\t\t\t\t\ttouch: {\n\t\t\t\t\t\t\t\t\t\ttouchenabled:true\n\t\t\t\t\t\t\t\t\t}\n\t\t\t\t\t\t\t\t},\n\t\t\t\t\t\t\t\tfallbacks: {\n\t\t\t\t\t\t\t\t\tsimplifyAll:\"\",\n\t\t\t\t\t\t\t\t\tignoreHeightChanges:\"\",\n\t\t\t\t\t\t\t\t\tallowHTML5AutoPlayOnAndroid:true\n\t\t\t\t\t\t\t\t},\n\t\t\t\t\t\t\t});\n\t\t\t\t\t\t}\n\t\t\t\t\t\t\n\t\t\t\t\t});\n\t\t\t\t<\/script>\n\t\t\t<\/rs-module-wrap>\n\t\t\t<!-- END REVOLUTION SLIDER -->\n\n<p>La n\u00f4tre est une cuisine simple mais avec des propositions gastronomiques savoureuses et int\u00e9ressantes li\u00e9es au territoire. Les ingr\u00e9dients sont de qualit\u00e9, comme les l\u00e9gumes qui viennent des jardins de la ville, r\u00e9colt\u00e9s et consomm\u00e9s le jour m\u00eame. Les fromages proviennent des alpages des montagnes voisines et de Cissva. Le salami est local, pr\u00e9par\u00e9 par les bouchers des villages proches de Cimbergo.<\/p>\n<p>NOS PLATS CHAUDS<\/p>\n<p>Le plat le plus populaire ces derniers temps : les pizzoccheri aux fromages Camuni.<br \/>\nLa polenta s&#8217;accompagne de gibier, de boeuf brais\u00e9, de daube de boeuf, de fromage et plus selon les go\u00fbts.<br \/>\nLa viande grill\u00e9e est cuite au bois, comme autrefois.<br \/>\nLa brochette est compos\u00e9e de viande mixte lapin, boeuf, porc, poulet.<br \/>\nP\u00e2tes aux c\u00e8pes \u00e0 partir de juillet.<\/p>\n<p>Les v\u00e9g\u00e9tariens et les v\u00e9g\u00e9taliens trouvent des plats qui leur conviennent.<\/p>\n<p>PLATS FROID<\/p>\n<p>assiette de salami et de fromage<br \/>\ndes l\u00e9gumes<\/p>\n<p>DES PRIX<\/p>\n<p>Le prix d\u00e9pend des plats choisis. En g\u00e9n\u00e9ral, c&#8217;est autour de 23\/28 \u20ac.<\/p>\n<p>Les frais de couverture ici n&#8217;ont pas \u00e9t\u00e9 pay\u00e9s depuis longtemps.<\/p>\n<p>INFORMATIONS UTILES, PEUT-\u00caTRE \u00c9GALEMENT N\u00c9CESSAIRES.<br \/>\n1) Il y a toujours une assiette de p\u00e2tes ou de fromage et de salami.<br \/>\n2) La polenta est g\u00e9n\u00e9ralement utilis\u00e9e le dimanche et \u00e9galement en ao\u00fbt tous les jours jusqu&#8217;au vingti\u00e8me jour environ.<br \/>\n3) Toute personne souhaitant d\u00e9guster un plat en particulier nous appelle pour prendre des dispositions.<br \/>\n4) Nous n&#8217;avons pas de plats pr\u00e9cuisin\u00e9s, il faut \u00eatre patient et attendre qu&#8217;ils soient pr\u00eats. 5) Nous sommes dans un refuge alpin : la tol\u00e9rance et l&#8217;adaptation doivent \u00eatre la base de chaque d\u00e9jeuner. 6) Nous essayons de r\u00e9pondre au mieux aux diff\u00e9rentes demandes, mais parfois aux impr\u00e9vus&#8230;&#8230; 7) Pour le reste, bon app\u00e9tit !<\/p>\n","protected":false},"excerpt":{"rendered":"<p>La n\u00f4tre est une cuisine simple mais avec des propositions gastronomiques savoureuses et int\u00e9ressantes li\u00e9es au territoire. Les ingr\u00e9dients sont de qualit\u00e9, comme les l\u00e9gumes qui viennent des jardins de la ville, r\u00e9colt\u00e9s et consomm\u00e9s le jour m\u00eame. Les fromages proviennent des alpages des montagnes voisines et de Cissva. Le salami est local, pr\u00e9par\u00e9 par&#8230;<\/p>\n","protected":false},"author":12,"featured_media":0,"parent":0,"menu_order":0,"comment_status":"closed","ping_status":"closed","template":"","meta":[],"yoast_head":"<!-- This site is optimized with the Yoast SEO plugin v18.6 - https:\/\/yoast.com\/wordpress\/plugins\/seo\/ -->\n<title>Le restaurant - Rifugio De Marie<\/title>\n<meta name=\"robots\" content=\"index, follow, max-snippet:-1, max-image-preview:large, max-video-preview:-1\" \/>\n<link rel=\"canonical\" href=\"https:\/\/rifugiovalcamonica.com\/fr\/le-restaurant\/\" \/>\n<meta property=\"og:locale\" content=\"it_IT\" \/>\n<meta property=\"og:type\" content=\"article\" \/>\n<meta property=\"og:title\" content=\"Le restaurant - Rifugio De Marie\" \/>\n<meta property=\"og:description\" content=\"La n\u00f4tre est une cuisine simple mais avec des propositions gastronomiques savoureuses et int\u00e9ressantes li\u00e9es au territoire. Les ingr\u00e9dients sont de qualit\u00e9, comme les l\u00e9gumes qui viennent des jardins de la ville, r\u00e9colt\u00e9s et consomm\u00e9s le jour m\u00eame. Les fromages proviennent des alpages des montagnes voisines et de Cissva. Le salami est local, pr\u00e9par\u00e9 par...\" \/>\n<meta property=\"og:url\" content=\"https:\/\/rifugiovalcamonica.com\/fr\/le-restaurant\/\" \/>\n<meta property=\"og:site_name\" content=\"Rifugio De Marie\" \/>\n<meta property=\"article:modified_time\" content=\"2022-04-30T07:52:49+00:00\" \/>\n<meta name=\"twitter:label1\" content=\"Tempo di lettura stimato\" \/>\n\t<meta name=\"twitter:data1\" content=\"2 minuti\" \/>\n<script type=\"application\/ld+json\" class=\"yoast-schema-graph\">{\"@context\":\"https:\/\/schema.org\",\"@graph\":[{\"@type\":\"WebSite\",\"@id\":\"https:\/\/rifugiovalcamonica.com\/fr\/#website\",\"url\":\"https:\/\/rifugiovalcamonica.com\/fr\/\",\"name\":\"Rifugio De Marie\",\"description\":\"Rifugio in Valcamonica\",\"potentialAction\":[{\"@type\":\"SearchAction\",\"target\":{\"@type\":\"EntryPoint\",\"urlTemplate\":\"https:\/\/rifugiovalcamonica.com\/fr\/?s={search_term_string}\"},\"query-input\":\"required name=search_term_string\"}],\"inLanguage\":\"it-IT\"},{\"@type\":\"WebPage\",\"@id\":\"https:\/\/rifugiovalcamonica.com\/fr\/le-restaurant\/#webpage\",\"url\":\"https:\/\/rifugiovalcamonica.com\/fr\/le-restaurant\/\",\"name\":\"Le restaurant - Rifugio De Marie\",\"isPartOf\":{\"@id\":\"https:\/\/rifugiovalcamonica.com\/fr\/#website\"},\"datePublished\":\"2013-04-18T12:43:06+00:00\",\"dateModified\":\"2022-04-30T07:52:49+00:00\",\"breadcrumb\":{\"@id\":\"https:\/\/rifugiovalcamonica.com\/fr\/le-restaurant\/#breadcrumb\"},\"inLanguage\":\"it-IT\",\"potentialAction\":[{\"@type\":\"ReadAction\",\"target\":[\"https:\/\/rifugiovalcamonica.com\/fr\/le-restaurant\/\"]}]},{\"@type\":\"BreadcrumbList\",\"@id\":\"https:\/\/rifugiovalcamonica.com\/fr\/le-restaurant\/#breadcrumb\",\"itemListElement\":[{\"@type\":\"ListItem\",\"position\":1,\"name\":\"Le restaurant\"}]}]}<\/script>\n<!-- \/ Yoast SEO plugin. -->","yoast_head_json":{"title":"Le restaurant - Rifugio De Marie","robots":{"index":"index","follow":"follow","max-snippet":"max-snippet:-1","max-image-preview":"max-image-preview:large","max-video-preview":"max-video-preview:-1"},"canonical":"https:\/\/rifugiovalcamonica.com\/fr\/le-restaurant\/","og_locale":"it_IT","og_type":"article","og_title":"Le restaurant - Rifugio De Marie","og_description":"La n\u00f4tre est une cuisine simple mais avec des propositions gastronomiques savoureuses et int\u00e9ressantes li\u00e9es au territoire. Les ingr\u00e9dients sont de qualit\u00e9, comme les l\u00e9gumes qui viennent des jardins de la ville, r\u00e9colt\u00e9s et consomm\u00e9s le jour m\u00eame. Les fromages proviennent des alpages des montagnes voisines et de Cissva. Le salami est local, pr\u00e9par\u00e9 par...","og_url":"https:\/\/rifugiovalcamonica.com\/fr\/le-restaurant\/","og_site_name":"Rifugio De Marie","article_modified_time":"2022-04-30T07:52:49+00:00","twitter_misc":{"Tempo di lettura stimato":"2 minuti"},"schema":{"@context":"https:\/\/schema.org","@graph":[{"@type":"WebSite","@id":"https:\/\/rifugiovalcamonica.com\/fr\/#website","url":"https:\/\/rifugiovalcamonica.com\/fr\/","name":"Rifugio De Marie","description":"Rifugio in Valcamonica","potentialAction":[{"@type":"SearchAction","target":{"@type":"EntryPoint","urlTemplate":"https:\/\/rifugiovalcamonica.com\/fr\/?s={search_term_string}"},"query-input":"required name=search_term_string"}],"inLanguage":"it-IT"},{"@type":"WebPage","@id":"https:\/\/rifugiovalcamonica.com\/fr\/le-restaurant\/#webpage","url":"https:\/\/rifugiovalcamonica.com\/fr\/le-restaurant\/","name":"Le restaurant - Rifugio De Marie","isPartOf":{"@id":"https:\/\/rifugiovalcamonica.com\/fr\/#website"},"datePublished":"2013-04-18T12:43:06+00:00","dateModified":"2022-04-30T07:52:49+00:00","breadcrumb":{"@id":"https:\/\/rifugiovalcamonica.com\/fr\/le-restaurant\/#breadcrumb"},"inLanguage":"it-IT","potentialAction":[{"@type":"ReadAction","target":["https:\/\/rifugiovalcamonica.com\/fr\/le-restaurant\/"]}]},{"@type":"BreadcrumbList","@id":"https:\/\/rifugiovalcamonica.com\/fr\/le-restaurant\/#breadcrumb","itemListElement":[{"@type":"ListItem","position":1,"name":"Le restaurant"}]}]}},"_links":{"self":[{"href":"https:\/\/rifugiovalcamonica.com\/fr\/wp-json\/wp\/v2\/pages\/88"}],"collection":[{"href":"https:\/\/rifugiovalcamonica.com\/fr\/wp-json\/wp\/v2\/pages"}],"about":[{"href":"https:\/\/rifugiovalcamonica.com\/fr\/wp-json\/wp\/v2\/types\/page"}],"author":[{"embeddable":true,"href":"https:\/\/rifugiovalcamonica.com\/fr\/wp-json\/wp\/v2\/users\/12"}],"replies":[{"embeddable":true,"href":"https:\/\/rifugiovalcamonica.com\/fr\/wp-json\/wp\/v2\/comments?post=88"}],"version-history":[{"count":23,"href":"https:\/\/rifugiovalcamonica.com\/fr\/wp-json\/wp\/v2\/pages\/88\/revisions"}],"predecessor-version":[{"id":4358,"href":"https:\/\/rifugiovalcamonica.com\/fr\/wp-json\/wp\/v2\/pages\/88\/revisions\/4358"}],"wp:attachment":[{"href":"https:\/\/rifugiovalcamonica.com\/fr\/wp-json\/wp\/v2\/media?parent=88"}],"curies":[{"name":"wp","href":"https:\/\/api.w.org\/{rel}","templated":true}]}}